{"id":6772,"date":"2024-03-20T17:06:55","date_gmt":"2024-03-20T14:06:55","guid":{"rendered":"https:\/\/laspalmas.md\/?page_id=6772"},"modified":"2024-03-20T17:23:26","modified_gmt":"2024-03-20T14:23:26","slug":"gardaland-hotel-4","status":"publish","type":"page","link":"https:\/\/laspalmas.md\/ru\/gardaland-hotel-4\/","title":{"rendered":"Gardaland Hotel 4*"},"content":{"rendered":"\n<p><br><br><strong>De la&nbsp;368 Euro \/ 2 nopti cazare ptr. 2 adulti si un copil \/ mic dejun<\/strong><br><\/p>\n\n\n\n<h2>Oferta include<\/h2>\n\n\n\n<ul><li>2 nopti cazare pentru 2 adulti si un copil<\/li><li>&nbsp;mic dejun<br><br><\/li><\/ul>\n\n\n\n<h2>Oferta nu include<\/h2>\n\n\n\n<ul><li>transport<\/li><li>bilete acces in parc<br><\/li><\/ul>\n\n\n\n<h2>Cazare<\/h2>\n\n\n\n<p>Hotelul Gardaland are gr\u0103dini amenajate, cu o piscin\u0103 mare tip lagun\u0103 \u0219i parcare gratuit\u0103. Acesta se afl\u0103 la 2 km de lacul Garda \u0219i ofer\u0103 un serviciu gratuit de transfer, care circul\u0103 la fiecare 30 de minute, la unul dintre cele mai faimoase parcuri tematice din Italia.<\/p>\n\n\n\n<p>Amplasate \u00een 4 pavilioane cu tematic\u0103 inspirat\u0103 de basme, toate camerele au aer condi\u0163ionat, zon\u0103 de relaxare \u015fi decor \u00een culori deschise. Unele camere au o anumit\u0103 tematic\u0103, iar altele ofer\u0103 vedere la gr\u0103dini.<\/p>\n\n\n\n<p>Zona acvatic\u0103 Blue Lagoon are 3000 mp \u0219i este deschis\u0103 de la sf\u00e2r\u0219itul lunii mai p\u00e2n\u0103 la sf\u00e2r\u0219itul lunii septembrie. Aceasta include piscin\u0103 \u00een aer liber, cu o zon\u0103 mare cu hidromasaj, o cascad\u0103 \u0219i o piscin\u0103 pentru copii. Sunt oferite \u0219ezlonguri gratuite, iar prosoapele sunt disponibile la un cost suplimentar mic.<\/p>\n\n\n\n<p>Copiii se pot bucura de spectacole de divertisment, sal\u0103 de jocuri \u015fi numeroase locuri de joac\u0103. Biletele pentru parcurile de distrac\u0163ii Gardaland \u015fi Sea Life pot fi cump\u0103rate de la hotel, la tarife reduse.<\/p>\n\n\n\n<p>Gardaland Hotel Resort are 2 restaurante, 3 baruri \u0219i o pizzerie. Micul dejun este un bufet variat.<\/p>\n\n\n\n<h2>Valabilitate oferta<\/h2>\n\n\n\n<p>Tariful afisat este valabil pentru sejur in perioada <strong>01 Mai 2024 &#8211; 06 Iul 2024<\/strong>.<br>Pentru alte date de plecare, nu ezitati sa ne contactati la <strong>0 235 84 004 \/ 060552999<\/strong><\/p>\n\n\n\n<figure class=\"wp-block-image size-full\"><a href=\"https:\/\/laspalmas.md\/wp-content\/uploads\/2024\/03\/54744367.jpg\"><img loading=\"lazy\" width=\"763\" height=\"576\" src=\"https:\/\/laspalmas.md\/wp-content\/uploads\/2024\/03\/54744367.jpg\" alt=\"\" class=\"wp-image-6777\" srcset=\"https:\/\/laspalmas.md\/wp-content\/uploads\/2024\/03\/54744367.jpg 763w, https:\/\/laspalmas.md\/wp-content\/uploads\/2024\/03\/54744367-300x226.jpg 300w\" sizes=\"(max-width: 763px) 100vw, 763px\" \/><\/a><\/figure>\n\n\n\n<figure class=\"wp-block-image size-full\"><a href=\"https:\/\/laspalmas.md\/wp-content\/uploads\/2024\/03\/116681523-1.jpg\"><img loading=\"lazy\" width=\"765\" height=\"576\" src=\"https:\/\/laspalmas.md\/wp-content\/uploads\/2024\/03\/116681523-1.jpg\" alt=\"\" class=\"wp-image-6778\" srcset=\"https:\/\/laspalmas.md\/wp-content\/uploads\/2024\/03\/116681523-1.jpg 765w, https:\/\/laspalmas.md\/wp-content\/uploads\/2024\/03\/116681523-1-300x226.jpg 300w\" sizes=\"(max-width: 765px) 100vw, 765px\" \/><\/a><\/figure>\n\n\n\n<figure class=\"wp-block-image size-full\"><a href=\"https:\/\/laspalmas.md\/wp-content\/uploads\/2024\/03\/50923744.jpg\"><img loading=\"lazy\" width=\"768\" height=\"576\" src=\"https:\/\/laspalmas.md\/wp-content\/uploads\/2024\/03\/50923744.jpg\" alt=\"\" class=\"wp-image-6779\" srcset=\"https:\/\/laspalmas.md\/wp-content\/uploads\/2024\/03\/50923744.jpg 768w, https:\/\/laspalmas.md\/wp-content\/uploads\/2024\/03\/50923744-300x225.jpg 300w, https:\/\/laspalmas.md\/wp-content\/uploads\/2024\/03\/50923744-640x480.jpg 640w\" sizes=\"(max-width: 768px) 100vw, 768px\" \/><\/a><\/figure>\n\n\n\n<figure class=\"wp-block-image size-full is-resized\"><a href=\"https:\/\/laspalmas.md\/wp-content\/uploads\/2024\/03\/156485182.jpg\"><img loading=\"lazy\" src=\"https:\/\/laspalmas.md\/wp-content\/uploads\/2024\/03\/156485182.jpg\" alt=\"\" class=\"wp-image-6780\" width=\"767\" height=\"510\" srcset=\"https:\/\/laspalmas.md\/wp-content\/uploads\/2024\/03\/156485182.jpg 850w, https:\/\/laspalmas.md\/wp-content\/uploads\/2024\/03\/156485182-300x200.jpg 300w, https:\/\/laspalmas.md\/wp-content\/uploads\/2024\/03\/156485182-768x511.jpg 768w\" sizes=\"(max-width: 767px) 100vw, 767px\" \/><\/a><\/figure>\n\n\n\n<p><br><br><\/p>\n","protected":false},"excerpt":{"rendered":"<p>De la&nbsp;368 Euro \/ 2 nopti cazare ptr. 2 adulti si un copil \/ mic dejun Oferta include 2 nopti cazare pentru 2 adulti si un copil &nbsp;mic dejun Oferta &#8230;<\/p>\n","protected":false},"author":1,"featured_media":6776,"parent":0,"menu_order":0,"comment_status":"closed","ping_status":"closed","template":"","meta":[],"_links":{"self":[{"href":"https:\/\/laspalmas.md\/ru\/wp-json\/wp\/v2\/pages\/6772"}],"collection":[{"href":"https:\/\/laspalmas.md\/ru\/wp-json\/wp\/v2\/pages"}],"about":[{"href":"https:\/\/laspalmas.md\/ru\/wp-json\/wp\/v2\/types\/page"}],"author":[{"embeddable":true,"href":"https:\/\/laspalmas.md\/ru\/wp-json\/wp\/v2\/users\/1"}],"replies":[{"embeddable":true,"href":"https:\/\/laspalmas.md\/ru\/wp-json\/wp\/v2\/comments?post=6772"}],"version-history":[{"count":4,"href":"https:\/\/laspalmas.md\/ru\/wp-json\/wp\/v2\/pages\/6772\/revisions"}],"predecessor-version":[{"id":6782,"href":"https:\/\/laspalmas.md\/ru\/wp-json\/wp\/v2\/pages\/6772\/revisions\/6782"}],"wp:featuredmedia":[{"embeddable":true,"href":"https:\/\/laspalmas.md\/ru\/wp-json\/wp\/v2\/media\/6776"}],"wp:attachment":[{"href":"https:\/\/laspalmas.md\/ru\/wp-json\/wp\/v2\/media?parent=6772"}],"curies":[{"name":"wp","href":"https:\/\/api.w.org\/{rel}","templated":true}]}}