{"id":6767,"date":"2024-03-20T17:03:57","date_gmt":"2024-03-20T14:03:57","guid":{"rendered":"https:\/\/laspalmas.md\/?page_id=6767"},"modified":"2024-03-20T17:05:04","modified_gmt":"2024-03-20T14:05:04","slug":"gardaland","status":"publish","type":"page","link":"https:\/\/laspalmas.md\/ru\/gardaland\/","title":{"rendered":"GARDALAND"},"content":{"rendered":"\n<h1>Vacan\u021be Gardaland Park<\/h1>\n\n\n\n<p>Oferte Gardaland Park. Aici g\u0103si\u021bi pachete atractive de vacan\u021b\u0103 \u00een Gardaland potrivite pentru copii dar \u0219i pentru tineri sau adul\u021bi.<\/p>\n\n\n\n<p>Situat langa lacul Garda, la doar cativa kilometri de Verona si Venetia, Gardaland este cel mai mare parc de distractii din Italia; este format din hotel, care este parca scos din povesti, parc de distractii si Sea Life Aquarium.<\/p>\n\n\n\n<p>Parcul se intinde pe o suprafata de 33 hectare si este impartit pe 4 sate tematice, care combina perfect adrenalina, aventura si lumea basmului. Fie ca este vorba de o aventura in inima junglei, in valurile unei furtuni pe mare sau zburand la bordul unui avion supersonic, imaginatia nu cunoaste limite in acest parc de distractii.<\/p>\n\n\n\n<h2>Oferte Vacan\u021be Gardaland Park \u2013 Las Palmas Tour<\/h2>\n\n\n\n<p>Gardaland Park este o destina\u021bie de vacan\u021b\u0103 perfect\u0103 pentru familii cu copii, unde se pot distra, \u00eenv\u0103\u021ba \u0219i crea amintiri frumoase \u00eempreun\u0103. Gardaland Park ofer\u0103 o varietate de spectacole interactive, inclusiv spectacole cu delfini \u0219i acroba\u021bii, care sunt foarte populare \u00een r\u00e2ndul copiilor.<\/p>\n\n\n\n<p>A\u0219adar, Las Palmas Tour v\u0103 ofer\u0103 pachete de vacan\u021be \u00een Gardaland, la pre\u021buri excelente, perfecte pentru familiile cu copii \u0219i nu numai. Garant\u0103m mult\u0103 distrac\u021bie, aventur\u0103 \u0219i un timp memorabil petrecut cu cei dragi.<\/p>\n","protected":false},"excerpt":{"rendered":"<p>Vacan\u021be Gardaland Park Oferte Gardaland Park. Aici g\u0103si\u021bi pachete atractive de vacan\u021b\u0103 \u00een Gardaland potrivite pentru copii dar \u0219i pentru tineri sau adul\u021bi. Situat langa lacul Garda, la doar cativa &#8230;<\/p>\n","protected":false},"author":1,"featured_media":6768,"parent":0,"menu_order":0,"comment_status":"closed","ping_status":"closed","template":"","meta":[],"_links":{"self":[{"href":"https:\/\/laspalmas.md\/ru\/wp-json\/wp\/v2\/pages\/6767"}],"collection":[{"href":"https:\/\/laspalmas.md\/ru\/wp-json\/wp\/v2\/pages"}],"about":[{"href":"https:\/\/laspalmas.md\/ru\/wp-json\/wp\/v2\/types\/page"}],"author":[{"embeddable":true,"href":"https:\/\/laspalmas.md\/ru\/wp-json\/wp\/v2\/users\/1"}],"replies":[{"embeddable":true,"href":"https:\/\/laspalmas.md\/ru\/wp-json\/wp\/v2\/comments?post=6767"}],"version-history":[{"count":2,"href":"https:\/\/laspalmas.md\/ru\/wp-json\/wp\/v2\/pages\/6767\/revisions"}],"predecessor-version":[{"id":6771,"href":"https:\/\/laspalmas.md\/ru\/wp-json\/wp\/v2\/pages\/6767\/revisions\/6771"}],"wp:featuredmedia":[{"embeddable":true,"href":"https:\/\/laspalmas.md\/ru\/wp-json\/wp\/v2\/media\/6768"}],"wp:attachment":[{"href":"https:\/\/laspalmas.md\/ru\/wp-json\/wp\/v2\/media?parent=6767"}],"curies":[{"name":"wp","href":"https:\/\/api.w.org\/{rel}","templated":true}]}}