{"id":6566,"date":"2023-07-29T20:47:01","date_gmt":"2023-07-29T17:47:01","guid":{"rendered":"https:\/\/laspalmas.md\/?page_id=6566"},"modified":"2023-07-29T21:02:24","modified_gmt":"2023-07-29T18:02:24","slug":"reguli-pentru-persoane-cu-necesitati-speciale","status":"publish","type":"page","link":"https:\/\/laspalmas.md\/ru\/reguli-pentru-persoane-cu-necesitati-speciale\/","title":{"rendered":"REGULI PENTRU PERSOANE CU NECESITATI SPECIALE"},"content":{"rendered":"\n<p><strong>Pasageri cu mobilitatea redus\u0103<\/strong><\/p>\n\n\n\n<p>Toate serviciile publicate pe website, afi\u0219ate \u00een oficiu \u0219i\/sau prin intermediul softului ZBOR.MD, sunt \u00een func\u021bie de disponibilitatea Furnizorilor de Servicii, de termenii \u0219i condi\u021biile de transportare (incluz\u00e2nd regulile de transport al pasagerilor impus de liniile aeriene) \u0219i se vor aplica adi\u021bional Termenilor \u0219i Condi\u021biilor stipulate de ZBOR.MD.<\/p>\n\n\n\n<p>Termenii Furnizorilor de Servicii pot include prevederi referitoare la diferite proceduri de \u00eembarcare, obliga\u021bii (daca este cazul) ori restric\u021bii de alta natur\u0103. ZBOR.MD nu este responsabila pentru introducerea acestor reguli dar din grija fa\u021b\u0103 de clien\u021bii s\u0103i, pentru prevenirea \u0219i eliminarea discrimin\u0103rii \u0219i asigurarea egalit\u0103\u021bii persoanelor cu nevoi speciale, v\u0103 informeaz\u0103, dup\u0103 cum urmeaz\u0103.<\/p>\n\n\n\n<p>Contractul dvs. de transport cu compania aerian\u0103 care v\u0103 asigur\u0103 transportul aerian, interna\u021bional, intern sau o parte intern\u0103 dintr-o c\u0103l\u0103torie interna\u021bional\u0103 face obiectul acestei notific\u0103ri, oric\u0103rei notific\u0103ri sau condi\u021biile individuale ale transportatorului, regulamentelor, normelor \u0219i politicilor aferente aplicabile.<\/p>\n\n\n\n<p>Este dreptul transportatorului de a refuza transportul pasagerilor care nu respect\u0103 legisla\u021bia aplicabil\u0103 sau care nu prezint\u0103 \u00een timp util toate documentele de c\u0103l\u0103torie necesare \u0219i informa\u021biile cu privire la necesit\u0103\u021bile speciale.<\/p>\n\n\n\n<p><strong>Acceptarea la curs\u0103<\/strong>&nbsp;a persoanelor cu dizabilit\u0103\u021bi este bazat\u0103 pe factorii urm\u0103tori:<\/p>\n\n\n\n<ul><li>Abilitatea agentului Handling de a oferi asemenea tip de servicii (echipamentul necesar, personal instruit).<\/li><li>Limit\u0103ri (i.e. limit\u0103rile maxime de PMR la bord pe tipul de avion, acceptarea la bord a anumitor categorii de PMR).<\/li><\/ul>\n\n\n\n<p>Pentru a asigura confortul c\u0103l\u0103toriei persoanelor cu dizabilit\u0103\u021bi, trebuie s\u0103 \u021bine\u021bi cont de o serie de factori, cum ar fi starea de s\u0103n\u0103tate a persoanei, echipamentul solicitat, transportatorii aerieni implica\u021bi, limit\u0103rile maxime pe tipuri de avion.<\/p>\n\n\n\n<p>\u00cen acest sens,&nbsp;<strong>orice serviciu special pentru persoanele cu dizabilit\u0103\u021bi trebuie sa fie solicitat cel t\u00e2rziu cu 72 ore \u00eenainte de zbor<\/strong>&nbsp;pentru a permite transportatorului de a organiza \u0219i finisa aranjamentele necesare. De obicei aceste solicit\u0103ri sunt declarate agentului la momentul rezerv\u0103rii biletului care introduce informa\u021bia necesara \u00een rezervarea pasagerului. Nerespectarea acestei reguli poate duce la anularea rezerv\u0103rii de zbor de c\u0103tre compania aerian\u0103.<\/p>\n\n\n\n<p>Pentru&nbsp;<strong>persoanele care sufer\u0103 de anumite boli<\/strong>&nbsp;\u0219i sunt considerate cazuri medicale, companiile aeriene vor solicita datele medicale despre starea s\u0103n\u0103t\u0103\u021bii a pasagerului. O forma speciala MEDIF va fi necesar de completat de c\u0103tre medicul curant al pasagerului \u0219i transmis\u0103 companiei.<\/p>\n\n\n\n<p>Formularele pot fi g\u0103site pe paginile web oficiale ale companiilor aeriene care opereaz\u0103 zborul concret sau pot fi solicitate prin intermediul agentului la momentul rezerv\u0103rii biletului. Dup\u0103 completare de c\u0103tre medicul curant, formularele trebuie transmise la o adres\u0103 electronic\u0103 care o pute\u021bi g\u0103si pe paginile web oficiale ale companiilor aeriene care opereaz\u0103 zborul concret sau pot fi transmise prin intermediul agentului care a efectuat rezervarea.<\/p>\n","protected":false},"excerpt":{"rendered":"<p>Pasageri cu mobilitatea redus\u0103 Toate serviciile publicate pe website, afi\u0219ate \u00een oficiu \u0219i\/sau prin intermediul softului ZBOR.MD, sunt \u00een func\u021bie de disponibilitatea Furnizorilor de Servicii, de termenii \u0219i condi\u021biile de &#8230;<\/p>\n","protected":false},"author":1,"featured_media":0,"parent":0,"menu_order":0,"comment_status":"closed","ping_status":"closed","template":"","meta":[],"_links":{"self":[{"href":"https:\/\/laspalmas.md\/ru\/wp-json\/wp\/v2\/pages\/6566"}],"collection":[{"href":"https:\/\/laspalmas.md\/ru\/wp-json\/wp\/v2\/pages"}],"about":[{"href":"https:\/\/laspalmas.md\/ru\/wp-json\/wp\/v2\/types\/page"}],"author":[{"embeddable":true,"href":"https:\/\/laspalmas.md\/ru\/wp-json\/wp\/v2\/users\/1"}],"replies":[{"embeddable":true,"href":"https:\/\/laspalmas.md\/ru\/wp-json\/wp\/v2\/comments?post=6566"}],"version-history":[{"count":2,"href":"https:\/\/laspalmas.md\/ru\/wp-json\/wp\/v2\/pages\/6566\/revisions"}],"predecessor-version":[{"id":6572,"href":"https:\/\/laspalmas.md\/ru\/wp-json\/wp\/v2\/pages\/6566\/revisions\/6572"}],"wp:attachment":[{"href":"https:\/\/laspalmas.md\/ru\/wp-json\/wp\/v2\/media?parent=6566"}],"curies":[{"name":"wp","href":"https:\/\/api.w.org\/{rel}","templated":true}]}}