{"id":6449,"date":"2023-07-12T11:11:06","date_gmt":"2023-07-12T08:11:06","guid":{"rendered":"https:\/\/laspalmas.md\/?page_id=6449"},"modified":"2023-07-12T11:11:10","modified_gmt":"2023-07-12T08:11:10","slug":"padurea-domneasca-duruitoarea-veche-costesti-stanca-butesti-suta-de-movile","status":"publish","type":"page","link":"https:\/\/laspalmas.md\/ru\/padurea-domneasca-duruitoarea-veche-costesti-stanca-butesti-suta-de-movile\/","title":{"rendered":"P\u0103durea Domneasc\u0103 + Duruitoarea Veche + Coste\u0219ti-St\u00e2nca + Bute\u0219ti + Suta de Movile"},"content":{"rendered":"\n<div class=\"wp-block-cover has-background-dim\"><img loading=\"lazy\" width=\"960\" height=\"640\" class=\"wp-block-cover__image-background wp-image-6450\" alt=\"\" src=\"https:\/\/laspalmas.md\/wp-content\/uploads\/2023\/07\/753317.jpg\" data-object-fit=\"cover\" srcset=\"https:\/\/laspalmas.md\/wp-content\/uploads\/2023\/07\/753317.jpg 960w, https:\/\/laspalmas.md\/wp-content\/uploads\/2023\/07\/753317-300x200.jpg 300w, https:\/\/laspalmas.md\/wp-content\/uploads\/2023\/07\/753317-768x512.jpg 768w\" sizes=\"(max-width: 960px) 100vw, 960px\" \/><div class=\"wp-block-cover__inner-container\">\n<p class=\"has-text-align-center has-large-font-size\"><strong>P\u0103durea Domneasc\u0103 + Duruitoarea Veche + Coste\u0219ti-St\u00e2nca + Bute\u0219ti + Suta de Movile<\/strong><\/p>\n<\/div><\/div>\n\n\n\n<p>Pret:de la 459 MDL<\/p>\n\n\n\n<p>Locul Pornirii &#038; \u00centoarcerii Chi\u0219in\u0103u<br>Ora pornirii<br>06:00<br><br>Plec\u0103ri<br>23.07.2023<br>27.08.2023<br>24.09.2023<br>02.06.2024<br><br><strong>Detaliile Turului<\/strong><\/p>\n\n\n\n<p>La est de satul cu acela\u0219i nume, r\u00e2ule\u021bul Duruitoarea a s\u0103pat prin \u0219irul de toltre un defileu ad\u00e2nc. Pov\u00e2rni\u015furile repezi, calcaroase sunt \u00eemp\u0103nate de grote, pe\u0219teri \u0219i sunt \u00eempodobite cu st\u00e2nci de forme ciudate. Grota Duruitoarea Veche este cunoscut\u0103 ca o renumit\u0103 a\u0219ezare uman\u0103 din epoca pietrei cioplite. Ea const\u0103 din trei \u00eenc\u0103peri cu lungimea total\u0103 de 49 de m, l\u0103\u021bimea de 5-9 m. \u00cen rezultatul s\u0103p\u0103turilor arheologice aici au fost descoperite pietrifica\u0163ii din epoca de ghea\u0163\u0103 \u015fi r\u0103m\u0103\u0219ite ale unei civiliza\u0163ii str\u0103vechi, care au f\u0103cut-o cunoscut\u0103 \u00een lumea \u00eentreag\u0103.<\/p>\n\n\n\n<p><strong>Locul Pornirii &#038; \u00centoarcerii<\/strong><\/p>\n\n\n\n<p>Strada Circului 33 (Circul din Chi\u0219in\u0103u)<\/p>\n\n\n\n<p><strong>Ora Pornirii<\/strong><\/p>\n\n\n\n<p>06:00<\/p>\n\n\n\n<p><strong>Pre\u021bul Include<\/strong><\/p>\n\n\n\n<ul><li>Transport tur-retur<\/li><li>Toate excursiile indicate \u00een program<\/li><li>Conduc\u0103tor de grup<\/li><\/ul>\n\n\n\n<p><strong>Pre\u021bul nu Include<\/strong><\/p>\n\n\n\n<ul><li>Masa<\/li><li>Accesul \u00een P\u0103durea Domneasc\u0103 &#8211; 50 lei adult \/ 30 lei copii<\/li><\/ul>\n\n\n\n<p><strong>Descriere<\/strong><\/p>\n\n\n\n<p><strong>Monument al naturii \u201e<\/strong><strong>Suta de movile<\/strong><strong>\u201d<\/strong>&nbsp;\u2013 se afl\u0103 \u00eentre localit\u0103\u021bile Brani\u0219te si Cobani, raionul Glodeni; Pe o lungime de 8 km si o l\u0103\u021bime de 1,7-2,3 m, de-a lungul Prutului se \u00eentinde acest monument al naturii. Originea acestor movile r\u0103m\u00e2ne un mister. Acesta este un peisaj straniu, cu alur\u0103 fantastic\u0103,selenar, parc\u0103 copiat de pe alte planete \u2013 o step\u0103 acoperit\u0103 de apr. 3500 de movile, dintre care cea mai mare este \u201eMovila \u021biganului\u201d. Cum au ap\u0103rut? Vom afla pe parcursul excursiei.<\/p>\n\n\n\n<p><strong>Lacul de Acumulare Coste\u0219ti St\u00e2nca<\/strong>&nbsp;\u2013 Marea nordului de Moldova, este al doilea ca m\u0103rime dup\u0103 cel de la Dub\u0103sari, acesta se \u00eentinde \u00een susul r\u00e2ului Prut p\u00e2n\u0103 la satul Vii\u0219oara pe o lungime de 70 km liniari, ocup\u00e2nd o suprafa\u021b\u0103 de 59 km p\u0103tra\u021bi cu capacitatea de acumulare de 1 md 285 mil. m3 \u0219i o ad\u00e2ncime maxim\u0103 de 43 metri. \u00cen perioadele prielnice ale anului, vizitatorii se pot odihni pe plajele improvizate ale lacului, pot \u00eentreprinde c\u0103l\u0103torii de-a lungul apei cu b\u0103rcile, pot pescui.<\/p>\n\n\n\n<p><strong>Rezerva\u0163<\/strong><strong>ia natural<\/strong><strong>\u0103 \u015ftiin\u0163<\/strong><strong>ific<\/strong><strong>\u0103 de stat P\u0103durea Domneasc\u0103<\/strong>&nbsp;a fost fondat\u0103 \u00een anul 1993 in scopul protej\u0103rii acestei p\u0103duri vechi de lunc\u0103, unde veneau la v\u00een\u0103toare \u00eensu\u0219i domnitorii T\u0103rii Moldovei. Aceast\u0103 zon\u0103 a apar\u021binut cur\u0163ii domne\u015fti de la Ia\u015fi. Hrisoavele confirm\u0103 c\u0103 pe timpul lui Alexandru Cel Bun aici a fost creat\u0103 prima rezerva\u0163ie natural\u0103 din spa\u0163iul rom\u00e2nesc \u015fi se numea rezerva\u0163ia \u0162u\u0163ora.<\/p>\n\n\n\n<p><strong>Duruitoarea Veche \u2013&nbsp;<\/strong>La est de satul cu acela\u015fi nume, r\u00eeule\u0163ul Duruitoarea a s\u0103pat prin \u015firul de toltre un defileu ad\u00eenc. Pov\u00e2rni\u015furile repezi, calcaroase sunt \u00eemp\u0103nate de grote, pe\u015fteri \u015fi sunt \u00eempodobite cu st\u00eenci de forme ciudate. Grota Duruitoarea Veche este cunoscut\u0103 ca o renumit\u0103 a\u015fezare uman\u0103 din epoca pietrei cioplite. Ea const\u0103 din trei \u00eenc\u0103peri cu lungimea total\u0103 de 49 de m, l\u0103\u0163imea de 5-9 m. \u00cen rezultatul s\u0103p\u0103turilor arheologice aici au fost descoperite pietrifica\u0163ii din epoca de ghea\u0163\u0103 \u015fi r\u0103m\u0103\u015fi\u0163e ale unei civiliza\u0163ii str\u0103vechi, care au f\u0103cut-o cunoscut\u0103 \u00een lumea \u00eentreag\u0103.<\/p>\n\n\n\n<p><strong>\u0218tia\u021bi c\u0103?<\/strong><\/p>\n\n\n\n<p>\u00cen 2004, localnicii au descoperit \u00een apropiere de grot\u0103 fosilele unui mamut. Osemintele acestuia se p\u0103streaz\u0103 \u00een muzeul liceului din Coste\u0219ti.<\/p>\n\n\n\n<p><strong>Program<\/strong><\/p>\n\n\n\n<ul><li>Pornirea din Chi\u0219in\u0103u orele 06:00<\/li><li>Orele 09:00 \u2013 Sosirea la Zimbr\u0103ria P\u0103durea Domneasc\u0103, timp 3 ore.<\/li><li>Orele 12:30 \u2013 Sosirea la Cheile Bute\u0219ti, timp pentru explorare \u0219i pentru poze \u2013 1 or\u0103.<\/li><li>Orele 14:00 \u2013 Rezerva\u021bia Natural\u0103 Suta de Movile. Timp 1 or\u0103.<\/li><li>Orele 15:30 \u2013 Duruitoarea Veche, pr\u00e2nzul. Lacul de Acumulare Coste\u0219ti St\u00e2nca. Timp 3 ore.<\/li><li>Orele 19:00 \u2013 Pornirea spre Chi\u0219in\u0103u.<\/li><li>Orele 22:00 \u2013 Sosirea la Chi\u0219in\u0103u.<\/li><\/ul>\n\n\n\n<p>Distan\u021ba \u2013 450 km<br>Timp total 16-17 ore.<\/p>\n\n\n\n<p>Recomand\u0103ri:<\/p>\n\n\n\n<ul><li>Haine \u0219i \u00eenc\u0103l\u021b\u0103minte comod\u0103.<\/li><li>Recipient pentru ap\u0103 de 1-1.5 litri.<\/li><li>P\u0103l\u0103rie \/ chipiu, ochelari de soare, crem\u0103 contra arsurilor de soare.<\/li><li>Paturica \/ cuvertura<\/li><li>Sandvisuri, produse care nu se altereaz\u0103 u\u0219or \u2013 snack-uri, nuci \u2013 alune, fructe.<\/li><\/ul>\n\n\n\n<p>Mult\u0103 memorie \u00een telefon pentru poze \u0219i videouri.<\/p>\n","protected":false},"excerpt":{"rendered":"<p>Pret:de la 459 MDL Locul Pornirii &#038; \u00centoarcerii Chi\u0219in\u0103uOra pornirii06:00 Plec\u0103ri23.07.202327.08.202324.09.202302.06.2024 Detaliile Turului La est de satul cu acela\u0219i nume, r\u00e2ule\u021bul Duruitoarea a s\u0103pat prin \u0219irul de toltre un defileu &#8230;<\/p>\n","protected":false},"author":1,"featured_media":0,"parent":0,"menu_order":0,"comment_status":"closed","ping_status":"closed","template":"","meta":[],"_links":{"self":[{"href":"https:\/\/laspalmas.md\/ru\/wp-json\/wp\/v2\/pages\/6449"}],"collection":[{"href":"https:\/\/laspalmas.md\/ru\/wp-json\/wp\/v2\/pages"}],"about":[{"href":"https:\/\/laspalmas.md\/ru\/wp-json\/wp\/v2\/types\/page"}],"author":[{"embeddable":true,"href":"https:\/\/laspalmas.md\/ru\/wp-json\/wp\/v2\/users\/1"}],"replies":[{"embeddable":true,"href":"https:\/\/laspalmas.md\/ru\/wp-json\/wp\/v2\/comments?post=6449"}],"version-history":[{"count":1,"href":"https:\/\/laspalmas.md\/ru\/wp-json\/wp\/v2\/pages\/6449\/revisions"}],"predecessor-version":[{"id":6451,"href":"https:\/\/laspalmas.md\/ru\/wp-json\/wp\/v2\/pages\/6449\/revisions\/6451"}],"wp:attachment":[{"href":"https:\/\/laspalmas.md\/ru\/wp-json\/wp\/v2\/media?parent=6449"}],"curies":[{"name":"wp","href":"https:\/\/api.w.org\/{rel}","templated":true}]}}