{"id":6438,"date":"2023-07-12T10:35:40","date_gmt":"2023-07-12T07:35:40","guid":{"rendered":"https:\/\/laspalmas.md\/?page_id=6438"},"modified":"2023-07-12T10:35:41","modified_gmt":"2023-07-12T07:35:41","slug":"conacul-lui-manuc-bei-ferma-de-struti-2","status":"publish","type":"page","link":"https:\/\/laspalmas.md\/ru\/conacul-lui-manuc-bei-ferma-de-struti-2\/","title":{"rendered":"Conacul lui Manuc Bei + Ferma de Stru\u021bi"},"content":{"rendered":"\n<div class=\"wp-block-cover has-background-dim\"><img loading=\"lazy\" width=\"1024\" height=\"575\" class=\"wp-block-cover__image-background wp-image-6441\" alt=\"\" src=\"https:\/\/laspalmas.md\/wp-content\/uploads\/2023\/07\/12-8-1024x575.jpg\" data-object-fit=\"cover\" srcset=\"https:\/\/laspalmas.md\/wp-content\/uploads\/2023\/07\/12-8-1024x575.jpg 1024w, https:\/\/laspalmas.md\/wp-content\/uploads\/2023\/07\/12-8-300x168.jpg 300w, https:\/\/laspalmas.md\/wp-content\/uploads\/2023\/07\/12-8-768x431.jpg 768w, https:\/\/laspalmas.md\/wp-content\/uploads\/2023\/07\/12-8-640x360.jpg 640w, https:\/\/laspalmas.md\/wp-content\/uploads\/2023\/07\/12-8.jpg 1080w\" sizes=\"(max-width: 1024px) 100vw, 1024px\" \/><div class=\"wp-block-cover__inner-container\">\n<p class=\"has-text-align-center has-large-font-size\"><strong>Conacul lui Manuc Bei + Ferma de Stru\u021bi<\/strong><\/p>\n<\/div><\/div>\n\n\n\n<p>Pret:de la 299 MDL<br>Locul Pornirii &#038; \u00centoarcerii Chi\u0219in\u0103u<br><br>Ora pornirii 08:00<br><br>Plecari in fiecare weekend<br><br>Detaliile Turului<\/p>\n\n\n\n<p><strong>Conacul lui Manuc Bei<\/strong>&nbsp;sau Manuc Bey (oficial \u2013 Complexul istorico-arhitectural Manuc Bey) este amplasat \u00een ora\u0219ul H\u00eence\u0219ti din partea central-vestic\u0103 a Republicii Moldova; \u0219i include urm\u0103toarele edificii: Palatul lui Manuc, Casa Vechilului, Cl\u0103direa Contesei, Castelul de V\u00e2n\u0103toare, Turnul de Veghe, \u0219.a.<\/p>\n\n\n\n<p><strong>Locul Pornirii &#038; \u00centoarcerii<\/strong><\/p>\n\n\n\n<p>Strada Circului 33 (Circul din Chi\u0219in\u0103u)<\/p>\n\n\n\n<p><strong>Ora Pornirii<\/strong><\/p>\n\n\n\n<p>08:00<\/p>\n\n\n\n<p><strong>Pre\u021bul Include<\/strong><\/p>\n\n\n\n<ul><li>Transport tur-retur<\/li><li>Toate excursiile indicate \u00een program<\/li><li>Ghid licen\u021biat<\/li><\/ul>\n\n\n\n<p><strong>Pre\u021bul nu include<\/strong><\/p>\n\n\n\n<ul><li>Intrarea \u00een Palatul lui Manuc Bei (adulti &#8211; 100 lei, studen\u021bi, elevi, pensionari &#8211; 80 lei , copiii p\u00een\u0103 la 7 ani &#8211; Gratuit )<\/li><li>Crama Manuc Bei &#8211; 200 lei, include \u0219i vizitarea palatului \u0219i degustare de vin<\/li><li>Accesul \u00een Ferma de Stru\u021bi &#8211; 40 lei<\/li><li>M\u00e2ncare pentru anim\u0103lu\u021be &#8211; 20 lei (op\u021bional)<\/li><li>Masa<\/li><\/ul>\n\n\n\n<p>&nbsp;<strong>Program<\/strong><\/p>\n\n\n\n<ul><li>Pornirea din Chi\u0219in\u0103u la ora 08:00<\/li><li>Sosirea la H\u00eence\u0219ti<\/li><li>Vizitarea Complexului Manuc-Bei&nbsp;<\/li><li>Castelul de v\u00e2n\u0103toare in care este amenajat Muzeul de Etnografie \u015fi Istorie Natural\u0103 (Interior)<\/li><li>Palatul Princiar sau Versaille al Moldovei (Exterior)<\/li><li>Casa Vechilului&nbsp; (Exterior)<\/li><li>Ferma de stru\u021bi de la Bardar<\/li><li>M\u0103n\u0103stirea \u201eSf. Mc. Gheorghe\u201d, Suruceni (m\u0103n\u0103stire de c\u0103lug\u0103ri\u0163e)<\/li><li>Sosirea la Chi\u0219in\u0103u la ora 16:00 \u2013 17:00<\/li><\/ul>\n\n\n\n<p><strong>Descriere<\/strong><\/p>\n\n\n\n<p><strong><u>M\u0103n\u0103stirea \u201eSf. Mc. Gheorghe\u201d, Suruceni<\/u><\/strong><\/p>\n\n\n\n<p>Construi\u0103 \u00een anul 1785 de boierul Casian Suruceanu, la sfatul ieromonahului Iosif ast\u0103zi este considerat\u0103 una din l\u0103ca\u0219ele \u201ecu multa sfin\u021benie\u201d, chiar daca in epoca sovietic\u0103 a fost nimicit \u0219i p\u00e2ng\u0103rit tot ce s-a reu\u0219it. La 1992 loca\u0219ul a fost redeschis, devenind m\u0103n\u0103stire de c\u0103lug\u0103ri\u0163e.<\/p>\n\n\n\n<p><strong>Sfinte Moa\u015fte<\/strong>: aici afl\u0103m o parte din moa\u015ftele Preacuviosului Antipa de la Calapode\u015fti, d\u0103ruite \u00een anul 1999 de m\u0103n\u0103stirea Schimb\u0103rii la Fa\u0163\u0103 \u2013 Valaam (Rusia); p\u0103rticele din cele mai vechi moa\u015fte din spa\u0163iul danubiano-pontic ale Sfin\u0163ilor Epictet \u015fi Astion. Acestea au fost aduse de la Constan\u0163a, din Dobrogea; dou\u0103 icoane unicat \u00een teritoriu, p\u0103strate de ultimul stare\u0163. \u00cen prezent acestea se afl\u0103 \u00een paraclisul pentru maici: Maica Domnului cu Pruncul \u201d de la Suruceni, adusa de la Ierusalim s.a.<\/p>\n\n\n\n<p><strong><u>Ferma de stru<\/u><\/strong><strong><u>\u021b<\/u><\/strong><strong><u>i de la Bardar<\/u><\/strong>. Prin anii 1990 Silvia si Igor Borjicov au adus din Germania 5 stru\u021bi africani,cu inten\u021bia de a \u00eentemeia o ferma de stru\u021bi. De atunci popula\u021bia s-a \u00eembog\u0103\u021bit si cu alte animale: cai s\u0103lbatici, ponei, p\u0103uni, fazani, lebede negre, c\u0103pri\u0163e \u00een miniatur\u0103, (ce mai mic\u0103 din lume) r\u0103\u0163u\u015fte \u015fi \u015foimi.<\/p>\n\n\n\n<p><strong><u>Conacul lui Manuc Bei<\/u><\/strong>&nbsp;din H\u00eencesti reprezint\u0103 una dintre perlele arhitecturii moldovene\u015fti din secolul al XIX-lea, fiind o re\u015fedin\u0163\u0103 luxoas\u0103, cu o livad\u0103 de iarn\u0103, o piscin\u0103 cu acoperi\u015f, cu ie\u015firi subterane, frumoase havuzuri \u015fi un lac mic, galeriile din sticl\u0103 legau construc\u0163iile adiacente cu palatul. A fost construit conform proiectului arhitectului Bernardazzi. Arhitectura a fost solu\u021bionata in spiritul clasicismului francez. Palatul avea terase cu balu\u0219trii si firide in grosimea pere\u021bilor completate cu diverse statue, avea acoperis \u00eenalt, care sublinia axa de simetrie.<\/p>\n\n\n\n<p><strong>\u0218tia\u021b<\/strong><strong>i c<\/strong><strong>\u0103<\/strong><strong>?<\/strong><\/p>\n\n\n\n<ul><li>Se spune c\u0103 sub Palat sun s\u0103pate foarte multe catacombe, galerii subterane, care \u00eenc\u0103 nu sunt deloc studiate. Acum, c\u00e2nd au \u00eenceput s\u0103p\u0103turile pentru restaur\u0103ri, au dat de ceva intr\u0103ri \u00een subterane.<\/li><li>Se presupune c\u0103 Complexul Manuc Bei ar fi fost decorat pe interior \u00een patru stiluri: armenesc, turcesc, moldovenesc \u0219i european.<\/li><\/ul>\n","protected":false},"excerpt":{"rendered":"<p>Pret:de la 299 MDLLocul Pornirii &#038; \u00centoarcerii Chi\u0219in\u0103u Ora pornirii 08:00 Plecari in fiecare weekend Detaliile Turului Conacul lui Manuc Bei&nbsp;sau Manuc Bey (oficial \u2013 Complexul istorico-arhitectural Manuc Bey) este &#8230;<\/p>\n","protected":false},"author":1,"featured_media":0,"parent":0,"menu_order":0,"comment_status":"closed","ping_status":"closed","template":"","meta":[],"_links":{"self":[{"href":"https:\/\/laspalmas.md\/ru\/wp-json\/wp\/v2\/pages\/6438"}],"collection":[{"href":"https:\/\/laspalmas.md\/ru\/wp-json\/wp\/v2\/pages"}],"about":[{"href":"https:\/\/laspalmas.md\/ru\/wp-json\/wp\/v2\/types\/page"}],"author":[{"embeddable":true,"href":"https:\/\/laspalmas.md\/ru\/wp-json\/wp\/v2\/users\/1"}],"replies":[{"embeddable":true,"href":"https:\/\/laspalmas.md\/ru\/wp-json\/wp\/v2\/comments?post=6438"}],"version-history":[{"count":1,"href":"https:\/\/laspalmas.md\/ru\/wp-json\/wp\/v2\/pages\/6438\/revisions"}],"predecessor-version":[{"id":6442,"href":"https:\/\/laspalmas.md\/ru\/wp-json\/wp\/v2\/pages\/6438\/revisions\/6442"}],"wp:attachment":[{"href":"https:\/\/laspalmas.md\/ru\/wp-json\/wp\/v2\/media?parent=6438"}],"curies":[{"name":"wp","href":"https:\/\/api.w.org\/{rel}","templated":true}]}}