{"id":6426,"date":"2023-07-12T10:18:30","date_gmt":"2023-07-12T07:18:30","guid":{"rendered":"https:\/\/laspalmas.md\/?page_id=6426"},"modified":"2023-07-12T10:18:31","modified_gmt":"2023-07-12T07:18:31","slug":"transfagarasan-sighisoara-lacul-balea","status":"publish","type":"page","link":"https:\/\/laspalmas.md\/ru\/transfagarasan-sighisoara-lacul-balea\/","title":{"rendered":"Transf\u0103g\u0103r\u0103\u0219an + Sighi\u0219oara + Lacul B\u00e2lea"},"content":{"rendered":"\n<div class=\"wp-block-cover has-background-dim\"><img loading=\"lazy\" width=\"800\" height=\"423\" class=\"wp-block-cover__image-background wp-image-6428\" alt=\"\" src=\"https:\/\/laspalmas.md\/wp-content\/uploads\/2023\/07\/aa9e59a94620b445ebf996adadbbaa08.jpg\" data-object-fit=\"cover\" srcset=\"https:\/\/laspalmas.md\/wp-content\/uploads\/2023\/07\/aa9e59a94620b445ebf996adadbbaa08.jpg 800w, https:\/\/laspalmas.md\/wp-content\/uploads\/2023\/07\/aa9e59a94620b445ebf996adadbbaa08-300x159.jpg 300w, https:\/\/laspalmas.md\/wp-content\/uploads\/2023\/07\/aa9e59a94620b445ebf996adadbbaa08-768x406.jpg 768w\" sizes=\"(max-width: 800px) 100vw, 800px\" \/><div class=\"wp-block-cover__inner-container\">\n<p class=\"has-text-align-center has-large-font-size\"><strong>Transf\u0103g\u0103r\u0103\u0219an + Sighi\u0219oara + Lacul B\u00e2lea<\/strong><\/p>\n<\/div><\/div>\n\n\n\n<p>Pret: de la 85,99 euro<br><\/p>\n\n\n\n<p>Locul Pornirii &#038; \u00centoarcerii Chi\u0219in\u0103u<br><br>Ora pornirii 22:30<br><br>Plec\u0103ri<br>14.07.2023<br>21.07.2023<br>28.07.2023<br>04.08.2023<br>11.08.2023<br>18.08.2023<br>25.08.2023<br>01.09.2023<br>08.09.2023<br>15.09.2023<br>22.09.2023<br>29.09.2023<br><\/p>\n\n\n\n<p><strong>Detalii<\/strong><\/p>\n\n\n\n<p>Anume aceast\u0103 c\u0103l\u0103torie reprezint\u0103 cel mai impresionant itinerariu-&nbsp;Curtea de Arge\u0219, Cetatea Poenari, Cheile Arge\u0219ului, barajul de la Vidraru, tunelul Capra B\u00e2lea, B\u00e2lea Lac, Castelul de Lut din Valea Z\u00e2nelor.<\/p>\n\n\n\n<p>\u00cenchipui\u021bi-v\u0103 un traseul care \u00eenl\u0103n\u021buie cele mai magnifice monumente ale naturii. Cei 159 de km v\u0103 vor dezv\u0103lui adev\u0103rata frumuse\u021be a Rom\u00e2niei!<\/p>\n\n\n\n<p><strong>Locul Pornirii &#038; \u00centoarcerii<\/strong><\/p>\n\n\n\n<p>Strada Circului 33 (Circul din Chi\u0219in\u0103u)<\/p>\n\n\n\n<p><strong>Ora Pornirii<\/strong><\/p>\n\n\n\n<p>22:00<\/p>\n\n\n\n<p><strong>Pre\u021bul Include<\/strong><\/p>\n\n\n\n<ul><li>Transport tur-retur<\/li><li>Cazare 1 noapte la Pensiune<\/li><li>Ghid licen\u021biat<\/li><li>Asigurare medical\u0103<\/li><li>Excursiile indicate \u00een program<\/li><\/ul>\n\n\n\n<p><strong>Pre\u021bul nu include<\/strong><\/p>\n\n\n\n<ul><li>Intr\u0103rile \u00een obiectivele turistice<\/li><li>Alimenta\u021bia<\/li><\/ul>\n\n\n\n<p><strong>Program<\/strong><\/p>\n\n\n\n<p><strong>I-a zi:<\/strong><\/p>\n\n\n\n<ul><li>Plecarea din Chi\u0219in\u0103u<\/li><\/ul>\n\n\n\n<p><strong>II-a zi:<\/strong><\/p>\n\n\n\n<ul><li>Sosirea la Sighi\u0219oara, vizitarea cet\u0103\u021bii medievale, a Castelului de lut din Valea Z\u00e2nelor<\/li><li>Cazare \u00een Hotel&nbsp;<\/li><\/ul>\n\n\n\n<p><strong>III-a zi:<\/strong><\/p>\n\n\n\n<ul><li>Eliberarea camerelor \u0219i continuarea excursiei<\/li><li>Drumul Transf\u0103g\u0103r\u0103\u015fan, continuare cu urm\u0103toarele obiective<ul><li>Lacul B\u00e2lea<\/li><\/ul><ul><li>Barajul Vidraru<\/li><\/ul><\/li><li>Sosirea la Curtea de Arge\u0219, pauz\u0103 pentru mas\u0103 (cheltuieli personale)<\/li><li>Vizitarea m\u0103n\u0103stirii Curtea de Arge\u015f<\/li><li>Pornirea spre Chi\u0219in\u0103u<\/li><\/ul>\n\n\n\n<p><strong>IV-a zi:<\/strong><\/p>\n\n\n\n<ul><li>Sosirea \u00een Chi\u015fin\u0103u<\/li><\/ul>\n\n\n\n<p><strong>Servicii adi\u021b<\/strong><strong>ionale<\/strong><strong><\/strong><\/p>\n\n\n\n<ul><li>Loc adi\u021bional \u00een transport (45.0 \u20ac)<\/li><li>C\u0103l\u0103torii mai \u00een v\u00e2rst\u0103 de 66 ani, achit\u0103 tax\u0103 suplimentar\u0103 pentru asigurarea medical\u0103 (5.0 \u20ac)<\/li><li>Ghid \u00een limbi str\u0103ine (200.0 \u20ac)<\/li><li>Primele 5 r\u00e2nduri \u00een autocar (20.0 \u20ac)<\/li><li>Camera Single (35.0 \u20ac)<br><br>Pre\u021buri adi\u021bionale (la dorin\u021b\u0103)<\/li><\/ul>\n\n\n\n<p><strong>Intr\u0103ri \u00een obiectivele Turistice<\/strong><\/p>\n\n\n\n<ul><li>Cetatea Sighi\u0219oara: Adult: 16 RON \/ Elevi: 4 RON<\/li><li>Castelul de lut din Valea Z\u00e2nelor \u2013 20 RON<\/li><li>M\u0103n\u0103stirea Curtea de Arge\u0219 \u2013 2 RON<\/li><li>Barajul Vidraru \u2013 Gratis<\/li><li>Lacul B\u00e2lea \u2013 Gratis<\/li><\/ul>\n\n\n\n<p>Pentru seniori, v\u00e2rsta >66 ani, se achit\u0103 tax\u0103 suplimentar\u0103 pentru asigurarea medical\u0103<\/p>\n\n\n\n<p><br><\/p>\n","protected":false},"excerpt":{"rendered":"<p>Pret: de la 85,99 euro Locul Pornirii &#038; \u00centoarcerii Chi\u0219in\u0103u Ora pornirii 22:30 Plec\u0103ri14.07.202321.07.202328.07.202304.08.202311.08.202318.08.202325.08.202301.09.202308.09.202315.09.202322.09.202329.09.2023 Detalii Anume aceast\u0103 c\u0103l\u0103torie reprezint\u0103 cel mai impresionant itinerariu-&nbsp;Curtea de Arge\u0219, Cetatea Poenari, Cheile Arge\u0219ului, barajul &#8230;<\/p>\n","protected":false},"author":1,"featured_media":0,"parent":0,"menu_order":0,"comment_status":"closed","ping_status":"closed","template":"","meta":[],"_links":{"self":[{"href":"https:\/\/laspalmas.md\/ru\/wp-json\/wp\/v2\/pages\/6426"}],"collection":[{"href":"https:\/\/laspalmas.md\/ru\/wp-json\/wp\/v2\/pages"}],"about":[{"href":"https:\/\/laspalmas.md\/ru\/wp-json\/wp\/v2\/types\/page"}],"author":[{"embeddable":true,"href":"https:\/\/laspalmas.md\/ru\/wp-json\/wp\/v2\/users\/1"}],"replies":[{"embeddable":true,"href":"https:\/\/laspalmas.md\/ru\/wp-json\/wp\/v2\/comments?post=6426"}],"version-history":[{"count":1,"href":"https:\/\/laspalmas.md\/ru\/wp-json\/wp\/v2\/pages\/6426\/revisions"}],"predecessor-version":[{"id":6429,"href":"https:\/\/laspalmas.md\/ru\/wp-json\/wp\/v2\/pages\/6426\/revisions\/6429"}],"wp:attachment":[{"href":"https:\/\/laspalmas.md\/ru\/wp-json\/wp\/v2\/media?parent=6426"}],"curies":[{"name":"wp","href":"https:\/\/api.w.org\/{rel}","templated":true}]}}