{"id":6410,"date":"2023-07-12T09:55:46","date_gmt":"2023-07-12T06:55:46","guid":{"rendered":"https:\/\/laspalmas.md\/?page_id=6410"},"modified":"2023-07-12T09:55:47","modified_gmt":"2023-07-12T06:55:47","slug":"excursie-la-istabnul","status":"publish","type":"page","link":"https:\/\/laspalmas.md\/ru\/excursie-la-istabnul\/","title":{"rendered":"Excursie la Istabnul"},"content":{"rendered":"\n<div class=\"wp-block-cover has-background-dim\"><img loading=\"lazy\" width=\"1024\" height=\"527\" class=\"wp-block-cover__image-background wp-image-6411\" alt=\"\" src=\"https:\/\/laspalmas.md\/wp-content\/uploads\/2023\/07\/Bosphorus_Bridge_235499411-1024x527.jpeg\" data-object-fit=\"cover\" srcset=\"https:\/\/laspalmas.md\/wp-content\/uploads\/2023\/07\/Bosphorus_Bridge_235499411-1024x527.jpeg 1024w, https:\/\/laspalmas.md\/wp-content\/uploads\/2023\/07\/Bosphorus_Bridge_235499411-300x154.jpeg 300w, https:\/\/laspalmas.md\/wp-content\/uploads\/2023\/07\/Bosphorus_Bridge_235499411-768x395.jpeg 768w, https:\/\/laspalmas.md\/wp-content\/uploads\/2023\/07\/Bosphorus_Bridge_235499411-1536x790.jpeg 1536w, https:\/\/laspalmas.md\/wp-content\/uploads\/2023\/07\/Bosphorus_Bridge_235499411.jpeg 2048w\" sizes=\"(max-width: 1024px) 100vw, 1024px\" \/><div class=\"wp-block-cover__inner-container\">\n<p class=\"has-text-align-center has-large-font-size\"><strong>Excursie la Istabnul<\/strong><\/p>\n<\/div><\/div>\n\n\n\n<p>Pret: <strong>de la 99 euro<\/strong><\/p>\n\n\n\n<p>Locul Pornirii &#038; \u00centoarcerii: Chi\u0219in\u0103u<br>Ora pornirii 8:00<br>Ora Sosirii \u00een Chi\u0219in\u0103u aproximativ la ora 19:00<\/p>\n\n\n\n<p><br>DETALII:<\/p>\n\n\n\n<p><strong>Pre\u021bul Include<\/strong><\/p>\n\n\n\n<ul><li>Transport tur-retur cu un autobuz confortabil<\/li><li>Cazare 3 nop\u021bi la hotel \u00een Istanbul<\/li><li>Mic dejun la hotel<\/li><li>Asigurare medical\u0103<\/li><li>Ghid \u00eenso\u021bitor din Chi\u0219in\u0103u<\/li><li>Ghid local autorizat vorbitor de limba rus\u0103<\/li><li>Vizitarea tuturor obiectivelor turistice indicate \u00een program<\/li><\/ul>\n\n\n\n<p><strong>Pre\u021bul nu include<\/strong><\/p>\n\n\n\n<ul><li>Taxe de intrare la muzee \u0219i atrac\u021bii turistice<\/li><li><strong>Galata Tower + Moscheea Camlica \u2013 35<\/strong><strong>\u20ac <\/strong><strong>(excursie nou\u0103)<\/strong><\/li><li>Croaziera pe Bosfor &#8211; 15\u20ac<\/li><li>Croaziera la Marea Marmara c\u0103tre Insulele Prin\u021bilor (B\u00fcy\u00fckada) &#8211; 50\u20ac<\/li><li>Palatul Topkap\u0131 Saray\u0131 + Harem* &#8211; 40\u20ac<\/li><li>Noaptea turceasc\u0103 &#8211; 35\u20ac<\/li><li>\u00cenchiriere c\u0103\u0219tilor &#8211; 5 \u20ac pentru 3 zile<\/li><li>Istanbul Akvaryum: adult (12+ ani) \u2013 40 \u20ac, copii 2-11ani \u2013 35 \u20ac, copii 0-1 ani \u2013 gratuit<\/li><li>* Intrarea la Palatul Dolmabah\u00e7e Saray\u0131 \u0219i la Palatul Topkap\u0131 Saray\u0131 pentru copiii sub 7 ani este gratuit\u0103.<\/li><li>* * Copiii sub 11 ani pot vizita Istanbul Akvaryum \u00eenso\u021bi\u021bi de cel pu\u021bin un adult.<\/li><\/ul>\n\n\n\n<p><strong>Servicii Adi\u021b<\/strong><strong>ionale<\/strong><\/p>\n\n\n\n<ul><li>Loc suplimentar la transport &#8211; 75\u20ac<\/li><li>Primele locuri la transport (primele 5 r\u00e2nduri) \u2013 20\u20ac<\/li><li>Pentru seniori > 66 de ani, asigurarea de s\u0103n\u0103tate se pl\u0103te\u0219te suplimentar<\/li><\/ul>\n\n\n\n<p><strong>PROGRAM<\/strong><\/p>\n\n\n\n<p><strong>S\u00e2mb\u0103t\u0103<\/strong><\/p>\n\n\n\n<p>08:00 Plecare din Chi\u0219in\u0103u<\/p>\n\n\n\n<p><strong>Duminic\u0103\u00a0<\/strong><\/p>\n\n\n\n<p>Sosire \u00een Istanbul \u0219i \u00eenceputul programului de excursie:<\/p>\n\n\n\n<ul><li><strong>Moscheea Suleymaniye<\/strong>\u00a0\u2013 a doua ca m\u0103rime \u0219i cea mai important\u0103 moschee din Istanbul<\/li><li><strong>Magazinul Ali Baba<\/strong>\u00a0\u2013\u00a0 aproximativ 4000 de soiuri de dulciuri turce\u0219ti \u2013 halva, deliciul turcesc, pishmaniye, miere, tahini \u0219i multe alte produse.<\/li><li>Check-in la hotel\/e, o scurt\u0103 pauz\u0103<\/li><li>Vizit\u0103m magazinul de piele \u0219i blan\u0103<\/li><li><strong>Croazier\u0103 pe str\u00e2mtoarea Bosfor<\/strong>\u00a0(op\u021bional) \u2013 aceast\u0103 plimbare incredibil\u0103 ne va oferi ocazia s\u0103 vizit\u0103m at\u00e2t \u021b\u0103rmurile europene, c\u00e2t \u0219i cele asiatice ale Istanbulului, Cornul de Aur, palate \u0219i cump\u0103r\u0103turi.<\/li><li>\u00centoarcere la hotel, timp liber.<br><br><strong>Luni<\/strong><\/li><li>Mic dejun la hotel<\/li><li>Tur al \u201eOra\u0219ului de pe dou\u0103 continente\u201d cu o vizit\u0103 la cele mai importante obiective turistice:<\/li><li>Pia\u021ba Sultan Ahmet Meydan\u0131 \u2013 pia\u021ba principal\u0103 a Istanbulului cu obeliscuri \u0219i centrul istoric<\/li><li>Moscheea Albastr\u0103 Sultanahmet Camii \u2013 prima moschee important\u0103 din Istanbul<\/li><li>Obeliscul lui Teodosie Dikilita\u015f este un obelisc egiptean antic adus la Istanbul de la Luxor (Egipt)<\/li><li>Moscheea Hagia Sophia Ayasofya-i Kebir Camii \u2013 simbol mondial al \u201eepocii de aur\u201d a Bizan\u021bului. P\u00e2n\u0103 \u00een 2020, moscheea a fost o catedral\u0103 ortodox\u0103.<\/li><li>Palatul Topkap\u0131 Saray\u0131 (op\u021bional) \u2013 un monument de arhitectur\u0103 magnific din secolul al XV-lea. Timp de c\u00e2teva secole la r\u00e2nd, Topkapi a fost considerat\u0103 re\u0219edin\u021ba principal\u0103 a conduc\u0103torilor statului otoman. Ast\u0103zi este un complex muzeal, care ar trebui s\u0103 fie v\u0103zut de to\u021bi cei care m\u0103car o dat\u0103 se \u00eent\u00e2mpl\u0103 s\u0103 viziteze \u021binuturile turce\u0219ti. In acest muzeu se pastreaza sabia originala a lui Stefan cel Mare.<\/li><li>Magazinul de bijuterii din aur (op\u021bional).<\/li><li>\u00centoarcere la hotel, timp liber sau <strong>optional Galata Tower \u0219i Mosheea Camlica<\/strong> cea mai mare din Turcia, cu o capacitate de 63,000 de persoane.<br>Servicii incluse: transport autocar, ghid local \u0219i \u00eenso\u021bitor de grup.<br><br><strong>Mar\u021bi<\/strong><\/li><li>Mic dejun la hotel<\/li><li>\u0421roazier\u0103 pe Marea Marmara c\u0103tre<strong>\u00a0Insulele Prin\u021bilor (B\u00fcy\u00fckada)<\/strong>\u00a0(op\u021bional)<\/li><li>Plecare de la hotel in jurul orei 8:30 cu transportul catre port. Lu\u0103m feribotul c\u0103tre ultima \u0219i cea mai mare insul\u0103 B\u00fcy\u00fckada, \u00eentreaga c\u0103l\u0103torie dureaz\u0103 aproximativ o or\u0103 \u0219i jum\u0103tate. Vom continua drumul spre deal cu ma\u0219ini mici sau microbuze, de unde se deschide o priveli\u0219te incredibil\u0103 asupra ora\u0219ului Istanbul av\u00e2nd timp s\u0103 facem fotografii frumoase pentru amintire.Vom merge un km \u0219i jum\u0103tate \u00een sus p\u00e2n\u0103 la m\u0103n\u0103stirea Sf. Gheorghe. Dup\u0103 aceea, vom lua pr\u00e2nzul la o cafenea local\u0103 unde vom gusta din buc\u0103t\u0103ria tradi\u021bional\u0103 turceasc\u0103 apoi ne \u00eentoarcem pe continentul Istanbulului. Pute\u021bi vizita\u00a0Bazarul Egiptean, care se afl\u0103 l\u00e2ng\u0103 port. (Costul total al excursiei include: transport local, bilete de feribot, tur pe jos al insulei, pr\u00e2nz cu o b\u0103utur\u0103 r\u0103coritoare).<\/li><li>Cei care au stat la Istanbul se bucur\u0103 de timp liber \u0219i de cump\u0103r\u0103turi \u0219i \u00eentoarcere la hotel, timp liber<\/li><li>Noapte turceasc\u0103 la\u00a0<strong>Gar Restaurant<\/strong>\u00a0(op\u021bional) \u2013 Include o cin\u0103 tradi\u021bional\u0103 turceasc\u0103 cu b\u0103uturi \u0219i divertisment (dansuri tradi\u021bionale orientale, ritmuri orientale, muzic\u0103 turceasc\u0103 \u0219i delicii delicioase). Meniul include: aperitive, fel principal si bauturi (1 sticla de vin (rosu sau alb) sau raki turcesc sau 2 beri sau 2 sucuri).<br><br><strong>Miercuri<\/strong><\/li><li>Mic dejun la hotel \u0219i eliberarea numerelor<\/li><li><strong>Istanbul Akvaryum<\/strong>\u00a0(op\u021bional) \u2013 1,2 km lungime, 17 teme, p\u0103dure tropical\u0103, aproximativ 1.500 de specii de pe\u0219ti, \u00een total 17.000 de locuitori de pe uscat \u0219i pe mare, inclusiv rechini, pinguini, capibare, pe\u0219te leu ro\u0219u, pe\u0219te-leu de lagun\u0103 \u0219i multe alte specii.<\/li><li>Cei care nu merg la acvariu au timp liber pentru plimbare personala la Marele Bazar \u0219i ultimele cump\u0103r\u0103turi:\u00a0<strong>Marele Bazar Kapal\u0131 \u00c7ar\u015f\u0131<\/strong>\u00a0\u2013 una dintre cele mai mari pie\u0163e acoperite din lume, care a fost mult\u0103 vreme o atrac\u0163ie popular\u0103 \u00een vechiul Istanbul. Ce este acolo \u00een labirinturile Marelui Bazar \u2013 ceramic\u0103, aur, argint, bijuterii, \u0219aluri, e\u0219arfe, amulete, covoare, kilims, s\u0103pun, m\u0103rgele, bronz, sticl\u0103, suluri de \u021bes\u0103turi, tone de cupru, pia\u021ba parfumat\u0103 de mirodenii \u0219i mult mai mult.\u00a0\u00a0<\/li><li>Plecare din Istanbul spre Chisinau \u2013 aproximativ la ora 13:00\u00a0<\/li><\/ul>\n\n\n\n<p><strong>ATEN\u0162IE!!!<\/strong><br>Programul turului poate fi modificat f\u0103r\u0103 notificare prealabil\u0103, \u00een func\u021bie de condi\u021biile meteorologice, ora sosirii \u00een Istanbul, blocajele neprev\u0103zute \u00een trafic \u00een ora\u0219ul propriu-zis etc.<\/p>\n\n\n\n<p><strong>Servicii adi\u021bionale<\/strong><\/p>\n\n\n\n<ul><li>Camera Single (60.0 \u20ac)<\/li><li>Excedent de bagaj se achita aditional (25.0 \u20ac)<\/li><li>Loc suplimentar la transport (75.0 \u20ac)<\/li><li>Pentru seniori > 66 de ani, asigurarea de s\u0103n\u0103tate se pl\u0103te\u0219te suplimentar (10.0 \u20ac)<\/li><li>Ghid \u00een limbi str\u0103ine (300.0 \u20ac)<br><br><strong>Pre\u021buri adi\u021bionale (la dorin\u021b\u0103)<\/strong><\/li><li>Taxe de intrare la muzee \u0219i atrac\u021bii turistice<\/li><li><strong>Galata Tower + Moscheea Camlica \u2013 35\u20ac<\/strong><\/li><li>Croaziera pe Bosfor &#8211; 15\u20ac \u00a0<\/li><li>Croaziera la Marea Marmara c\u0103tre Insulele Prin\u021bilor (B\u00fcy\u00fckada) &#8211; 50\u20ac<\/li><li>Palatul Topkap\u0131 Saray\u0131 + Harem* &#8211; 40\u20ac<\/li><li>Noaptea turceasc\u0103 &#8211; 35\u20ac<\/li><li>\u00cenchiriere c\u0103\u0219tilor &#8211; 5 \u20ac pentru 3 zile<\/li><li>Istanbul Akvaryum: adult (12+ ani) \u2013 45\u20ac, copii 2-11ani \u2013 40\u20ac, copii 0-1 ani \u2013 gratuit<\/li><li>* Intrarea la Palatul Dolmabah\u00e7e Saray\u0131 \u0219i la Palatul Topkap\u0131 Saray\u0131 pentru copiii sub 7 ani este gratuit\u0103.<\/li><li>* * Copiii sub 11 ani pot vizita Istanbul Akvaryum \u00eenso\u021bi\u021bi de cel pu\u021bin un adult<\/li><\/ul>\n\n\n\n<p><br><\/p>\n","protected":false},"excerpt":{"rendered":"<p>Pret: de la 99 euro Locul Pornirii &#038; \u00centoarcerii: Chi\u0219in\u0103uOra pornirii 8:00Ora Sosirii \u00een Chi\u0219in\u0103u aproximativ la ora 19:00 DETALII: Pre\u021bul Include Transport tur-retur cu un autobuz confortabil Cazare 3 &#8230;<\/p>\n","protected":false},"author":1,"featured_media":0,"parent":0,"menu_order":0,"comment_status":"closed","ping_status":"closed","template":"","meta":[],"_links":{"self":[{"href":"https:\/\/laspalmas.md\/ru\/wp-json\/wp\/v2\/pages\/6410"}],"collection":[{"href":"https:\/\/laspalmas.md\/ru\/wp-json\/wp\/v2\/pages"}],"about":[{"href":"https:\/\/laspalmas.md\/ru\/wp-json\/wp\/v2\/types\/page"}],"author":[{"embeddable":true,"href":"https:\/\/laspalmas.md\/ru\/wp-json\/wp\/v2\/users\/1"}],"replies":[{"embeddable":true,"href":"https:\/\/laspalmas.md\/ru\/wp-json\/wp\/v2\/comments?post=6410"}],"version-history":[{"count":1,"href":"https:\/\/laspalmas.md\/ru\/wp-json\/wp\/v2\/pages\/6410\/revisions"}],"predecessor-version":[{"id":6412,"href":"https:\/\/laspalmas.md\/ru\/wp-json\/wp\/v2\/pages\/6410\/revisions\/6412"}],"wp:attachment":[{"href":"https:\/\/laspalmas.md\/ru\/wp-json\/wp\/v2\/media?parent=6410"}],"curies":[{"name":"wp","href":"https:\/\/api.w.org\/{rel}","templated":true}]}}