{"id":6368,"date":"2023-07-11T23:55:51","date_gmt":"2023-07-11T20:55:51","guid":{"rendered":"https:\/\/laspalmas.md\/?page_id=6368"},"modified":"2024-03-20T16:56:56","modified_gmt":"2024-03-20T13:56:56","slug":"legoland-feriendorf-3","status":"publish","type":"page","link":"https:\/\/laspalmas.md\/ru\/legoland-feriendorf-3\/","title":{"rendered":"LEGOLAND Feriendorf 3*"},"content":{"rendered":"\n<div class=\"wp-block-cover has-background-dim\"><img loading=\"lazy\" width=\"1024\" height=\"683\" class=\"wp-block-cover__image-background wp-image-6369\" alt=\"\" src=\"https:\/\/laspalmas.md\/wp-content\/uploads\/2023\/07\/76619575-1024x683.jpg\" data-object-fit=\"cover\" srcset=\"https:\/\/laspalmas.md\/wp-content\/uploads\/2023\/07\/76619575-1024x683.jpg 1024w, https:\/\/laspalmas.md\/wp-content\/uploads\/2023\/07\/76619575-300x200.jpg 300w, https:\/\/laspalmas.md\/wp-content\/uploads\/2023\/07\/76619575-768x512.jpg 768w, https:\/\/laspalmas.md\/wp-content\/uploads\/2023\/07\/76619575.jpg 1280w\" sizes=\"(max-width: 1024px) 100vw, 1024px\" \/><div class=\"wp-block-cover__inner-container\">\n<p class=\"has-text-align-center has-large-font-size\"><strong>LEGOLAND Feriendorf 3*<\/strong><\/p>\n<\/div><\/div>\n\n\n\n<p><a href=\"https:\/\/www.perfect-tour.ro\/destinatii\/europa\/germania\/gunzburg\/\">LEGOLAND\u00ae Germania<\/a><\/p>\n\n\n\n<p><strong><strong>De la\u00a0672 Euro \/ 2 nopti \/ camera dubla ptr 2 adulti si 1 copil + acces in parc \/ mic dejun<\/strong><\/strong><\/p>\n\n\n\n<h2>Oferta include<\/h2>\n\n\n\n<ul><li>2 nopti cazare camera dubla ptr 2 adulti si 1 copil<\/li><li>2 zile acces in parc<\/li><li>mic dejun<\/li><\/ul>\n\n\n\n<h2>Oferta nu include<\/h2>\n\n\n\n<ul><li>transport<\/li><li>asigurare medicala \/ storno<\/li><\/ul>\n\n\n\n<h2>Cazare<\/h2>\n\n\n\n<p>Inaugurat\u0103 \u00een 2008, aceast\u0103 proprietate se afl\u0103 la doar 5 minute de mers pe jos de parcul de distrac\u0163ii Legoland Feriendorf din G\u00fcnzburg \u015fi ofer\u0103 4 restaurante \u015fi 2 baruri. Camerele de la LEGOLAND Feriendorf sunt decorate \u00een culori vii, iar WiFi este gratuit \u00een zonele publice.<\/p>\n\n\n\n<p>Camerele au TV cu ecran plat, baie privat\u0103 \u015fi patio. Toate se bucur\u0103 de un decor vesel, cu teme precum Egiptul antic sau cursele auto.<\/p>\n\n\n\n<p>Localul Steak House de la LEGOLAND Feriendorf ofer\u0103 preparate din carne de calitate superioar\u0103, iar restaurantul Zur Tafelrunde ofer\u0103 pizza coapt\u0103 \u00een cuptorul din piatr\u0103. Restaurantul Dschungel asigur\u0103 bufete tematice, inclusiv bufete de mic dejun.<\/p>\n\n\n\n<p>La recep\u0163ie, oaspe\u0163ii pot cump\u0103ra bilete pentru parcul de distrac\u0163ii LEGOLAND, la un cost suplimentar.<\/p>\n\n\n\n<p>Activit\u0103\u0163ile de familie disponibile \u00een cadrul propriet\u0103\u0163ii includ un traseu cu fr\u00e2nghii, bowling \u015fi un traseu de triciclete. Copiii au la dispozi\u0163ie 18 locuri de joac\u0103, \u00een stiluri diferite. Oaspe\u0163ii acestei propriet\u0103\u0163ii pot cump\u0103ra de la recep\u0163ie bilete la pre\u0163 redus pentru parcul LEGOLAND sau le pot rezerva prin e-mail.<\/p>\n\n\n\n<p>Oaspe\u021bii au acces u\u0219or la LEGOLAND Feriendorf de pe autostrada A8, situat\u0103 la 1,5 km. G\u0103rile din G\u00fcnzburg \u015fi Wasserburg sunt la mai pu\u0163in de 5 km.<\/p>\n\n\n\n<h2>Conditii oferta<\/h2>\n\n\n\n<p>Tariful afisat este valabil in momentul editarii \/ postarii acestei oferte!<br>Locuri in limita disponibilitatii!<br>Atentie, disponibilitatea se poate schimba in orice moment, motiv pentru care va rugam sa ne contactati pentru reconfirmarea tarifelor si \/ sau a locurilor disponibile!<\/p>\n\n\n\n<h2>Valabilitate oferta<\/h2>\n\n\n\n<p>Tariful afisat este valabil pentru sejur in perioada 01 Mai 2024 &#8211; 28 Oct 2024.<br>Pentru alte date de plecare, nu ezitati sa ne contactati.<\/p>\n\n\n\n<figure class=\"wp-block-image size-large\"><a href=\"https:\/\/laspalmas.md\/wp-content\/uploads\/2023\/07\/121433759.jpg\"><img loading=\"lazy\" width=\"1024\" height=\"720\" src=\"https:\/\/laspalmas.md\/wp-content\/uploads\/2023\/07\/121433759-1024x720.jpg\" alt=\"\" class=\"wp-image-6370\" srcset=\"https:\/\/laspalmas.md\/wp-content\/uploads\/2023\/07\/121433759-1024x720.jpg 1024w, https:\/\/laspalmas.md\/wp-content\/uploads\/2023\/07\/121433759-300x211.jpg 300w, https:\/\/laspalmas.md\/wp-content\/uploads\/2023\/07\/121433759-768x540.jpg 768w, https:\/\/laspalmas.md\/wp-content\/uploads\/2023\/07\/121433759.jpg 1280w\" sizes=\"(max-width: 1024px) 100vw, 1024px\" \/><\/a><\/figure>\n\n\n\n<figure class=\"wp-block-image size-full\"><a href=\"https:\/\/laspalmas.md\/wp-content\/uploads\/2023\/07\/fountain-legoland-deutschland-gunzburg-germany-aug-children-playing-lego-themed-park-guenzburg-baden-wurtemberg-76749029.jpg\"><img loading=\"lazy\" width=\"800\" height=\"533\" src=\"https:\/\/laspalmas.md\/wp-content\/uploads\/2023\/07\/fountain-legoland-deutschland-gunzburg-germany-aug-children-playing-lego-themed-park-guenzburg-baden-wurtemberg-76749029.jpg\" alt=\"\" class=\"wp-image-6371\" srcset=\"https:\/\/laspalmas.md\/wp-content\/uploads\/2023\/07\/fountain-legoland-deutschland-gunzburg-germany-aug-children-playing-lego-themed-park-guenzburg-baden-wurtemberg-76749029.jpg 800w, https:\/\/laspalmas.md\/wp-content\/uploads\/2023\/07\/fountain-legoland-deutschland-gunzburg-germany-aug-children-playing-lego-themed-park-guenzburg-baden-wurtemberg-76749029-300x200.jpg 300w, https:\/\/laspalmas.md\/wp-content\/uploads\/2023\/07\/fountain-legoland-deutschland-gunzburg-germany-aug-children-playing-lego-themed-park-guenzburg-baden-wurtemberg-76749029-768x512.jpg 768w\" sizes=\"(max-width: 800px) 100vw, 800px\" \/><\/a><\/figure>\n\n\n\n<figure class=\"wp-block-image size-large\"><a href=\"https:\/\/laspalmas.md\/wp-content\/uploads\/2023\/07\/legoland-flying-ninjago.jpg\"><img loading=\"lazy\" width=\"1024\" height=\"576\" src=\"https:\/\/laspalmas.md\/wp-content\/uploads\/2023\/07\/legoland-flying-ninjago-1024x576.jpg\" alt=\"\" class=\"wp-image-6372\" srcset=\"https:\/\/laspalmas.md\/wp-content\/uploads\/2023\/07\/legoland-flying-ninjago-1024x576.jpg 1024w, https:\/\/laspalmas.md\/wp-content\/uploads\/2023\/07\/legoland-flying-ninjago-300x169.jpg 300w, https:\/\/laspalmas.md\/wp-content\/uploads\/2023\/07\/legoland-flying-ninjago-768x432.jpg 768w, https:\/\/laspalmas.md\/wp-content\/uploads\/2023\/07\/legoland-flying-ninjago-640x360.jpg 640w, https:\/\/laspalmas.md\/wp-content\/uploads\/2023\/07\/legoland-flying-ninjago.jpg 1422w\" sizes=\"(max-width: 1024px) 100vw, 1024px\" \/><\/a><\/figure>\n\n\n\n<figure class=\"wp-block-image size-full\"><a href=\"https:\/\/laspalmas.md\/wp-content\/uploads\/2023\/07\/4899_DSC_2825_2.jpg\"><img loading=\"lazy\" width=\"640\" height=\"428\" src=\"https:\/\/laspalmas.md\/wp-content\/uploads\/2023\/07\/4899_DSC_2825_2.jpg\" alt=\"\" class=\"wp-image-6373\" srcset=\"https:\/\/laspalmas.md\/wp-content\/uploads\/2023\/07\/4899_DSC_2825_2.jpg 640w, https:\/\/laspalmas.md\/wp-content\/uploads\/2023\/07\/4899_DSC_2825_2-300x201.jpg 300w\" sizes=\"(max-width: 640px) 100vw, 640px\" \/><\/a><\/figure>\n\n\n\n<figure class=\"wp-block-image size-large\"><a href=\"https:\/\/laspalmas.md\/wp-content\/uploads\/2023\/07\/32871356.jpg\"><img loading=\"lazy\" width=\"1024\" height=\"682\" src=\"https:\/\/laspalmas.md\/wp-content\/uploads\/2023\/07\/32871356-1024x682.jpg\" alt=\"\" class=\"wp-image-6374\" srcset=\"https:\/\/laspalmas.md\/wp-content\/uploads\/2023\/07\/32871356-1024x682.jpg 1024w, https:\/\/laspalmas.md\/wp-content\/uploads\/2023\/07\/32871356-300x200.jpg 300w, https:\/\/laspalmas.md\/wp-content\/uploads\/2023\/07\/32871356-768x512.jpg 768w, https:\/\/laspalmas.md\/wp-content\/uploads\/2023\/07\/32871356.jpg 1280w\" sizes=\"(max-width: 1024px) 100vw, 1024px\" \/><\/a><\/figure>\n","protected":false},"excerpt":{"rendered":"<p>LEGOLAND\u00ae Germania De la\u00a0672 Euro \/ 2 nopti \/ camera dubla ptr 2 adulti si 1 copil + acces in parc \/ mic dejun Oferta include 2 nopti cazare camera &#8230;<\/p>\n","protected":false},"author":1,"featured_media":0,"parent":0,"menu_order":0,"comment_status":"closed","ping_status":"closed","template":"","meta":[],"_links":{"self":[{"href":"https:\/\/laspalmas.md\/ru\/wp-json\/wp\/v2\/pages\/6368"}],"collection":[{"href":"https:\/\/laspalmas.md\/ru\/wp-json\/wp\/v2\/pages"}],"about":[{"href":"https:\/\/laspalmas.md\/ru\/wp-json\/wp\/v2\/types\/page"}],"author":[{"embeddable":true,"href":"https:\/\/laspalmas.md\/ru\/wp-json\/wp\/v2\/users\/1"}],"replies":[{"embeddable":true,"href":"https:\/\/laspalmas.md\/ru\/wp-json\/wp\/v2\/comments?post=6368"}],"version-history":[{"count":2,"href":"https:\/\/laspalmas.md\/ru\/wp-json\/wp\/v2\/pages\/6368\/revisions"}],"predecessor-version":[{"id":6763,"href":"https:\/\/laspalmas.md\/ru\/wp-json\/wp\/v2\/pages\/6368\/revisions\/6763"}],"wp:attachment":[{"href":"https:\/\/laspalmas.md\/ru\/wp-json\/wp\/v2\/media?parent=6368"}],"curies":[{"name":"wp","href":"https:\/\/api.w.org\/{rel}","templated":true}]}}