{"id":6358,"date":"2023-07-11T23:45:01","date_gmt":"2023-07-11T20:45:01","guid":{"rendered":"https:\/\/laspalmas.md\/?page_id=6358"},"modified":"2024-03-20T16:58:48","modified_gmt":"2024-03-20T13:58:48","slug":"legoland-hotel-dubai-4","status":"publish","type":"page","link":"https:\/\/laspalmas.md\/ru\/legoland-hotel-dubai-4\/","title":{"rendered":"LEGOLAND Hotel Dubai 4*"},"content":{"rendered":"\n<div class=\"wp-block-cover has-background-dim\"><img loading=\"lazy\" width=\"1024\" height=\"682\" class=\"wp-block-cover__image-background wp-image-6359\" alt=\"\" src=\"https:\/\/laspalmas.md\/wp-content\/uploads\/2023\/07\/250777185-1024x682.jpg\" data-object-fit=\"cover\" srcset=\"https:\/\/laspalmas.md\/wp-content\/uploads\/2023\/07\/250777185-1024x682.jpg 1024w, https:\/\/laspalmas.md\/wp-content\/uploads\/2023\/07\/250777185-300x200.jpg 300w, https:\/\/laspalmas.md\/wp-content\/uploads\/2023\/07\/250777185-768x512.jpg 768w, https:\/\/laspalmas.md\/wp-content\/uploads\/2023\/07\/250777185.jpg 1280w\" sizes=\"(max-width: 1024px) 100vw, 1024px\" \/><div class=\"wp-block-cover__inner-container\">\n<p class=\"has-text-align-center has-large-font-size\"><strong>LEGOLAND Hotel Dubai 4*<\/strong><\/p>\n<\/div><\/div>\n\n\n\n<p><a href=\"https:\/\/www.perfect-tour.ro\/destinatii\/asia-orientul-mijlociu\/emiratele-arabe-unite\/dubai\/dubai-parks-resorts\/\">Dubai Parks &#038; Resorts<\/a><\/p>\n\n\n\n<p><strong><strong>De la\u00a0672 Euro \/ 2 nopti cazare ptr 2 adulti si 1 copil + 2 zile acces in parc\/ mic dejun<\/strong><\/strong><\/p>\n\n\n\n<h2>Oferta include<\/h2>\n\n\n\n<ul><li>2 nopti cazare in Adventure Themed Room ptr 2 adulti + 1 copil<\/li><li>2 zile acces in parc<\/li><li>mic dejun<\/li><\/ul>\n\n\n\n<h2>Oferta nu include<\/h2>\n\n\n\n<ul><li>transport<\/li><li>asigurare medicala \/ storno<\/li><li>taxa Diham<\/li><\/ul>\n\n\n\n<h2>Cazare<\/h2>\n\n\n\n<p>LEGOLAND Hotel Dubai se afl\u0103 \u00een Dubai, la 1,8 km de Dubai Parks and Resorts, \u0219i pune la dispozi\u021bie cazare cu restaurant, teras\u0103, gr\u0103din\u0103 \u0219i parcare privat\u0103 gratuit\u0103. La acest hotel de 4 stele exist\u0103 un bar \u0219i camere cu aer condi\u021bionat, WiFi gratuit \u0219i baie privat\u0103. Oaspe\u021bii au la dispozi\u021bie room service, bancomat \u0219i serviciu de schimb valutar.<\/p>\n\n\n\n<p>Camerele hotelului sunt prev\u0103zute cu TV cu ecran plat cu canale prin satelit \u015fi seif. Toate camerele de la LEGOLAND Hotel Dubai au lenjerie de pat \u0219i prosoape.<\/p>\n\n\n\n<p>Proprietatea ofer\u0103 zilnic un mic dejun tip bufet.<\/p>\n\n\n\n<p>Personalul recep\u021biei cunoa\u0219te limbile arab\u0103, german\u0103, englez\u0103 \u0219i rus\u0103.<\/p>\n\n\n\n<p>LEGOLAND Hotel Dubai se afl\u0103 la 20 km de Templul Gurunanak Darbar Sikh \u0219i la 21 km de Dubai Expo 2020. Cel mai apropiat aeroport este Aeroportul Interna\u021bional Al Maktoum, situat la 19 km de hotel.<\/p>\n\n\n\n<h2>Conditii oferta<\/h2>\n\n\n\n<p>Tariful afisat este valabil in momentul editarii \/ postarii acestei oferte!<br>Locuri in limita disponibilitatii!<br>Atentie, disponibilitatea se poate schimba in orice moment, motiv pentru care va rugam sa ne contactati pentru reconfirmarea tarifelor si \/ sau a locurilor disponibile!<\/p>\n\n\n\n<h2>Valabilitate oferta<\/h2>\n\n\n\n<p>Tariful afisat este valabil pentru\u00a0 sejur in perioada 02 Iun 2024 &#8211; 29 Iun 2024.<br>Pentru alte date de plecare, nu ezitati sa ne contactati.<\/p>\n\n\n\n<figure class=\"wp-block-image size-large\"><a href=\"https:\/\/laspalmas.md\/wp-content\/uploads\/2023\/07\/305467236.jpg\"><img loading=\"lazy\" width=\"1024\" height=\"576\" src=\"https:\/\/laspalmas.md\/wp-content\/uploads\/2023\/07\/305467236-1024x576.jpg\" alt=\"\" class=\"wp-image-6360\" srcset=\"https:\/\/laspalmas.md\/wp-content\/uploads\/2023\/07\/305467236-1024x576.jpg 1024w, https:\/\/laspalmas.md\/wp-content\/uploads\/2023\/07\/305467236-300x169.jpg 300w, https:\/\/laspalmas.md\/wp-content\/uploads\/2023\/07\/305467236-768x432.jpg 768w, https:\/\/laspalmas.md\/wp-content\/uploads\/2023\/07\/305467236-640x360.jpg 640w, https:\/\/laspalmas.md\/wp-content\/uploads\/2023\/07\/305467236.jpg 1280w\" sizes=\"(max-width: 1024px) 100vw, 1024px\" \/><\/a><\/figure>\n\n\n\n<figure class=\"wp-block-image size-large\"><a href=\"https:\/\/laspalmas.md\/wp-content\/uploads\/2023\/07\/305468531.jpg\"><img loading=\"lazy\" width=\"1024\" height=\"576\" src=\"https:\/\/laspalmas.md\/wp-content\/uploads\/2023\/07\/305468531-1024x576.jpg\" alt=\"\" class=\"wp-image-6361\" srcset=\"https:\/\/laspalmas.md\/wp-content\/uploads\/2023\/07\/305468531-1024x576.jpg 1024w, https:\/\/laspalmas.md\/wp-content\/uploads\/2023\/07\/305468531-300x169.jpg 300w, https:\/\/laspalmas.md\/wp-content\/uploads\/2023\/07\/305468531-768x432.jpg 768w, https:\/\/laspalmas.md\/wp-content\/uploads\/2023\/07\/305468531-640x360.jpg 640w, https:\/\/laspalmas.md\/wp-content\/uploads\/2023\/07\/305468531.jpg 1280w\" sizes=\"(max-width: 1024px) 100vw, 1024px\" \/><\/a><\/figure>\n\n\n\n<figure class=\"wp-block-image size-large\"><a href=\"https:\/\/laspalmas.md\/wp-content\/uploads\/2023\/07\/305471217.jpg\"><img loading=\"lazy\" width=\"1024\" height=\"576\" src=\"https:\/\/laspalmas.md\/wp-content\/uploads\/2023\/07\/305471217-1024x576.jpg\" alt=\"\" class=\"wp-image-6362\" srcset=\"https:\/\/laspalmas.md\/wp-content\/uploads\/2023\/07\/305471217-1024x576.jpg 1024w, https:\/\/laspalmas.md\/wp-content\/uploads\/2023\/07\/305471217-300x169.jpg 300w, https:\/\/laspalmas.md\/wp-content\/uploads\/2023\/07\/305471217-768x432.jpg 768w, https:\/\/laspalmas.md\/wp-content\/uploads\/2023\/07\/305471217-640x360.jpg 640w, https:\/\/laspalmas.md\/wp-content\/uploads\/2023\/07\/305471217.jpg 1280w\" sizes=\"(max-width: 1024px) 100vw, 1024px\" \/><\/a><\/figure>\n\n\n\n<figure class=\"wp-block-image size-large\"><a href=\"https:\/\/laspalmas.md\/wp-content\/uploads\/2023\/07\/308783859.jpg\"><img loading=\"lazy\" width=\"1024\" height=\"576\" src=\"https:\/\/laspalmas.md\/wp-content\/uploads\/2023\/07\/308783859-1024x576.jpg\" alt=\"\" class=\"wp-image-6363\" srcset=\"https:\/\/laspalmas.md\/wp-content\/uploads\/2023\/07\/308783859-1024x576.jpg 1024w, https:\/\/laspalmas.md\/wp-content\/uploads\/2023\/07\/308783859-300x169.jpg 300w, https:\/\/laspalmas.md\/wp-content\/uploads\/2023\/07\/308783859-768x432.jpg 768w, https:\/\/laspalmas.md\/wp-content\/uploads\/2023\/07\/308783859-640x360.jpg 640w, https:\/\/laspalmas.md\/wp-content\/uploads\/2023\/07\/308783859.jpg 1280w\" sizes=\"(max-width: 1024px) 100vw, 1024px\" \/><\/a><\/figure>\n\n\n\n<figure class=\"wp-block-image size-large\"><a href=\"https:\/\/laspalmas.md\/wp-content\/uploads\/2023\/07\/LegoLand-Hotel-46_11927348-scaled-1.jpg\"><img loading=\"lazy\" width=\"1024\" height=\"683\" src=\"https:\/\/laspalmas.md\/wp-content\/uploads\/2023\/07\/LegoLand-Hotel-46_11927348-scaled-1-1024x683.jpg\" alt=\"\" class=\"wp-image-6364\" srcset=\"https:\/\/laspalmas.md\/wp-content\/uploads\/2023\/07\/LegoLand-Hotel-46_11927348-scaled-1-1024x683.jpg 1024w, https:\/\/laspalmas.md\/wp-content\/uploads\/2023\/07\/LegoLand-Hotel-46_11927348-scaled-1-300x200.jpg 300w, https:\/\/laspalmas.md\/wp-content\/uploads\/2023\/07\/LegoLand-Hotel-46_11927348-scaled-1-768x512.jpg 768w, https:\/\/laspalmas.md\/wp-content\/uploads\/2023\/07\/LegoLand-Hotel-46_11927348-scaled-1-1536x1024.jpg 1536w, https:\/\/laspalmas.md\/wp-content\/uploads\/2023\/07\/LegoLand-Hotel-46_11927348-scaled-1.jpg 1920w\" sizes=\"(max-width: 1024px) 100vw, 1024px\" \/><\/a><\/figure>\n","protected":false},"excerpt":{"rendered":"<p>Dubai Parks &#038; Resorts De la\u00a0672 Euro \/ 2 nopti cazare ptr 2 adulti si 1 copil + 2 zile acces in parc\/ mic dejun Oferta include 2 nopti cazare &#8230;<\/p>\n","protected":false},"author":1,"featured_media":0,"parent":0,"menu_order":0,"comment_status":"closed","ping_status":"closed","template":"","meta":[],"_links":{"self":[{"href":"https:\/\/laspalmas.md\/ru\/wp-json\/wp\/v2\/pages\/6358"}],"collection":[{"href":"https:\/\/laspalmas.md\/ru\/wp-json\/wp\/v2\/pages"}],"about":[{"href":"https:\/\/laspalmas.md\/ru\/wp-json\/wp\/v2\/types\/page"}],"author":[{"embeddable":true,"href":"https:\/\/laspalmas.md\/ru\/wp-json\/wp\/v2\/users\/1"}],"replies":[{"embeddable":true,"href":"https:\/\/laspalmas.md\/ru\/wp-json\/wp\/v2\/comments?post=6358"}],"version-history":[{"count":2,"href":"https:\/\/laspalmas.md\/ru\/wp-json\/wp\/v2\/pages\/6358\/revisions"}],"predecessor-version":[{"id":6765,"href":"https:\/\/laspalmas.md\/ru\/wp-json\/wp\/v2\/pages\/6358\/revisions\/6765"}],"wp:attachment":[{"href":"https:\/\/laspalmas.md\/ru\/wp-json\/wp\/v2\/media?parent=6358"}],"curies":[{"name":"wp","href":"https:\/\/api.w.org\/{rel}","templated":true}]}}