{"id":6350,"date":"2023-07-11T23:41:29","date_gmt":"2023-07-11T20:41:29","guid":{"rendered":"https:\/\/laspalmas.md\/?page_id=6350"},"modified":"2024-03-20T17:00:27","modified_gmt":"2024-03-20T14:00:27","slug":"lapita-dubai-parks-resorts-autograph-collection-4","status":"publish","type":"page","link":"https:\/\/laspalmas.md\/ru\/lapita-dubai-parks-resorts-autograph-collection-4\/","title":{"rendered":"Lapita &#8211; Dubai Parks &#038; Resorts &#8211; Autograph Collection 4*"},"content":{"rendered":"\n<div class=\"wp-block-cover has-background-dim\"><img loading=\"lazy\" width=\"800\" height=\"450\" class=\"wp-block-cover__image-background wp-image-6351\" alt=\"\" src=\"https:\/\/laspalmas.md\/wp-content\/uploads\/2023\/07\/mumbai-chowk-zone-781-x-438-75.jpg\" data-object-fit=\"cover\" srcset=\"https:\/\/laspalmas.md\/wp-content\/uploads\/2023\/07\/mumbai-chowk-zone-781-x-438-75.jpg 800w, https:\/\/laspalmas.md\/wp-content\/uploads\/2023\/07\/mumbai-chowk-zone-781-x-438-75-300x169.jpg 300w, https:\/\/laspalmas.md\/wp-content\/uploads\/2023\/07\/mumbai-chowk-zone-781-x-438-75-768x432.jpg 768w, https:\/\/laspalmas.md\/wp-content\/uploads\/2023\/07\/mumbai-chowk-zone-781-x-438-75-640x360.jpg 640w\" sizes=\"(max-width: 800px) 100vw, 800px\" \/><div class=\"wp-block-cover__inner-container\">\n<p class=\"has-text-align-center has-large-font-size\"><strong>Lapita &#8211; Dubai Parks &#038; Resorts &#8211; Autograph Collection 4*<\/strong><\/p>\n<\/div><\/div>\n\n\n\n<p><a href=\"https:\/\/www.perfect-tour.ro\/destinatii\/asia-orientul-mijlociu\/emiratele-arabe-unite\/dubai\/dubai-parks-resorts\/\">Dubai Parks &#038; Resorts<\/a><\/p>\n\n\n\n<p><strong><strong>De la\u00a0618 Euro \/ 4 nopti \/ 2 adulti + 1 copil + acces in parc \/ mic dejun<\/strong><\/strong><\/p>\n\n\n\n<h2>Oferta include<\/h2>\n\n\n\n<ul><li>4 nopti cazare pentru 2 adulti + 1 copil<\/li><li>mic dejun<\/li><li>acces \u00een parc<\/li><\/ul>\n\n\n\n<h2>Oferta nu include<\/h2>\n\n\n\n<ul><li>transport<\/li><li>asigurare medicala \/ storno<\/li><\/ul>\n\n\n\n<h2>Cazare<\/h2>\n\n\n\n<p>Lapita, cu tematic\u0103 polinezian\u0103 este singurul hotel amplasat \u00een cel mai mare parc tematic din Orientul Mijlociu, Dubai Parks and Resorts. Lapita este dedicat celor care doresc s\u0103 se cazeze la doi pa\u0219i de nenum\u0103ratele puncte de atrac\u021bie din Dubai Parks and Resorts. WiFi este gratuit \u00een \u00eentreaga proprietate.<\/p>\n\n\n\n<p>Toate cele 504 camere, suite \u015fi vile au balcon sau teras\u0103 privat\u0103 \u015fi ofer\u0103 suficient spa\u0163iu pentru relaxare, fiind perfecte pentru cei care se \u00eentorc dup\u0103 o zi lung\u0103 petrecut\u0103 la parcurile tematice. Toate camerele spa\u0163ioase au zon\u0103 de relaxare cu TV LED cu canale prin satelit, lenjerie de pat luxoas\u0103, minibar, birou \u0219i baie cu finisaje din marmur\u0103.<\/p>\n\n\n\n<p>Lapita ofer\u0103 5 op\u021biuni de luat masa, printre care Kalea, restaurantul interna\u021bional cu tematic\u0103 polinezian\u0103, Pan Asian Hot and Dumpling House \u0219i restaurantul mediteranean amplasat l\u00e2ng\u0103 piscin\u0103. Oaspe\u0163ii pot admira vederea panoramic\u0103 la complex \u015fi la parcurile tematice \u00een timp ce se relaxeaz\u0103 la barul de pe acoperi\u015f.<\/p>\n\n\n\n<p>Lapita ofer\u0103 o varietate mare de facilit\u0103\u0163i de lux, printre care centrul spa relaxant Ola, care propune o varietate de tratamente, inclusiv o baie marocan\u0103. Pentru cei care sunt preocupa\u021bi de s\u0103n\u0103tate exist\u0103 un centru de fitness dotat cu cele mai moderne echipamente marca Life Fitness. Pentru familiile cu copii se organizeaz\u0103 numeroase activit\u0103\u0163i la clubul pentru copii \u015fi adolescen\u0163i Luna &#038; Nova.<\/p>\n\n\n\n<p>Hotelul beneficiaz\u0103 de o loca\u021bie central\u0103, fiind u\u0219or accesibil din Dubai \u0219i Abu Dhabi. La centrul comercial Marina Mall se ajunge cu ma\u0219ina \u00een 20 de minute de la Lapita, iar arhipelagul Palm Jumeirah se afl\u0103 la o c\u0103l\u0103torie de 30 de minute. Cel mai apropiat aeroport, Aeroportul Interna\u0163ional Al Maktoum &#8211; Dubai World Central, se afl\u0103 la 20 de minute de mers cu ma\u015fina de Lapita, iar la Aeroportul Interna\u0163ional Dubai se poate ajunge \u00een 45 de minute. Proprietatea ofer\u0103 parcare gratuit, precum \u0219i parcare cu valet.<\/p>\n\n\n\n<h2>Conditii oferta<\/h2>\n\n\n\n<p>Tariful afisat este valabil in momentul editarii \/ postarii acestei oferte!<br>Locuri in limita disponibilitatii!<br>Atentie, disponibilitatea se poate schimba in orice moment, motiv pentru care va rugam sa ne contactati pentru reconfirmarea tarifelor si \/ sau a locurilor disponibile!<\/p>\n\n\n\n<h2>Valabilitate oferta<\/h2>\n\n\n\n<p>Tariful afisat este valabil pentru\u00a0 sejur in perioada 05 Sep 2024 &#8211; 09 Sep 2024.<br>Pentru alte date de plecare, nu ezitati sa ne contactati.<\/p>\n\n\n\n<figure class=\"wp-block-image size-full\"><a href=\"https:\/\/laspalmas.md\/wp-content\/uploads\/2023\/07\/rustic-ravine-782-x-43875.jpg\"><img loading=\"lazy\" width=\"800\" height=\"450\" src=\"https:\/\/laspalmas.md\/wp-content\/uploads\/2023\/07\/rustic-ravine-782-x-43875.jpg\" alt=\"\" class=\"wp-image-6352\" srcset=\"https:\/\/laspalmas.md\/wp-content\/uploads\/2023\/07\/rustic-ravine-782-x-43875.jpg 800w, https:\/\/laspalmas.md\/wp-content\/uploads\/2023\/07\/rustic-ravine-782-x-43875-300x169.jpg 300w, https:\/\/laspalmas.md\/wp-content\/uploads\/2023\/07\/rustic-ravine-782-x-43875-768x432.jpg 768w, https:\/\/laspalmas.md\/wp-content\/uploads\/2023\/07\/rustic-ravine-782-x-43875-640x360.jpg 640w\" sizes=\"(max-width: 800px) 100vw, 800px\" \/><\/a><\/figure>\n\n\n\n<figure class=\"wp-block-image size-full\"><a href=\"https:\/\/laspalmas.md\/wp-content\/uploads\/2023\/07\/smurfs_gate_780_x_439.jpg\"><img loading=\"lazy\" width=\"800\" height=\"450\" src=\"https:\/\/laspalmas.md\/wp-content\/uploads\/2023\/07\/smurfs_gate_780_x_439.jpg\" alt=\"\" class=\"wp-image-6353\" srcset=\"https:\/\/laspalmas.md\/wp-content\/uploads\/2023\/07\/smurfs_gate_780_x_439.jpg 800w, https:\/\/laspalmas.md\/wp-content\/uploads\/2023\/07\/smurfs_gate_780_x_439-300x169.jpg 300w, https:\/\/laspalmas.md\/wp-content\/uploads\/2023\/07\/smurfs_gate_780_x_439-768x432.jpg 768w, https:\/\/laspalmas.md\/wp-content\/uploads\/2023\/07\/smurfs_gate_780_x_439-640x360.jpg 640w\" sizes=\"(max-width: 800px) 100vw, 800px\" \/><\/a><\/figure>\n\n\n\n<figure class=\"wp-block-image size-full\"><a href=\"https:\/\/laspalmas.md\/wp-content\/uploads\/2023\/07\/studio-central-discover.jpg\"><img loading=\"lazy\" width=\"800\" height=\"450\" src=\"https:\/\/laspalmas.md\/wp-content\/uploads\/2023\/07\/studio-central-discover.jpg\" alt=\"\" class=\"wp-image-6354\" srcset=\"https:\/\/laspalmas.md\/wp-content\/uploads\/2023\/07\/studio-central-discover.jpg 800w, https:\/\/laspalmas.md\/wp-content\/uploads\/2023\/07\/studio-central-discover-300x169.jpg 300w, https:\/\/laspalmas.md\/wp-content\/uploads\/2023\/07\/studio-central-discover-768x432.jpg 768w, https:\/\/laspalmas.md\/wp-content\/uploads\/2023\/07\/studio-central-discover-640x360.jpg 640w\" sizes=\"(max-width: 800px) 100vw, 800px\" \/><\/a><\/figure>\n\n\n\n<figure class=\"wp-block-image size-full\"><a href=\"https:\/\/laspalmas.md\/wp-content\/uploads\/2023\/07\/1080x457_2-Copy.jpg\"><img loading=\"lazy\" width=\"800\" height=\"450\" src=\"https:\/\/laspalmas.md\/wp-content\/uploads\/2023\/07\/1080x457_2-Copy.jpg\" alt=\"\" class=\"wp-image-6355\" srcset=\"https:\/\/laspalmas.md\/wp-content\/uploads\/2023\/07\/1080x457_2-Copy.jpg 800w, https:\/\/laspalmas.md\/wp-content\/uploads\/2023\/07\/1080x457_2-Copy-300x169.jpg 300w, https:\/\/laspalmas.md\/wp-content\/uploads\/2023\/07\/1080x457_2-Copy-768x432.jpg 768w, https:\/\/laspalmas.md\/wp-content\/uploads\/2023\/07\/1080x457_2-Copy-640x360.jpg 640w\" sizes=\"(max-width: 800px) 100vw, 800px\" \/><\/a><\/figure>\n\n\n\n<figure class=\"wp-block-image size-full\"><a href=\"https:\/\/laspalmas.md\/wp-content\/uploads\/2023\/07\/columbia_gate_780_x_439-Copy.jpg\"><img loading=\"lazy\" width=\"800\" height=\"450\" src=\"https:\/\/laspalmas.md\/wp-content\/uploads\/2023\/07\/columbia_gate_780_x_439-Copy.jpg\" alt=\"\" class=\"wp-image-6356\" srcset=\"https:\/\/laspalmas.md\/wp-content\/uploads\/2023\/07\/columbia_gate_780_x_439-Copy.jpg 800w, https:\/\/laspalmas.md\/wp-content\/uploads\/2023\/07\/columbia_gate_780_x_439-Copy-300x169.jpg 300w, https:\/\/laspalmas.md\/wp-content\/uploads\/2023\/07\/columbia_gate_780_x_439-Copy-768x432.jpg 768w, https:\/\/laspalmas.md\/wp-content\/uploads\/2023\/07\/columbia_gate_780_x_439-Copy-640x360.jpg 640w\" sizes=\"(max-width: 800px) 100vw, 800px\" \/><\/a><\/figure>\n","protected":false},"excerpt":{"rendered":"<p>Dubai Parks &#038; Resorts De la\u00a0618 Euro \/ 4 nopti \/ 2 adulti + 1 copil + acces in parc \/ mic dejun Oferta include 4 nopti cazare pentru 2 &#8230;<\/p>\n","protected":false},"author":1,"featured_media":0,"parent":0,"menu_order":0,"comment_status":"closed","ping_status":"closed","template":"","meta":[],"_links":{"self":[{"href":"https:\/\/laspalmas.md\/ru\/wp-json\/wp\/v2\/pages\/6350"}],"collection":[{"href":"https:\/\/laspalmas.md\/ru\/wp-json\/wp\/v2\/pages"}],"about":[{"href":"https:\/\/laspalmas.md\/ru\/wp-json\/wp\/v2\/types\/page"}],"author":[{"embeddable":true,"href":"https:\/\/laspalmas.md\/ru\/wp-json\/wp\/v2\/users\/1"}],"replies":[{"embeddable":true,"href":"https:\/\/laspalmas.md\/ru\/wp-json\/wp\/v2\/comments?post=6350"}],"version-history":[{"count":2,"href":"https:\/\/laspalmas.md\/ru\/wp-json\/wp\/v2\/pages\/6350\/revisions"}],"predecessor-version":[{"id":6766,"href":"https:\/\/laspalmas.md\/ru\/wp-json\/wp\/v2\/pages\/6350\/revisions\/6766"}],"wp:attachment":[{"href":"https:\/\/laspalmas.md\/ru\/wp-json\/wp\/v2\/media?parent=6350"}],"curies":[{"name":"wp","href":"https:\/\/api.w.org\/{rel}","templated":true}]}}