{"id":6340,"date":"2023-07-11T23:33:15","date_gmt":"2023-07-11T20:33:15","guid":{"rendered":"https:\/\/laspalmas.md\/?page_id=6340"},"modified":"2024-03-20T16:52:52","modified_gmt":"2024-03-20T13:52:52","slug":"dream-castle-hotel-at-disneyland-paris-4","status":"publish","type":"page","link":"https:\/\/laspalmas.md\/ru\/dream-castle-hotel-at-disneyland-paris-4\/","title":{"rendered":"Dream Castle Fabulous Hotels Group 4*"},"content":{"rendered":"\n<div class=\"wp-block-cover has-background-dim\"><img loading=\"lazy\" width=\"1024\" height=\"683\" class=\"wp-block-cover__image-background wp-image-6341\" alt=\"\" src=\"https:\/\/laspalmas.md\/wp-content\/uploads\/2023\/07\/94255716-1024x683.jpg\" data-object-fit=\"cover\" srcset=\"https:\/\/laspalmas.md\/wp-content\/uploads\/2023\/07\/94255716-1024x683.jpg 1024w, https:\/\/laspalmas.md\/wp-content\/uploads\/2023\/07\/94255716-300x200.jpg 300w, https:\/\/laspalmas.md\/wp-content\/uploads\/2023\/07\/94255716-768x512.jpg 768w, https:\/\/laspalmas.md\/wp-content\/uploads\/2023\/07\/94255716.jpg 1280w\" sizes=\"(max-width: 1024px) 100vw, 1024px\" \/><div class=\"wp-block-cover__inner-container\">\n<p class=\"has-text-align-center has-large-font-size\"><strong>Dream Castle Hotel at Disneyland Paris 4*<\/strong><\/p>\n<\/div><\/div>\n\n\n\n<p><a href=\"https:\/\/www.perfect-tour.ro\/destinatii\/europa\/franta\/disneyland-paris\/\">Disneyland Paris<\/a><\/p>\n\n\n\n<p><strong><strong>De la\u00a0426 Euro \/ 2 nopti cazare \/ 2 adulti + 1 copil \/ mic dejun<\/strong><\/strong><\/p>\n\n\n\n<h2>Oferta include<\/h2>\n\n\n\n<ul><li>2 nopti cazare pentru 2 adulti si un copil<\/li><li>mic dejun<\/li><\/ul>\n\n\n\n<h2>Oferta nu include<\/h2>\n\n\n\n<ul><li>transport<\/li><li>bilete acces in parc<\/li><li>asigurare medicala si storno<\/li><li>taxa locala<\/li><\/ul>\n\n\n\n<h2>Cazare<\/h2>\n\n\n\n<p>Dream Castle Hotel Marne La Vallee ofer\u0103 un serviciu de transfer gratuit la Disneyland Paris, este \u00eenconjurat de un lac \u0219i gr\u0103dini \u0219i asigur\u0103 diverse facilit\u0103\u021bi, printre care o piscin\u0103 interioar\u0103 \u0219i un spa.<\/p>\n\n\n\n<p>Decorate \u00eentr-un stil inspirat de epoca muschetarilor \u0219i de castelul de la Potsdam, camerele \u0219i suitele sunt prev\u0103zute cu aer condi\u021bionat, TV cu ecran plat, WiFi gratuit, minibar \u0219i facilit\u0103\u021bi pentru prepararea de ceai \u0219i cafea.<\/p>\n\n\n\n<p>Restaurantul hotelului, The Kitchen, serve\u0219te un mic dejun american complet tip bufet, cu o mare varietate de preparate calde \u0219i reci \u0219i produse de patiserie. De asemenea, acesta este deschis \u00een fiecare sear\u0103, cu un meniu \u00e0 la carte. La bar se pot lua gust\u0103ri de la ora 18:00 p\u00e2n\u0103 la miezul nop\u021bii.<\/p>\n\n\n\n<p>Oaspe\u021bii sunt invita\u021bi s\u0103 se relaxeze la Dream Castle Spa, care are o piscin\u0103 interioar\u0103 cu sistem de \u00eenc\u0103lzire, o saun\u0103, o cad\u0103 cu hidromasaj, o sal\u0103 de fitness, servicii de masaj \u0219i diferite tratamente de \u00eenfrumuse\u021bare.<\/p>\n\n\n\n<p>De la hotel se pot cump\u0103ra bilete pentru Disneyland. \u00cen plus, serviciul gratuit de transfer opre\u0219te la gara RER Marne-la-Vall\u00e9e-Chessy \u0219i la terminalul TGV &#8211; Thalys &#8211; Eurostar. Proprietatea se afl\u0103 la 35 de minute cu ma\u0219ina de Paris \u0219i la 4,5 km de gara de RER \u0219i centrul comercial din Val d&#8217;Europe.<\/p>\n\n\n\n<h2>Conditii oferta<\/h2>\n\n\n\n<p>Tariful afisat este valabil in momentul editarii \/ postarii acestei oferte!<br>Locuri in limita disponibilitatii!<br>Atentie, disponibilitatea se poate schimba in orice moment, motiv pentru care va rugam sa ne contactati pentru reconfirmarea tarifelor si \/ sau a locurilor disponibile!<\/p>\n\n\n\n<h2>Valabilitate oferta<\/h2>\n\n\n\n<p>Tariful afisat este valabil pentru sejur in perioada 04 Iul 2024 &#8211; 30 Aug 2024.<br>Pentru alte date de plecare, nu ezitati sa ne contactati.<\/p>\n\n\n\n<figure class=\"wp-block-image size-large\"><a href=\"https:\/\/laspalmas.md\/wp-content\/uploads\/2023\/07\/93671125.jpg\"><img loading=\"lazy\" width=\"1024\" height=\"683\" src=\"https:\/\/laspalmas.md\/wp-content\/uploads\/2023\/07\/93671125-1024x683.jpg\" alt=\"\" class=\"wp-image-6342\" srcset=\"https:\/\/laspalmas.md\/wp-content\/uploads\/2023\/07\/93671125-1024x683.jpg 1024w, https:\/\/laspalmas.md\/wp-content\/uploads\/2023\/07\/93671125-300x200.jpg 300w, https:\/\/laspalmas.md\/wp-content\/uploads\/2023\/07\/93671125-768x512.jpg 768w, https:\/\/laspalmas.md\/wp-content\/uploads\/2023\/07\/93671125.jpg 1280w\" sizes=\"(max-width: 1024px) 100vw, 1024px\" \/><\/a><\/figure>\n\n\n\n<figure class=\"wp-block-image size-large\"><a href=\"https:\/\/laspalmas.md\/wp-content\/uploads\/2023\/07\/93668106.jpg\"><img loading=\"lazy\" width=\"1024\" height=\"683\" src=\"https:\/\/laspalmas.md\/wp-content\/uploads\/2023\/07\/93668106-1024x683.jpg\" alt=\"\" class=\"wp-image-6343\" srcset=\"https:\/\/laspalmas.md\/wp-content\/uploads\/2023\/07\/93668106-1024x683.jpg 1024w, https:\/\/laspalmas.md\/wp-content\/uploads\/2023\/07\/93668106-300x200.jpg 300w, https:\/\/laspalmas.md\/wp-content\/uploads\/2023\/07\/93668106-768x512.jpg 768w, https:\/\/laspalmas.md\/wp-content\/uploads\/2023\/07\/93668106.jpg 1280w\" sizes=\"(max-width: 1024px) 100vw, 1024px\" \/><\/a><\/figure>\n\n\n\n<figure class=\"wp-block-image size-large\"><a href=\"https:\/\/laspalmas.md\/wp-content\/uploads\/2023\/07\/49240119.jpg\"><img loading=\"lazy\" width=\"1024\" height=\"682\" src=\"https:\/\/laspalmas.md\/wp-content\/uploads\/2023\/07\/49240119-1024x682.jpg\" alt=\"\" class=\"wp-image-6344\" srcset=\"https:\/\/laspalmas.md\/wp-content\/uploads\/2023\/07\/49240119-1024x682.jpg 1024w, https:\/\/laspalmas.md\/wp-content\/uploads\/2023\/07\/49240119-300x200.jpg 300w, https:\/\/laspalmas.md\/wp-content\/uploads\/2023\/07\/49240119-768x512.jpg 768w, https:\/\/laspalmas.md\/wp-content\/uploads\/2023\/07\/49240119.jpg 1280w\" sizes=\"(max-width: 1024px) 100vw, 1024px\" \/><\/a><\/figure>\n\n\n\n<figure class=\"wp-block-image size-large\"><a href=\"https:\/\/laspalmas.md\/wp-content\/uploads\/2023\/07\/10419482.jpg\"><img loading=\"lazy\" width=\"1024\" height=\"682\" src=\"https:\/\/laspalmas.md\/wp-content\/uploads\/2023\/07\/10419482-1024x682.jpg\" alt=\"\" class=\"wp-image-6345\" srcset=\"https:\/\/laspalmas.md\/wp-content\/uploads\/2023\/07\/10419482-1024x682.jpg 1024w, https:\/\/laspalmas.md\/wp-content\/uploads\/2023\/07\/10419482-300x200.jpg 300w, https:\/\/laspalmas.md\/wp-content\/uploads\/2023\/07\/10419482-768x512.jpg 768w, https:\/\/laspalmas.md\/wp-content\/uploads\/2023\/07\/10419482.jpg 1280w\" sizes=\"(max-width: 1024px) 100vw, 1024px\" \/><\/a><\/figure>\n\n\n\n<figure class=\"wp-block-image size-large\"><a href=\"https:\/\/laspalmas.md\/wp-content\/uploads\/2023\/07\/10027524.jpg\"><img loading=\"lazy\" width=\"1024\" height=\"682\" src=\"https:\/\/laspalmas.md\/wp-content\/uploads\/2023\/07\/10027524-1024x682.jpg\" alt=\"\" class=\"wp-image-6346\" srcset=\"https:\/\/laspalmas.md\/wp-content\/uploads\/2023\/07\/10027524-1024x682.jpg 1024w, https:\/\/laspalmas.md\/wp-content\/uploads\/2023\/07\/10027524-300x200.jpg 300w, https:\/\/laspalmas.md\/wp-content\/uploads\/2023\/07\/10027524-768x512.jpg 768w, https:\/\/laspalmas.md\/wp-content\/uploads\/2023\/07\/10027524.jpg 1280w\" sizes=\"(max-width: 1024px) 100vw, 1024px\" \/><\/a><\/figure>\n","protected":false},"excerpt":{"rendered":"<p>Disneyland Paris De la\u00a0426 Euro \/ 2 nopti cazare \/ 2 adulti + 1 copil \/ mic dejun Oferta include 2 nopti cazare pentru 2 adulti si un copil mic &#8230;<\/p>\n","protected":false},"author":1,"featured_media":0,"parent":0,"menu_order":0,"comment_status":"closed","ping_status":"closed","template":"","meta":[],"_links":{"self":[{"href":"https:\/\/laspalmas.md\/ru\/wp-json\/wp\/v2\/pages\/6340"}],"collection":[{"href":"https:\/\/laspalmas.md\/ru\/wp-json\/wp\/v2\/pages"}],"about":[{"href":"https:\/\/laspalmas.md\/ru\/wp-json\/wp\/v2\/types\/page"}],"author":[{"embeddable":true,"href":"https:\/\/laspalmas.md\/ru\/wp-json\/wp\/v2\/users\/1"}],"replies":[{"embeddable":true,"href":"https:\/\/laspalmas.md\/ru\/wp-json\/wp\/v2\/comments?post=6340"}],"version-history":[{"count":2,"href":"https:\/\/laspalmas.md\/ru\/wp-json\/wp\/v2\/pages\/6340\/revisions"}],"predecessor-version":[{"id":6762,"href":"https:\/\/laspalmas.md\/ru\/wp-json\/wp\/v2\/pages\/6340\/revisions\/6762"}],"wp:attachment":[{"href":"https:\/\/laspalmas.md\/ru\/wp-json\/wp\/v2\/media?parent=6340"}],"curies":[{"name":"wp","href":"https:\/\/api.w.org\/{rel}","templated":true}]}}