{"id":6332,"date":"2023-07-11T23:28:36","date_gmt":"2023-07-11T20:28:36","guid":{"rendered":"https:\/\/laspalmas.md\/?page_id=6332"},"modified":"2024-03-20T16:51:19","modified_gmt":"2024-03-20T13:51:19","slug":"disneys-hotel-new-york-the-art-of-marvel-4","status":"publish","type":"page","link":"https:\/\/laspalmas.md\/ru\/disneys-hotel-new-york-the-art-of-marvel-4\/","title":{"rendered":"Disney&#8217;s Hotel New York\u00ae, The Art of Marvel 4*"},"content":{"rendered":"\n<div class=\"wp-block-cover has-background-dim\"><img loading=\"lazy\" width=\"850\" height=\"565\" class=\"wp-block-cover__image-background wp-image-6333\" alt=\"\" src=\"https:\/\/laspalmas.md\/wp-content\/uploads\/2023\/07\/96308179.jpg\" data-object-fit=\"cover\" srcset=\"https:\/\/laspalmas.md\/wp-content\/uploads\/2023\/07\/96308179.jpg 850w, https:\/\/laspalmas.md\/wp-content\/uploads\/2023\/07\/96308179-300x199.jpg 300w, https:\/\/laspalmas.md\/wp-content\/uploads\/2023\/07\/96308179-768x510.jpg 768w\" sizes=\"(max-width: 850px) 100vw, 850px\" \/><div class=\"wp-block-cover__inner-container\">\n<p class=\"has-text-align-center has-large-font-size\"><strong>Disney&#8217;s Hotel New York\u00ae, The Art of Marvel 4*<\/strong><\/p>\n<\/div><\/div>\n\n\n\n<p><a href=\"https:\/\/www.perfect-tour.ro\/destinatii\/europa\/franta\/disneyland-paris\/\">Disneyland Paris<\/a><\/p>\n\n\n\n<p><strong><strong>De la\u00a01470 Euro \/ 2 nopti cazare \/ 2 adulti + 1 copil \/ fara masa<\/strong><\/strong><\/p>\n\n\n\n<h2>Oferta include<\/h2>\n\n\n\n<ul><li>2 nopti cazare pentru 2 adulti si un copil<\/li><\/ul>\n\n\n\n<h2>Oferta nu include<\/h2>\n\n\n\n<ul><li>transport<\/li><li>masa<\/li><li>asigurare medicala si storno<\/li><li>taxa locala<\/li><\/ul>\n\n\n\n<h2>Cazare<\/h2>\n\n\n\n<p>Disney\u2019s Hotel New York\u00ae se afl\u0103 la 10 minute de mers pe jos de Disney\u00ae Parks, Disney Village\u00ae \u0219i gara RER Marne-la-Vall\u00e9e Chessy. Acest hotel de 4 stele \u00eembin\u0103 decorul Art Deco cu designul urban contemporan \u0219i ofer\u0103 piscin\u0103 interioar\u0103 \u00eenc\u0103lzit\u0103, hamam \u0219i centru de afaceri. De asemenea, exist\u0103 acces gratuit la internet WiFi \u015fi locuri de parcare gratuite. La acest hotel, oaspe\u021bii pot \u00eent\u00e2lni personajele Disney.<\/p>\n\n\n\n<p>Camerele au aer condi\u021bionat \u0219i TV cu ecran plat cu canale Disney \u015fi interna\u021bionale. Acestea au baie privat\u0103 cu cad\u0103, articole de toalet\u0103 gratuite \u0219i usc\u0103tor de p\u0103r. La cerere se poate oferi fierb\u0103tor electric. Unele camere au teras\u0103, iar toate sunt deservite de un lift.<\/p>\n\n\n\n<p>La hotel este servit zilnic micul dejun tip bufet american la un cost suplimentar. \u00cen func\u021bie de disponibilitate, oaspe\u021bii pot lua micul dejun \u0219i \u00een camer\u0103, la un cost suplimentar. Oaspe\u021bii pot lua cina la unul dintre restaurantele hotelului sau pot savura b\u0103uturi \u0219i gust\u0103ri la bar sau pe teras\u0103. Hotelul pune la dispozi\u0163ie room service nonstop \u015fi distribuitoare automate de gust\u0103ri \u0219i b\u0103uturi r\u0103coritoare.<\/p>\n\n\n\n<p>Oaspe\u0163ii au la dispozi\u0163ie o recep\u021bie cu program nonstop, serviciu de sp\u0103l\u0103torie \u0219i magazin Disney\u00ae. La un cost suplimentar, oaspe\u0163ii au acces la camera de jocuri video \u015fi pot solicita la recep\u021bie serviciul de baby-sitting. Hotelul are teren de tenis, centru de fitness, baie de aburi \u0219i cad\u0103 cu hidromasaj.<\/p>\n\n\n\n<p>Golf Disneyland\u00ae se afl\u0103 la 3,6 km. Paris este la 32 km de Disney&#8217;s Hotel New York\u00ae, iar Versailles este la 60 km. Aeroportul Paris &#8211; Charles de Gaulle este situat la 40 km de proprietate. Oaspe\u021bii care sosesc cu un autoturism electric au la dispozi\u021bie sta\u021bii de \u00eenc\u0103rcare universale.<\/p>\n\n\n\n<h2>Conditii oferta<\/h2>\n\n\n\n<p>Tariful afisat este valabil in momentul editarii \/ postarii acestei oferte!<br>Locuri in limita disponibilitatii!<br>Atentie, disponibilitatea se poate schimba in orice moment, motiv pentru care va rugam sa ne contactati pentru reconfirmarea tarifelor si \/ sau a locurilor disponibile!<\/p>\n\n\n\n<h2>Valabilitate oferta<\/h2>\n\n\n\n<p>Tariful afisat este valabil pentru sejur in perioada \u00a017 Iun 2024 &#8211; 19 Iun 2024.<br>Pentru alte date de plecare, nu ezitati sa ne contactati.<\/p>\n\n\n\n<figure class=\"wp-block-image size-full\"><a href=\"https:\/\/laspalmas.md\/wp-content\/uploads\/2023\/07\/107277816.jpg\"><img loading=\"lazy\" width=\"850\" height=\"564\" src=\"https:\/\/laspalmas.md\/wp-content\/uploads\/2023\/07\/107277816.jpg\" alt=\"\" class=\"wp-image-6334\" srcset=\"https:\/\/laspalmas.md\/wp-content\/uploads\/2023\/07\/107277816.jpg 850w, https:\/\/laspalmas.md\/wp-content\/uploads\/2023\/07\/107277816-300x199.jpg 300w, https:\/\/laspalmas.md\/wp-content\/uploads\/2023\/07\/107277816-768x510.jpg 768w\" sizes=\"(max-width: 850px) 100vw, 850px\" \/><\/a><\/figure>\n\n\n\n<figure class=\"wp-block-image size-full\"><a href=\"https:\/\/laspalmas.md\/wp-content\/uploads\/2023\/07\/92652463-1.jpg\"><img loading=\"lazy\" width=\"769\" height=\"576\" src=\"https:\/\/laspalmas.md\/wp-content\/uploads\/2023\/07\/92652463-1.jpg\" alt=\"\" class=\"wp-image-6335\" srcset=\"https:\/\/laspalmas.md\/wp-content\/uploads\/2023\/07\/92652463-1.jpg 769w, https:\/\/laspalmas.md\/wp-content\/uploads\/2023\/07\/92652463-1-300x225.jpg 300w, https:\/\/laspalmas.md\/wp-content\/uploads\/2023\/07\/92652463-1-640x480.jpg 640w\" sizes=\"(max-width: 769px) 100vw, 769px\" \/><\/a><\/figure>\n\n\n\n<figure class=\"wp-block-image size-full\"><a href=\"https:\/\/laspalmas.md\/wp-content\/uploads\/2023\/07\/92652486.jpg\"><img loading=\"lazy\" width=\"850\" height=\"567\" src=\"https:\/\/laspalmas.md\/wp-content\/uploads\/2023\/07\/92652486.jpg\" alt=\"\" class=\"wp-image-6336\" srcset=\"https:\/\/laspalmas.md\/wp-content\/uploads\/2023\/07\/92652486.jpg 850w, https:\/\/laspalmas.md\/wp-content\/uploads\/2023\/07\/92652486-300x200.jpg 300w, https:\/\/laspalmas.md\/wp-content\/uploads\/2023\/07\/92652486-768x512.jpg 768w\" sizes=\"(max-width: 850px) 100vw, 850px\" \/><\/a><\/figure>\n\n\n\n<figure class=\"wp-block-image size-full\"><a href=\"https:\/\/laspalmas.md\/wp-content\/uploads\/2023\/07\/92652505.jpg\"><img loading=\"lazy\" width=\"850\" height=\"566\" src=\"https:\/\/laspalmas.md\/wp-content\/uploads\/2023\/07\/92652505.jpg\" alt=\"\" class=\"wp-image-6337\" srcset=\"https:\/\/laspalmas.md\/wp-content\/uploads\/2023\/07\/92652505.jpg 850w, https:\/\/laspalmas.md\/wp-content\/uploads\/2023\/07\/92652505-300x200.jpg 300w, https:\/\/laspalmas.md\/wp-content\/uploads\/2023\/07\/92652505-768x511.jpg 768w\" sizes=\"(max-width: 850px) 100vw, 850px\" \/><\/a><\/figure>\n\n\n\n<figure class=\"wp-block-image size-full\"><a href=\"https:\/\/laspalmas.md\/wp-content\/uploads\/2023\/07\/92652555.jpg\"><img loading=\"lazy\" width=\"850\" height=\"566\" src=\"https:\/\/laspalmas.md\/wp-content\/uploads\/2023\/07\/92652555.jpg\" alt=\"\" class=\"wp-image-6338\" srcset=\"https:\/\/laspalmas.md\/wp-content\/uploads\/2023\/07\/92652555.jpg 850w, https:\/\/laspalmas.md\/wp-content\/uploads\/2023\/07\/92652555-300x200.jpg 300w, https:\/\/laspalmas.md\/wp-content\/uploads\/2023\/07\/92652555-768x511.jpg 768w\" sizes=\"(max-width: 850px) 100vw, 850px\" \/><\/a><\/figure>\n","protected":false},"excerpt":{"rendered":"<p>Disneyland Paris De la\u00a01470 Euro \/ 2 nopti cazare \/ 2 adulti + 1 copil \/ fara masa Oferta include 2 nopti cazare pentru 2 adulti si un copil Oferta &#8230;<\/p>\n","protected":false},"author":1,"featured_media":0,"parent":0,"menu_order":0,"comment_status":"closed","ping_status":"closed","template":"","meta":[],"_links":{"self":[{"href":"https:\/\/laspalmas.md\/ru\/wp-json\/wp\/v2\/pages\/6332"}],"collection":[{"href":"https:\/\/laspalmas.md\/ru\/wp-json\/wp\/v2\/pages"}],"about":[{"href":"https:\/\/laspalmas.md\/ru\/wp-json\/wp\/v2\/types\/page"}],"author":[{"embeddable":true,"href":"https:\/\/laspalmas.md\/ru\/wp-json\/wp\/v2\/users\/1"}],"replies":[{"embeddable":true,"href":"https:\/\/laspalmas.md\/ru\/wp-json\/wp\/v2\/comments?post=6332"}],"version-history":[{"count":2,"href":"https:\/\/laspalmas.md\/ru\/wp-json\/wp\/v2\/pages\/6332\/revisions"}],"predecessor-version":[{"id":6761,"href":"https:\/\/laspalmas.md\/ru\/wp-json\/wp\/v2\/pages\/6332\/revisions\/6761"}],"wp:attachment":[{"href":"https:\/\/laspalmas.md\/ru\/wp-json\/wp\/v2\/media?parent=6332"}],"curies":[{"name":"wp","href":"https:\/\/api.w.org\/{rel}","templated":true}]}}