{"id":6318,"date":"2023-07-11T23:15:59","date_gmt":"2023-07-11T20:15:59","guid":{"rendered":"https:\/\/laspalmas.md\/?page_id=6318"},"modified":"2023-07-11T23:16:00","modified_gmt":"2023-07-11T20:16:00","slug":"villa-dieden-3","status":"publish","type":"page","link":"https:\/\/laspalmas.md\/ru\/villa-dieden-3\/","title":{"rendered":"Villa DiEden 3*"},"content":{"rendered":"\n<div class=\"wp-block-cover has-background-dim\"><img loading=\"lazy\" width=\"1024\" height=\"682\" class=\"wp-block-cover__image-background wp-image-6319\" alt=\"\" src=\"https:\/\/laspalmas.md\/wp-content\/uploads\/2023\/07\/198147979-1024x682.jpg\" data-object-fit=\"cover\" srcset=\"https:\/\/laspalmas.md\/wp-content\/uploads\/2023\/07\/198147979-1024x682.jpg 1024w, https:\/\/laspalmas.md\/wp-content\/uploads\/2023\/07\/198147979-300x200.jpg 300w, https:\/\/laspalmas.md\/wp-content\/uploads\/2023\/07\/198147979-768x512.jpg 768w, https:\/\/laspalmas.md\/wp-content\/uploads\/2023\/07\/198147979.jpg 1280w\" sizes=\"(max-width: 1024px) 100vw, 1024px\" \/><div class=\"wp-block-cover__inner-container\">\n<p class=\"has-text-align-center has-large-font-size\"><strong>Villa DiEden 3*<\/strong><\/p>\n<\/div><\/div>\n\n\n\n<p><a href=\"https:\/\/www.perfect-tour.ro\/destinatii\/europa\/muntenegru\/budva\/\">Budva &#8211; Becici<\/a><\/p>\n\n\n\n<p><strong>De la\u00a0155 Euro \/ 7 nopti \/ persoana in camera dubla \/ fara masa<\/strong><\/p>\n\n\n\n<h2>Oferta include<\/h2>\n\n\n\n<ul><li>7 nopti cazare in camera dubla<\/li><\/ul>\n\n\n\n<h2>Oferta nu include<\/h2>\n\n\n\n<ul><li>transport<\/li><li>masa<\/li><li>asigurare medicala \/ storno<\/li><\/ul>\n\n\n\n<h2>Cazare<\/h2>\n\n\n\n<p>Acest proprietate este la 6 minute pe jos fa\u021b\u0103 de plaj\u0103. Situat\u0103 \u00een Budva, la 600 de metri de plaja Slovenska, Villa DiEden ofer\u0103 o gr\u0103din\u0103 \u0219i o teras\u0103. Proprietatea ofer\u0103 o recep\u021bie deschis\u0103 nonstop \u0219i WiFi gratuit.<\/p>\n\n\n\n<p>Toate unit\u0103\u021bile pensiunii sunt dotate cu TV cu ecran plat cu canale prin cablu. Camerele sunt dotate cu fierb\u0103tor \u0219i baie privat\u0103 cu articole de toalet\u0103 gratuite, iar unele camere au buc\u0103t\u0103rie cu plit\u0103. Camerele vor pune la dispozi\u021bie oaspe\u021bilor un frigider.<\/p>\n\n\n\n<p>Plaja Mogren este la 2,3 km. Parcul acvatic Budva este la 3,3 km de proprietate. Cel mai apropiat aeroport este Aeroportul Tivat, situat la 20 km de proprietate.<\/p>\n\n\n\n<h2>Conditii oferta<\/h2>\n\n\n\n<p>Tariful afisat este valabil in momentul editarii \/ postarii acestei oferte!<br>Locuri in limita disponibilitatii!<br>Atentie, disponibilitatea se poate schimba in orice moment, motiv pentru care va rugam sa ne contactati pentru reconfirmarea tarifelor si \/ sau a locurilor disponibile!<\/p>\n\n\n\n<h2>Valabilitate oferta<\/h2>\n\n\n\n<p>Tariful afisat este valabil pentru sejur in perioada 01 Sep 2023 &#8211; 20 Sep 2023.<br>Pentru alte date de plecare, nu ezitati sa ne contactati.<\/p>\n\n\n\n<figure class=\"wp-block-image size-large\"><a href=\"https:\/\/laspalmas.md\/wp-content\/uploads\/2023\/07\/139093995.jpg\"><img loading=\"lazy\" width=\"1024\" height=\"682\" src=\"https:\/\/laspalmas.md\/wp-content\/uploads\/2023\/07\/139093995-1024x682.jpg\" alt=\"\" class=\"wp-image-6320\" srcset=\"https:\/\/laspalmas.md\/wp-content\/uploads\/2023\/07\/139093995-1024x682.jpg 1024w, https:\/\/laspalmas.md\/wp-content\/uploads\/2023\/07\/139093995-300x200.jpg 300w, https:\/\/laspalmas.md\/wp-content\/uploads\/2023\/07\/139093995-768x512.jpg 768w, https:\/\/laspalmas.md\/wp-content\/uploads\/2023\/07\/139093995.jpg 1280w\" sizes=\"(max-width: 1024px) 100vw, 1024px\" \/><\/a><\/figure>\n\n\n\n<figure class=\"wp-block-image size-large\"><a href=\"https:\/\/laspalmas.md\/wp-content\/uploads\/2023\/07\/139094045.jpg\"><img loading=\"lazy\" width=\"1024\" height=\"682\" src=\"https:\/\/laspalmas.md\/wp-content\/uploads\/2023\/07\/139094045-1024x682.jpg\" alt=\"\" class=\"wp-image-6321\" srcset=\"https:\/\/laspalmas.md\/wp-content\/uploads\/2023\/07\/139094045-1024x682.jpg 1024w, https:\/\/laspalmas.md\/wp-content\/uploads\/2023\/07\/139094045-300x200.jpg 300w, https:\/\/laspalmas.md\/wp-content\/uploads\/2023\/07\/139094045-768x512.jpg 768w, https:\/\/laspalmas.md\/wp-content\/uploads\/2023\/07\/139094045.jpg 1280w\" sizes=\"(max-width: 1024px) 100vw, 1024px\" \/><\/a><\/figure>\n\n\n\n<figure class=\"wp-block-image size-large\"><a href=\"https:\/\/laspalmas.md\/wp-content\/uploads\/2023\/07\/139094125.jpg\"><img loading=\"lazy\" width=\"1024\" height=\"682\" src=\"https:\/\/laspalmas.md\/wp-content\/uploads\/2023\/07\/139094125-1024x682.jpg\" alt=\"\" class=\"wp-image-6323\" srcset=\"https:\/\/laspalmas.md\/wp-content\/uploads\/2023\/07\/139094125-1024x682.jpg 1024w, https:\/\/laspalmas.md\/wp-content\/uploads\/2023\/07\/139094125-300x200.jpg 300w, https:\/\/laspalmas.md\/wp-content\/uploads\/2023\/07\/139094125-768x512.jpg 768w, https:\/\/laspalmas.md\/wp-content\/uploads\/2023\/07\/139094125.jpg 1280w\" sizes=\"(max-width: 1024px) 100vw, 1024px\" \/><\/a><\/figure>\n\n\n\n<figure class=\"wp-block-image size-large\"><a href=\"https:\/\/laspalmas.md\/wp-content\/uploads\/2023\/07\/139094173.jpg\"><img loading=\"lazy\" width=\"1024\" height=\"682\" src=\"https:\/\/laspalmas.md\/wp-content\/uploads\/2023\/07\/139094173-1024x682.jpg\" alt=\"\" class=\"wp-image-6324\" srcset=\"https:\/\/laspalmas.md\/wp-content\/uploads\/2023\/07\/139094173-1024x682.jpg 1024w, https:\/\/laspalmas.md\/wp-content\/uploads\/2023\/07\/139094173-300x200.jpg 300w, https:\/\/laspalmas.md\/wp-content\/uploads\/2023\/07\/139094173-768x512.jpg 768w, https:\/\/laspalmas.md\/wp-content\/uploads\/2023\/07\/139094173.jpg 1280w\" sizes=\"(max-width: 1024px) 100vw, 1024px\" \/><\/a><\/figure>\n\n\n\n<figure class=\"wp-block-image size-large\"><a href=\"https:\/\/laspalmas.md\/wp-content\/uploads\/2023\/07\/196520601.jpg\"><img loading=\"lazy\" width=\"1024\" height=\"682\" src=\"https:\/\/laspalmas.md\/wp-content\/uploads\/2023\/07\/196520601-1024x682.jpg\" alt=\"\" class=\"wp-image-6325\" srcset=\"https:\/\/laspalmas.md\/wp-content\/uploads\/2023\/07\/196520601-1024x682.jpg 1024w, https:\/\/laspalmas.md\/wp-content\/uploads\/2023\/07\/196520601-300x200.jpg 300w, https:\/\/laspalmas.md\/wp-content\/uploads\/2023\/07\/196520601-768x512.jpg 768w, https:\/\/laspalmas.md\/wp-content\/uploads\/2023\/07\/196520601.jpg 1280w\" sizes=\"(max-width: 1024px) 100vw, 1024px\" \/><\/a><\/figure>\n","protected":false},"excerpt":{"rendered":"<p>Budva &#8211; Becici De la\u00a0155 Euro \/ 7 nopti \/ persoana in camera dubla \/ fara masa Oferta include 7 nopti cazare in camera dubla Oferta nu include transport masa &#8230;<\/p>\n","protected":false},"author":1,"featured_media":0,"parent":0,"menu_order":0,"comment_status":"closed","ping_status":"closed","template":"","meta":[],"_links":{"self":[{"href":"https:\/\/laspalmas.md\/ru\/wp-json\/wp\/v2\/pages\/6318"}],"collection":[{"href":"https:\/\/laspalmas.md\/ru\/wp-json\/wp\/v2\/pages"}],"about":[{"href":"https:\/\/laspalmas.md\/ru\/wp-json\/wp\/v2\/types\/page"}],"author":[{"embeddable":true,"href":"https:\/\/laspalmas.md\/ru\/wp-json\/wp\/v2\/users\/1"}],"replies":[{"embeddable":true,"href":"https:\/\/laspalmas.md\/ru\/wp-json\/wp\/v2\/comments?post=6318"}],"version-history":[{"count":1,"href":"https:\/\/laspalmas.md\/ru\/wp-json\/wp\/v2\/pages\/6318\/revisions"}],"predecessor-version":[{"id":6326,"href":"https:\/\/laspalmas.md\/ru\/wp-json\/wp\/v2\/pages\/6318\/revisions\/6326"}],"wp:attachment":[{"href":"https:\/\/laspalmas.md\/ru\/wp-json\/wp\/v2\/media?parent=6318"}],"curies":[{"name":"wp","href":"https:\/\/api.w.org\/{rel}","templated":true}]}}