{"id":6289,"date":"2023-07-11T22:56:43","date_gmt":"2023-07-11T19:56:43","guid":{"rendered":"https:\/\/laspalmas.md\/?page_id=6289"},"modified":"2023-07-11T22:56:44","modified_gmt":"2023-07-11T19:56:44","slug":"mr-and-mrs-white-corfu-hotel-4-adults-only","status":"publish","type":"page","link":"https:\/\/laspalmas.md\/ru\/mr-and-mrs-white-corfu-hotel-4-adults-only\/","title":{"rendered":"Mr. and Mrs. White Corfu Hotel 4* (adults only)"},"content":{"rendered":"\n<div class=\"wp-block-cover has-background-dim\"><img loading=\"lazy\" width=\"850\" height=\"478\" class=\"wp-block-cover__image-background wp-image-6290\" alt=\"\" src=\"https:\/\/laspalmas.md\/wp-content\/uploads\/2023\/07\/white_corfu__E9A2662.jpg\" data-object-fit=\"cover\" srcset=\"https:\/\/laspalmas.md\/wp-content\/uploads\/2023\/07\/white_corfu__E9A2662.jpg 850w, https:\/\/laspalmas.md\/wp-content\/uploads\/2023\/07\/white_corfu__E9A2662-300x169.jpg 300w, https:\/\/laspalmas.md\/wp-content\/uploads\/2023\/07\/white_corfu__E9A2662-768x432.jpg 768w, https:\/\/laspalmas.md\/wp-content\/uploads\/2023\/07\/white_corfu__E9A2662-640x360.jpg 640w\" sizes=\"(max-width: 850px) 100vw, 850px\" \/><div class=\"wp-block-cover__inner-container\">\n<p class=\"has-text-align-center has-large-font-size\"><strong>Mr. and Mrs. White Corfu Hotel 4*<\/strong><\/p>\n<\/div><\/div>\n\n\n\n<p><strong>De la\u00a01229 Euro \/ pachet 7 nopti \/ persoana in camera dubla \/ mic dejun<\/strong><\/p>\n\n\n\n<h2>Oferta include<\/h2>\n\n\n\n<ul id=\"servicii_inc\"><li>Transport cu avionul pe ruta OTP &#8211; CFU (OTP-CFU, CFU-OTP)<\/li><li>1 bagaj de cala si 1 bagaj de mana\/ persoana<\/li><li>Taxe de aeroport<\/li><li>Transfer aeroport &#8211; hotel &#8211; aeroport<\/li><li>Asistenta turistica in limba romana<\/li><li>Cazare 7 nopti<\/li><\/ul>\n\n\n\n<h2>Oferta nu include<\/h2>\n\n\n\n<ul><li>Asigurare medicala \/ storno<\/li><li>Taxa de statiune (se achita la receptie)<\/li><\/ul>\n\n\n\n<h2>Cazare<\/h2>\n\n\n\n<p>Oferind piscin\u0103 \u00een aer liber, Mr. and Mrs. White Corfu este situat \u00een Acharavi, la 800 de metri de cea mai apropiat\u0103 plaj\u0103. Hotelul ofer\u0103 oaspe\u021bilor restaurant, teras\u0103 la soare, cu \u0219ezlonguri, precum \u0219i un bar la piscin\u0103. Oaspe\u0163ii se pot bucura \u015fi de o gr\u0103din\u0103.<\/p>\n\n\n\n<p>Toate unit\u0103\u021bile cu aer condi\u021bionat \u0219i vedere la gr\u0103din\u0103 sunt dotate cu TV cu ecran plat \u0219i balcon. De asemenea, este inclus\u0103 o baie privat\u0103, cu articole de toalet\u0103 gratuite \u0219i usc\u0103tor de p\u0103r.<\/p>\n\n\n\n<p>Proprietatea serve\u015fte \u00een fiecare diminea\u021b\u0103 un mic dejun tip bufet. Oaspe\u021bii pot lua masa la restaurantul \u00e0 la carte care serve\u0219te preparate din buc\u0103t\u0103ria mediteranean\u0103 \u0219i unde pot fi solicitate \u0219i op\u021biuni f\u0103r\u0103 gluten \u0219i produse lactate.<\/p>\n\n\n\n<p>Ora\u0219ul Corfu se afl\u0103 la 37 km de hotel, iar Kassiopi \u0219i plaja Canal D&#8217;Amour se afl\u0103 pe o raz\u0103 de 13 km.<\/p>\n\n\n\n<p>Cel mai apropiat aeroport este aeroportul interna\u021bional Corfu, la 39 km de White Hotel Mr. and Mrs.<\/p>\n\n\n\n<h2>Conditii oferta<\/h2>\n\n\n\n<p>Preturile sunt valabile in momentul editarii \/ postarii ofertei!<br>Locuri in limita disponibilitatii!<br>Atentie, disponibilitatea se poate schimba in orice moment, motiv pentru care va rugam sa ne contactati pentru reconfirmarea tarifelor si \/ sau a locurilor disponibile!<\/p>\n\n\n\n<h2>Valabilitate oferta<\/h2>\n\n\n\n<p>Tariful afisat este valabil pentru sejur in perioada 31 Aug 2023 &#8211; 07 Sep 2023.<br>Pentru alte date de plecare, nu ezitati sa ne contactati.<\/p>\n\n\n\n<figure class=\"wp-block-image size-full\"><a href=\"https:\/\/laspalmas.md\/wp-content\/uploads\/2023\/07\/white_corfu__E9A8101.jpg\"><img loading=\"lazy\" width=\"850\" height=\"567\" src=\"https:\/\/laspalmas.md\/wp-content\/uploads\/2023\/07\/white_corfu__E9A8101.jpg\" alt=\"\" class=\"wp-image-6291\" srcset=\"https:\/\/laspalmas.md\/wp-content\/uploads\/2023\/07\/white_corfu__E9A8101.jpg 850w, https:\/\/laspalmas.md\/wp-content\/uploads\/2023\/07\/white_corfu__E9A8101-300x200.jpg 300w, https:\/\/laspalmas.md\/wp-content\/uploads\/2023\/07\/white_corfu__E9A8101-768x512.jpg 768w\" sizes=\"(max-width: 850px) 100vw, 850px\" \/><\/a><\/figure>\n\n\n\n<figure class=\"wp-block-image size-full\"><a href=\"https:\/\/laspalmas.md\/wp-content\/uploads\/2023\/07\/Whitw_corfu00072.jpg\"><img loading=\"lazy\" width=\"850\" height=\"566\" src=\"https:\/\/laspalmas.md\/wp-content\/uploads\/2023\/07\/Whitw_corfu00072.jpg\" alt=\"\" class=\"wp-image-6292\" srcset=\"https:\/\/laspalmas.md\/wp-content\/uploads\/2023\/07\/Whitw_corfu00072.jpg 850w, https:\/\/laspalmas.md\/wp-content\/uploads\/2023\/07\/Whitw_corfu00072-300x200.jpg 300w, https:\/\/laspalmas.md\/wp-content\/uploads\/2023\/07\/Whitw_corfu00072-768x511.jpg 768w\" sizes=\"(max-width: 850px) 100vw, 850px\" \/><\/a><\/figure>\n\n\n\n<figure class=\"wp-block-image size-full\"><a href=\"https:\/\/laspalmas.md\/wp-content\/uploads\/2023\/07\/Whitw_corfu_00129.jpg\"><img loading=\"lazy\" width=\"850\" height=\"479\" src=\"https:\/\/laspalmas.md\/wp-content\/uploads\/2023\/07\/Whitw_corfu_00129.jpg\" alt=\"\" class=\"wp-image-6293\" srcset=\"https:\/\/laspalmas.md\/wp-content\/uploads\/2023\/07\/Whitw_corfu_00129.jpg 850w, https:\/\/laspalmas.md\/wp-content\/uploads\/2023\/07\/Whitw_corfu_00129-300x169.jpg 300w, https:\/\/laspalmas.md\/wp-content\/uploads\/2023\/07\/Whitw_corfu_00129-768x433.jpg 768w, https:\/\/laspalmas.md\/wp-content\/uploads\/2023\/07\/Whitw_corfu_00129-640x360.jpg 640w\" sizes=\"(max-width: 850px) 100vw, 850px\" \/><\/a><\/figure>\n\n\n\n<figure class=\"wp-block-image size-full\"><a href=\"https:\/\/laspalmas.md\/wp-content\/uploads\/2023\/07\/white_corfu5120.jpg\"><img loading=\"lazy\" width=\"850\" height=\"479\" src=\"https:\/\/laspalmas.md\/wp-content\/uploads\/2023\/07\/white_corfu5120.jpg\" alt=\"\" class=\"wp-image-6294\" srcset=\"https:\/\/laspalmas.md\/wp-content\/uploads\/2023\/07\/white_corfu5120.jpg 850w, https:\/\/laspalmas.md\/wp-content\/uploads\/2023\/07\/white_corfu5120-300x169.jpg 300w, https:\/\/laspalmas.md\/wp-content\/uploads\/2023\/07\/white_corfu5120-768x433.jpg 768w, https:\/\/laspalmas.md\/wp-content\/uploads\/2023\/07\/white_corfu5120-640x360.jpg 640w\" sizes=\"(max-width: 850px) 100vw, 850px\" \/><\/a><\/figure>\n\n\n\n<figure class=\"wp-block-image size-full\"><a href=\"https:\/\/laspalmas.md\/wp-content\/uploads\/2023\/07\/white_corfu__E9A8178.jpg\"><img loading=\"lazy\" width=\"850\" height=\"479\" src=\"https:\/\/laspalmas.md\/wp-content\/uploads\/2023\/07\/white_corfu__E9A8178.jpg\" alt=\"\" class=\"wp-image-6295\" srcset=\"https:\/\/laspalmas.md\/wp-content\/uploads\/2023\/07\/white_corfu__E9A8178.jpg 850w, https:\/\/laspalmas.md\/wp-content\/uploads\/2023\/07\/white_corfu__E9A8178-300x169.jpg 300w, https:\/\/laspalmas.md\/wp-content\/uploads\/2023\/07\/white_corfu__E9A8178-768x433.jpg 768w, https:\/\/laspalmas.md\/wp-content\/uploads\/2023\/07\/white_corfu__E9A8178-640x360.jpg 640w\" sizes=\"(max-width: 850px) 100vw, 850px\" \/><\/a><\/figure>\n","protected":false},"excerpt":{"rendered":"<p>De la\u00a01229 Euro \/ pachet 7 nopti \/ persoana in camera dubla \/ mic dejun Oferta include Transport cu avionul pe ruta OTP &#8211; CFU (OTP-CFU, CFU-OTP) 1 bagaj de &#8230;<\/p>\n","protected":false},"author":1,"featured_media":0,"parent":0,"menu_order":0,"comment_status":"closed","ping_status":"closed","template":"","meta":[],"_links":{"self":[{"href":"https:\/\/laspalmas.md\/ru\/wp-json\/wp\/v2\/pages\/6289"}],"collection":[{"href":"https:\/\/laspalmas.md\/ru\/wp-json\/wp\/v2\/pages"}],"about":[{"href":"https:\/\/laspalmas.md\/ru\/wp-json\/wp\/v2\/types\/page"}],"author":[{"embeddable":true,"href":"https:\/\/laspalmas.md\/ru\/wp-json\/wp\/v2\/users\/1"}],"replies":[{"embeddable":true,"href":"https:\/\/laspalmas.md\/ru\/wp-json\/wp\/v2\/comments?post=6289"}],"version-history":[{"count":1,"href":"https:\/\/laspalmas.md\/ru\/wp-json\/wp\/v2\/pages\/6289\/revisions"}],"predecessor-version":[{"id":6296,"href":"https:\/\/laspalmas.md\/ru\/wp-json\/wp\/v2\/pages\/6289\/revisions\/6296"}],"wp:attachment":[{"href":"https:\/\/laspalmas.md\/ru\/wp-json\/wp\/v2\/media?parent=6289"}],"curies":[{"name":"wp","href":"https:\/\/api.w.org\/{rel}","templated":true}]}}