{"id":6281,"date":"2023-07-11T22:52:30","date_gmt":"2023-07-11T19:52:30","guid":{"rendered":"https:\/\/laspalmas.md\/?page_id=6281"},"modified":"2023-07-11T22:52:31","modified_gmt":"2023-07-11T19:52:31","slug":"aelia-villa-4","status":"publish","type":"page","link":"https:\/\/laspalmas.md\/ru\/aelia-villa-4\/","title":{"rendered":"Aelia Villa 4*"},"content":{"rendered":"\n<div class=\"wp-block-cover has-background-dim\"><img loading=\"lazy\" width=\"1024\" height=\"682\" class=\"wp-block-cover__image-background wp-image-6282\" alt=\"\" src=\"https:\/\/laspalmas.md\/wp-content\/uploads\/2023\/07\/302491451-1024x682.jpg\" data-object-fit=\"cover\" srcset=\"https:\/\/laspalmas.md\/wp-content\/uploads\/2023\/07\/302491451-1024x682.jpg 1024w, https:\/\/laspalmas.md\/wp-content\/uploads\/2023\/07\/302491451-300x200.jpg 300w, https:\/\/laspalmas.md\/wp-content\/uploads\/2023\/07\/302491451-768x512.jpg 768w, https:\/\/laspalmas.md\/wp-content\/uploads\/2023\/07\/302491451.jpg 1280w\" sizes=\"(max-width: 1024px) 100vw, 1024px\" \/><div class=\"wp-block-cover__inner-container\">\n<p class=\"has-text-align-center has-large-font-size\"><strong>Aelia Villa 4*<\/strong><\/p>\n<\/div><\/div>\n\n\n\n<p><a href=\"https:\/\/www.perfect-tour.ro\/destinatii\/europa\/grecia\/thassos\/\">Thassos<\/a><\/p>\n\n\n\n<p><strong>De la\u00a0319 Euro \/ 7 nopti \/ persoana in camera dubla \/ mic dejun<\/strong><\/p>\n\n\n\n<h2>Oferta include<\/h2>\n\n\n\n<ul><li>7 nopti cazare in camera dubla<\/li><li>mic dejun<\/li><\/ul>\n\n\n\n<h2>Oferta nu include<\/h2>\n\n\n\n<ul><li>transport<\/li><li>asigurare medicala si storno<\/li><\/ul>\n\n\n\n<h2>Cazare<\/h2>\n\n\n\n<p>Aceast\u0103 proprietate este la 1 minut pe jos fa\u021b\u0103 de plaj\u0103. Aelia Villa, amplasat\u0103 \u00een mijlocul unei gr\u0103dini cu flori se afl\u0103 \u00een Limenas, la doar 50 de metri de plaja amenajat\u0103 Agios Vassilis. Ofer\u0103 unit\u0103\u021bi de cazare \u00een sistem self-catering cu acces gratuit la conexiunea WiFi \u0219i balcon privat.<\/p>\n\n\n\n<p>Studiourile \u015fi apartamentele cu aer condi\u021bionat de la Aelia au mobilier modern, decor \u00een culori pastelate, saltea \u0219i lenjerie de pat marca Coco-Mat \u0219i vedere la Marea Egee, la gr\u0103din\u0103 sau la munte. Fiecare dintre ele include o chicinet\u0103 bine utilat\u0103, cu frigider, plit\u0103 \u0219i ceainic electric \u0219i o zon\u0103 de luat masa, iar unele au \u0219i zon\u0103 de relaxare. B\u0103ile moderne sunt dotate cu du\u015f sau cad\u0103 \u015fi articole de toalet\u0103 gratuite.<\/p>\n\n\n\n<p>Portul Limenas se afl\u0103 la 500 de metri de Aelia Villa, iar centrul ora\u015fului Limenas este la aproximativ 1,5 km. La c\u00e2\u021biva pa\u0219i de proprietate exist\u0103 o varietate de restaurante, baruri \u0219i supermarketuri. Proprietatea ofer\u0103 o parcare privat\u0103 gratuit\u0103.<\/p>\n\n\n\n<h2>Conditii oferta<\/h2>\n\n\n\n<p>Tariful afisat este valabil in momentul editarii \/ postarii acestei oferte!<br>Locuri in limita disponibilitatii!<br>Atentie, disponibilitatea se poate schimba in orice moment, motiv pentru care va rugam sa ne contactati pentru reconfirmarea tarifelor si \/ sau a locurilor disponibile!<\/p>\n\n\n\n<h2>Valabilitate oferta<\/h2>\n\n\n\n<p>Tariful afisat este valabil pentru sejur in perioada 14 Sep 2023 &#8211; 21 Sep 2023.<br>Pentru alte date de plecare, nu ezitati sa ne contactati.<\/p>\n\n\n\n<figure class=\"wp-block-image size-large\"><a href=\"https:\/\/laspalmas.md\/wp-content\/uploads\/2023\/07\/302599518.jpg\"><img loading=\"lazy\" width=\"1024\" height=\"692\" src=\"https:\/\/laspalmas.md\/wp-content\/uploads\/2023\/07\/302599518-1024x692.jpg\" alt=\"\" class=\"wp-image-6283\" srcset=\"https:\/\/laspalmas.md\/wp-content\/uploads\/2023\/07\/302599518-1024x692.jpg 1024w, https:\/\/laspalmas.md\/wp-content\/uploads\/2023\/07\/302599518-300x203.jpg 300w, https:\/\/laspalmas.md\/wp-content\/uploads\/2023\/07\/302599518-768x519.jpg 768w, https:\/\/laspalmas.md\/wp-content\/uploads\/2023\/07\/302599518-370x250.jpg 370w, https:\/\/laspalmas.md\/wp-content\/uploads\/2023\/07\/302599518.jpg 1280w\" sizes=\"(max-width: 1024px) 100vw, 1024px\" \/><\/a><\/figure>\n\n\n\n<figure class=\"wp-block-image size-large\"><a href=\"https:\/\/laspalmas.md\/wp-content\/uploads\/2023\/07\/302599519.jpg\"><img loading=\"lazy\" width=\"1024\" height=\"682\" src=\"https:\/\/laspalmas.md\/wp-content\/uploads\/2023\/07\/302599519-1024x682.jpg\" alt=\"\" class=\"wp-image-6284\" srcset=\"https:\/\/laspalmas.md\/wp-content\/uploads\/2023\/07\/302599519-1024x682.jpg 1024w, https:\/\/laspalmas.md\/wp-content\/uploads\/2023\/07\/302599519-300x200.jpg 300w, https:\/\/laspalmas.md\/wp-content\/uploads\/2023\/07\/302599519-768x512.jpg 768w, https:\/\/laspalmas.md\/wp-content\/uploads\/2023\/07\/302599519.jpg 1280w\" sizes=\"(max-width: 1024px) 100vw, 1024px\" \/><\/a><\/figure>\n\n\n\n<figure class=\"wp-block-image size-large\"><a href=\"https:\/\/laspalmas.md\/wp-content\/uploads\/2023\/07\/302599525.jpg\"><img loading=\"lazy\" width=\"1024\" height=\"658\" src=\"https:\/\/laspalmas.md\/wp-content\/uploads\/2023\/07\/302599525-1024x658.jpg\" alt=\"\" class=\"wp-image-6285\" srcset=\"https:\/\/laspalmas.md\/wp-content\/uploads\/2023\/07\/302599525-1024x658.jpg 1024w, https:\/\/laspalmas.md\/wp-content\/uploads\/2023\/07\/302599525-300x193.jpg 300w, https:\/\/laspalmas.md\/wp-content\/uploads\/2023\/07\/302599525-768x493.jpg 768w, https:\/\/laspalmas.md\/wp-content\/uploads\/2023\/07\/302599525.jpg 1280w\" sizes=\"(max-width: 1024px) 100vw, 1024px\" \/><\/a><\/figure>\n\n\n\n<figure class=\"wp-block-image size-large\"><a href=\"https:\/\/laspalmas.md\/wp-content\/uploads\/2023\/07\/302599795.jpg\"><img loading=\"lazy\" width=\"1024\" height=\"682\" src=\"https:\/\/laspalmas.md\/wp-content\/uploads\/2023\/07\/302599795-1024x682.jpg\" alt=\"\" class=\"wp-image-6286\" srcset=\"https:\/\/laspalmas.md\/wp-content\/uploads\/2023\/07\/302599795-1024x682.jpg 1024w, https:\/\/laspalmas.md\/wp-content\/uploads\/2023\/07\/302599795-300x200.jpg 300w, https:\/\/laspalmas.md\/wp-content\/uploads\/2023\/07\/302599795-768x512.jpg 768w, https:\/\/laspalmas.md\/wp-content\/uploads\/2023\/07\/302599795.jpg 1280w\" sizes=\"(max-width: 1024px) 100vw, 1024px\" \/><\/a><\/figure>\n\n\n\n<figure class=\"wp-block-image size-large\"><a href=\"https:\/\/laspalmas.md\/wp-content\/uploads\/2023\/07\/302599844.jpg\"><img loading=\"lazy\" width=\"1024\" height=\"674\" src=\"https:\/\/laspalmas.md\/wp-content\/uploads\/2023\/07\/302599844-1024x674.jpg\" alt=\"\" class=\"wp-image-6287\" srcset=\"https:\/\/laspalmas.md\/wp-content\/uploads\/2023\/07\/302599844-1024x674.jpg 1024w, https:\/\/laspalmas.md\/wp-content\/uploads\/2023\/07\/302599844-300x197.jpg 300w, https:\/\/laspalmas.md\/wp-content\/uploads\/2023\/07\/302599844-768x505.jpg 768w, https:\/\/laspalmas.md\/wp-content\/uploads\/2023\/07\/302599844.jpg 1280w\" sizes=\"(max-width: 1024px) 100vw, 1024px\" \/><\/a><\/figure>\n","protected":false},"excerpt":{"rendered":"<p>Thassos De la\u00a0319 Euro \/ 7 nopti \/ persoana in camera dubla \/ mic dejun Oferta include 7 nopti cazare in camera dubla mic dejun Oferta nu include transport asigurare &#8230;<\/p>\n","protected":false},"author":1,"featured_media":0,"parent":0,"menu_order":0,"comment_status":"closed","ping_status":"closed","template":"","meta":[],"_links":{"self":[{"href":"https:\/\/laspalmas.md\/ru\/wp-json\/wp\/v2\/pages\/6281"}],"collection":[{"href":"https:\/\/laspalmas.md\/ru\/wp-json\/wp\/v2\/pages"}],"about":[{"href":"https:\/\/laspalmas.md\/ru\/wp-json\/wp\/v2\/types\/page"}],"author":[{"embeddable":true,"href":"https:\/\/laspalmas.md\/ru\/wp-json\/wp\/v2\/users\/1"}],"replies":[{"embeddable":true,"href":"https:\/\/laspalmas.md\/ru\/wp-json\/wp\/v2\/comments?post=6281"}],"version-history":[{"count":1,"href":"https:\/\/laspalmas.md\/ru\/wp-json\/wp\/v2\/pages\/6281\/revisions"}],"predecessor-version":[{"id":6288,"href":"https:\/\/laspalmas.md\/ru\/wp-json\/wp\/v2\/pages\/6281\/revisions\/6288"}],"wp:attachment":[{"href":"https:\/\/laspalmas.md\/ru\/wp-json\/wp\/v2\/media?parent=6281"}],"curies":[{"name":"wp","href":"https:\/\/api.w.org\/{rel}","templated":true}]}}