{"id":6273,"date":"2023-07-11T22:48:05","date_gmt":"2023-07-11T19:48:05","guid":{"rendered":"https:\/\/laspalmas.md\/?page_id=6273"},"modified":"2023-07-11T22:48:07","modified_gmt":"2023-07-11T19:48:07","slug":"lindos-royal-resort-5","status":"publish","type":"page","link":"https:\/\/laspalmas.md\/ru\/lindos-royal-resort-5\/","title":{"rendered":"Lindos Royal Resort 5*"},"content":{"rendered":"\n<div class=\"wp-block-cover has-background-dim\"><img loading=\"lazy\" width=\"1024\" height=\"682\" class=\"wp-block-cover__image-background wp-image-6274\" alt=\"\" src=\"https:\/\/laspalmas.md\/wp-content\/uploads\/2023\/07\/283825232-1024x682.jpg\" data-object-fit=\"cover\" srcset=\"https:\/\/laspalmas.md\/wp-content\/uploads\/2023\/07\/283825232-1024x682.jpg 1024w, https:\/\/laspalmas.md\/wp-content\/uploads\/2023\/07\/283825232-300x200.jpg 300w, https:\/\/laspalmas.md\/wp-content\/uploads\/2023\/07\/283825232-768x511.jpg 768w, https:\/\/laspalmas.md\/wp-content\/uploads\/2023\/07\/283825232.jpg 1280w\" sizes=\"(max-width: 1024px) 100vw, 1024px\" \/><div class=\"wp-block-cover__inner-container\">\n<p class=\"has-text-align-center has-large-font-size\"><strong>Lindos Royal Resort 5*<\/strong><\/p>\n<\/div><\/div>\n\n\n\n<p><a href=\"https:\/\/www.perfect-tour.ro\/destinatii\/europa\/grecia\/rhodos\/\">Rhodos<\/a><\/p>\n\n\n\n<p><strong>De la\u00a01062 Euro \/ pachet 7 nopti \/ persoana in camera dubla \/ All Inclusive<\/strong><\/p>\n\n\n\n<h2>Oferta include<\/h2>\n\n\n\n<ul><li>cazare 7 nopti cu regimul de masa mentionat<\/li><li>bilet avion charter<\/li><li>taxele de aeroport<\/li><li>transfer de grup aeroport-hotel-aeroport<\/li><li>asistenta turistica la sol<\/li><\/ul>\n\n\n\n<h2>Oferta nu include<\/h2>\n\n\n\n<ul><li>taxele turistice locale<\/li><li>asigurarea medicala de calatorie si asigurarea storno<\/li><\/ul>\n\n\n\n<h2>Cazare<\/h2>\n\n\n\n<p>Aceast\u0103 proprietate este la 1 minut pe jos fa\u021b\u0103 de plaj\u0103. Acest complex \u00een stil colonial, \u00eenconjurat de gr\u0103dini de palmieri, este construit l\u00e2ng\u0103 o plaj\u0103 minunat\u0103, la 5 km de Lindos. Ofer\u0103 5 piscine \u00een aer liber, 1 teren de tenis \u015fi 3 restaurante tematice.<\/p>\n\n\n\n<p>Camerele mari \u015fi luminoase ale complexului Lindos Royal sunt amenajate cu gust \u015fi au vedere uimitoare la Marea Egee albastr\u0103, la golfurile din jur \u015fi la gr\u0103dini \u015fi piscine.<\/p>\n\n\n\n<p>Oaspe\u0163ii se pot relaxa pe plaj\u0103 \u00een fa\u0163a complexului Lindos Royal \u015fi pot \u00eenota \u00een Marea Egee. Sunt disponibile facilit\u0103\u0163i de tenis \u015fi volei.<\/p>\n\n\n\n<p>Restaurantele tip bufet ale complexului Lindos servesc preparate din buc\u0103t\u0103ria mediteranean\u0103, asiatic\u0103 \u015fi interna\u0163ional\u0103. Oaspe\u0163ii pot savura o b\u0103utur\u0103 \u00een barul elegant din hol sau \u00een timp ce se relaxeaz\u0103 pe \u015fezlongurile de l\u00e2ng\u0103 piscin\u0103.<\/p>\n\n\n\n<p>Lindos Royal Village este la 45 km de Rhodos. Complexul ofer\u0103 acces gratuit la internet WiFi \u00een toate zonele sale \u0219i parcare gratuit\u0103.<\/p>\n\n\n\n<h2>Conditii oferta<\/h2>\n\n\n\n<p>Tariful afisat este valabil in momentul editarii \/ postarii acestei oferte!<br>Locuri in limita disponibilitatii!<br>Atentie, disponibilitatea se poate schimba in orice moment, motiv pentru care va rugam sa ne contactati pentru reconfirmarea tarifelor si \/ sau a locurilor disponibile!<\/p>\n\n\n\n<h2>Valabilitate oferta<\/h2>\n\n\n\n<p>Tariful afisat este valabil pentru sejur in perioada 05 Sep 2023 &#8211; 12 Sep 2023.<br>Pentru alte date de plecare, nu ezitati sa ne contactati.<\/p>\n\n\n\n<figure class=\"wp-block-image size-large\"><a href=\"https:\/\/laspalmas.md\/wp-content\/uploads\/2023\/07\/218320396.jpg\"><img loading=\"lazy\" width=\"1024\" height=\"682\" src=\"https:\/\/laspalmas.md\/wp-content\/uploads\/2023\/07\/218320396-1024x682.jpg\" alt=\"\" class=\"wp-image-6275\" srcset=\"https:\/\/laspalmas.md\/wp-content\/uploads\/2023\/07\/218320396-1024x682.jpg 1024w, https:\/\/laspalmas.md\/wp-content\/uploads\/2023\/07\/218320396-300x200.jpg 300w, https:\/\/laspalmas.md\/wp-content\/uploads\/2023\/07\/218320396-768x511.jpg 768w, https:\/\/laspalmas.md\/wp-content\/uploads\/2023\/07\/218320396.jpg 1280w\" sizes=\"(max-width: 1024px) 100vw, 1024px\" \/><\/a><\/figure>\n\n\n\n<figure class=\"wp-block-image size-large\"><a href=\"https:\/\/laspalmas.md\/wp-content\/uploads\/2023\/07\/218322852.jpg\"><img loading=\"lazy\" width=\"1024\" height=\"682\" src=\"https:\/\/laspalmas.md\/wp-content\/uploads\/2023\/07\/218322852-1024x682.jpg\" alt=\"\" class=\"wp-image-6276\" srcset=\"https:\/\/laspalmas.md\/wp-content\/uploads\/2023\/07\/218322852-1024x682.jpg 1024w, https:\/\/laspalmas.md\/wp-content\/uploads\/2023\/07\/218322852-300x200.jpg 300w, https:\/\/laspalmas.md\/wp-content\/uploads\/2023\/07\/218322852-768x512.jpg 768w, https:\/\/laspalmas.md\/wp-content\/uploads\/2023\/07\/218322852.jpg 1280w\" sizes=\"(max-width: 1024px) 100vw, 1024px\" \/><\/a><\/figure>\n\n\n\n<figure class=\"wp-block-image size-large\"><a href=\"https:\/\/laspalmas.md\/wp-content\/uploads\/2023\/07\/220805590.jpg\"><img loading=\"lazy\" width=\"1024\" height=\"682\" src=\"https:\/\/laspalmas.md\/wp-content\/uploads\/2023\/07\/220805590-1024x682.jpg\" alt=\"\" class=\"wp-image-6277\" srcset=\"https:\/\/laspalmas.md\/wp-content\/uploads\/2023\/07\/220805590-1024x682.jpg 1024w, https:\/\/laspalmas.md\/wp-content\/uploads\/2023\/07\/220805590-300x200.jpg 300w, https:\/\/laspalmas.md\/wp-content\/uploads\/2023\/07\/220805590-768x512.jpg 768w, https:\/\/laspalmas.md\/wp-content\/uploads\/2023\/07\/220805590.jpg 1280w\" sizes=\"(max-width: 1024px) 100vw, 1024px\" \/><\/a><\/figure>\n\n\n\n<figure class=\"wp-block-image size-large\"><a href=\"https:\/\/laspalmas.md\/wp-content\/uploads\/2023\/07\/244123465_2632768343536588_2181381811966461311_n.jpg\"><img loading=\"lazy\" width=\"1024\" height=\"682\" src=\"https:\/\/laspalmas.md\/wp-content\/uploads\/2023\/07\/244123465_2632768343536588_2181381811966461311_n-1024x682.jpg\" alt=\"\" class=\"wp-image-6278\" srcset=\"https:\/\/laspalmas.md\/wp-content\/uploads\/2023\/07\/244123465_2632768343536588_2181381811966461311_n-1024x682.jpg 1024w, https:\/\/laspalmas.md\/wp-content\/uploads\/2023\/07\/244123465_2632768343536588_2181381811966461311_n-300x200.jpg 300w, https:\/\/laspalmas.md\/wp-content\/uploads\/2023\/07\/244123465_2632768343536588_2181381811966461311_n-768x512.jpg 768w, https:\/\/laspalmas.md\/wp-content\/uploads\/2023\/07\/244123465_2632768343536588_2181381811966461311_n-1536x1023.jpg 1536w, https:\/\/laspalmas.md\/wp-content\/uploads\/2023\/07\/244123465_2632768343536588_2181381811966461311_n.jpg 2048w\" sizes=\"(max-width: 1024px) 100vw, 1024px\" \/><\/a><\/figure>\n\n\n\n<figure class=\"wp-block-image size-large\"><a href=\"https:\/\/laspalmas.md\/wp-content\/uploads\/2023\/07\/239598379_2596079107205512_7697678059319517114_n.jpg\"><img loading=\"lazy\" width=\"1024\" height=\"682\" src=\"https:\/\/laspalmas.md\/wp-content\/uploads\/2023\/07\/239598379_2596079107205512_7697678059319517114_n-1024x682.jpg\" alt=\"\" class=\"wp-image-6279\" srcset=\"https:\/\/laspalmas.md\/wp-content\/uploads\/2023\/07\/239598379_2596079107205512_7697678059319517114_n-1024x682.jpg 1024w, https:\/\/laspalmas.md\/wp-content\/uploads\/2023\/07\/239598379_2596079107205512_7697678059319517114_n-300x200.jpg 300w, https:\/\/laspalmas.md\/wp-content\/uploads\/2023\/07\/239598379_2596079107205512_7697678059319517114_n-768x511.jpg 768w, https:\/\/laspalmas.md\/wp-content\/uploads\/2023\/07\/239598379_2596079107205512_7697678059319517114_n-1536x1022.jpg 1536w, https:\/\/laspalmas.md\/wp-content\/uploads\/2023\/07\/239598379_2596079107205512_7697678059319517114_n.jpg 2048w\" sizes=\"(max-width: 1024px) 100vw, 1024px\" \/><\/a><\/figure>\n","protected":false},"excerpt":{"rendered":"<p>Rhodos De la\u00a01062 Euro \/ pachet 7 nopti \/ persoana in camera dubla \/ All Inclusive Oferta include cazare 7 nopti cu regimul de masa mentionat bilet avion charter taxele &#8230;<\/p>\n","protected":false},"author":1,"featured_media":0,"parent":0,"menu_order":0,"comment_status":"closed","ping_status":"closed","template":"","meta":[],"_links":{"self":[{"href":"https:\/\/laspalmas.md\/ru\/wp-json\/wp\/v2\/pages\/6273"}],"collection":[{"href":"https:\/\/laspalmas.md\/ru\/wp-json\/wp\/v2\/pages"}],"about":[{"href":"https:\/\/laspalmas.md\/ru\/wp-json\/wp\/v2\/types\/page"}],"author":[{"embeddable":true,"href":"https:\/\/laspalmas.md\/ru\/wp-json\/wp\/v2\/users\/1"}],"replies":[{"embeddable":true,"href":"https:\/\/laspalmas.md\/ru\/wp-json\/wp\/v2\/comments?post=6273"}],"version-history":[{"count":1,"href":"https:\/\/laspalmas.md\/ru\/wp-json\/wp\/v2\/pages\/6273\/revisions"}],"predecessor-version":[{"id":6280,"href":"https:\/\/laspalmas.md\/ru\/wp-json\/wp\/v2\/pages\/6273\/revisions\/6280"}],"wp:attachment":[{"href":"https:\/\/laspalmas.md\/ru\/wp-json\/wp\/v2\/media?parent=6273"}],"curies":[{"name":"wp","href":"https:\/\/api.w.org\/{rel}","templated":true}]}}