{"id":6262,"date":"2023-07-11T22:41:19","date_gmt":"2023-07-11T19:41:19","guid":{"rendered":"https:\/\/laspalmas.md\/?page_id=6262"},"modified":"2023-07-11T22:41:21","modified_gmt":"2023-07-11T19:41:21","slug":"piccolo-santandrea-hotel-5-amalfi-coast","status":"publish","type":"page","link":"https:\/\/laspalmas.md\/ru\/piccolo-santandrea-hotel-5-amalfi-coast\/","title":{"rendered":"Piccolo Sant&#8217;Andrea Hotel 5*, Amalfi Coast"},"content":{"rendered":"\n<div class=\"wp-block-cover has-background-dim\"><img loading=\"lazy\" width=\"1024\" height=\"768\" class=\"wp-block-cover__image-background wp-image-6263\" alt=\"\" src=\"https:\/\/laspalmas.md\/wp-content\/uploads\/2023\/07\/esterno01-gallery.jpg\" data-object-fit=\"cover\" srcset=\"https:\/\/laspalmas.md\/wp-content\/uploads\/2023\/07\/esterno01-gallery.jpg 1024w, https:\/\/laspalmas.md\/wp-content\/uploads\/2023\/07\/esterno01-gallery-300x225.jpg 300w, https:\/\/laspalmas.md\/wp-content\/uploads\/2023\/07\/esterno01-gallery-768x576.jpg 768w, https:\/\/laspalmas.md\/wp-content\/uploads\/2023\/07\/esterno01-gallery-640x480.jpg 640w\" sizes=\"(max-width: 1024px) 100vw, 1024px\" \/><div class=\"wp-block-cover__inner-container\">\n<p class=\"has-text-align-center has-large-font-size\"><strong>Piccolo Sant&#8217;Andrea Hotel 5*, Amalfi Coast<\/strong><\/p>\n<\/div><\/div>\n\n\n\n<p><strong>De la\u00a01470 Euro \/ 4 nopti \/ persoana in Seascape Design QueenBed \/ mic dejun<\/strong><\/p>\n\n\n\n<h2>Oferta include<\/h2>\n\n\n\n<ul><li>4 nopti cazare in Seascape Design QueenBed<\/li><li>mic dejun<\/li><\/ul>\n\n\n\n<h2>Oferta nu include<\/h2>\n\n\n\n<ul><li>transport<\/li><li>asigurare medicala \/ storno<\/li><\/ul>\n\n\n\n<h2>Cazare<\/h2>\n\n\n\n<p>Situat \u00een Pietra Piana \u00eentre Positano \u0219i Praiano, Hotelul Piccolo Sant&#8217;Andrea ofer\u0103 acces gratuit la centrul spa. Oaspe\u021bii beneficiaz\u0103 de acces gratuit la WiFi \u00een toate zonele, parcare gratuit\u0103, gr\u0103din\u0103 spa\u021bioas\u0103 \u0219i mobilat\u0103, \u0219i au la dispozi\u021bie un bar. Hotelul ofer\u0103 camere decorate elegant, cu balcon cu vedere la mare.<\/p>\n\n\n\n<p>Camerele sunt moderne \u015fi au TV cu ecran plat cu canale prin satelit, aer condi\u0163ionat, minibar \u015fi facilit\u0103\u0163i pentru prepararea de ceai\/cafea. Toate camerele includ baie privat\u0103 cu halate de baie, papuci \u015fi articole de toalet\u0103 gratuite. Unele unit\u0103\u021bi au pat cu baldachin.<\/p>\n\n\n\n<p>Positano este la doar 4 km de Hotelul Piccolo Sant&#8217;Andrea, iar Amalfi este la 1 or\u0103 de mers cu ma\u015fina.<br>Este disponibil serviciu de transfer gratuit la\/de la Positano \u0219i Praiano.<\/p>\n\n\n\n<h2>Conditii oferta<\/h2>\n\n\n\n<p>Tariful afisat este valabil in momentul editarii \/ postarii acestei oferte!<br>Locuri in limita disponibilitatii!<br>Atentie, disponibilitatea se poate schimba in orice moment, motiv pentru care va rugam sa ne contactati pentru reconfirmarea tarifelor si \/ sau a locurilor disponibile!<\/p>\n\n\n\n<h2>Valabilitate oferta<\/h2>\n\n\n\n<p>Tariful afisat este valabil pentru sejur in perioada 10 Oct 2023 &#8211; 14 Oct 2023.<br>Pentru alte date de plecare, nu ezitati sa ne contactati.<\/p>\n\n\n\n<figure class=\"wp-block-image size-full\"><a href=\"https:\/\/laspalmas.md\/wp-content\/uploads\/2023\/07\/bar01-gallery.jpg\"><img loading=\"lazy\" width=\"1024\" height=\"768\" src=\"https:\/\/laspalmas.md\/wp-content\/uploads\/2023\/07\/bar01-gallery.jpg\" alt=\"\" class=\"wp-image-6264\" srcset=\"https:\/\/laspalmas.md\/wp-content\/uploads\/2023\/07\/bar01-gallery.jpg 1024w, https:\/\/laspalmas.md\/wp-content\/uploads\/2023\/07\/bar01-gallery-300x225.jpg 300w, https:\/\/laspalmas.md\/wp-content\/uploads\/2023\/07\/bar01-gallery-768x576.jpg 768w, https:\/\/laspalmas.md\/wp-content\/uploads\/2023\/07\/bar01-gallery-640x480.jpg 640w\" sizes=\"(max-width: 1024px) 100vw, 1024px\" \/><\/a><\/figure>\n\n\n\n<figure class=\"wp-block-image size-full\"><a href=\"https:\/\/laspalmas.md\/wp-content\/uploads\/2023\/07\/bar03-gallery.jpg\"><img loading=\"lazy\" width=\"1024\" height=\"768\" src=\"https:\/\/laspalmas.md\/wp-content\/uploads\/2023\/07\/bar03-gallery.jpg\" alt=\"\" class=\"wp-image-6265\" srcset=\"https:\/\/laspalmas.md\/wp-content\/uploads\/2023\/07\/bar03-gallery.jpg 1024w, https:\/\/laspalmas.md\/wp-content\/uploads\/2023\/07\/bar03-gallery-300x225.jpg 300w, https:\/\/laspalmas.md\/wp-content\/uploads\/2023\/07\/bar03-gallery-768x576.jpg 768w, https:\/\/laspalmas.md\/wp-content\/uploads\/2023\/07\/bar03-gallery-640x480.jpg 640w\" sizes=\"(max-width: 1024px) 100vw, 1024px\" \/><\/a><\/figure>\n\n\n\n<figure class=\"wp-block-image size-full\"><a href=\"https:\/\/laspalmas.md\/wp-content\/uploads\/2023\/07\/executive-plus03-gallery.jpg\"><img loading=\"lazy\" width=\"1024\" height=\"768\" src=\"https:\/\/laspalmas.md\/wp-content\/uploads\/2023\/07\/executive-plus03-gallery.jpg\" alt=\"\" class=\"wp-image-6266\" srcset=\"https:\/\/laspalmas.md\/wp-content\/uploads\/2023\/07\/executive-plus03-gallery.jpg 1024w, https:\/\/laspalmas.md\/wp-content\/uploads\/2023\/07\/executive-plus03-gallery-300x225.jpg 300w, https:\/\/laspalmas.md\/wp-content\/uploads\/2023\/07\/executive-plus03-gallery-768x576.jpg 768w, https:\/\/laspalmas.md\/wp-content\/uploads\/2023\/07\/executive-plus03-gallery-640x480.jpg 640w\" sizes=\"(max-width: 1024px) 100vw, 1024px\" \/><\/a><\/figure>\n\n\n\n<figure class=\"wp-block-image size-full\"><a href=\"https:\/\/laspalmas.md\/wp-content\/uploads\/2023\/07\/executive-plus07-gallery.jpg\"><img loading=\"lazy\" width=\"1024\" height=\"768\" src=\"https:\/\/laspalmas.md\/wp-content\/uploads\/2023\/07\/executive-plus07-gallery.jpg\" alt=\"\" class=\"wp-image-6267\" srcset=\"https:\/\/laspalmas.md\/wp-content\/uploads\/2023\/07\/executive-plus07-gallery.jpg 1024w, https:\/\/laspalmas.md\/wp-content\/uploads\/2023\/07\/executive-plus07-gallery-300x225.jpg 300w, https:\/\/laspalmas.md\/wp-content\/uploads\/2023\/07\/executive-plus07-gallery-768x576.jpg 768w, https:\/\/laspalmas.md\/wp-content\/uploads\/2023\/07\/executive-plus07-gallery-640x480.jpg 640w\" sizes=\"(max-width: 1024px) 100vw, 1024px\" \/><\/a><\/figure>\n\n\n\n<figure class=\"wp-block-image size-full\"><a href=\"https:\/\/laspalmas.md\/wp-content\/uploads\/2023\/07\/executive-plus11-gallery.jpg\"><img loading=\"lazy\" width=\"1024\" height=\"768\" src=\"https:\/\/laspalmas.md\/wp-content\/uploads\/2023\/07\/executive-plus11-gallery.jpg\" alt=\"\" class=\"wp-image-6268\" srcset=\"https:\/\/laspalmas.md\/wp-content\/uploads\/2023\/07\/executive-plus11-gallery.jpg 1024w, https:\/\/laspalmas.md\/wp-content\/uploads\/2023\/07\/executive-plus11-gallery-300x225.jpg 300w, https:\/\/laspalmas.md\/wp-content\/uploads\/2023\/07\/executive-plus11-gallery-768x576.jpg 768w, https:\/\/laspalmas.md\/wp-content\/uploads\/2023\/07\/executive-plus11-gallery-640x480.jpg 640w\" sizes=\"(max-width: 1024px) 100vw, 1024px\" \/><\/a><\/figure>\n","protected":false},"excerpt":{"rendered":"<p>De la\u00a01470 Euro \/ 4 nopti \/ persoana in Seascape Design QueenBed \/ mic dejun Oferta include 4 nopti cazare in Seascape Design QueenBed mic dejun Oferta nu include transport &#8230;<\/p>\n","protected":false},"author":1,"featured_media":0,"parent":0,"menu_order":0,"comment_status":"closed","ping_status":"closed","template":"","meta":[],"_links":{"self":[{"href":"https:\/\/laspalmas.md\/ru\/wp-json\/wp\/v2\/pages\/6262"}],"collection":[{"href":"https:\/\/laspalmas.md\/ru\/wp-json\/wp\/v2\/pages"}],"about":[{"href":"https:\/\/laspalmas.md\/ru\/wp-json\/wp\/v2\/types\/page"}],"author":[{"embeddable":true,"href":"https:\/\/laspalmas.md\/ru\/wp-json\/wp\/v2\/users\/1"}],"replies":[{"embeddable":true,"href":"https:\/\/laspalmas.md\/ru\/wp-json\/wp\/v2\/comments?post=6262"}],"version-history":[{"count":1,"href":"https:\/\/laspalmas.md\/ru\/wp-json\/wp\/v2\/pages\/6262\/revisions"}],"predecessor-version":[{"id":6269,"href":"https:\/\/laspalmas.md\/ru\/wp-json\/wp\/v2\/pages\/6262\/revisions\/6269"}],"wp:attachment":[{"href":"https:\/\/laspalmas.md\/ru\/wp-json\/wp\/v2\/media?parent=6262"}],"curies":[{"name":"wp","href":"https:\/\/api.w.org\/{rel}","templated":true}]}}