{"id":6254,"date":"2023-07-11T22:37:15","date_gmt":"2023-07-11T19:37:15","guid":{"rendered":"https:\/\/laspalmas.md\/?page_id=6254"},"modified":"2023-07-11T22:37:16","modified_gmt":"2023-07-11T19:37:16","slug":"cinque-terre-discovery-vineyards-escapes-si-pranz-cu-fructe-de-mare-plecare-din-florenta","status":"publish","type":"page","link":"https:\/\/laspalmas.md\/ru\/cinque-terre-discovery-vineyards-escapes-si-pranz-cu-fructe-de-mare-plecare-din-florenta\/","title":{"rendered":"Cinque Terre Discovery &#038; Vineyards Escapes si pr\u00e2nz cu fructe de mare &#8211; plecare din Florenta"},"content":{"rendered":"\n<div class=\"wp-block-cover has-background-dim\"><img loading=\"lazy\" width=\"1024\" height=\"769\" class=\"wp-block-cover__image-background wp-image-6255\" alt=\"\" src=\"https:\/\/laspalmas.md\/wp-content\/uploads\/2023\/07\/6927498127_4892ee76d7_k-1024x769.jpg\" data-object-fit=\"cover\" srcset=\"https:\/\/laspalmas.md\/wp-content\/uploads\/2023\/07\/6927498127_4892ee76d7_k-1024x769.jpg 1024w, https:\/\/laspalmas.md\/wp-content\/uploads\/2023\/07\/6927498127_4892ee76d7_k-300x225.jpg 300w, https:\/\/laspalmas.md\/wp-content\/uploads\/2023\/07\/6927498127_4892ee76d7_k-768x577.jpg 768w, https:\/\/laspalmas.md\/wp-content\/uploads\/2023\/07\/6927498127_4892ee76d7_k-1536x1154.jpg 1536w, https:\/\/laspalmas.md\/wp-content\/uploads\/2023\/07\/6927498127_4892ee76d7_k-640x480.jpg 640w, https:\/\/laspalmas.md\/wp-content\/uploads\/2023\/07\/6927498127_4892ee76d7_k.jpg 2048w\" sizes=\"(max-width: 1024px) 100vw, 1024px\" \/><div class=\"wp-block-cover__inner-container\">\n<p class=\"has-text-align-center has-large-font-size\"><strong>Cinque Terre Discovery &#038; Vineyards Escapes<\/strong><\/p>\n<\/div><\/div>\n\n\n\n<p><strong>De la\u00a0238 Euro \/ persoana \/ tur de o zi<\/strong><\/p>\n\n\n\n<h2>Oferta include<\/h2>\n\n\n\n<ul><li>&nbsp;Bilete de tren<\/li><li>Transport cu aer condi\u021bionat<\/li><li>Plimbare cu barca<\/li><li>Degustare de vin<\/li><li>Masa de pranz<\/li><li>Bilete de intrare<\/li><li>Ghid<\/li><\/ul>\n\n\n\n<h2>Oferta nu include<\/h2>\n\n\n\n<ul><li>Transport pana la destinatie<\/li><li>Cazare<\/li><\/ul>\n\n\n\n<h2>Conditii oferta<\/h2>\n\n\n\n<p>Tariful afisat este valabil in momentul editarii \/ postarii acestei oferte!<br>Locuri in limita disponibilitatii!<br>Atentie, disponibilitatea se poate schimba in orice moment, motiv pentru care va rugam sa ne contactati pentru reconfirmarea tarifelor si \/ sau a locurilor disponibile!<\/p>\n\n\n\n<p>Puncte de plecare: Piazza Mentana, 2, 50122, Firenze, Italia<br>V\u0103 rug\u0103m s\u0103 v\u0103 asigura\u021bi c\u0103 ajunge\u021bi la punctul de \u00eent\u00e2lnire cu cel pu\u021bin 15 minute \u00eenainte de ora de \u00eencepere a turului.<\/p>\n\n\n\n<p>Punctul final: La fel ca punctul de pornire<\/p>\n\n\n\n<h2>Valabilitate oferta<\/h2>\n\n\n\n<p>Tariful afisat este valabil pentru tururi in luna Septembrie 2023<\/p>\n\n\n\n<figure class=\"wp-block-image size-large\"><a href=\"https:\/\/laspalmas.md\/wp-content\/uploads\/2023\/07\/cinque-terre-g37611b182_1920.jpg\"><img loading=\"lazy\" width=\"1024\" height=\"683\" src=\"https:\/\/laspalmas.md\/wp-content\/uploads\/2023\/07\/cinque-terre-g37611b182_1920-1024x683.jpg\" alt=\"\" class=\"wp-image-6256\" srcset=\"https:\/\/laspalmas.md\/wp-content\/uploads\/2023\/07\/cinque-terre-g37611b182_1920-1024x683.jpg 1024w, https:\/\/laspalmas.md\/wp-content\/uploads\/2023\/07\/cinque-terre-g37611b182_1920-300x200.jpg 300w, https:\/\/laspalmas.md\/wp-content\/uploads\/2023\/07\/cinque-terre-g37611b182_1920-768x512.jpg 768w, https:\/\/laspalmas.md\/wp-content\/uploads\/2023\/07\/cinque-terre-g37611b182_1920-1536x1024.jpg 1536w, https:\/\/laspalmas.md\/wp-content\/uploads\/2023\/07\/cinque-terre-g37611b182_1920.jpg 1920w\" sizes=\"(max-width: 1024px) 100vw, 1024px\" \/><\/a><\/figure>\n\n\n\n<figure class=\"wp-block-image size-large\"><a href=\"https:\/\/laspalmas.md\/wp-content\/uploads\/2023\/07\/cinque-terre-gff5830d9c_1280.jpg\"><img loading=\"lazy\" width=\"1024\" height=\"682\" src=\"https:\/\/laspalmas.md\/wp-content\/uploads\/2023\/07\/cinque-terre-gff5830d9c_1280-1024x682.jpg\" alt=\"\" class=\"wp-image-6257\" srcset=\"https:\/\/laspalmas.md\/wp-content\/uploads\/2023\/07\/cinque-terre-gff5830d9c_1280-1024x682.jpg 1024w, https:\/\/laspalmas.md\/wp-content\/uploads\/2023\/07\/cinque-terre-gff5830d9c_1280-300x200.jpg 300w, https:\/\/laspalmas.md\/wp-content\/uploads\/2023\/07\/cinque-terre-gff5830d9c_1280-768x512.jpg 768w, https:\/\/laspalmas.md\/wp-content\/uploads\/2023\/07\/cinque-terre-gff5830d9c_1280.jpg 1280w\" sizes=\"(max-width: 1024px) 100vw, 1024px\" \/><\/a><\/figure>\n\n\n\n<figure class=\"wp-block-image size-large\"><a href=\"https:\/\/laspalmas.md\/wp-content\/uploads\/2023\/07\/dish-meal-food-seafood-recipe-lunch-1417908-pxhere.com_.jpg\"><img loading=\"lazy\" width=\"1024\" height=\"683\" src=\"https:\/\/laspalmas.md\/wp-content\/uploads\/2023\/07\/dish-meal-food-seafood-recipe-lunch-1417908-pxhere.com_-1024x683.jpg\" alt=\"\" class=\"wp-image-6258\" srcset=\"https:\/\/laspalmas.md\/wp-content\/uploads\/2023\/07\/dish-meal-food-seafood-recipe-lunch-1417908-pxhere.com_-1024x683.jpg 1024w, https:\/\/laspalmas.md\/wp-content\/uploads\/2023\/07\/dish-meal-food-seafood-recipe-lunch-1417908-pxhere.com_-300x200.jpg 300w, https:\/\/laspalmas.md\/wp-content\/uploads\/2023\/07\/dish-meal-food-seafood-recipe-lunch-1417908-pxhere.com_-768x512.jpg 768w, https:\/\/laspalmas.md\/wp-content\/uploads\/2023\/07\/dish-meal-food-seafood-recipe-lunch-1417908-pxhere.com_-1536x1024.jpg 1536w, https:\/\/laspalmas.md\/wp-content\/uploads\/2023\/07\/dish-meal-food-seafood-recipe-lunch-1417908-pxhere.com_.jpg 1800w\" sizes=\"(max-width: 1024px) 100vw, 1024px\" \/><\/a><\/figure>\n\n\n\n<figure class=\"wp-block-image size-large\"><a href=\"https:\/\/laspalmas.md\/wp-content\/uploads\/2023\/07\/ASeRDTFGH.jpg\"><img loading=\"lazy\" width=\"1024\" height=\"576\" src=\"https:\/\/laspalmas.md\/wp-content\/uploads\/2023\/07\/ASeRDTFGH-1024x576.jpg\" alt=\"\" class=\"wp-image-6259\" srcset=\"https:\/\/laspalmas.md\/wp-content\/uploads\/2023\/07\/ASeRDTFGH-1024x576.jpg 1024w, https:\/\/laspalmas.md\/wp-content\/uploads\/2023\/07\/ASeRDTFGH-300x169.jpg 300w, https:\/\/laspalmas.md\/wp-content\/uploads\/2023\/07\/ASeRDTFGH-768x432.jpg 768w, https:\/\/laspalmas.md\/wp-content\/uploads\/2023\/07\/ASeRDTFGH-1536x864.jpg 1536w, https:\/\/laspalmas.md\/wp-content\/uploads\/2023\/07\/ASeRDTFGH-640x360.jpg 640w, https:\/\/laspalmas.md\/wp-content\/uploads\/2023\/07\/ASeRDTFGH.jpg 1920w\" sizes=\"(max-width: 1024px) 100vw, 1024px\" \/><\/a><\/figure>\n\n\n\n<figure class=\"wp-block-image size-large\"><a href=\"https:\/\/laspalmas.md\/wp-content\/uploads\/2023\/07\/erdtfg.jpg\"><img loading=\"lazy\" width=\"1024\" height=\"576\" src=\"https:\/\/laspalmas.md\/wp-content\/uploads\/2023\/07\/erdtfg-1024x576.jpg\" alt=\"\" class=\"wp-image-6260\" srcset=\"https:\/\/laspalmas.md\/wp-content\/uploads\/2023\/07\/erdtfg-1024x576.jpg 1024w, https:\/\/laspalmas.md\/wp-content\/uploads\/2023\/07\/erdtfg-300x169.jpg 300w, https:\/\/laspalmas.md\/wp-content\/uploads\/2023\/07\/erdtfg-768x432.jpg 768w, https:\/\/laspalmas.md\/wp-content\/uploads\/2023\/07\/erdtfg-1536x864.jpg 1536w, https:\/\/laspalmas.md\/wp-content\/uploads\/2023\/07\/erdtfg-640x360.jpg 640w, https:\/\/laspalmas.md\/wp-content\/uploads\/2023\/07\/erdtfg.jpg 1920w\" sizes=\"(max-width: 1024px) 100vw, 1024px\" \/><\/a><\/figure>\n","protected":false},"excerpt":{"rendered":"<p>De la\u00a0238 Euro \/ persoana \/ tur de o zi Oferta include &nbsp;Bilete de tren Transport cu aer condi\u021bionat Plimbare cu barca Degustare de vin Masa de pranz Bilete de &#8230;<\/p>\n","protected":false},"author":1,"featured_media":0,"parent":0,"menu_order":0,"comment_status":"closed","ping_status":"closed","template":"","meta":[],"_links":{"self":[{"href":"https:\/\/laspalmas.md\/ru\/wp-json\/wp\/v2\/pages\/6254"}],"collection":[{"href":"https:\/\/laspalmas.md\/ru\/wp-json\/wp\/v2\/pages"}],"about":[{"href":"https:\/\/laspalmas.md\/ru\/wp-json\/wp\/v2\/types\/page"}],"author":[{"embeddable":true,"href":"https:\/\/laspalmas.md\/ru\/wp-json\/wp\/v2\/users\/1"}],"replies":[{"embeddable":true,"href":"https:\/\/laspalmas.md\/ru\/wp-json\/wp\/v2\/comments?post=6254"}],"version-history":[{"count":1,"href":"https:\/\/laspalmas.md\/ru\/wp-json\/wp\/v2\/pages\/6254\/revisions"}],"predecessor-version":[{"id":6261,"href":"https:\/\/laspalmas.md\/ru\/wp-json\/wp\/v2\/pages\/6254\/revisions\/6261"}],"wp:attachment":[{"href":"https:\/\/laspalmas.md\/ru\/wp-json\/wp\/v2\/media?parent=6254"}],"curies":[{"name":"wp","href":"https:\/\/api.w.org\/{rel}","templated":true}]}}