{"id":6221,"date":"2023-07-11T21:59:32","date_gmt":"2023-07-11T18:59:32","guid":{"rendered":"https:\/\/laspalmas.md\/?page_id=6221"},"modified":"2023-07-11T21:59:34","modified_gmt":"2023-07-11T18:59:34","slug":"the-ravenala-attitude-resort-4","status":"publish","type":"page","link":"https:\/\/laspalmas.md\/ru\/the-ravenala-attitude-resort-4\/","title":{"rendered":"The Ravenala Attitude Resort 4*"},"content":{"rendered":"\n<div class=\"wp-block-cover has-background-dim\"><img loading=\"lazy\" width=\"810\" height=\"440\" class=\"wp-block-cover__image-background wp-image-6222\" alt=\"\" src=\"https:\/\/laspalmas.md\/wp-content\/uploads\/2023\/07\/2feb4768-o-beach-lounge-810x440-810x440-80.jpg\" data-object-fit=\"cover\" srcset=\"https:\/\/laspalmas.md\/wp-content\/uploads\/2023\/07\/2feb4768-o-beach-lounge-810x440-810x440-80.jpg 810w, https:\/\/laspalmas.md\/wp-content\/uploads\/2023\/07\/2feb4768-o-beach-lounge-810x440-810x440-80-300x163.jpg 300w, https:\/\/laspalmas.md\/wp-content\/uploads\/2023\/07\/2feb4768-o-beach-lounge-810x440-810x440-80-768x417.jpg 768w\" sizes=\"(max-width: 810px) 100vw, 810px\" \/><div class=\"wp-block-cover__inner-container\">\n<p class=\"has-text-align-center has-large-font-size\"><strong>The Ravenala Attitude Resort 4*<\/strong><\/p>\n<\/div><\/div>\n\n\n\n<p><strong>De la\u00a01224 Euro \/ 7 nopti \/ persoana in Couple Suite \/ All Inclusive<\/strong><\/p>\n\n\n\n<h2>Oferta include<\/h2>\n\n\n\n<ul id=\"servicii_inc\"><li>Cazare 7 nopti in Couple Suite<\/li><li>All Inclusive<\/li><\/ul>\n\n\n\n<h2>Oferta nu include<\/h2>\n\n\n\n<ul><li>Transport<\/li><li>Asigurare medicala \/ storno<\/li><\/ul>\n\n\n\n<h2>Cazare<\/h2>\n\n\n\n<p>Aceast\u0103 proprietate este la 1 minut pe jos fa\u021b\u0103 de plaj\u0103. Ravenala Attitude este un hotel de suite de 4 stele, av\u00e2nd o loca\u0163ie retras\u0103, \u00eentr-o gr\u0103din\u0103 exotic\u0103 \u00eentre Oceanul Indian \u015fi R\u00e2ul Citron, pe coasta de nord-vest a Insulei Mauritius.<\/p>\n\n\n\n<p>Oaspe\u0163ii vor beneficia de cazare \u00een suite spa\u0163ioase, decorate \u00een nuan\u0163e de ocru, cu \u0163es\u0103turi naturale \u015fi ratan, oferind o atmosfer\u0103 simpl\u0103, dar exotic\u0103 \u00een stilul insulei. Toate suitele ofer\u0103 aer condi\u0163ionat, minibar, TV cu plasm\u0103 \u015fi balcon sau teras\u0103.<\/p>\n\n\n\n<p>Ravenala Attitude pune la dispozi\u0163ie 10 restaurante, fiecare cu propria identitate, atmosfer\u0103 \u015fi buc\u0103t\u0103rie. Oaspe\u0163ii cu rezerv\u0103ri \u00een regim de demipensiune pot beneficia de o experien\u0163\u0103 Dine Around la 7 din cele 10 restaurante. De asemenea, exist\u0103 mai multe baruri disponibile pentru cocktailuri, b\u0103uturi \u015fi divertisment de sear\u0103.<\/p>\n\n\n\n<p>Pentru relaxare, exist\u0103 un centru spa \u015fi de wellness, cu s\u0103li de masaj, hamam \u015fi salon de \u00eenfrumuse\u0163are. Oaspe\u0163ii se pot relaxa la cele 2 piscine \u00een aer liber sau se pot antrena \u00een centrul de fitness. Printre alte activit\u0103\u0163i oferite se num\u0103r\u0103 canotaj, surfing cu v\u00e2sl\u0103, tenis, windsurfing \u015fi gimnastic\u0103 acvatic\u0103. Este disponibil \u015fi un club pentru copii.<\/p>\n\n\n\n<p>Aeroportul Sir Seewoosagur Ramgoolam este la 45 km \u015fi se pot asigura transferuri de la\/la aeroport, la un cost suplimentar.<\/p>\n\n\n\n<h2>Conditii oferta<\/h2>\n\n\n\n<p>Tariful afisat este valabil in momentul editarii \/ postarii acestei oferte!<br>Locuri in limita disponibilitatii!<br>Atentie, disponibilitatea se poate schimba in orice moment, motiv pentru care va rugam sa ne contactati pentru reconfirmarea tarifelor si \/ sau a locurilor disponibile!<\/p>\n\n\n\n<h2>Valabilitate oferta<\/h2>\n\n\n\n<p>Tariful afisat este valabil pentru sejur in perioada 22 Nov 2023 &#8211; 29 Nov 2023.<br>Pentru alte date de plecare, nu ezitati sa ne contactati.<\/p>\n\n\n\n<p><strong><a href=\"https:\/\/laspalmas.md\/contact-us-1\/\">Suna\u021bi acum pentru o vacanta relaxanta: 060552999 \/ 023 58 40 04<\/a><\/strong><\/p>\n\n\n\n<figure class=\"wp-block-image size-full\"><a href=\"https:\/\/laspalmas.md\/wp-content\/uploads\/2023\/07\/2feb4768-lime-restaurant-setup-810x440-810x440-80.jpg\"><img loading=\"lazy\" width=\"810\" height=\"440\" src=\"https:\/\/laspalmas.md\/wp-content\/uploads\/2023\/07\/2feb4768-lime-restaurant-setup-810x440-810x440-80.jpg\" alt=\"\" class=\"wp-image-6223\" srcset=\"https:\/\/laspalmas.md\/wp-content\/uploads\/2023\/07\/2feb4768-lime-restaurant-setup-810x440-810x440-80.jpg 810w, https:\/\/laspalmas.md\/wp-content\/uploads\/2023\/07\/2feb4768-lime-restaurant-setup-810x440-810x440-80-300x163.jpg 300w, https:\/\/laspalmas.md\/wp-content\/uploads\/2023\/07\/2feb4768-lime-restaurant-setup-810x440-810x440-80-768x417.jpg 768w\" sizes=\"(max-width: 810px) 100vw, 810px\" \/><\/a><\/figure>\n\n\n\n<figure class=\"wp-block-image size-full\"><a href=\"https:\/\/laspalmas.md\/wp-content\/uploads\/2023\/07\/2feb4768-madame-ming-restaurant-810x440-810x440-80.jpg\"><img loading=\"lazy\" width=\"810\" height=\"440\" src=\"https:\/\/laspalmas.md\/wp-content\/uploads\/2023\/07\/2feb4768-madame-ming-restaurant-810x440-810x440-80.jpg\" alt=\"\" class=\"wp-image-6224\" srcset=\"https:\/\/laspalmas.md\/wp-content\/uploads\/2023\/07\/2feb4768-madame-ming-restaurant-810x440-810x440-80.jpg 810w, https:\/\/laspalmas.md\/wp-content\/uploads\/2023\/07\/2feb4768-madame-ming-restaurant-810x440-810x440-80-300x163.jpg 300w, https:\/\/laspalmas.md\/wp-content\/uploads\/2023\/07\/2feb4768-madame-ming-restaurant-810x440-810x440-80-768x417.jpg 768w\" sizes=\"(max-width: 810px) 100vw, 810px\" \/><\/a><\/figure>\n\n\n\n<figure class=\"wp-block-image size-full\"><a href=\"https:\/\/laspalmas.md\/wp-content\/uploads\/2023\/07\/2feb4768-o-beach-restaurant-810x440-810x440-80.jpg\"><img loading=\"lazy\" width=\"810\" height=\"440\" src=\"https:\/\/laspalmas.md\/wp-content\/uploads\/2023\/07\/2feb4768-o-beach-restaurant-810x440-810x440-80.jpg\" alt=\"\" class=\"wp-image-6225\" srcset=\"https:\/\/laspalmas.md\/wp-content\/uploads\/2023\/07\/2feb4768-o-beach-restaurant-810x440-810x440-80.jpg 810w, https:\/\/laspalmas.md\/wp-content\/uploads\/2023\/07\/2feb4768-o-beach-restaurant-810x440-810x440-80-300x163.jpg 300w, https:\/\/laspalmas.md\/wp-content\/uploads\/2023\/07\/2feb4768-o-beach-restaurant-810x440-810x440-80-768x417.jpg 768w\" sizes=\"(max-width: 810px) 100vw, 810px\" \/><\/a><\/figure>\n\n\n\n<figure class=\"wp-block-image size-full\"><a href=\"https:\/\/laspalmas.md\/wp-content\/uploads\/2023\/07\/2feb4768-riviera-restaurant-setup-810x440-810x440-80.jpg\"><img loading=\"lazy\" width=\"810\" height=\"440\" src=\"https:\/\/laspalmas.md\/wp-content\/uploads\/2023\/07\/2feb4768-riviera-restaurant-setup-810x440-810x440-80.jpg\" alt=\"\" class=\"wp-image-6226\" srcset=\"https:\/\/laspalmas.md\/wp-content\/uploads\/2023\/07\/2feb4768-riviera-restaurant-setup-810x440-810x440-80.jpg 810w, https:\/\/laspalmas.md\/wp-content\/uploads\/2023\/07\/2feb4768-riviera-restaurant-setup-810x440-810x440-80-300x163.jpg 300w, https:\/\/laspalmas.md\/wp-content\/uploads\/2023\/07\/2feb4768-riviera-restaurant-setup-810x440-810x440-80-768x417.jpg 768w\" sizes=\"(max-width: 810px) 100vw, 810px\" \/><\/a><\/figure>\n\n\n\n<figure class=\"wp-block-image size-full\"><a href=\"https:\/\/laspalmas.md\/wp-content\/uploads\/2023\/07\/2feb4768-the-bistrot-restaurant-810x440-810x440-80.jpg\"><img loading=\"lazy\" width=\"810\" height=\"440\" src=\"https:\/\/laspalmas.md\/wp-content\/uploads\/2023\/07\/2feb4768-the-bistrot-restaurant-810x440-810x440-80.jpg\" alt=\"\" class=\"wp-image-6227\" srcset=\"https:\/\/laspalmas.md\/wp-content\/uploads\/2023\/07\/2feb4768-the-bistrot-restaurant-810x440-810x440-80.jpg 810w, https:\/\/laspalmas.md\/wp-content\/uploads\/2023\/07\/2feb4768-the-bistrot-restaurant-810x440-810x440-80-300x163.jpg 300w, https:\/\/laspalmas.md\/wp-content\/uploads\/2023\/07\/2feb4768-the-bistrot-restaurant-810x440-810x440-80-768x417.jpg 768w\" sizes=\"(max-width: 810px) 100vw, 810px\" \/><\/a><\/figure>\n","protected":false},"excerpt":{"rendered":"<p>De la\u00a01224 Euro \/ 7 nopti \/ persoana in Couple Suite \/ All Inclusive Oferta include Cazare 7 nopti in Couple Suite All Inclusive Oferta nu include Transport Asigurare medicala &#8230;<\/p>\n","protected":false},"author":1,"featured_media":0,"parent":0,"menu_order":0,"comment_status":"closed","ping_status":"closed","template":"","meta":[],"_links":{"self":[{"href":"https:\/\/laspalmas.md\/ru\/wp-json\/wp\/v2\/pages\/6221"}],"collection":[{"href":"https:\/\/laspalmas.md\/ru\/wp-json\/wp\/v2\/pages"}],"about":[{"href":"https:\/\/laspalmas.md\/ru\/wp-json\/wp\/v2\/types\/page"}],"author":[{"embeddable":true,"href":"https:\/\/laspalmas.md\/ru\/wp-json\/wp\/v2\/users\/1"}],"replies":[{"embeddable":true,"href":"https:\/\/laspalmas.md\/ru\/wp-json\/wp\/v2\/comments?post=6221"}],"version-history":[{"count":1,"href":"https:\/\/laspalmas.md\/ru\/wp-json\/wp\/v2\/pages\/6221\/revisions"}],"predecessor-version":[{"id":6228,"href":"https:\/\/laspalmas.md\/ru\/wp-json\/wp\/v2\/pages\/6221\/revisions\/6228"}],"wp:attachment":[{"href":"https:\/\/laspalmas.md\/ru\/wp-json\/wp\/v2\/media?parent=6221"}],"curies":[{"name":"wp","href":"https:\/\/api.w.org\/{rel}","templated":true}]}}