{"id":6213,"date":"2023-07-11T21:54:25","date_gmt":"2023-07-11T18:54:25","guid":{"rendered":"https:\/\/laspalmas.md\/?page_id=6213"},"modified":"2023-07-11T21:54:26","modified_gmt":"2023-07-11T18:54:26","slug":"luna-de-miere-in-mauritius-constance-belle-mare-plage-resort-5","status":"publish","type":"page","link":"https:\/\/laspalmas.md\/ru\/luna-de-miere-in-mauritius-constance-belle-mare-plage-resort-5\/","title":{"rendered":"Luna de miere in Mauritius &#8211; Constance Belle Mare Plage Resort 5*"},"content":{"rendered":"\n<div class=\"wp-block-cover has-background-dim\"><img loading=\"lazy\" width=\"1021\" height=\"680\" class=\"wp-block-cover__image-background wp-image-6214\" alt=\"\" src=\"https:\/\/laspalmas.md\/wp-content\/uploads\/2023\/07\/4ba36ccadb0153d54099adaeb9e027707fea1838.jpg\" data-object-fit=\"cover\" srcset=\"https:\/\/laspalmas.md\/wp-content\/uploads\/2023\/07\/4ba36ccadb0153d54099adaeb9e027707fea1838.jpg 1021w, https:\/\/laspalmas.md\/wp-content\/uploads\/2023\/07\/4ba36ccadb0153d54099adaeb9e027707fea1838-300x200.jpg 300w, https:\/\/laspalmas.md\/wp-content\/uploads\/2023\/07\/4ba36ccadb0153d54099adaeb9e027707fea1838-768x511.jpg 768w\" sizes=\"(max-width: 1021px) 100vw, 1021px\" \/><div class=\"wp-block-cover__inner-container\">\n<p class=\"has-text-align-center has-large-font-size\"><strong>Luna de miere in Mauritius &#8211; Constance Belle Mare Plage Resort 5*<\/strong><\/p>\n<\/div><\/div>\n\n\n\n<p><strong>De la\u00a01274 Euro \/ 7 nopti \/ persoana in Junior Suite \/ demipensiune<\/strong><\/p>\n\n\n\n<h2>Oferta include<\/h2>\n\n\n\n<ul><li>7 nopti cazare in Junior Suite<\/li><li>demipensiune<\/li><li>pachet luna de miere: tinerii casatoriti vor primi tartine, o sticl\u0103 de vin spumant, flori \u0219i lum\u00e2n\u0103ri \u00een camer\u0103 \u0219i baie, o reducere unic\u0103 de 25% la un masaj \u00een \u201eUSpa\u201d (9:30-14), o cin\u0103 la lumina lum\u00e2n\u0103rilor (excluz\u00e2nd b\u0103uturile) \u0219i un cadou. La sosirea la hotel trebuie prezentat\u0103 o copie a certificatului de c\u0103s\u0103torie.<br>Not\u0103 important\u0103: Condi\u021biile pentru luna de miere se aplic\u0103 \u0219i cuplurilor de acela\u0219i sex<\/li><\/ul>\n\n\n\n<h2>Oferta nu include<\/h2>\n\n\n\n<ul><li>transport<\/li><li>asigurare medicala \/ storno<\/li><\/ul>\n\n\n\n<h2>Cazare<\/h2>\n\n\n\n<p>Situat de-a lungul a 2 km de plaj\u0103 privat\u0103, Constance Belle Mare Plage ofer\u0103 un recif de corali \u00een largul oceanului \u015fi include 7 restaurante \u015fi 6 baruri.<\/p>\n\n\n\n<p>Toate camerele de la Constance Belle Mare Plage ofer\u0103 aer condi\u0163ionat \u015fi TV prin satelit. B\u0103ile din marmur\u0103 includ du\u015f \u015fi o cad\u0103 mare. Unit\u0103\u0163ile de cazare sunt spa\u0163ioase \u015fi au decor elegant, iar unele se bucur\u0103 de vedere la o piscin\u0103 privat\u0103.<\/p>\n\n\n\n<p>Complexul asigur\u0103 o varietate de restaurante interna\u0163ionale \u00e0 la carte \u015fi tematice tip bufet, cu vedere la piscin\u0103, la plaj\u0103 sau la terenul de golf. Oaspe\u0163ii pot savura b\u0103uturi la cocktail barul cu vedere la piscin\u0103.<\/p>\n\n\n\n<p>Cele 4 piscine sunt \u00eenconjurate de gr\u0103dini tropicale \u015fi terase cu \u015fezlonguri. Clubul pentru copii este disponibil pentru oaspe\u0163ii cu v\u00e2rsta cuprins\u0103 \u00eentre 4-11 ani, oferind divertisment supravegheat pentru copii. Biroul de turism poate organiza excursii \u015fi diverse activit\u0103\u0163i, precum tenis \u015fi sporturi nautice. De asemenea, complexul ofer\u0103 2 terenuri de golf cu 18 g\u0103uri, serviciu de transfer \u015fi cursuri de ini\u0163iere \u00een golf.<br>\u00cencep\u00e2nd cu 01 februarie, taxa pentru terenul de golf este de 600 MUR de persoan\u0103.<\/p>\n\n\n\n<p>\u00cen cl\u0103direa principal\u0103 exist\u0103 magazine, iar centrul comercial Palm Beach Boutiques este vizavi de complexul Constance. Aeroportul Interna\u0163ional Sir Seewoosagur Ramgoolam este situat la 58,5 km \u015fi este disponibil serviciu de transfer.<\/p>\n\n\n\n<h2>Conditii oferta<\/h2>\n\n\n\n<p>Tariful afisat este valabil in momentul editarii \/ postarii acestei oferte!<br>Locuri in limita disponibilitatii!<br>Atentie, disponibilitatea se poate schimba in orice moment, motiv pentru care va rugam sa ne contactati pentru reconfirmarea tarifelor si \/ sau a locurilor disponibile!<\/p>\n\n\n\n<h2>Valabilitate oferta<\/h2>\n\n\n\n<p>Tariful afisat este valabil pentru sejururi in perioada 01 Mai 2023 &#8211; 03 Aug 2023.<br>Pentru alte date de plecare, nu ezitati sa ne contactati.<\/p>\n\n\n\n<p><strong><a href=\"https:\/\/laspalmas.md\/contact-us-1\/\">Suna\u021bi acum pentru o vacanta relaxanta: 060552999 \/ 023 58 40 04<\/a><\/strong><\/p>\n\n\n\n<figure class=\"wp-block-image size-full\"><a href=\"https:\/\/laspalmas.md\/wp-content\/uploads\/2023\/07\/5ef0528f0147217266e805651e153bbd396f1e19.jpg\"><img loading=\"lazy\" width=\"960\" height=\"720\" src=\"https:\/\/laspalmas.md\/wp-content\/uploads\/2023\/07\/5ef0528f0147217266e805651e153bbd396f1e19.jpg\" alt=\"\" class=\"wp-image-6215\" srcset=\"https:\/\/laspalmas.md\/wp-content\/uploads\/2023\/07\/5ef0528f0147217266e805651e153bbd396f1e19.jpg 960w, https:\/\/laspalmas.md\/wp-content\/uploads\/2023\/07\/5ef0528f0147217266e805651e153bbd396f1e19-300x225.jpg 300w, https:\/\/laspalmas.md\/wp-content\/uploads\/2023\/07\/5ef0528f0147217266e805651e153bbd396f1e19-768x576.jpg 768w, https:\/\/laspalmas.md\/wp-content\/uploads\/2023\/07\/5ef0528f0147217266e805651e153bbd396f1e19-640x480.jpg 640w\" sizes=\"(max-width: 960px) 100vw, 960px\" \/><\/a><\/figure>\n\n\n\n<figure class=\"wp-block-image size-large\"><a href=\"https:\/\/laspalmas.md\/wp-content\/uploads\/2023\/07\/7cac544a701e5fd464dac0f1e830df6ed2c1dff7.jpg\"><img loading=\"lazy\" width=\"1024\" height=\"683\" src=\"https:\/\/laspalmas.md\/wp-content\/uploads\/2023\/07\/7cac544a701e5fd464dac0f1e830df6ed2c1dff7-1024x683.jpg\" alt=\"\" class=\"wp-image-6216\" srcset=\"https:\/\/laspalmas.md\/wp-content\/uploads\/2023\/07\/7cac544a701e5fd464dac0f1e830df6ed2c1dff7-1024x683.jpg 1024w, https:\/\/laspalmas.md\/wp-content\/uploads\/2023\/07\/7cac544a701e5fd464dac0f1e830df6ed2c1dff7-300x200.jpg 300w, https:\/\/laspalmas.md\/wp-content\/uploads\/2023\/07\/7cac544a701e5fd464dac0f1e830df6ed2c1dff7-768x512.jpg 768w, https:\/\/laspalmas.md\/wp-content\/uploads\/2023\/07\/7cac544a701e5fd464dac0f1e830df6ed2c1dff7-1536x1025.jpg 1536w, https:\/\/laspalmas.md\/wp-content\/uploads\/2023\/07\/7cac544a701e5fd464dac0f1e830df6ed2c1dff7.jpg 1766w\" sizes=\"(max-width: 1024px) 100vw, 1024px\" \/><\/a><\/figure>\n\n\n\n<figure class=\"wp-block-image size-large\"><a href=\"https:\/\/laspalmas.md\/wp-content\/uploads\/2023\/07\/29fb25a6bd5b9d4413510d22ba3a315e2dcec0fd.jpg\"><img loading=\"lazy\" width=\"1024\" height=\"683\" src=\"https:\/\/laspalmas.md\/wp-content\/uploads\/2023\/07\/29fb25a6bd5b9d4413510d22ba3a315e2dcec0fd-1024x683.jpg\" alt=\"\" class=\"wp-image-6217\" srcset=\"https:\/\/laspalmas.md\/wp-content\/uploads\/2023\/07\/29fb25a6bd5b9d4413510d22ba3a315e2dcec0fd-1024x683.jpg 1024w, https:\/\/laspalmas.md\/wp-content\/uploads\/2023\/07\/29fb25a6bd5b9d4413510d22ba3a315e2dcec0fd-300x200.jpg 300w, https:\/\/laspalmas.md\/wp-content\/uploads\/2023\/07\/29fb25a6bd5b9d4413510d22ba3a315e2dcec0fd-768x512.jpg 768w, https:\/\/laspalmas.md\/wp-content\/uploads\/2023\/07\/29fb25a6bd5b9d4413510d22ba3a315e2dcec0fd.jpg 1078w\" sizes=\"(max-width: 1024px) 100vw, 1024px\" \/><\/a><\/figure>\n\n\n\n<figure class=\"wp-block-image size-large\"><a href=\"https:\/\/laspalmas.md\/wp-content\/uploads\/2023\/07\/39bca0a0aa58b78b566b67e707c1e054ed599b7e.jpg\"><img loading=\"lazy\" width=\"1024\" height=\"576\" src=\"https:\/\/laspalmas.md\/wp-content\/uploads\/2023\/07\/39bca0a0aa58b78b566b67e707c1e054ed599b7e-1024x576.jpg\" alt=\"\" class=\"wp-image-6218\" srcset=\"https:\/\/laspalmas.md\/wp-content\/uploads\/2023\/07\/39bca0a0aa58b78b566b67e707c1e054ed599b7e-1024x576.jpg 1024w, https:\/\/laspalmas.md\/wp-content\/uploads\/2023\/07\/39bca0a0aa58b78b566b67e707c1e054ed599b7e-300x169.jpg 300w, https:\/\/laspalmas.md\/wp-content\/uploads\/2023\/07\/39bca0a0aa58b78b566b67e707c1e054ed599b7e-768x432.jpg 768w, https:\/\/laspalmas.md\/wp-content\/uploads\/2023\/07\/39bca0a0aa58b78b566b67e707c1e054ed599b7e-640x360.jpg 640w, https:\/\/laspalmas.md\/wp-content\/uploads\/2023\/07\/39bca0a0aa58b78b566b67e707c1e054ed599b7e.jpg 1346w\" sizes=\"(max-width: 1024px) 100vw, 1024px\" \/><\/a><\/figure>\n\n\n\n<figure class=\"wp-block-image size-large\"><a href=\"https:\/\/laspalmas.md\/wp-content\/uploads\/2023\/07\/55d1ab77b5ec8247987be7c371a38c2485b74d4f.jpg\"><img loading=\"lazy\" width=\"1024\" height=\"684\" src=\"https:\/\/laspalmas.md\/wp-content\/uploads\/2023\/07\/55d1ab77b5ec8247987be7c371a38c2485b74d4f-1024x684.jpg\" alt=\"\" class=\"wp-image-6219\" srcset=\"https:\/\/laspalmas.md\/wp-content\/uploads\/2023\/07\/55d1ab77b5ec8247987be7c371a38c2485b74d4f-1024x684.jpg 1024w, https:\/\/laspalmas.md\/wp-content\/uploads\/2023\/07\/55d1ab77b5ec8247987be7c371a38c2485b74d4f-300x200.jpg 300w, https:\/\/laspalmas.md\/wp-content\/uploads\/2023\/07\/55d1ab77b5ec8247987be7c371a38c2485b74d4f-768x513.jpg 768w, https:\/\/laspalmas.md\/wp-content\/uploads\/2023\/07\/55d1ab77b5ec8247987be7c371a38c2485b74d4f.jpg 1444w\" sizes=\"(max-width: 1024px) 100vw, 1024px\" \/><\/a><\/figure>\n","protected":false},"excerpt":{"rendered":"<p>De la\u00a01274 Euro \/ 7 nopti \/ persoana in Junior Suite \/ demipensiune Oferta include 7 nopti cazare in Junior Suite demipensiune pachet luna de miere: tinerii casatoriti vor primi &#8230;<\/p>\n","protected":false},"author":1,"featured_media":0,"parent":0,"menu_order":0,"comment_status":"closed","ping_status":"closed","template":"","meta":[],"_links":{"self":[{"href":"https:\/\/laspalmas.md\/ru\/wp-json\/wp\/v2\/pages\/6213"}],"collection":[{"href":"https:\/\/laspalmas.md\/ru\/wp-json\/wp\/v2\/pages"}],"about":[{"href":"https:\/\/laspalmas.md\/ru\/wp-json\/wp\/v2\/types\/page"}],"author":[{"embeddable":true,"href":"https:\/\/laspalmas.md\/ru\/wp-json\/wp\/v2\/users\/1"}],"replies":[{"embeddable":true,"href":"https:\/\/laspalmas.md\/ru\/wp-json\/wp\/v2\/comments?post=6213"}],"version-history":[{"count":1,"href":"https:\/\/laspalmas.md\/ru\/wp-json\/wp\/v2\/pages\/6213\/revisions"}],"predecessor-version":[{"id":6220,"href":"https:\/\/laspalmas.md\/ru\/wp-json\/wp\/v2\/pages\/6213\/revisions\/6220"}],"wp:attachment":[{"href":"https:\/\/laspalmas.md\/ru\/wp-json\/wp\/v2\/media?parent=6213"}],"curies":[{"name":"wp","href":"https:\/\/api.w.org\/{rel}","templated":true}]}}