{"id":6202,"date":"2023-07-11T21:43:02","date_gmt":"2023-07-11T18:43:02","guid":{"rendered":"https:\/\/laspalmas.md\/?page_id=6202"},"modified":"2023-07-11T21:43:04","modified_gmt":"2023-07-11T18:43:04","slug":"swissotel-al-murooj-dubai-5","status":"publish","type":"page","link":"https:\/\/laspalmas.md\/ru\/swissotel-al-murooj-dubai-5\/","title":{"rendered":"Swiss\u00f4tel Al Murooj Dubai 5*"},"content":{"rendered":"\n<div class=\"wp-block-cover has-background-dim\"><img loading=\"lazy\" width=\"1024\" height=\"768\" class=\"wp-block-cover__image-background wp-image-6203\" alt=\"\" src=\"https:\/\/laspalmas.md\/wp-content\/uploads\/2023\/07\/b758_ho_05_p_1024x768.jpg\" data-object-fit=\"cover\" srcset=\"https:\/\/laspalmas.md\/wp-content\/uploads\/2023\/07\/b758_ho_05_p_1024x768.jpg 1024w, https:\/\/laspalmas.md\/wp-content\/uploads\/2023\/07\/b758_ho_05_p_1024x768-300x225.jpg 300w, https:\/\/laspalmas.md\/wp-content\/uploads\/2023\/07\/b758_ho_05_p_1024x768-768x576.jpg 768w, https:\/\/laspalmas.md\/wp-content\/uploads\/2023\/07\/b758_ho_05_p_1024x768-640x480.jpg 640w\" sizes=\"(max-width: 1024px) 100vw, 1024px\" \/><div class=\"wp-block-cover__inner-container\">\n<p class=\"has-text-align-center has-large-font-size\"><strong>Swiss\u00f4tel Al Murooj Dubai 5*<\/strong><\/p>\n<\/div><\/div>\n\n\n\n<p><br><strong>De la\u00a0555 Euro \/ 5 nopti \/ persoana in camera dubla \/ mic dejun<\/strong><\/p>\n\n\n\n<h2>Oferta include<\/h2>\n\n\n\n<ul><li>5 nopti cazare in camera dubla<\/li><li>mic dejun<\/li><\/ul>\n\n\n\n<h2>Oferta nu include<\/h2>\n\n\n\n<ul><li>transport<\/li><li>dirham taxe se achita la receptie<\/li><li>asigurarea medicala si storno<\/li><\/ul>\n\n\n\n<h2>Cazare<\/h2>\n\n\n\n<p>Swiss\u00f4tel Al Murooj Dubai, de 5 stele, este situat vizavi de Dubai Mall \u015fi de celebrul Burj Khalifa. Acesta pune la dispozi\u021bie o gr\u0103din\u0103 luxuriant\u0103, cu o piscin\u0103 mare \u0219i WiFi gratuit \u00een zonele sale publice. Dubai World Trade Centre se afl\u0103 la 10 minute de mers cu ma\u0219ina.<\/p>\n\n\n\n<p>Unit\u0103\u021bile de cazare luxoase ofer\u0103 vedere la ora\u0219 sau la gr\u0103dinile luxuriante din jur. Fiecare unitate de cazare include zon\u0103 de relaxare, TV cu ecran plat, birou, minibar \u0219i facilit\u0103\u021bi pentru prepararea de ceai\/cafea. Baia este dotat\u0103 cu usc\u0103tor de p\u0103r \u0219i articole de toalet\u0103 gratuite.<\/p>\n\n\n\n<p>Printre op\u021biunile de luat masa ale hotelului se num\u0103r\u0103 un pub premiat Double Decker, restaurantul Pergolas care serve\u0219te preparate interna\u021bionale pe tot parcursul zilei, precum \u0219i cafeneaua Circle &#038; Ojos. Oaspe\u021bii pot opta pentru mese \u00een camer\u0103, nonstop.<\/p>\n\n\n\n<p>Centrul de wellness \u0219i de s\u0103n\u0103tate Flow include o sal\u0103 de fitness complet echipat\u0103, o saun\u0103 \u0219i cad\u0103 cu hidromasaj. Oaspe\u021bii pot rezerva tratamente de masaj, la un cost suplimentar. De asemenea, complexul ofer\u0103 servicii de babysitting \u0219i are un salon de \u00eenfrumuse\u021bare, baie de aburi \u0219i terenuri de tenis.<\/p>\n\n\n\n<p>Swiss\u00f4tel Al Murooj Dubai se afl\u0103 la 40 de minute de mers cu ma\u015fina de Aeroportul Interna\u0163ional Al Maktoum. Hotelul este la 10 minute de mers pe jos de Dubai Mall, Kidzania, Acvariul &#038; Gr\u0103dina Zoologic\u0103 Subacvatic\u0103 din Dubai. Aeroportul Interna\u0163ional Dubai este situat la 20 de minute de mers cu ma\u0219ina.<\/p>\n\n\n\n<h2>Conditii oferta<\/h2>\n\n\n\n<p>Tariful afisat este valabil in momentul editarii \/ postarii acestei oferte!<br>Locuri in limita disponibilitatii!<br>Atentie, disponibilitatea se poate schimba in orice moment, motiv pentru care va rugam sa ne contactati pentru reconfirmarea tarifelor si \/ sau a locurilor disponibile!<\/p>\n\n\n\n<h2>Valabilitate oferta<\/h2>\n\n\n\n<p>Tariful afisat este valabil pentru sejur in perioada 20 Sep 2023 &#8211; 27 Oct 2023.<br>Pentru alte date de plecare, nu ezitati sa ne contactati.<\/p>\n\n\n\n<p><strong><a href=\"https:\/\/laspalmas.md\/contact-us-1\/\">Suna\u021bi acum pentru o vacanta relaxanta: 060552999 \/ 023 58 40 04<\/a><\/strong><\/p>\n\n\n\n<figure class=\"wp-block-image size-full\"><a href=\"https:\/\/laspalmas.md\/wp-content\/uploads\/2023\/07\/b758_rs_01_p_1024x768.jpg\"><img loading=\"lazy\" width=\"1024\" height=\"768\" src=\"https:\/\/laspalmas.md\/wp-content\/uploads\/2023\/07\/b758_rs_01_p_1024x768.jpg\" alt=\"\" class=\"wp-image-6204\" srcset=\"https:\/\/laspalmas.md\/wp-content\/uploads\/2023\/07\/b758_rs_01_p_1024x768.jpg 1024w, https:\/\/laspalmas.md\/wp-content\/uploads\/2023\/07\/b758_rs_01_p_1024x768-300x225.jpg 300w, https:\/\/laspalmas.md\/wp-content\/uploads\/2023\/07\/b758_rs_01_p_1024x768-768x576.jpg 768w, https:\/\/laspalmas.md\/wp-content\/uploads\/2023\/07\/b758_rs_01_p_1024x768-640x480.jpg 640w\" sizes=\"(max-width: 1024px) 100vw, 1024px\" \/><\/a><figcaption>https:\/\/all.accor.com\/B758<\/figcaption><\/figure>\n\n\n\n<figure class=\"wp-block-image size-full\"><a href=\"https:\/\/laspalmas.md\/wp-content\/uploads\/2023\/07\/b758_rs_02_p_1024x768.jpg\"><img loading=\"lazy\" width=\"1024\" height=\"768\" src=\"https:\/\/laspalmas.md\/wp-content\/uploads\/2023\/07\/b758_rs_02_p_1024x768.jpg\" alt=\"\" class=\"wp-image-6205\" srcset=\"https:\/\/laspalmas.md\/wp-content\/uploads\/2023\/07\/b758_rs_02_p_1024x768.jpg 1024w, https:\/\/laspalmas.md\/wp-content\/uploads\/2023\/07\/b758_rs_02_p_1024x768-300x225.jpg 300w, https:\/\/laspalmas.md\/wp-content\/uploads\/2023\/07\/b758_rs_02_p_1024x768-768x576.jpg 768w, https:\/\/laspalmas.md\/wp-content\/uploads\/2023\/07\/b758_rs_02_p_1024x768-640x480.jpg 640w\" sizes=\"(max-width: 1024px) 100vw, 1024px\" \/><\/a><figcaption>https:\/\/all.accor.com\/B758<\/figcaption><\/figure>\n\n\n\n<figure class=\"wp-block-image size-full\"><a href=\"https:\/\/laspalmas.md\/wp-content\/uploads\/2023\/07\/L.jpg\"><img loading=\"lazy\" width=\"1024\" height=\"768\" src=\"https:\/\/laspalmas.md\/wp-content\/uploads\/2023\/07\/L.jpg\" alt=\"\" class=\"wp-image-6206\" srcset=\"https:\/\/laspalmas.md\/wp-content\/uploads\/2023\/07\/L.jpg 1024w, https:\/\/laspalmas.md\/wp-content\/uploads\/2023\/07\/L-300x225.jpg 300w, https:\/\/laspalmas.md\/wp-content\/uploads\/2023\/07\/L-768x576.jpg 768w, https:\/\/laspalmas.md\/wp-content\/uploads\/2023\/07\/L-640x480.jpg 640w\" sizes=\"(max-width: 1024px) 100vw, 1024px\" \/><\/a><figcaption>https:\/\/all.accor.com\/B758<\/figcaption><\/figure>\n\n\n\n<figure class=\"wp-block-image size-full\"><a href=\"https:\/\/laspalmas.md\/wp-content\/uploads\/2023\/07\/b758_sp_00_p_1024x768.jpg\"><img loading=\"lazy\" width=\"1024\" height=\"768\" src=\"https:\/\/laspalmas.md\/wp-content\/uploads\/2023\/07\/b758_sp_00_p_1024x768.jpg\" alt=\"\" class=\"wp-image-6207\" srcset=\"https:\/\/laspalmas.md\/wp-content\/uploads\/2023\/07\/b758_sp_00_p_1024x768.jpg 1024w, https:\/\/laspalmas.md\/wp-content\/uploads\/2023\/07\/b758_sp_00_p_1024x768-300x225.jpg 300w, https:\/\/laspalmas.md\/wp-content\/uploads\/2023\/07\/b758_sp_00_p_1024x768-768x576.jpg 768w, https:\/\/laspalmas.md\/wp-content\/uploads\/2023\/07\/b758_sp_00_p_1024x768-640x480.jpg 640w\" sizes=\"(max-width: 1024px) 100vw, 1024px\" \/><\/a><figcaption>https:\/\/all.accor.com\/B758<\/figcaption><\/figure>\n\n\n\n<figure class=\"wp-block-image size-full\"><a href=\"https:\/\/laspalmas.md\/wp-content\/uploads\/2023\/07\/b758_ho_00_p_1024x768.jpg\"><img loading=\"lazy\" width=\"1024\" height=\"768\" src=\"https:\/\/laspalmas.md\/wp-content\/uploads\/2023\/07\/b758_ho_00_p_1024x768.jpg\" alt=\"\" class=\"wp-image-6208\" srcset=\"https:\/\/laspalmas.md\/wp-content\/uploads\/2023\/07\/b758_ho_00_p_1024x768.jpg 1024w, https:\/\/laspalmas.md\/wp-content\/uploads\/2023\/07\/b758_ho_00_p_1024x768-300x225.jpg 300w, https:\/\/laspalmas.md\/wp-content\/uploads\/2023\/07\/b758_ho_00_p_1024x768-768x576.jpg 768w, https:\/\/laspalmas.md\/wp-content\/uploads\/2023\/07\/b758_ho_00_p_1024x768-640x480.jpg 640w\" sizes=\"(max-width: 1024px) 100vw, 1024px\" \/><\/a><figcaption>https:\/\/all.accor.com\/B758<\/figcaption><\/figure>\n","protected":false},"excerpt":{"rendered":"<p>De la\u00a0555 Euro \/ 5 nopti \/ persoana in camera dubla \/ mic dejun Oferta include 5 nopti cazare in camera dubla mic dejun Oferta nu include transport dirham taxe &#8230;<\/p>\n","protected":false},"author":1,"featured_media":0,"parent":0,"menu_order":0,"comment_status":"closed","ping_status":"closed","template":"","meta":[],"_links":{"self":[{"href":"https:\/\/laspalmas.md\/ru\/wp-json\/wp\/v2\/pages\/6202"}],"collection":[{"href":"https:\/\/laspalmas.md\/ru\/wp-json\/wp\/v2\/pages"}],"about":[{"href":"https:\/\/laspalmas.md\/ru\/wp-json\/wp\/v2\/types\/page"}],"author":[{"embeddable":true,"href":"https:\/\/laspalmas.md\/ru\/wp-json\/wp\/v2\/users\/1"}],"replies":[{"embeddable":true,"href":"https:\/\/laspalmas.md\/ru\/wp-json\/wp\/v2\/comments?post=6202"}],"version-history":[{"count":1,"href":"https:\/\/laspalmas.md\/ru\/wp-json\/wp\/v2\/pages\/6202\/revisions"}],"predecessor-version":[{"id":6209,"href":"https:\/\/laspalmas.md\/ru\/wp-json\/wp\/v2\/pages\/6202\/revisions\/6209"}],"wp:attachment":[{"href":"https:\/\/laspalmas.md\/ru\/wp-json\/wp\/v2\/media?parent=6202"}],"curies":[{"name":"wp","href":"https:\/\/api.w.org\/{rel}","templated":true}]}}