{"id":6194,"date":"2023-07-11T21:36:54","date_gmt":"2023-07-11T18:36:54","guid":{"rendered":"https:\/\/laspalmas.md\/?page_id=6194"},"modified":"2023-07-11T21:36:55","modified_gmt":"2023-07-11T18:36:55","slug":"paramount-hotel-dubai-5","status":"publish","type":"page","link":"https:\/\/laspalmas.md\/ru\/paramount-hotel-dubai-5\/","title":{"rendered":"Paramount Hotel Dubai 5*"},"content":{"rendered":"\n<div class=\"wp-block-cover has-background-dim\"><img loading=\"lazy\" width=\"1024\" height=\"576\" class=\"wp-block-cover__image-background wp-image-6195\" alt=\"\" src=\"https:\/\/laspalmas.md\/wp-content\/uploads\/2023\/07\/wide-15-1024x576.jpg\" data-object-fit=\"cover\" srcset=\"https:\/\/laspalmas.md\/wp-content\/uploads\/2023\/07\/wide-15-1024x576.jpg 1024w, https:\/\/laspalmas.md\/wp-content\/uploads\/2023\/07\/wide-15-300x169.jpg 300w, https:\/\/laspalmas.md\/wp-content\/uploads\/2023\/07\/wide-15-768x432.jpg 768w, https:\/\/laspalmas.md\/wp-content\/uploads\/2023\/07\/wide-15-640x360.jpg 640w, https:\/\/laspalmas.md\/wp-content\/uploads\/2023\/07\/wide-15.jpg 1200w\" sizes=\"(max-width: 1024px) 100vw, 1024px\" \/><div class=\"wp-block-cover__inner-container\">\n<p class=\"has-text-align-center has-large-font-size\">Paramount H<strong>otel Dubai 5*<\/strong><\/p>\n<\/div><\/div>\n\n\n\n<p><strong>De la\u00a0362 Euro \/ 7 nopti \/ persoana in camera dubla \/ mic dejun<\/strong><\/p>\n\n\n\n<h2>Oferta include<\/h2>\n\n\n\n<ul><li>7 nopti cazare in camera dubla<\/li><li>mic dejun<\/li><\/ul>\n\n\n\n<h2>Oferta nu include<\/h2>\n\n\n\n<ul><li>transport<\/li><li>dirham taxe se achita la receptie<\/li><li>asigurarea medicala si storno<\/li><\/ul>\n\n\n\n<h2>Cazare<\/h2>\n\n\n\n<p>Acest hotel este situat \u00een Dubai, la 2 km de Dubai Mall \u0219i F\u00e2nt\u00e2na Dubai, precum \u0219i la 2,9 km de uimitorul Burj Khalifa. Hotelul se afl\u0103 la c\u00e2\u021biva pa\u0219i de Dubai Water Canal \u0219i la 4,8 km de centrul comercial City Walk. Cel mai apropiat aeroport este Aeroportul Interna\u021bional Dubai, situat la 12,4 km de hotel. Serviciul de transfer de la\/la aeroport este oferit la un cost suplimentar.<\/p>\n\n\n\n<p>Inspirat de istoria bogat\u0103 a companiei Paramount Pictures, Paramount Hotel Dubai se afl\u0103 \u00een centrul cartierului animat Business Bay din Dubai.<\/p>\n\n\n\n<p>Hotelul are camere cu tematica Hollywood, oglind\u0103 \u00een stil vedet\u0103 de cinema, dulap \u0219i du\u0219 cu efect de ploaie, parcare privat\u0103 gratuit\u0103, piscin\u0103 \u00een aer liber, \u00een stil complex, centrul spa Celebrity, centru de fitness, saun\u0103 \u0219i loc de joac\u0103 pentru copii.<\/p>\n\n\n\n<p>Paramount Hotel Dubai ofer\u0103 m\u00e2nc\u0103ruri inspirate de buc\u0103t\u0103ria californian\u0103, bar Speakeasy autentic \u0219i cinematograf privat. La Paramount Hotel Dubai pute\u021bi s\u0103 savura\u021bi micul dejun tip bufet la restaurantul The Stage.<\/p>\n\n\n\n<p>Acest hotel de 5 stele pune la dispozi\u021bie 823 de camere cu aer condi\u021bionat \u0219i WiFi gratuit. Oaspe\u021bii beneficiaz\u0103 de recep\u021bie deschis\u0103 non-stop, room service \u0219i serviciul de schimb valutar.<\/p>\n\n\n\n<h2>Conditii oferta<\/h2>\n\n\n\n<p>Tariful afisat este valabil in momentul editarii \/ postarii acestei oferte!<br>Locuri in limita disponibilitatii!<br>Atentie, disponibilitatea se poate schimba in orice moment, motiv pentru care va rugam sa ne contactati pentru reconfirmarea tarifelor si \/ sau a locurilor disponibile!<\/p>\n\n\n\n<h2>Valabilitate oferta<\/h2>\n\n\n\n<p>Tariful afisat este valabil pentru sejur in perioada 01 Sep 2023 &#8211; 22 Sep 2023.<br>Pentru alte date de plecare, nu ezitati sa ne contactati.<\/p>\n\n\n\n<p><strong><a href=\"https:\/\/laspalmas.md\/contact-us-1\/\">Suna\u021bi acum pentru o vacanta relaxanta: 060552999 \/ 023 58 40 04<\/a><\/strong><\/p>\n\n\n\n<figure class=\"wp-block-image size-large\"><a href=\"https:\/\/laspalmas.md\/wp-content\/uploads\/2023\/07\/wide-18.jpg\"><img loading=\"lazy\" width=\"1024\" height=\"576\" src=\"https:\/\/laspalmas.md\/wp-content\/uploads\/2023\/07\/wide-18-1024x576.jpg\" alt=\"\" class=\"wp-image-6196\" srcset=\"https:\/\/laspalmas.md\/wp-content\/uploads\/2023\/07\/wide-18-1024x576.jpg 1024w, https:\/\/laspalmas.md\/wp-content\/uploads\/2023\/07\/wide-18-300x169.jpg 300w, https:\/\/laspalmas.md\/wp-content\/uploads\/2023\/07\/wide-18-768x432.jpg 768w, https:\/\/laspalmas.md\/wp-content\/uploads\/2023\/07\/wide-18-640x360.jpg 640w, https:\/\/laspalmas.md\/wp-content\/uploads\/2023\/07\/wide-18.jpg 1280w\" sizes=\"(max-width: 1024px) 100vw, 1024px\" \/><\/a><\/figure>\n\n\n\n<figure class=\"wp-block-image size-large\"><a href=\"https:\/\/laspalmas.md\/wp-content\/uploads\/2023\/07\/wide-19.jpg\"><img loading=\"lazy\" width=\"1024\" height=\"576\" src=\"https:\/\/laspalmas.md\/wp-content\/uploads\/2023\/07\/wide-19-1024x576.jpg\" alt=\"\" class=\"wp-image-6197\" srcset=\"https:\/\/laspalmas.md\/wp-content\/uploads\/2023\/07\/wide-19-1024x576.jpg 1024w, https:\/\/laspalmas.md\/wp-content\/uploads\/2023\/07\/wide-19-300x169.jpg 300w, https:\/\/laspalmas.md\/wp-content\/uploads\/2023\/07\/wide-19-768x432.jpg 768w, https:\/\/laspalmas.md\/wp-content\/uploads\/2023\/07\/wide-19-1536x864.jpg 1536w, https:\/\/laspalmas.md\/wp-content\/uploads\/2023\/07\/wide-19-640x360.jpg 640w, https:\/\/laspalmas.md\/wp-content\/uploads\/2023\/07\/wide-19.jpg 1920w\" sizes=\"(max-width: 1024px) 100vw, 1024px\" \/><\/a><\/figure>\n\n\n\n<figure class=\"wp-block-image size-large\"><a href=\"https:\/\/laspalmas.md\/wp-content\/uploads\/2023\/07\/wide-24.jpg\"><img loading=\"lazy\" width=\"1024\" height=\"576\" src=\"https:\/\/laspalmas.md\/wp-content\/uploads\/2023\/07\/wide-24-1024x576.jpg\" alt=\"\" class=\"wp-image-6198\" srcset=\"https:\/\/laspalmas.md\/wp-content\/uploads\/2023\/07\/wide-24-1024x576.jpg 1024w, https:\/\/laspalmas.md\/wp-content\/uploads\/2023\/07\/wide-24-300x169.jpg 300w, https:\/\/laspalmas.md\/wp-content\/uploads\/2023\/07\/wide-24-768x432.jpg 768w, https:\/\/laspalmas.md\/wp-content\/uploads\/2023\/07\/wide-24-1536x864.jpg 1536w, https:\/\/laspalmas.md\/wp-content\/uploads\/2023\/07\/wide-24-640x360.jpg 640w, https:\/\/laspalmas.md\/wp-content\/uploads\/2023\/07\/wide-24.jpg 1920w\" sizes=\"(max-width: 1024px) 100vw, 1024px\" \/><\/a><\/figure>\n\n\n\n<figure class=\"wp-block-image size-large\"><a href=\"https:\/\/laspalmas.md\/wp-content\/uploads\/2023\/07\/wide-27.jpg\"><img loading=\"lazy\" width=\"1024\" height=\"576\" src=\"https:\/\/laspalmas.md\/wp-content\/uploads\/2023\/07\/wide-27-1024x576.jpg\" alt=\"\" class=\"wp-image-6199\" srcset=\"https:\/\/laspalmas.md\/wp-content\/uploads\/2023\/07\/wide-27-1024x576.jpg 1024w, https:\/\/laspalmas.md\/wp-content\/uploads\/2023\/07\/wide-27-300x169.jpg 300w, https:\/\/laspalmas.md\/wp-content\/uploads\/2023\/07\/wide-27-768x432.jpg 768w, https:\/\/laspalmas.md\/wp-content\/uploads\/2023\/07\/wide-27-640x360.jpg 640w, https:\/\/laspalmas.md\/wp-content\/uploads\/2023\/07\/wide-27.jpg 1500w\" sizes=\"(max-width: 1024px) 100vw, 1024px\" \/><\/a><\/figure>\n\n\n\n<figure class=\"wp-block-image size-full\"><a href=\"https:\/\/laspalmas.md\/wp-content\/uploads\/2023\/07\/wide-30.jpg\"><img loading=\"lazy\" width=\"1000\" height=\"563\" src=\"https:\/\/laspalmas.md\/wp-content\/uploads\/2023\/07\/wide-30.jpg\" alt=\"\" class=\"wp-image-6200\" srcset=\"https:\/\/laspalmas.md\/wp-content\/uploads\/2023\/07\/wide-30.jpg 1000w, https:\/\/laspalmas.md\/wp-content\/uploads\/2023\/07\/wide-30-300x169.jpg 300w, https:\/\/laspalmas.md\/wp-content\/uploads\/2023\/07\/wide-30-768x432.jpg 768w, https:\/\/laspalmas.md\/wp-content\/uploads\/2023\/07\/wide-30-640x360.jpg 640w\" sizes=\"(max-width: 1000px) 100vw, 1000px\" \/><\/a><\/figure>\n","protected":false},"excerpt":{"rendered":"<p>De la\u00a0362 Euro \/ 7 nopti \/ persoana in camera dubla \/ mic dejun Oferta include 7 nopti cazare in camera dubla mic dejun Oferta nu include transport dirham taxe &#8230;<\/p>\n","protected":false},"author":1,"featured_media":0,"parent":0,"menu_order":0,"comment_status":"closed","ping_status":"closed","template":"","meta":[],"_links":{"self":[{"href":"https:\/\/laspalmas.md\/ru\/wp-json\/wp\/v2\/pages\/6194"}],"collection":[{"href":"https:\/\/laspalmas.md\/ru\/wp-json\/wp\/v2\/pages"}],"about":[{"href":"https:\/\/laspalmas.md\/ru\/wp-json\/wp\/v2\/types\/page"}],"author":[{"embeddable":true,"href":"https:\/\/laspalmas.md\/ru\/wp-json\/wp\/v2\/users\/1"}],"replies":[{"embeddable":true,"href":"https:\/\/laspalmas.md\/ru\/wp-json\/wp\/v2\/comments?post=6194"}],"version-history":[{"count":1,"href":"https:\/\/laspalmas.md\/ru\/wp-json\/wp\/v2\/pages\/6194\/revisions"}],"predecessor-version":[{"id":6201,"href":"https:\/\/laspalmas.md\/ru\/wp-json\/wp\/v2\/pages\/6194\/revisions\/6201"}],"wp:attachment":[{"href":"https:\/\/laspalmas.md\/ru\/wp-json\/wp\/v2\/media?parent=6194"}],"curies":[{"name":"wp","href":"https:\/\/api.w.org\/{rel}","templated":true}]}}