{"id":6186,"date":"2023-07-11T21:31:20","date_gmt":"2023-07-11T18:31:20","guid":{"rendered":"https:\/\/laspalmas.md\/?page_id=6186"},"modified":"2023-07-11T21:31:22","modified_gmt":"2023-07-11T18:31:22","slug":"armani-hotel-dubai-5","status":"publish","type":"page","link":"https:\/\/laspalmas.md\/ru\/armani-hotel-dubai-5\/","title":{"rendered":"Armani Hotel Dubai 5*"},"content":{"rendered":"\n<div class=\"wp-block-cover has-background-dim\"><img loading=\"lazy\" width=\"1000\" height=\"667\" class=\"wp-block-cover__image-background wp-image-6187\" alt=\"\" src=\"https:\/\/laspalmas.md\/wp-content\/uploads\/2023\/07\/bff5cc48-5fd6-4e3f-922a-dce6a4c77ad1.jpeg\" data-object-fit=\"cover\" srcset=\"https:\/\/laspalmas.md\/wp-content\/uploads\/2023\/07\/bff5cc48-5fd6-4e3f-922a-dce6a4c77ad1.jpeg 1000w, https:\/\/laspalmas.md\/wp-content\/uploads\/2023\/07\/bff5cc48-5fd6-4e3f-922a-dce6a4c77ad1-300x200.jpeg 300w, https:\/\/laspalmas.md\/wp-content\/uploads\/2023\/07\/bff5cc48-5fd6-4e3f-922a-dce6a4c77ad1-768x512.jpeg 768w\" sizes=\"(max-width: 1000px) 100vw, 1000px\" \/><div class=\"wp-block-cover__inner-container\">\n<p class=\"has-text-align-center has-large-font-size\"><strong>Armani Hotel Dubai 5*<\/strong><\/p>\n<\/div><\/div>\n\n\n\n<p><strong>De la\u00a01408 Euro \/ 5 nopti \/ persoana in camera dubla \/ mic dejun<\/strong><\/p>\n\n\n\n<h2>Oferta include<\/h2>\n\n\n\n<ul><li>5 nopti cazare in camera dubla<\/li><li>mic dejun<\/li><\/ul>\n\n\n\n<h2>Oferta nu include<\/h2>\n\n\n\n<ul><li>transport<\/li><li>dirham taxe se achita la receptie<\/li><li>asigurarea medicala si storno<\/li><\/ul>\n\n\n\n<h2>Cazare<\/h2>\n\n\n\n<p>Acest hotel conceput de celebrului creator de mod\u0103 Giorgio Armani are o intrare privat\u0103, fiind amenajat pe 11 dintre etajele emblematicului zg\u00e2rie-nori din Dubai, Burj Khalifa. Hotelul include un centru spa de lux \u0219i are acces direct la centrul comercial Dubai Mall.<\/p>\n\n\n\n<p>Camere sunt de o elegan\u0163\u0103 discret\u0103, oferind un decor cu linii curbe, materiale de lux \u015fi covoare japoneze tatami. Dot\u0103rile moderne includ TV cu ecran plat \u015fi DVD player, iPod docking station \u015fi WiFi gratuit.<\/p>\n\n\n\n<p>Hotelul Armani Dubai pune la dispozi\u0163ie 7 restaurante ce ofer\u0103 meniuri sofisticate. Restaurantul Armani Hashi serve\u015fte m\u00e2nc\u0103ruri japoneze cu influen\u021be moderne, iar renumitul club de noapte Armani Priv\u00e9 g\u0103zduie\u0219te cele mai populare petreceri din ora\u0219.<\/p>\n\n\n\n<p>Oaspe\u021bii se pot relaxa \u00een spa\u0163iosul centru Armani Spa, care ofer\u0103 tratamente personalizate \u0219i b\u0103i secven\u021biale. Aeroportul Interna\u021bional Dubai este situat la 20 de minute de mers cu ma\u0219ina de proprietate.<\/p>\n\n\n\n<h2>Conditii oferta<\/h2>\n\n\n\n<p>Tariful afisat este valabil in momentul editarii \/ postarii acestei oferte!<br>Locuri in limita disponibilitatii!<br>Atentie, disponibilitatea se poate schimba in orice moment, motiv pentru care va rugam sa ne contactati pentru reconfirmarea tarifelor si \/ sau a locurilor disponibile!<\/p>\n\n\n\n<h2>Valabilitate oferta<\/h2>\n\n\n\n<p>Tariful afisat este valabil pentru sejur in perioada 20 Sep 2023 &#8211; 25 Sep 2023.<br>Pentru alte date de plecare, nu ezitati sa ne contactati.<\/p>\n\n\n\n<p><strong><a href=\"https:\/\/laspalmas.md\/contact-us-1\/\">Suna\u021bi acum pentru o vacanta relaxanta: 060552999 \/ 023 58 40 04<\/a><\/strong><\/p>\n\n\n\n<figure class=\"wp-block-image size-full\"><a href=\"https:\/\/laspalmas.md\/wp-content\/uploads\/2023\/07\/IMG_0111-1024x576-1.jpg\"><img loading=\"lazy\" width=\"1024\" height=\"576\" src=\"https:\/\/laspalmas.md\/wp-content\/uploads\/2023\/07\/IMG_0111-1024x576-1.jpg\" alt=\"\" class=\"wp-image-6188\" srcset=\"https:\/\/laspalmas.md\/wp-content\/uploads\/2023\/07\/IMG_0111-1024x576-1.jpg 1024w, https:\/\/laspalmas.md\/wp-content\/uploads\/2023\/07\/IMG_0111-1024x576-1-300x169.jpg 300w, https:\/\/laspalmas.md\/wp-content\/uploads\/2023\/07\/IMG_0111-1024x576-1-768x432.jpg 768w, https:\/\/laspalmas.md\/wp-content\/uploads\/2023\/07\/IMG_0111-1024x576-1-640x360.jpg 640w\" sizes=\"(max-width: 1024px) 100vw, 1024px\" \/><\/a><\/figure>\n\n\n\n<figure class=\"wp-block-image size-large\"><a href=\"https:\/\/laspalmas.md\/wp-content\/uploads\/2023\/07\/52480552.jpg\"><img loading=\"lazy\" width=\"1024\" height=\"682\" src=\"https:\/\/laspalmas.md\/wp-content\/uploads\/2023\/07\/52480552-1024x682.jpg\" alt=\"\" class=\"wp-image-6189\" srcset=\"https:\/\/laspalmas.md\/wp-content\/uploads\/2023\/07\/52480552-1024x682.jpg 1024w, https:\/\/laspalmas.md\/wp-content\/uploads\/2023\/07\/52480552-300x200.jpg 300w, https:\/\/laspalmas.md\/wp-content\/uploads\/2023\/07\/52480552-768x511.jpg 768w, https:\/\/laspalmas.md\/wp-content\/uploads\/2023\/07\/52480552.jpg 1280w\" sizes=\"(max-width: 1024px) 100vw, 1024px\" \/><\/a><\/figure>\n\n\n\n<figure class=\"wp-block-image size-large\"><a href=\"https:\/\/laspalmas.md\/wp-content\/uploads\/2023\/07\/18508549.jpg\"><img loading=\"lazy\" width=\"1024\" height=\"682\" src=\"https:\/\/laspalmas.md\/wp-content\/uploads\/2023\/07\/18508549-1024x682.jpg\" alt=\"\" class=\"wp-image-6190\" srcset=\"https:\/\/laspalmas.md\/wp-content\/uploads\/2023\/07\/18508549-1024x682.jpg 1024w, https:\/\/laspalmas.md\/wp-content\/uploads\/2023\/07\/18508549-300x200.jpg 300w, https:\/\/laspalmas.md\/wp-content\/uploads\/2023\/07\/18508549-768x511.jpg 768w, https:\/\/laspalmas.md\/wp-content\/uploads\/2023\/07\/18508549.jpg 1280w\" sizes=\"(max-width: 1024px) 100vw, 1024px\" \/><\/a><\/figure>\n\n\n\n<figure class=\"wp-block-image size-large\"><a href=\"https:\/\/laspalmas.md\/wp-content\/uploads\/2023\/07\/55397488.jpg\"><img loading=\"lazy\" width=\"1024\" height=\"682\" src=\"https:\/\/laspalmas.md\/wp-content\/uploads\/2023\/07\/55397488-1024x682.jpg\" alt=\"\" class=\"wp-image-6191\" srcset=\"https:\/\/laspalmas.md\/wp-content\/uploads\/2023\/07\/55397488-1024x682.jpg 1024w, https:\/\/laspalmas.md\/wp-content\/uploads\/2023\/07\/55397488-300x200.jpg 300w, https:\/\/laspalmas.md\/wp-content\/uploads\/2023\/07\/55397488-768x511.jpg 768w, https:\/\/laspalmas.md\/wp-content\/uploads\/2023\/07\/55397488.jpg 1280w\" sizes=\"(max-width: 1024px) 100vw, 1024px\" \/><\/a><\/figure>\n\n\n\n<figure class=\"wp-block-image size-large\"><a href=\"https:\/\/laspalmas.md\/wp-content\/uploads\/2023\/07\/52478215.jpg\"><img loading=\"lazy\" width=\"1024\" height=\"768\" src=\"https:\/\/laspalmas.md\/wp-content\/uploads\/2023\/07\/52478215-1024x768.jpg\" alt=\"\" class=\"wp-image-6192\" srcset=\"https:\/\/laspalmas.md\/wp-content\/uploads\/2023\/07\/52478215-1024x768.jpg 1024w, https:\/\/laspalmas.md\/wp-content\/uploads\/2023\/07\/52478215-300x225.jpg 300w, https:\/\/laspalmas.md\/wp-content\/uploads\/2023\/07\/52478215-768x576.jpg 768w, https:\/\/laspalmas.md\/wp-content\/uploads\/2023\/07\/52478215-640x480.jpg 640w, https:\/\/laspalmas.md\/wp-content\/uploads\/2023\/07\/52478215.jpg 1200w\" sizes=\"(max-width: 1024px) 100vw, 1024px\" \/><\/a><\/figure>\n","protected":false},"excerpt":{"rendered":"<p>De la\u00a01408 Euro \/ 5 nopti \/ persoana in camera dubla \/ mic dejun Oferta include 5 nopti cazare in camera dubla mic dejun Oferta nu include transport dirham taxe &#8230;<\/p>\n","protected":false},"author":1,"featured_media":0,"parent":0,"menu_order":0,"comment_status":"closed","ping_status":"closed","template":"","meta":[],"_links":{"self":[{"href":"https:\/\/laspalmas.md\/ru\/wp-json\/wp\/v2\/pages\/6186"}],"collection":[{"href":"https:\/\/laspalmas.md\/ru\/wp-json\/wp\/v2\/pages"}],"about":[{"href":"https:\/\/laspalmas.md\/ru\/wp-json\/wp\/v2\/types\/page"}],"author":[{"embeddable":true,"href":"https:\/\/laspalmas.md\/ru\/wp-json\/wp\/v2\/users\/1"}],"replies":[{"embeddable":true,"href":"https:\/\/laspalmas.md\/ru\/wp-json\/wp\/v2\/comments?post=6186"}],"version-history":[{"count":1,"href":"https:\/\/laspalmas.md\/ru\/wp-json\/wp\/v2\/pages\/6186\/revisions"}],"predecessor-version":[{"id":6193,"href":"https:\/\/laspalmas.md\/ru\/wp-json\/wp\/v2\/pages\/6186\/revisions\/6193"}],"wp:attachment":[{"href":"https:\/\/laspalmas.md\/ru\/wp-json\/wp\/v2\/media?parent=6186"}],"curies":[{"name":"wp","href":"https:\/\/api.w.org\/{rel}","templated":true}]}}