{"id":6166,"date":"2023-07-11T20:59:27","date_gmt":"2023-07-11T17:59:27","guid":{"rendered":"https:\/\/laspalmas.md\/?page_id=6166"},"modified":"2023-07-11T20:59:29","modified_gmt":"2023-07-11T17:59:29","slug":"the-naka-island-a-luxury-collection-resort-spa-5","status":"publish","type":"page","link":"https:\/\/laspalmas.md\/ru\/the-naka-island-a-luxury-collection-resort-spa-5\/","title":{"rendered":"The Naka Island, a Luxury Collection Resort &#038; Spa 5*"},"content":{"rendered":"\n<div class=\"wp-block-cover has-background-dim\"><img loading=\"lazy\" width=\"1024\" height=\"576\" class=\"wp-block-cover__image-background wp-image-6167\" alt=\"\" src=\"https:\/\/laspalmas.md\/wp-content\/uploads\/2023\/07\/maxresdefault-1024x576.jpg\" data-object-fit=\"cover\" srcset=\"https:\/\/laspalmas.md\/wp-content\/uploads\/2023\/07\/maxresdefault-1024x576.jpg 1024w, https:\/\/laspalmas.md\/wp-content\/uploads\/2023\/07\/maxresdefault-300x169.jpg 300w, https:\/\/laspalmas.md\/wp-content\/uploads\/2023\/07\/maxresdefault-768x432.jpg 768w, https:\/\/laspalmas.md\/wp-content\/uploads\/2023\/07\/maxresdefault-640x360.jpg 640w, https:\/\/laspalmas.md\/wp-content\/uploads\/2023\/07\/maxresdefault.jpg 1280w\" sizes=\"(max-width: 1024px) 100vw, 1024px\" \/><div class=\"wp-block-cover__inner-container\">\n<p class=\"has-text-align-center has-large-font-size\"><strong>The Naka Island, a Luxury Collection Resort &#038; Spa 5*<\/strong><\/p>\n<\/div><\/div>\n\n\n\n<p><strong>De la\u00a0848 Euro \/ 7 nopti \/ persoana in Tropical Pool Villa \/ mic dejun<\/strong><\/p>\n\n\n\n<h2>Oferta include<\/h2>\n\n\n\n<ul><li>7 nopti cazare in Tropical Pool Villa<\/li><li>mic dejun<\/li><\/ul>\n\n\n\n<h2>Oferta nu include<\/h2>\n\n\n\n<ul><li>transport<\/li><li>asigurare medicala \/ storno<\/li><\/ul>\n\n\n\n<h2>Cazare<\/h2>\n\n\n\n<p>The Naka Island, a Luxury Collection Resort &#038; Spa, Phuket Collection Resort &#038; Spa, Phuket se afl\u0103 pe o insul\u0103 exotic\u0103 din Marea Andaman. Complexul este amplasat \u00een mijlocul unui peisaj tropical, la doar 10 minute de mers cu \u0219alupa din portul de agrement Ao Por Grand Marina. Pune la dispozi\u021bie vile luxoase cu piscin\u0103 privat\u0103. Ofer\u0103 o plaj\u0103 privat\u0103, o sal\u0103 de gimnastic\u0103 \u0219i un centru spa de talie mondial\u0103, iar oaspe\u021bii pot beneficia gratuit de serviciul de transfer dus-\u00eentors cu \u0219alupa.<\/p>\n\n\n\n<p>Portul de agrement Ao Por Grand Marina se afl\u0103 la 25 de minute de mers cu ma\u0219ina de Aeroportul Interna\u021bional din Phuket. Este situat la 20 km de Monumentul Eroinelor \u0219i la 25 km de ora\u0219ul Phuket. Plaja Patong se afl\u0103 la 45 km.<\/p>\n\n\n\n<p>Vilele elegante, cu aer condi\u021bionat de la The Naka Island Resort &#038; Spa sunt decorate cu gust, \u00een stil contemporan \u0219i au pavilion \u00een aer liber, cu pat de zi. Camerele sunt dotate cu un TV cu ecran plat de 32 inch \u0219i canale prin cablu, precum \u0219i un DVD player. Baia \u00een aer liber are cabin\u0103 de du\u0219 separat\u0103 \u0219i cad\u0103 ad\u00e2nc\u0103, \u00een aer liber. Sunt puse la dispozi\u021bie gratuit ziare \u0219i ap\u0103 \u00eembuteliat\u0103.<\/p>\n\n\n\n<p>Personalul care ofer\u0103 serviciul de concierge poate organiza, pentru oaspe\u021bi, diferite activit\u0103\u021bi de recreere, precum snorkelling, windsurfing \u0219i scufund\u0103ri. Printre activit\u0103\u021bi se num\u0103r\u0103 \u0219i cursuri de g\u0103tit, cursuri de fitness \u0219i un tur cultural. Proprietatea include, de asemenea, piscin\u0103 cu ap\u0103 dulce, bibliotec\u0103 \u0219i serviciu gratuit de \u00eenchiriere de biciclete.<\/p>\n\n\n\n<p>My Grill ofer\u0103 preparate din cele mai proaspete fructe de mare \u0219i cele mai suculente fripturi, cu accente locale. Tonsai serve\u0219te preparate thailandeze \u0219i interna\u021bionale excelente. La Z Bar este pus la dispozi\u021bie un meniu cuprinz\u0103tor de cocktailuri. Hotelul ofer\u0103 room service disponibil nonstop.<\/p>\n\n\n\n<h2>Conditii oferta<\/h2>\n\n\n\n<p>Tariful afisat este valabil in momentul editarii \/ postarii acestei oferte!<br>Locuri in limita disponibilitatii!<br>Atentie, disponibilitatea se poate schimba in orice moment, motiv pentru care va rugam sa ne contactati pentru reconfirmarea tarifelor si \/ sau a locurilor disponibile!<\/p>\n\n\n\n<h2>Valabilitate oferta<\/h2>\n\n\n\n<p>Tariful afisat este valabil pentru sejururi in perioada 06 Aug 2023 &#8211; 25 Oct 2023.<br>Pentru alte date de plecare, nu ezitati sa ne contactati.<\/p>\n\n\n\n<p><strong><a href=\"https:\/\/laspalmas.md\/contact-us-1\/\">Suna\u021bi acum pentru o vacanta relaxanta: 060552999 \/ 023 58 40 04<\/a><\/strong><\/p>\n\n\n\n<figure class=\"wp-block-image size-large\"><a href=\"https:\/\/laspalmas.md\/wp-content\/uploads\/2023\/07\/194271778.jpg\"><img loading=\"lazy\" width=\"1024\" height=\"553\" src=\"https:\/\/laspalmas.md\/wp-content\/uploads\/2023\/07\/194271778-1024x553.jpg\" alt=\"\" class=\"wp-image-6168\" srcset=\"https:\/\/laspalmas.md\/wp-content\/uploads\/2023\/07\/194271778-1024x553.jpg 1024w, https:\/\/laspalmas.md\/wp-content\/uploads\/2023\/07\/194271778-300x162.jpg 300w, https:\/\/laspalmas.md\/wp-content\/uploads\/2023\/07\/194271778-768x415.jpg 768w, https:\/\/laspalmas.md\/wp-content\/uploads\/2023\/07\/194271778-520x280.jpg 520w, https:\/\/laspalmas.md\/wp-content\/uploads\/2023\/07\/194271778.jpg 1280w\" sizes=\"(max-width: 1024px) 100vw, 1024px\" \/><\/a><\/figure>\n\n\n\n<figure class=\"wp-block-image size-large\"><a href=\"https:\/\/laspalmas.md\/wp-content\/uploads\/2023\/07\/456054666.jpg\"><img loading=\"lazy\" width=\"1024\" height=\"682\" src=\"https:\/\/laspalmas.md\/wp-content\/uploads\/2023\/07\/456054666-1024x682.jpg\" alt=\"\" class=\"wp-image-6169\" srcset=\"https:\/\/laspalmas.md\/wp-content\/uploads\/2023\/07\/456054666-1024x682.jpg 1024w, https:\/\/laspalmas.md\/wp-content\/uploads\/2023\/07\/456054666-300x200.jpg 300w, https:\/\/laspalmas.md\/wp-content\/uploads\/2023\/07\/456054666-768x512.jpg 768w, https:\/\/laspalmas.md\/wp-content\/uploads\/2023\/07\/456054666.jpg 1280w\" sizes=\"(max-width: 1024px) 100vw, 1024px\" \/><\/a><\/figure>\n\n\n\n<figure class=\"wp-block-image size-large\"><a href=\"https:\/\/laspalmas.md\/wp-content\/uploads\/2023\/07\/131262190.jpg\"><img loading=\"lazy\" width=\"1024\" height=\"824\" src=\"https:\/\/laspalmas.md\/wp-content\/uploads\/2023\/07\/131262190-1024x824.jpg\" alt=\"\" class=\"wp-image-6170\" srcset=\"https:\/\/laspalmas.md\/wp-content\/uploads\/2023\/07\/131262190-1024x824.jpg 1024w, https:\/\/laspalmas.md\/wp-content\/uploads\/2023\/07\/131262190-300x242.jpg 300w, https:\/\/laspalmas.md\/wp-content\/uploads\/2023\/07\/131262190-768x618.jpg 768w, https:\/\/laspalmas.md\/wp-content\/uploads\/2023\/07\/131262190.jpg 1118w\" sizes=\"(max-width: 1024px) 100vw, 1024px\" \/><\/a><\/figure>\n\n\n\n<figure class=\"wp-block-image size-large\"><a href=\"https:\/\/laspalmas.md\/wp-content\/uploads\/2023\/07\/131262266.jpg\"><img loading=\"lazy\" width=\"1024\" height=\"683\" src=\"https:\/\/laspalmas.md\/wp-content\/uploads\/2023\/07\/131262266-1024x683.jpg\" alt=\"\" class=\"wp-image-6171\" srcset=\"https:\/\/laspalmas.md\/wp-content\/uploads\/2023\/07\/131262266-1024x683.jpg 1024w, https:\/\/laspalmas.md\/wp-content\/uploads\/2023\/07\/131262266-300x200.jpg 300w, https:\/\/laspalmas.md\/wp-content\/uploads\/2023\/07\/131262266-768x512.jpg 768w, https:\/\/laspalmas.md\/wp-content\/uploads\/2023\/07\/131262266.jpg 1280w\" sizes=\"(max-width: 1024px) 100vw, 1024px\" \/><\/a><\/figure>\n\n\n\n<figure class=\"wp-block-image size-large\"><a href=\"https:\/\/laspalmas.md\/wp-content\/uploads\/2023\/07\/196997704.jpg\"><img loading=\"lazy\" width=\"1024\" height=\"635\" src=\"https:\/\/laspalmas.md\/wp-content\/uploads\/2023\/07\/196997704-1024x635.jpg\" alt=\"\" class=\"wp-image-6172\" srcset=\"https:\/\/laspalmas.md\/wp-content\/uploads\/2023\/07\/196997704-1024x635.jpg 1024w, https:\/\/laspalmas.md\/wp-content\/uploads\/2023\/07\/196997704-300x186.jpg 300w, https:\/\/laspalmas.md\/wp-content\/uploads\/2023\/07\/196997704-768x476.jpg 768w, https:\/\/laspalmas.md\/wp-content\/uploads\/2023\/07\/196997704.jpg 1280w\" sizes=\"(max-width: 1024px) 100vw, 1024px\" \/><\/a><\/figure>\n","protected":false},"excerpt":{"rendered":"<p>De la\u00a0848 Euro \/ 7 nopti \/ persoana in Tropical Pool Villa \/ mic dejun Oferta include 7 nopti cazare in Tropical Pool Villa mic dejun Oferta nu include transport &#8230;<\/p>\n","protected":false},"author":1,"featured_media":0,"parent":0,"menu_order":0,"comment_status":"closed","ping_status":"closed","template":"","meta":[],"_links":{"self":[{"href":"https:\/\/laspalmas.md\/ru\/wp-json\/wp\/v2\/pages\/6166"}],"collection":[{"href":"https:\/\/laspalmas.md\/ru\/wp-json\/wp\/v2\/pages"}],"about":[{"href":"https:\/\/laspalmas.md\/ru\/wp-json\/wp\/v2\/types\/page"}],"author":[{"embeddable":true,"href":"https:\/\/laspalmas.md\/ru\/wp-json\/wp\/v2\/users\/1"}],"replies":[{"embeddable":true,"href":"https:\/\/laspalmas.md\/ru\/wp-json\/wp\/v2\/comments?post=6166"}],"version-history":[{"count":1,"href":"https:\/\/laspalmas.md\/ru\/wp-json\/wp\/v2\/pages\/6166\/revisions"}],"predecessor-version":[{"id":6173,"href":"https:\/\/laspalmas.md\/ru\/wp-json\/wp\/v2\/pages\/6166\/revisions\/6173"}],"wp:attachment":[{"href":"https:\/\/laspalmas.md\/ru\/wp-json\/wp\/v2\/media?parent=6166"}],"curies":[{"name":"wp","href":"https:\/\/api.w.org\/{rel}","templated":true}]}}