{"id":6157,"date":"2023-07-11T19:51:19","date_gmt":"2023-07-11T16:51:19","guid":{"rendered":"https:\/\/laspalmas.md\/?page_id=6157"},"modified":"2023-07-11T19:51:21","modified_gmt":"2023-07-11T16:51:21","slug":"anantara-layan-phuket-resort-5-sha-plus","status":"publish","type":"page","link":"https:\/\/laspalmas.md\/ru\/anantara-layan-phuket-resort-5-sha-plus\/","title":{"rendered":"Anantara Layan Phuket Resort 5* &#8211; SHA Plus"},"content":{"rendered":"\n<div class=\"wp-block-cover has-background-dim\"><img loading=\"lazy\" width=\"1024\" height=\"682\" class=\"wp-block-cover__image-background wp-image-6158\" alt=\"\" src=\"https:\/\/laspalmas.md\/wp-content\/uploads\/2023\/07\/199810825-1024x682.jpg\" data-object-fit=\"cover\" srcset=\"https:\/\/laspalmas.md\/wp-content\/uploads\/2023\/07\/199810825-1024x682.jpg 1024w, https:\/\/laspalmas.md\/wp-content\/uploads\/2023\/07\/199810825-300x200.jpg 300w, https:\/\/laspalmas.md\/wp-content\/uploads\/2023\/07\/199810825-768x512.jpg 768w, https:\/\/laspalmas.md\/wp-content\/uploads\/2023\/07\/199810825.jpg 1280w\" sizes=\"(max-width: 1024px) 100vw, 1024px\" \/><div class=\"wp-block-cover__inner-container\">\n<p class=\"has-text-align-center has-large-font-size\"><strong>Anantara Layan Phuket Resort 5* &#8211; <\/strong>SHA Plus<\/p>\n<\/div><\/div>\n\n\n\n<h2>Oferta include<\/h2>\n\n\n\n<ul><li>7 nopti cazare in Sala Pool Villa<\/li><li>mic dejun<\/li><\/ul>\n\n\n\n<h2>Oferta nu include<\/h2>\n\n\n\n<ul><li>transport<\/li><li>asigurare medicala \/ storno<\/li><\/ul>\n\n\n\n<h2>Cazare<\/h2>\n\n\n\n<p>Anantara Phuket Resort Layan se afl\u0103 la 2 minute de mers pe jos de plaja Layan, oferind un centru spa, unul de fitness, precum \u0219i o piscin\u0103 \u00een aer liber. Oaspe\u021bii au la dispozi\u021bie o serie de activit\u0103\u021bi \u00een aer liber, inclusiv canotaj, windsurfing \u0219i snorkelling.<\/p>\n\n\n\n<p>Proprietatea este situat\u0103 la 30 de minute de mers cu ma\u015fina de ora\u0219ul Phuket \u0219i la 35 de minute cu ma\u015fina de plaja Patong. Aeroportul Phuket se afl\u0103 la 13,4 km.<\/p>\n\n\n\n<p>Camerele \u0219i vilele au balcon. Includ, de asemenea, TV cu ecran plat cu canale prin cablu\/satelit, ceainic electric, frigider \u0219i cutie de valori. Baia proprie este dotat\u0103 cu du\u015f, cad\u0103 \u015fi halat de baie.<\/p>\n\n\n\n<p>Pentru confortul oaspe\u021bilor, complexul ofer\u0103 servicii de schimb valutar, depozit de bagaje \u0219i servicii de sp\u0103l\u0103torie. \u00cen plus, complexul include un birou de turism \u0219i s\u0103li de conferin\u0163e.<\/p>\n\n\n\n<p>Restaurantul serve\u015fte preparate thailandeze \u015fi interna\u0163ionale.<\/p>\n\n\n\n<h2>Conditii oferta<\/h2>\n\n\n\n<p>Tariful afisat este valabil in momentul editarii \/ postarii acestei oferte!<br>Locuri in limita disponibilitatii!<br>Atentie, disponibilitatea se poate schimba in orice moment, motiv pentru care va rugam sa ne contactati pentru reconfirmarea tarifelor si \/ sau a locurilor disponibile!<\/p>\n\n\n\n<h2>Valabilitate oferta<\/h2>\n\n\n\n<p>Tariful afisat este valabil pentru sejur in perioada 30 Sep 2023 &#8211; 07 Oct 2023.<br>Pentru alte date de plecare, nu ezitati sa ne contactati.<\/p>\n\n\n\n<p><strong><a href=\"https:\/\/laspalmas.md\/contact-us-1\/\">Suna\u021bi acum pentru o vacanta relaxanta: 060552999 \/ 023 58 40 04<\/a><\/strong><\/p>\n\n\n\n<figure class=\"wp-block-image size-large\"><a href=\"https:\/\/laspalmas.md\/wp-content\/uploads\/2023\/07\/199819870.jpg\"><img loading=\"lazy\" width=\"1024\" height=\"686\" src=\"https:\/\/laspalmas.md\/wp-content\/uploads\/2023\/07\/199819870-1024x686.jpg\" alt=\"\" class=\"wp-image-6159\" srcset=\"https:\/\/laspalmas.md\/wp-content\/uploads\/2023\/07\/199819870-1024x686.jpg 1024w, https:\/\/laspalmas.md\/wp-content\/uploads\/2023\/07\/199819870-300x201.jpg 300w, https:\/\/laspalmas.md\/wp-content\/uploads\/2023\/07\/199819870-768x514.jpg 768w, https:\/\/laspalmas.md\/wp-content\/uploads\/2023\/07\/199819870.jpg 1280w\" sizes=\"(max-width: 1024px) 100vw, 1024px\" \/><\/a><\/figure>\n\n\n\n<figure class=\"wp-block-image size-large\"><a href=\"https:\/\/laspalmas.md\/wp-content\/uploads\/2023\/07\/199819885.jpg\"><img loading=\"lazy\" width=\"1024\" height=\"658\" src=\"https:\/\/laspalmas.md\/wp-content\/uploads\/2023\/07\/199819885-1024x658.jpg\" alt=\"\" class=\"wp-image-6160\" srcset=\"https:\/\/laspalmas.md\/wp-content\/uploads\/2023\/07\/199819885-1024x658.jpg 1024w, https:\/\/laspalmas.md\/wp-content\/uploads\/2023\/07\/199819885-300x193.jpg 300w, https:\/\/laspalmas.md\/wp-content\/uploads\/2023\/07\/199819885-768x494.jpg 768w, https:\/\/laspalmas.md\/wp-content\/uploads\/2023\/07\/199819885.jpg 1280w\" sizes=\"(max-width: 1024px) 100vw, 1024px\" \/><\/a><\/figure>\n\n\n\n<figure class=\"wp-block-image size-large\"><a href=\"https:\/\/laspalmas.md\/wp-content\/uploads\/2023\/07\/199819908.jpg\"><img loading=\"lazy\" width=\"1024\" height=\"682\" src=\"https:\/\/laspalmas.md\/wp-content\/uploads\/2023\/07\/199819908-1024x682.jpg\" alt=\"\" class=\"wp-image-6161\" srcset=\"https:\/\/laspalmas.md\/wp-content\/uploads\/2023\/07\/199819908-1024x682.jpg 1024w, https:\/\/laspalmas.md\/wp-content\/uploads\/2023\/07\/199819908-300x200.jpg 300w, https:\/\/laspalmas.md\/wp-content\/uploads\/2023\/07\/199819908-768x512.jpg 768w, https:\/\/laspalmas.md\/wp-content\/uploads\/2023\/07\/199819908.jpg 1280w\" sizes=\"(max-width: 1024px) 100vw, 1024px\" \/><\/a><\/figure>\n\n\n\n<figure class=\"wp-block-image size-large\"><a href=\"https:\/\/laspalmas.md\/wp-content\/uploads\/2023\/07\/199820078.jpg\"><img loading=\"lazy\" width=\"1024\" height=\"657\" src=\"https:\/\/laspalmas.md\/wp-content\/uploads\/2023\/07\/199820078-1024x657.jpg\" alt=\"\" class=\"wp-image-6162\" srcset=\"https:\/\/laspalmas.md\/wp-content\/uploads\/2023\/07\/199820078-1024x657.jpg 1024w, https:\/\/laspalmas.md\/wp-content\/uploads\/2023\/07\/199820078-300x192.jpg 300w, https:\/\/laspalmas.md\/wp-content\/uploads\/2023\/07\/199820078-768x493.jpg 768w, https:\/\/laspalmas.md\/wp-content\/uploads\/2023\/07\/199820078.jpg 1280w\" sizes=\"(max-width: 1024px) 100vw, 1024px\" \/><\/a><\/figure>\n\n\n\n<figure class=\"wp-block-image size-large\"><a href=\"https:\/\/laspalmas.md\/wp-content\/uploads\/2023\/07\/199820122.jpg\"><img loading=\"lazy\" width=\"1024\" height=\"682\" src=\"https:\/\/laspalmas.md\/wp-content\/uploads\/2023\/07\/199820122-1024x682.jpg\" alt=\"\" class=\"wp-image-6163\" srcset=\"https:\/\/laspalmas.md\/wp-content\/uploads\/2023\/07\/199820122-1024x682.jpg 1024w, https:\/\/laspalmas.md\/wp-content\/uploads\/2023\/07\/199820122-300x200.jpg 300w, https:\/\/laspalmas.md\/wp-content\/uploads\/2023\/07\/199820122-768x512.jpg 768w, https:\/\/laspalmas.md\/wp-content\/uploads\/2023\/07\/199820122.jpg 1280w\" sizes=\"(max-width: 1024px) 100vw, 1024px\" \/><\/a><\/figure>\n","protected":false},"excerpt":{"rendered":"<p>Oferta include 7 nopti cazare in Sala Pool Villa mic dejun Oferta nu include transport asigurare medicala \/ storno Cazare Anantara Phuket Resort Layan se afl\u0103 la 2 minute de &#8230;<\/p>\n","protected":false},"author":1,"featured_media":0,"parent":0,"menu_order":0,"comment_status":"closed","ping_status":"closed","template":"","meta":[],"_links":{"self":[{"href":"https:\/\/laspalmas.md\/ru\/wp-json\/wp\/v2\/pages\/6157"}],"collection":[{"href":"https:\/\/laspalmas.md\/ru\/wp-json\/wp\/v2\/pages"}],"about":[{"href":"https:\/\/laspalmas.md\/ru\/wp-json\/wp\/v2\/types\/page"}],"author":[{"embeddable":true,"href":"https:\/\/laspalmas.md\/ru\/wp-json\/wp\/v2\/users\/1"}],"replies":[{"embeddable":true,"href":"https:\/\/laspalmas.md\/ru\/wp-json\/wp\/v2\/comments?post=6157"}],"version-history":[{"count":1,"href":"https:\/\/laspalmas.md\/ru\/wp-json\/wp\/v2\/pages\/6157\/revisions"}],"predecessor-version":[{"id":6164,"href":"https:\/\/laspalmas.md\/ru\/wp-json\/wp\/v2\/pages\/6157\/revisions\/6164"}],"wp:attachment":[{"href":"https:\/\/laspalmas.md\/ru\/wp-json\/wp\/v2\/media?parent=6157"}],"curies":[{"name":"wp","href":"https:\/\/api.w.org\/{rel}","templated":true}]}}