{"id":6137,"date":"2023-07-11T19:31:07","date_gmt":"2023-07-11T16:31:07","guid":{"rendered":"https:\/\/laspalmas.md\/?page_id=6137"},"modified":"2023-07-11T19:39:50","modified_gmt":"2023-07-11T16:39:50","slug":"anantara-bophut-resort-spa-koh-samui-5","status":"publish","type":"page","link":"https:\/\/laspalmas.md\/ru\/anantara-bophut-resort-spa-koh-samui-5\/","title":{"rendered":"Anantara Bophut Resort &#038; Spa Koh Samui 5*"},"content":{"rendered":"\n<div class=\"wp-block-cover has-background-dim\"><img loading=\"lazy\" width=\"800\" height=\"533\" class=\"wp-block-cover__image-background wp-image-6147\" alt=\"\" src=\"https:\/\/laspalmas.md\/wp-content\/uploads\/2023\/07\/surroundings_2_P-1.jpg\" data-object-fit=\"cover\" srcset=\"https:\/\/laspalmas.md\/wp-content\/uploads\/2023\/07\/surroundings_2_P-1.jpg 800w, https:\/\/laspalmas.md\/wp-content\/uploads\/2023\/07\/surroundings_2_P-1-300x200.jpg 300w, https:\/\/laspalmas.md\/wp-content\/uploads\/2023\/07\/surroundings_2_P-1-768x512.jpg 768w\" sizes=\"(max-width: 800px) 100vw, 800px\" \/><div class=\"wp-block-cover__inner-container\">\n<p class=\"has-text-align-center has-large-font-size\"><strong> Anantara Bophut Resort &#038; Spa Koh Samui 5* <\/strong><\/p>\n<\/div><\/div>\n\n\n\n<p><strong>De la\u00a0765 \/ 7 nopti \/ persoana in Junior Garden View Suite \/ mic dejun<\/strong><\/p>\n\n\n\n<h2>Oferta include<\/h2>\n\n\n\n<ul><li>7 nopti cazare in Junior Garden View Suite<\/li><li>mic dejun<\/li><\/ul>\n\n\n\n<h2>Oferta nu include<\/h2>\n\n\n\n<ul><li>transport<\/li><li>asigurare medicala si storno<\/li><\/ul>\n\n\n\n<h2>Cazare<\/h2>\n\n\n\n<p>Aflat pe plaja Bophut, complexul Anantara Bophut Koh Samui ofer\u0103 unit\u0103\u0163i de cazare tropicale mobilate cu gust, situate \u00een mijlocul unei gr\u0103dini amenajate. Proprietatea are o piscin\u0103 spa \u015fi facilit\u0103\u0163i de fitness de 5 stele.<\/p>\n\n\n\n<p>Camerele spa\u0163ioase au decor specific sudului Thailandei \u015fi includ un balcon privat, cu o zon\u0103 de lounge \u015fi vedere pitoreasc\u0103. B\u0103ile luxoase se deschid spre camer\u0103 \u015fi au o cad\u0103 pentru 2 persoane.<\/p>\n\n\n\n<p>Complexul Anantara Bophut Koh Samui se afl\u0103 la 10 minute de mers cu ma\u015fina de plaja Chaweng \u015fi la 15 minute de mers cu ma\u015fina de aeroportul insulei Samui. Sunt disponibile servicii de \u00eenchiriere auto \u015fi de transfer de la\/la aeroport.<\/p>\n\n\n\n<p>Oaspe\u0163ii se pot r\u0103sf\u0103\u0163a cu un masaj lini\u015ftitor la Anantara Spa sau se pot bucura de sporturi acvatice \u015fi croaziere la asfin\u0163it \u00een golful Bophut. De asemenea, v\u0103 pute\u0163i bucura de cursuri de yoga \u015fi artizanat.<\/p>\n\n\n\n<p>Proprietatea are 8 localuri care servesc m\u00e2ncare \u015fi b\u0103uturi, printre care Full Moon, care ofer\u0103 specialit\u0103\u0163i italiene. Conexiunea WiFi este gratuit\u0103 \u00een unele baruri \u015fi la bibliotec\u0103.<\/p>\n\n\n\n<h2>Conditii oferta<\/h2>\n\n\n\n<p>Tariful afisat este valabil in momentul editarii \/ postarii acestei oferte!<br>Locuri in limita disponibilitatii!<br>Atentie, disponibilitatea se poate schimba in orice moment, motiv pentru care va rugam sa ne contactati pentru reconfirmarea tarifelor si \/ sau a locurilor disponibile!<\/p>\n\n\n\n<h2>Valabilitate oferta<\/h2>\n\n\n\n<p>Tariful afisat este valabil pentru sejur in perioada 01 Sep 2023 &#8211; 25 Oct 2023.<br>Pentru alte date de plecare, nu ezitati sa ne contactati.<\/p>\n\n\n\n<figure class=\"wp-block-image size-full\"><a href=\"https:\/\/laspalmas.md\/wp-content\/uploads\/2023\/07\/Pool_view_2_P.jpg\"><img loading=\"lazy\" width=\"800\" height=\"486\" src=\"https:\/\/laspalmas.md\/wp-content\/uploads\/2023\/07\/Pool_view_2_P.jpg\" alt=\"\" class=\"wp-image-6139\" srcset=\"https:\/\/laspalmas.md\/wp-content\/uploads\/2023\/07\/Pool_view_2_P.jpg 800w, https:\/\/laspalmas.md\/wp-content\/uploads\/2023\/07\/Pool_view_2_P-300x182.jpg 300w, https:\/\/laspalmas.md\/wp-content\/uploads\/2023\/07\/Pool_view_2_P-768x467.jpg 768w\" sizes=\"(max-width: 800px) 100vw, 800px\" \/><\/a><\/figure>\n\n\n\n<figure class=\"wp-block-image size-full\"><a href=\"https:\/\/laspalmas.md\/wp-content\/uploads\/2023\/07\/Pool_2_P.jpg\"><img loading=\"lazy\" width=\"714\" height=\"576\" src=\"https:\/\/laspalmas.md\/wp-content\/uploads\/2023\/07\/Pool_2_P.jpg\" alt=\"\" class=\"wp-image-6140\" srcset=\"https:\/\/laspalmas.md\/wp-content\/uploads\/2023\/07\/Pool_2_P.jpg 714w, https:\/\/laspalmas.md\/wp-content\/uploads\/2023\/07\/Pool_2_P-300x242.jpg 300w\" sizes=\"(max-width: 714px) 100vw, 714px\" \/><\/a><\/figure>\n\n\n\n<figure class=\"wp-block-image size-full\"><a href=\"https:\/\/laspalmas.md\/wp-content\/uploads\/2023\/07\/Massage_sala_P.jpg\"><img loading=\"lazy\" width=\"800\" height=\"533\" src=\"https:\/\/laspalmas.md\/wp-content\/uploads\/2023\/07\/Massage_sala_P.jpg\" alt=\"\" class=\"wp-image-6141\" srcset=\"https:\/\/laspalmas.md\/wp-content\/uploads\/2023\/07\/Massage_sala_P.jpg 800w, https:\/\/laspalmas.md\/wp-content\/uploads\/2023\/07\/Massage_sala_P-300x200.jpg 300w, https:\/\/laspalmas.md\/wp-content\/uploads\/2023\/07\/Massage_sala_P-768x512.jpg 768w\" sizes=\"(max-width: 800px) 100vw, 800px\" \/><\/a><\/figure>\n\n\n\n<figure class=\"wp-block-image size-full\"><a href=\"https:\/\/laspalmas.md\/wp-content\/uploads\/2023\/07\/Junior_Garden_View_Suite_bathroom_P.jpg\"><img loading=\"lazy\" width=\"800\" height=\"501\" src=\"https:\/\/laspalmas.md\/wp-content\/uploads\/2023\/07\/Junior_Garden_View_Suite_bathroom_P.jpg\" alt=\"\" class=\"wp-image-6142\" srcset=\"https:\/\/laspalmas.md\/wp-content\/uploads\/2023\/07\/Junior_Garden_View_Suite_bathroom_P.jpg 800w, https:\/\/laspalmas.md\/wp-content\/uploads\/2023\/07\/Junior_Garden_View_Suite_bathroom_P-300x188.jpg 300w, https:\/\/laspalmas.md\/wp-content\/uploads\/2023\/07\/Junior_Garden_View_Suite_bathroom_P-768x481.jpg 768w\" sizes=\"(max-width: 800px) 100vw, 800px\" \/><\/a><\/figure>\n\n\n\n<figure class=\"wp-block-image size-full\"><a href=\"https:\/\/laspalmas.md\/wp-content\/uploads\/2023\/07\/Full_Moon_Restaurant_P.jpg\"><img loading=\"lazy\" width=\"800\" height=\"533\" src=\"https:\/\/laspalmas.md\/wp-content\/uploads\/2023\/07\/Full_Moon_Restaurant_P.jpg\" alt=\"\" class=\"wp-image-6143\" srcset=\"https:\/\/laspalmas.md\/wp-content\/uploads\/2023\/07\/Full_Moon_Restaurant_P.jpg 800w, https:\/\/laspalmas.md\/wp-content\/uploads\/2023\/07\/Full_Moon_Restaurant_P-300x200.jpg 300w, https:\/\/laspalmas.md\/wp-content\/uploads\/2023\/07\/Full_Moon_Restaurant_P-768x512.jpg 768w\" sizes=\"(max-width: 800px) 100vw, 800px\" \/><\/a><\/figure>\n","protected":false},"excerpt":{"rendered":"<p>De la\u00a0765 \/ 7 nopti \/ persoana in Junior Garden View Suite \/ mic dejun Oferta include 7 nopti cazare in Junior Garden View Suite mic dejun Oferta nu include &#8230;<\/p>\n","protected":false},"author":1,"featured_media":6138,"parent":0,"menu_order":0,"comment_status":"closed","ping_status":"closed","template":"","meta":[],"_links":{"self":[{"href":"https:\/\/laspalmas.md\/ru\/wp-json\/wp\/v2\/pages\/6137"}],"collection":[{"href":"https:\/\/laspalmas.md\/ru\/wp-json\/wp\/v2\/pages"}],"about":[{"href":"https:\/\/laspalmas.md\/ru\/wp-json\/wp\/v2\/types\/page"}],"author":[{"embeddable":true,"href":"https:\/\/laspalmas.md\/ru\/wp-json\/wp\/v2\/users\/1"}],"replies":[{"embeddable":true,"href":"https:\/\/laspalmas.md\/ru\/wp-json\/wp\/v2\/comments?post=6137"}],"version-history":[{"count":4,"href":"https:\/\/laspalmas.md\/ru\/wp-json\/wp\/v2\/pages\/6137\/revisions"}],"predecessor-version":[{"id":6150,"href":"https:\/\/laspalmas.md\/ru\/wp-json\/wp\/v2\/pages\/6137\/revisions\/6150"}],"wp:featuredmedia":[{"embeddable":true,"href":"https:\/\/laspalmas.md\/ru\/wp-json\/wp\/v2\/media\/6138"}],"wp:attachment":[{"href":"https:\/\/laspalmas.md\/ru\/wp-json\/wp\/v2\/media?parent=6137"}],"curies":[{"name":"wp","href":"https:\/\/api.w.org\/{rel}","templated":true}]}}