{"id":6128,"date":"2023-07-11T19:17:14","date_gmt":"2023-07-11T16:17:14","guid":{"rendered":"https:\/\/laspalmas.md\/?page_id=6128"},"modified":"2023-07-11T19:44:49","modified_gmt":"2023-07-11T16:44:49","slug":"the-residence-zanzibar-resort-5","status":"publish","type":"page","link":"https:\/\/laspalmas.md\/ru\/the-residence-zanzibar-resort-5\/","title":{"rendered":"The Residence Zanzibar Resort 5*"},"content":{"rendered":"\n<div class=\"wp-block-cover aligncenter has-background-dim\"><img loading=\"lazy\" width=\"850\" height=\"569\" class=\"wp-block-cover__image-background wp-image-6154\" alt=\"\" src=\"https:\/\/laspalmas.md\/wp-content\/uploads\/2023\/07\/gallery-03-1.jpg\" data-object-fit=\"cover\" srcset=\"https:\/\/laspalmas.md\/wp-content\/uploads\/2023\/07\/gallery-03-1.jpg 850w, https:\/\/laspalmas.md\/wp-content\/uploads\/2023\/07\/gallery-03-1-300x201.jpg 300w, https:\/\/laspalmas.md\/wp-content\/uploads\/2023\/07\/gallery-03-1-768x514.jpg 768w\" sizes=\"(max-width: 850px) 100vw, 850px\" \/><div class=\"wp-block-cover__inner-container\">\n<p class=\"has-text-align-center has-large-font-size\"><strong>The Residence Zanzibar Resort 5*<\/strong><\/p>\n<\/div><\/div>\n\n\n\n<p><strong>De la\u00a01744 Euro \/ 7 nopti \/ persoana in Luxury Garden Pool Villa \/ demipensiune<\/strong><\/p>\n\n\n\n<p><\/p>\n\n\n\n<p><strong>Oferta include<\/strong><\/p>\n\n\n\n<ul><li>7 nopti cazare in Luxury Garden Pool Villa<\/li><li>demipensiune<\/li><\/ul>\n\n\n\n<p><strong>Oferta nu include<\/strong><\/p>\n\n\n\n<ul><li>tansport<\/li><li>asigurarea medicala \/ storno<\/li><\/ul>\n\n\n\n<p><\/p>\n\n\n\n<p><strong>Cazare<\/strong><\/p>\n\n\n\n<p>Aceast\u0103 proprietate este la 1 minut pe jos fa\u021b\u0103 de plaj\u0103. Acest complex spa de lux este \u00eenconjurat de gr\u0103dini, fiind situat pe propria plaj\u0103 cu nisip, la 55 de minute de mers cu ma\u0219ina de ora\u0219ul Zanzibar. Proprietatea ofer\u0103 2 restaurante \u0219i, la cerere, serviciu de majordom.<\/p>\n\n\n\n<p>Toate vilele de la The Residence Zanzibar sunt spa\u021bioase, av\u00e2nd decor elegant \u015fi vedere la gr\u0103dini. Unele dintre ele ofer\u0103 vedere la ocean. De asemenea, toate unit\u0103\u021bile de cazare sunt dotate cu o mic\u0103 piscin\u0103 privat\u0103, WiFi gratuit \u0219i TV prin satelit.<\/p>\n\n\n\n<p>The Residence Zanzibar are o piscin\u0103 \u0219i un centru de fitness cu pere\u021bi de sticl\u0103. Tratamentele spa sunt disponibile pe baza de rezervare. Oaspe\u021bii mai tineri se pot relaxa la clubul copiilor, \u00een timp ce adul\u021bii se pot destinde cu o b\u0103utur\u0103 la lounge barul Jetty.<\/p>\n\n\n\n<p>\u00cen zon\u0103 sunt disponibile diverse activit\u0103\u021bi, precum snorkelling, vizite la rezerva\u0163ia forestier\u0103 Jozani \u0219i excursii de observare a delfinilor. Satul Kizimkazi este la numai 20 de minute de mers cu ma\u0219ina de proprietate.<\/p>\n\n\n\n<p><\/p>\n\n\n\n<p class=\"has-text-align-left\"><strong>Conditii oferta<\/strong><\/p>\n\n\n\n<p>Tariful afisat este valabil in momentul editarii \/ postarii acestei oferte!<br>Locuri in limita disponibilitatii!<br>Atentie, disponibilitatea se poate schimba in orice moment, motiv pentru care va rugam sa ne contactati pentru reconfirmarea tarifelor si \/ sau a locurilor disponibile!<\/p>\n\n\n\n<p><\/p>\n\n\n\n<h4>Valabilitate oferta<\/h4>\n\n\n\n<p>Tariful afisat este valabil pentru sejururi in perioada 09 Sep 2023 &#8211; 09 Oct 2023.<br>Pentru alte date de plecare, nu ezitati sa ne contactati.<br><strong><a href=\"https:\/\/laspalmas.md\/contact-us-1\/\">Suna\u021bi acum pentru o vacanta relaxanta: 060552999 \/ 023 58 40 04<\/a><\/strong><\/p>\n\n\n\n<figure class=\"wp-block-image size-full\"><a href=\"https:\/\/laspalmas.md\/wp-content\/uploads\/2023\/07\/gallery-05.jpg\"><img loading=\"lazy\" width=\"850\" height=\"567\" src=\"https:\/\/laspalmas.md\/wp-content\/uploads\/2023\/07\/gallery-05.jpg\" alt=\"\" class=\"wp-image-6129\" srcset=\"https:\/\/laspalmas.md\/wp-content\/uploads\/2023\/07\/gallery-05.jpg 850w, https:\/\/laspalmas.md\/wp-content\/uploads\/2023\/07\/gallery-05-300x200.jpg 300w, https:\/\/laspalmas.md\/wp-content\/uploads\/2023\/07\/gallery-05-768x512.jpg 768w\" sizes=\"(max-width: 850px) 100vw, 850px\" \/><\/a><\/figure>\n\n\n\n<figure class=\"wp-block-image size-full\"><a href=\"https:\/\/laspalmas.md\/wp-content\/uploads\/2023\/07\/gallery-07.jpg\"><img loading=\"lazy\" width=\"850\" height=\"566\" src=\"https:\/\/laspalmas.md\/wp-content\/uploads\/2023\/07\/gallery-07.jpg\" alt=\"\" class=\"wp-image-6130\" srcset=\"https:\/\/laspalmas.md\/wp-content\/uploads\/2023\/07\/gallery-07.jpg 850w, https:\/\/laspalmas.md\/wp-content\/uploads\/2023\/07\/gallery-07-300x200.jpg 300w, https:\/\/laspalmas.md\/wp-content\/uploads\/2023\/07\/gallery-07-768x511.jpg 768w\" sizes=\"(max-width: 850px) 100vw, 850px\" \/><\/a><\/figure>\n\n\n\n<figure class=\"wp-block-image size-full\"><a href=\"https:\/\/laspalmas.md\/wp-content\/uploads\/2023\/07\/gallery-06.jpg\"><img loading=\"lazy\" width=\"850\" height=\"567\" src=\"https:\/\/laspalmas.md\/wp-content\/uploads\/2023\/07\/gallery-06.jpg\" alt=\"\" class=\"wp-image-6131\" srcset=\"https:\/\/laspalmas.md\/wp-content\/uploads\/2023\/07\/gallery-06.jpg 850w, https:\/\/laspalmas.md\/wp-content\/uploads\/2023\/07\/gallery-06-300x200.jpg 300w, https:\/\/laspalmas.md\/wp-content\/uploads\/2023\/07\/gallery-06-768x512.jpg 768w\" sizes=\"(max-width: 850px) 100vw, 850px\" \/><\/a><\/figure>\n\n\n\n<figure class=\"wp-block-image size-full\"><a href=\"https:\/\/laspalmas.md\/wp-content\/uploads\/2023\/07\/gallery-04.jpg\"><img loading=\"lazy\" width=\"850\" height=\"567\" src=\"https:\/\/laspalmas.md\/wp-content\/uploads\/2023\/07\/gallery-04.jpg\" alt=\"\" class=\"wp-image-6132\" srcset=\"https:\/\/laspalmas.md\/wp-content\/uploads\/2023\/07\/gallery-04.jpg 850w, https:\/\/laspalmas.md\/wp-content\/uploads\/2023\/07\/gallery-04-300x200.jpg 300w, https:\/\/laspalmas.md\/wp-content\/uploads\/2023\/07\/gallery-04-768x512.jpg 768w\" sizes=\"(max-width: 850px) 100vw, 850px\" \/><\/a><\/figure>\n\n\n\n<figure class=\"wp-block-image size-full\"><a href=\"https:\/\/laspalmas.md\/wp-content\/uploads\/2023\/07\/gallery-02.jpg\"><img loading=\"lazy\" width=\"850\" height=\"567\" src=\"https:\/\/laspalmas.md\/wp-content\/uploads\/2023\/07\/gallery-02.jpg\" alt=\"\" class=\"wp-image-6133\" srcset=\"https:\/\/laspalmas.md\/wp-content\/uploads\/2023\/07\/gallery-02.jpg 850w, https:\/\/laspalmas.md\/wp-content\/uploads\/2023\/07\/gallery-02-300x200.jpg 300w, https:\/\/laspalmas.md\/wp-content\/uploads\/2023\/07\/gallery-02-768x512.jpg 768w\" sizes=\"(max-width: 850px) 100vw, 850px\" \/><\/a><\/figure>\n","protected":false},"excerpt":{"rendered":"<p>De la\u00a01744 Euro \/ 7 nopti \/ persoana in Luxury Garden Pool Villa \/ demipensiune Oferta include 7 nopti cazare in Luxury Garden Pool Villa demipensiune Oferta nu include tansport &#8230;<\/p>\n","protected":false},"author":1,"featured_media":0,"parent":0,"menu_order":0,"comment_status":"closed","ping_status":"closed","template":"","meta":[],"_links":{"self":[{"href":"https:\/\/laspalmas.md\/ru\/wp-json\/wp\/v2\/pages\/6128"}],"collection":[{"href":"https:\/\/laspalmas.md\/ru\/wp-json\/wp\/v2\/pages"}],"about":[{"href":"https:\/\/laspalmas.md\/ru\/wp-json\/wp\/v2\/types\/page"}],"author":[{"embeddable":true,"href":"https:\/\/laspalmas.md\/ru\/wp-json\/wp\/v2\/users\/1"}],"replies":[{"embeddable":true,"href":"https:\/\/laspalmas.md\/ru\/wp-json\/wp\/v2\/comments?post=6128"}],"version-history":[{"count":2,"href":"https:\/\/laspalmas.md\/ru\/wp-json\/wp\/v2\/pages\/6128\/revisions"}],"predecessor-version":[{"id":6156,"href":"https:\/\/laspalmas.md\/ru\/wp-json\/wp\/v2\/pages\/6128\/revisions\/6156"}],"wp:attachment":[{"href":"https:\/\/laspalmas.md\/ru\/wp-json\/wp\/v2\/media?parent=6128"}],"curies":[{"name":"wp","href":"https:\/\/api.w.org\/{rel}","templated":true}]}}