{"id":6081,"date":"2023-04-07T09:51:55","date_gmt":"2023-04-07T06:51:55","guid":{"rendered":"https:\/\/laspalmas.md\/?page_id=6081"},"modified":"2023-04-07T09:53:44","modified_gmt":"2023-04-07T06:53:44","slug":"conditiile-de-asigurare-a-bagajelor-de-avion","status":"publish","type":"page","link":"https:\/\/laspalmas.md\/ru\/conditiile-de-asigurare-a-bagajelor-de-avion\/","title":{"rendered":"Condi\u021biile de asigurare a Bagajelor de Avion"},"content":{"rendered":"\n<ol><li><strong>NO\u0162IUNI GENERALE, OBIECTUL CONDI\u021aIILOR<\/strong><ol><li>CONTRACTANTUL ASIGUR\u0102RII \/ASIGURAT achit\u0103 ASIGUR\u0102TORULUI prima de asigurare, iar ASIGUR\u0102TORUL, la producerea cazului asigurat, achit\u0103 BENEFICIARULUI desp\u0103gubirea de asigurare \u00een valoarea, termenul \u015fi condi\u0163iile stipulate \u00een Contractul de asigurare, \u00eencheiat cu respectarea prevederilor legisla\u0163iei Republicii Moldova \u00een vigoare \u015fi a Condi\u0163iilor de asigurare a Asigur\u0103torului.<\/li><li>BENEFICIARUL asigur\u0103rii: pasagerul, proprietarul Bagajului..<\/li><li>Asigur\u0103torul \u00ee\u015fi asum\u0103 obliga\u0163ia de a asigura Bagajul Beneficiarului, care este transportat cu transportul aerian de c\u0103tre Companie Aeriana.<\/li><li>Caracteristicile \u00eenc\u0103rc\u0103turii transportate:\u00a0<br><strong>Bagaj asigurat:<\/strong>\u00a0totalitatea bagajelor turistice (inclusiv con\u0163inutul acestora, cu respectarea excluderilor precizate la cap. 10 al prezentului Contract) \u00eenchise cu fermoar sau capac (geant\u0103 de voiaj, valiz\u0103, geamantan, troller), destinate transportului de obiecte cu greutate combinat\u0103 mai mare\u00a0de <span class=\"has-inline-color has-vivid-red-color\">5 kilograme<\/span>, cu care Beneficiarul c\u0103l\u0103tore\u015fte pe parcursul perioadei de zbor avia.<ul><li>tipul de transport \u0219i caracteristicile transportului \u2013 aerian, conform biletului avia;<\/li><li>num\u0103rul navei &#8211; conform biletului avia<\/li><li>data plec\u0103rii &#8211; conform biletului avia;<\/li><li>ruta de transport &#8211; conform biletului avia.<\/li><\/ul><\/li><li>Decizia de plata a despagubirii va fi emisa in cel tarziu 15 zile din momentul prezentarii tuturor documentelor confirmative.<\/li><\/ol><\/li><li><strong>OBIECTUL ASIGUR\u0102RII, MODUL DE \u00ceNCHEIERE A CONTRACTULUI DE ASIGURARE<\/strong><ol><li>Obiect asigurat sunt interesele patrimoniale ale BENEFICIARULUI, care nu contravin legisla\u0163iei Republicii Moldova, ce \u0163in de posesia, folosin\u0163a \u015fi dispozi\u0163ia Bagajului, \u00een procesul transport\u0103rii lui de c\u0103tre Operatori aerieni conform biletului avia, pe cale aeriana.<\/li><li>Contractul de asigurare se \u00eencheie pentru o transportare de Bagaj.<\/li><\/ol><\/li><li><strong>RISCURILE DE ASIGURARE<\/strong><ol><li>\u00cen conformitate cu Condi\u0163iile ale Asigur\u0103torului, conform Contractului de asigurare Asigur\u0103torul acord\u0103 desp\u0103gubiri pentru pagubele produse Bagajelor de c\u0103l\u0103torie asigurate cauzate de urmatoarele riscuri, in Perioada asigurata:<ul><li>Pierderea, distrugerea sau deteriorarea bagajelor, aflate \u00een custodia transportatorului (perioada de timp dintre ora ambarc\u0103rii, confirmat\u0103 de c\u0103tre compania de transport \u015fi ridicarea bagajului de la compania de transport, pe durata unei c\u0103l\u0103torii cu mijlocul de transport avia),<\/li><li>Furtul bagajelor prin efrac\u0163ie sau prin acte de t\u00e2lh\u0103rie, declarat astfel de c\u0103tre institu\u021biile competente de stat.<\/li><\/ul><\/li><\/ol><\/li><li><strong>VALABILITATEA CONTRACTULUI<\/strong><ol><li>Valabilitatea Contractului de asigurare: perioada transport\u0103rii Bagajului de c\u0103tre Operatori aerieni conform biletului avia, pe cale aeriana<\/li><li>R\u0103spunderea Asigur\u0103torului \u00eencepe din momentul \u00een care Bagajul este transmis organiza\u0163iei de transport din punctul de expediere \u015fi continu\u0103 pe \u00eentreg decursul perioadei de transportare (incluz\u00e2nd la \u00een\u0163elegerea p\u0103r\u0163ilor, timpul de re\u00eenc\u0103rcare \u015fi transbordare, precum \u015fi de p\u0103strare la depozitele din punctele de re\u00eenc\u0103rcare \u015fi transbordare) p\u00e2n\u0103 la sosirea Bagajului la locul de destina\u021bie.<\/li><li>Poli\u0163a de asigurare este parte indispensabil\u0103 a Contractului de asigurare.<\/li><\/ol><\/li><li><strong>SUMA ASIGURAT\u0102<\/strong><ol><li>Bagajele, \u00een baza Contractului de asigurare, se iau \u00een asigurare \u00een limita r\u0103spunderii Asiguratorului.<\/li><li>Limita maxim\u0103 de desp\u0103gubire este 1 450 EUR\/persoan\u0103\/pe eveniment \u015fi \u00een total pe Perioada de asigurare, astfel:<ul><li>Bagaje pierdute \u2013 se acord\u0103 o indemniza\u0163ie de 20 EUR\/kg, max. 25 kg;<\/li><li>Bagaje furate \u2013 se acord\u0103 o indemniza\u0163ie de max. 450 EUR \u00een func\u021bie de pre\u0163ul de pia\u0163\u0103 al obiectelor din bagajul respectiv;<\/li><li>Bagaje deteriorate &#8211; se acord\u0103 o indemniza\u0163ie de max. 250 EUR \u00een func\u021bie de pre\u0163ul de pia\u0163\u0103 al obiectelor din bagajul respectiv;Beneficiarul este obligat s\u0103 prezinte documente confirmative (chitan\u0163a, factura, bon de cas\u0103 semnat \u015fi \u015ftampilat etc.) din care s\u0103 rezulte dreptul de proprietate al BENEFICIARULUI asupra bunurilor con\u021binute \u00een bagajul declarat pierdut;<\/li><\/ul><\/li><li>Fran\u015fiza nu se aplic\u0103.<\/li><\/ol><\/li><li><strong>PRIMELE DE ASIGURARE<\/strong><ol><li>Prima de asigurare se stabile\u0219te in marime de 2 EURO.<\/li><li>Prima de asigurare se achit\u0103 integral, la \u00eencheierea Contractului de asigurare prin transfer bancar sau \u00een casierie \u00een MDL, conform cursului oficial stabilit de BNM la ziua achit\u0103rii.<\/li><\/ol><\/li><li><strong>DREPTURILE \u015eI OBLIGA\u0162IUNILE P\u0102R\u0162ILOR<\/strong><ol><li>Asigur\u0103torul se oblig\u0103:<ul class=\"\"><li>s\u0103-l familiarizeze pe CONTRACTANTUL ASIGUR\u0102RII \/ASIGURATUL\/BENEFICIARUL cu Condi\u0163iile de asigurare;<\/li><li>s\u0103 efectueze asigurarea Bagajelor transportate \u00een conformitate cu Condi\u0163ii \u015fi legisla\u0163ia \u00een vigoare a RM;<\/li><li>s\u0103 nu divulge date despre CONTRACTANT ASIGUR\u0102RII \/ASIGURAT\/BENEFICIAR \u015fi situa\u0163ia lui material\u0103, cu excep\u0163ia cazurilor prev\u0103zute de legisla\u0163ia Republicii Moldova;<\/li><li>la apari\u0163ia dreptului Beneficiarului de a primi desp\u0103gubirea de asigurare s\u0103 efectueze plata \u00een termene de 30 zile de la prezentarea de c\u0103tre Beneficiar a tuturor documentelor \u00een m\u0103rimea stabilit\u0103 \u00een rezultatul investiga\u0163iilor finisate.<\/li><\/ul><\/li><li>Asigur\u0103torul are dreptul: s\u0103 refuze par\u0163ial sau complet recuperarea prejudiciului \u00een cazurile prev\u0103zute de Condi\u0163ii de asigurare \u015fi de condi\u0163iile Contractului de asigurare.<\/li><li>CONTRACTANTUL ASIGUR\u0102RII \/ASIGURATUL este obligat:<ul><li>s\u0103 pl\u0103teasc\u0103 la timp Asigur\u0103torului prima de asigurare stabilit\u0103 de contractul de asigurare;<\/li><\/ul><\/li><li>BENEFICIAR este obligat:<ul><li>s\u0103 prezinte la cererea Asigur\u0103torului orice acte care confirm\u0103 desf\u0103\u015furarea transport\u0103rii \u00eenc\u0103rc\u0103turii pe parcursul termenului de ac\u0163iune al prezentului contract;<\/li><li>s\u0103 informeze Asigur\u0103torul despre toate contractele de asigurare \u00eencheiate sau \u00een curs de \u00eencheiere \u00een privin\u0163a obiectului asigur\u0103rii respectiv;<\/li><li>s\u0103 transmit\u0103 Asigur\u0103torului dreptul de subrogare;<\/li><li>s\u0103 informeze Asigur\u0103torul imediat, cum va afla, despre eveniment ce denot\u0103 caracteristicile specifice unui caz asigurat.<\/li><\/ul><\/li><li>BENEFICIAR are dreptul:<ul><li>s\u0103 primeasc\u0103 desp\u0103gubirea de asigurare, cu condi\u0163ia respect\u0103rii tuturor prevederilor Contractului de asigrare \u015fi Condi\u0163iilor.<\/li><\/ul><\/li><\/ol><\/li><li><strong>AC\u0162IUNILE BENEFICIARULUI LA SURVENIREA CAZULUI ASIGURAT<\/strong><ol><li>La survenirea cazului asigurat, BENEFICIAR este obligat:<ul><li>s\u0103 se prezinte personal, imediat la biroul Bagaje Pierdute din cadrul aeroportului, \u00een cazul \u00een care dup\u0103 debarcare nu \u00ee\u015fi g\u0103se\u015fte bagajul \u00een zona destinat\u0103 recuper\u0103rii bagajelor;<\/li><li>sa completeze formularele speciale cu informa\u0163iile solicitate (date personale, traseul, date despre bagaje) in vederea recuperarii bagajelor de calatorie;<\/li><li>s\u0103 anun\u0163e institu\u021biile competente de stat imediat sau c\u00e2t mai cur\u00e2nd posibil, dar nu mai t\u00e2rziu de 24 de ore de la producerea evenimentului in cazul \u00een care este victima unui furt de bagaje;<\/li><li>\u00een cazul producerii unui Eveniment asigurat prin Poli\u0163\u0103, BENEFICIAR este obligat s\u0103 anun\u0163e Asigur\u0103torul in termen de 48 de ore de la producerea evenimentului asigurat sau 3 zile lucr\u0103toare de la \u00eentoarcerea \u00een \u0163ar\u0103;<\/li><\/ul><\/li><li>BENEFICIAR trebuie s\u0103 comunice Asigur\u0103torului, toate informa\u0163iile pe care le cunoa\u015fte privind producerea evenimentului asigurat \u015fi s\u0103 \u00eei pun\u0103 la dispozi\u0163ie orice document pe care \u00eel de\u0163ine \u00een leg\u0103tur\u0103 cu acesta.<\/li><\/ol><\/li><li><strong>CONSTATAREA, EVALUAREA SI PLATA DESPAGUBIRILOR<\/strong><ol><li>Cuantumul despagubirii nu va depasi limita de desp\u0103gubire stabilita de Contract de asigurare \u00een baza actelor\/documentelor confirmative;<\/li><li>BENEFICIARUL poate solicita desp\u0103gubiri pentru furtul bagajului numai dac\u0103 acesta nu a fost recuperat \u00een termen de 30 de zile de la data producerii Evenimentului asigurat. \u00cen cazul \u00een care ulterior \u00eencas\u0103rii desp\u0103gubirii, bagajul este recuperat, BENEFICIARUL este obligat s\u0103 \u00een\u015ftiin\u0163eze \u015fi s\u0103 restituie desp\u0103gubirea de asigurare primit\u0103, \u00een termen de max. 10 zile de la data recuper\u0103rii.<\/li><li>Cererea de desp\u0103gubire va fi \u00eenso\u0163it\u0103 de urm\u0103toarele documente:<ul><li>declara\u0163ia BENEFICIARULUI cu privire la producerea evenimentului asigurat;<\/li><li>formularul completat la biroul de reclama\u0163ii pentru bagaje al aeroportului de destina\u0163ie (Lost&#038;Found);<\/li><li>biletul de transport pentru c\u0103l\u0103toria pe parcursul c\u0103ruia s-au produs evenimentele asigurate, cu tichetul de predare a bagajelor implicate \u00een Evenimentul asigurat;<\/li><li>\u00een cazul pierderii bagajelor: \u00een\u015ftiin\u0163are scris\u0103 de la compania de transport c\u0103 aceasta a \u00eencetat s\u0103 mai caute bagajul \u015fi \u00eel consider\u0103 definitiv pierdut;<\/li><li>\u00een cazul furtului bagajelor: un document care s\u0103 ateste \u00eenregistrarea incidentului produs \u0219i copia pl\u00e2ngerii depuse de BENEFICIAR la institu\u021biile competente de stat;<\/li><li>Poli\u0163a de asigurare;<\/li><li>orice alte documente necesare pentru solu\u0163ionarea cererii.<\/li><\/ul><\/li><li>\u00cen cazul \u00een care furtul, pierderea sau deterior\u0103rii bagajului reprezint\u0103 un Eveniment asigurat conform prezentului Contract, Asigur\u0103torul va pl\u0103ti sumele cuvenite \u00een termen de 15 zile lucr\u0103toare de la data depunerii ultimului document necesar pentru solu\u0163ionarea dosarului de daun\u0103.<\/li><\/ol><\/li><li><strong>EXCLUDERI DIN ASIGURARE \u015eI LIMITAREA R\u0102SPUNDERII ASIGUR\u0102TORULUI<\/strong>\u00a0<br>Pe l\u00e2ng\u0103 excluderile prev\u0103zute \u00een Condi\u0163iile de asigurare a \u00eenc\u0103rc\u0103turilor transportate, Asigur\u0103torul nu acord\u0103 desp\u0103gubiri nici pentru:<ol><li>bagaje care sunt destinate transportului de obiecte cu o greutate combinat\u0103 mai mic\u0103 de 5 kilograme inclusiv, de exemplu gen\u0163i de um\u0103r, borsete, po\u015fete, saco\u015fe, pungi;<\/li><li>bagaje care nu sunt transportate \u00een aceea\u015fi c\u0103l\u0103torie cu BENEFICIAR;<\/li><li>furtul\/pierderea bagajelor pe teritoriile \u0163\u0103rilor \u00een care BENEFICIAR posed\u0103 cet\u0103\u0163enie, domiciliu sau re\u015fedin\u0163\u0103;<\/li><li>orice cerere de desp\u0103gubire \u00een leg\u0103tura cu producerea unor evenimente asigurate, \u00een situa\u0163ia \u00een care BENEFICIARUL nu a depus o reclama\u0163ie la compania de transport, \u00een max. 24 ore de la data descoperirii \u015fi pentru care nu s-a emis un raport oficial scris;<\/li><li>obiecte fragile, banii lichizi sau monedele de orice natura sau specie (incluz\u00e2nd colec\u0163iile sau piesele singulare de valoare numismatica), cecuri, titluri \u015fi obliga\u0163iuni de orice fel, acte, bilete de calatorie, colec\u0163ii de timbre si bijuterii, tabloruri, sculpturi, bijuterii, ceasuri, obiecte pre\u0163ioase\/cu valoare artistic\u0103\/\u015ftii\u0163ific\u0103\/istoric\u0103 \u00een general, precum \u015fi orice materiale sau obiecte al caror transport nu este acceptat de regulamentele de transport de calatori;<\/li><li>con\u0163inutul bagajelor constand \u00een haine de blan\u0103, produse alimentare\/perisabile, echipament pentru sporturi de iarna, obiectele folosite \u00een domenii specializate ca de exemplu: echipamente medicale, articole tehnice sau accesorii, echipamente profesionale, electronice, instrumente muzicale, telefoane mobile, lentile de contact, proteze\/orteze;<\/li><li>\u00eent\u00e2rzierile de recuperare a bagajelor \u00een situa\u0163iile \u00een care BENEFICIARULUI nu \u00eei este permis s\u0103 c\u0103l\u0103toreasc\u0103 (i se interzice \u00eembarcarea sau este debarcat \u00eenainte de decolare\/plecare) dup\u0103 ce a depus bagajele pentru transport;<\/li><li>bagaje re\u0163inute de autorit\u0103\u0163i, \u00eent\u00e2rzirea bagajelor din cauza unor ac\u0163iuni ale poli\u0163iei\/organelor vamale sau a altor organe abilitate s\u0103 le re\u0163in\u0103;<\/li><li>bagaje furate din cauza neglijen\u0163ei BENEFICIARULUI;<\/li><li>bagaje l\u0103sate nesupravegheate \u00een spa\u0163ii deschise (balcoane, coridoare, terase);<\/li><li>daunele provocate de greve ale angaja\u0163ilor companiei de transport, aeroporturilor\/autog\u0103rilor\/g\u0103rilor\/porturilor, agen\u0163ilor de securitate, vame\u015filor;<\/li><li>pierderi financiare \u015fi daune de consecin\u0163\u0103 (de exemplu lipsa folosin\u0163ei bunurilor).<\/li><\/ol><\/li><li><strong>EXAMINAREA LITIGIILOR<\/strong><ol><li>Toate preten\u0163iile \u015fi litigiile dintre Asigur\u0103tor \u015fi CONTRACTANTUL ASIGUR\u0102RII \/ASIGURATUL\/BENEFICIAR sunt solu\u0163ionate pe calea tratativelor.<\/li><li>\u00cen caz de e\u015fuare a tratativelor dintre p\u0103r\u0163i, toate preten\u0163iile \u015fi litigiile dintre Asigur\u0103tor \u015fi CONTRACTANTUL ASIGUR\u0102RII \/ASIGURATUL\/BENEFICIAR sunt solu\u0163ionate \u00een conformitate cu legisla\u0163ia Republicii Moldova.<\/li><li>Preten\u0163iile pot fi \u00eenaintate \u00een limitele termenului de prescrip\u0163ie a ac\u0163iunii, stabilit de legisla\u0163ia Republicii Moldova, din momentul intr\u0103rii \u00een dreptul la subrogare.<\/li><\/ol><\/li><\/ol>\n","protected":false},"excerpt":{"rendered":"<p>NO\u0162IUNI GENERALE, OBIECTUL CONDI\u021aIILOR CONTRACTANTUL ASIGUR\u0102RII \/ASIGURAT achit\u0103 ASIGUR\u0102TORULUI prima de asigurare, iar ASIGUR\u0102TORUL, la producerea cazului asigurat, achit\u0103 BENEFICIARULUI desp\u0103gubirea de asigurare \u00een valoarea, termenul \u015fi condi\u0163iile stipulate \u00een &#8230;<\/p>\n","protected":false},"author":1,"featured_media":6071,"parent":0,"menu_order":0,"comment_status":"closed","ping_status":"closed","template":"","meta":[],"_links":{"self":[{"href":"https:\/\/laspalmas.md\/ru\/wp-json\/wp\/v2\/pages\/6081"}],"collection":[{"href":"https:\/\/laspalmas.md\/ru\/wp-json\/wp\/v2\/pages"}],"about":[{"href":"https:\/\/laspalmas.md\/ru\/wp-json\/wp\/v2\/types\/page"}],"author":[{"embeddable":true,"href":"https:\/\/laspalmas.md\/ru\/wp-json\/wp\/v2\/users\/1"}],"replies":[{"embeddable":true,"href":"https:\/\/laspalmas.md\/ru\/wp-json\/wp\/v2\/comments?post=6081"}],"version-history":[{"count":1,"href":"https:\/\/laspalmas.md\/ru\/wp-json\/wp\/v2\/pages\/6081\/revisions"}],"predecessor-version":[{"id":6082,"href":"https:\/\/laspalmas.md\/ru\/wp-json\/wp\/v2\/pages\/6081\/revisions\/6082"}],"wp:featuredmedia":[{"embeddable":true,"href":"https:\/\/laspalmas.md\/ru\/wp-json\/wp\/v2\/media\/6071"}],"wp:attachment":[{"href":"https:\/\/laspalmas.md\/ru\/wp-json\/wp\/v2\/media?parent=6081"}],"curies":[{"name":"wp","href":"https:\/\/api.w.org\/{rel}","templated":true}]}}