{"id":6076,"date":"2023-04-07T09:42:50","date_gmt":"2023-04-07T06:42:50","guid":{"rendered":"https:\/\/laspalmas.md\/?page_id=6076"},"modified":"2023-04-07T09:50:34","modified_gmt":"2023-04-07T06:50:34","slug":"calatoria-cu-pasaportul-biometric-tot-ce-trebuie-sa-stii-ca-sa-nu-ai-probleme-cand-pleci-peste-hotare","status":"publish","type":"page","link":"https:\/\/laspalmas.md\/ru\/calatoria-cu-pasaportul-biometric-tot-ce-trebuie-sa-stii-ca-sa-nu-ai-probleme-cand-pleci-peste-hotare\/","title":{"rendered":"C\u0103l\u0103toria cu Pa\u0219aportul Biometric!"},"content":{"rendered":"\n<p><strong>Tot ce trebuie s\u0103 \u0219tii ca s\u0103 nu ai probleme c\u00e2nd pleci peste hotare!<\/strong><\/p>\n\n\n\n<p><span class=\"has-inline-color has-vivid-red-color\"><strong>IMPORTANT:\u00a0<\/strong>V\u0103 aten\u021bion\u0103m c\u0103 fiecare pasager are OBLIGA\u021aIA de a se interesa \u0219i asigura cu privire la ce acte<\/span> <span class=\"has-inline-color has-vivid-red-color\">permisive sunt nevoie pentru intrarea \u00een statul de destina\u021bie. Zbor.md vinde doar bilete de avion, nu poart\u0103 r\u0103spundere pentru REFUZ la \u00eembarcare din cauza oric\u0103rei restric\u021bii impuse de statul de destina\u021bie!<\/span><\/p>\n\n\n\n<p>De citiva ani \u00een \u021bara noastr\u0103 se emit doar pa\u0219apoarte biometrice (cu cip). Cu toate acestea, nu to\u021bi cona\u021bionalii no\u0219tri care inten\u021bioneaz\u0103 s\u0103 c\u0103l\u0103toreasc\u0103 peste hotare cunosc toate nuan\u021bele acestui subiect.\u00a0<\/p>\n\n\n\n<p><strong>Agentia de Turism Las Palmas Tour<\/strong> a decis s\u0103 v\u0103 atrag\u0103 aten\u021bia asupra aspectelor esen\u021biale ce \u021bin de perfectarea pa\u0219aportului biometric, precum \u0219i facilit\u0103\u021bile pe care le ofer\u0103 acest tip de document.<\/p>\n\n\n\n<p>\u00cenainte s\u0103 zbori undeva, un lucru important pe care trebuie s\u0103-l \u0219tii sau, dac\u0103 deja \u00eel cuno\u0219ti s\u0103 nu-l ui\u021bi, este urm\u0103torul: compania aerian\u0103 nu poart\u0103 nici o r\u0103spundere pentru existen\u0163a, veridicitatea \u015fi corectitudinea perfect\u0103rii actelor necesare pentru c\u0103l\u0103torie. Mai mult, compania aerian\u0103 nu-\u015fi asum\u0103 responsabilitatea pentru pierderile sau cheltuielile suportate de pasager din cauza nerespect\u0103rii legilor, ordonan\u0163elor, regulilor \u015fi instruc\u0163iunilor organelor competente de stat.<\/p>\n\n\n\n<p>Cu alte cuvinte, e\u0219ti pe cont propriu.<\/p>\n\n\n\n<p>Ca s\u0103 nu-\u021bi scape nici un detaliu important care, surprinz\u0103tor, te poate \u00eentoarce \u00eenapoi acas\u0103 \u2013 trebuie s\u0103 \u0219tii cui s\u0103-\u021bi adresezi \u00eentreb\u0103rile. Informa\u0163ia oficial\u0103 referitoare la documentele necesare o po\u0163i primi numai la consulatul \u0163\u0103rii de destina\u0163ie.<\/p>\n\n\n\n<p><strong>Care este specificul spa\u021biului Schengen?<\/strong><\/p>\n\n\n\n<p>Dac\u0103 de\u021bii pa\u0219aport biometric \u0219i planifici s\u0103 pleci \u00een UE, te obligi s\u0103 respec\u021bi 4 reguli. Nerespect\u00e2nd cel pu\u021bin una dintre ele, ri\u0219ti s\u0103 fii \u00eentors \u00eenapoi la aeroportul din Chi\u0219in\u0103u, s\u0103 pl\u0103te\u0219ti o amend\u0103 de p\u00e2n\u0103 la 3000 de euro \u0219i s\u0103 te treze\u0219ti cu interdic\u021bia de a intra \u00eentr-o \u021bar\u0103 sau alta din spa\u021biul Schengen (sau chiar cu interdic\u021bia de a intra \u00een general \u00een spa\u021biul Schengen \u00een urm\u0103torii 5 ani). Mai mult, te-ar putea afecta \u0219i urm\u0103toarele consecin\u021be: conform legisla\u021biei interna\u021bionale \u0219i na\u021bionale, e\u0219ti obligat s\u0103 achi\u021bi biletul retur dac\u0103 nu \u00eel de\u021bii, s\u0103 achi\u021bi pentru cazare, hran\u0103, traduc\u0103tor, convorbiri telefonice etc. \u00cen cazul \u00een care refuzi achitarea cheltuielilor, compania aerian\u0103 \u00ee\u0219i rezerv\u0103 dreptul de a apela la instan\u021ba de judecat\u0103 pentru recuperarea cheltuielilor privind transportarea \u0219i \u00eentre\u021binerea ta ca pasager.<\/p>\n\n\n\n<p>Astfel, c\u00e2nd ie\u0219i din Moldova \u00ee\u021bi recomand\u0103m s\u0103 ai:<\/p>\n\n\n\n<ul><li>Asigurare medical\u0103&nbsp;<strong>pe perioada vizitei<\/strong>;<\/li><li>Invita\u021bie (dup\u0103 caz) sau rezervare&nbsp;<strong>valabil\u0103<\/strong>&nbsp;a hotelului&nbsp;<strong>pe perioada vizitei<\/strong>;<\/li><li>Bani (aproximativ 50 euro&nbsp;<strong>pentru fiecare zi<\/strong>) sau alte dovezi de finan\u021bare (cecuri de c\u0103l\u0103torie, c\u0103r\u0163i personale de credit, burse, precum \u015fi scrisori de garan\u0163ie \u015fi invita\u0163ie).<\/li><\/ul>\n\n\n\n<p>Pe l\u00e2ng\u0103 aceste 3 puncte, s-ar putea s\u0103 \u021bi se mai solicite urm\u0103toarele documente:<\/p>\n\n\n\n<ul><li>dovezi privind cazarea;<\/li><li>confirm\u0103ri de la institu\u0163iile de \u00eenv\u0103\u0163\u0103m\u00e2nt \u00een cazul vizitelor de studii;<\/li><li>datele de contact ale persoanei gazd\u0103.<\/li><\/ul>\n\n\n\n<p><strong>Ce-\u021bi ofer\u0103 pa\u0219aportul biometric \u0219i ce NU-\u021bi ofer\u0103<\/strong><\/p>\n\n\n\n<p>Din aprilie 2014 cet\u0103\u0163enii Republicii Moldova care de\u0163in pa\u015fapoarte biometrice pot c\u0103l\u0103tori f\u0103r\u0103 vize (cele de tipul C) pe termen scurt, adic\u0103 90 de zile de aflare timp de 6 luni. Acest regim simplificat se refer\u0103 la urm\u0103toarele \u021b\u0103ri:<\/p>\n\n\n\n<ul><li>statele membre ale UE<strong>&nbsp;care fac parte din spa\u0163iul Schengen<\/strong>: Portugalia, Spania, Fran\u0163a, Germania, Belgia, Luxemburg, Olanda, Italia, Danemarca, Suedia, Finlanda, Austria, Grecia, Polonia, Slovacia, Slovenia, Ungaria, Republica Ceh\u0103, Letonia, Lituania, Estonia \u015fi Malta.<\/li><li>statele membre ale UE<strong>&nbsp;care nu de\u0163in statutul deplin de stat membru Schengen<\/strong>: Cipru, Croa\u0163ia, Rom\u00e2nia \u015fi Bulgaria.<\/li><li>statele&nbsp;<strong>asociate ale spa\u0163iului Schengen<\/strong>: Islanda, Liechtenstein, Norvegia \u015fi Elve\u0163ia.<\/li><\/ul>\n\n\n\n<p>Dac\u0103 vrei s\u0103 c\u0103l\u0103tore\u0219ti \u00een Marea Britanie sau Irlanda, vei avea nevoie de viz\u0103. Aceste dou\u0103 \u021b\u0103ri non-Schengen nu intr\u0103 \u00een regimul f\u0103r\u0103 vize. \u201eCentrul de solicitare a vizelor britanice\u201d \u2013 a\u0219a se nume\u0219te institu\u021bia de care ai nevoie pentru a primi viz\u0103 de intrare \u00een cele dou\u0103 \u021b\u0103ri. Se afl\u0103 \u00een Chi\u0219in\u0103u, str. Tighina 49\/3, biroul 54.<\/p>\n\n\n\n<p>Regimul f\u0103r\u0103 vize&nbsp;<strong>nu ofer\u0103 dreptul la<\/strong>: angajarea \u00een c\u00e2mpul muncii, migra\u0163ie, \u00eentregirea familiei sau studii care dep\u0103\u0219esc 90 de zile. Pentru munc\u0103, migra\u0163ie sau studii este nevoie de viz\u0103&nbsp;<strong>pe termen lung<\/strong>&nbsp;\u2013 viza de tip D (viza na\u0163ional\u0103).<\/p>\n\n\n\n<p><strong>Unde \u00ee\u021bi po\u021bi face pa\u0219aportul biometric<\/strong><\/p>\n\n\n\n<p>La orice oficiu teritorial al \u00centreprinderii de Stat \u201eRegistru\u201d sau la orice ambasad\u0103\/oficiu consular al Republicii Moldova peste hotare.<\/p>\n\n\n\n<p><strong>C\u00e2t cost\u0103 perfectarea pa\u0219aportului biometric<\/strong><\/p>\n\n\n\n<p>Pre\u021bul depinde de c\u00e2t de urgent ai nevoie de pa\u0219aport. Dac\u0103 e\u0219ti gata s\u0103 a\u0219tep\u021bi 30 de zile \u2013 vei achita 850 de lei. Dac\u0103 vrei ca pa\u0219aportul s\u0103-\u021bi fie \u00eenm\u00e2nat \u00eentr-o or\u0103 \u2013 te va costa 2980 de lei. Pe l\u00e2ng\u0103 aceste op\u021biuni de timp, mai po\u021bi alege termenul de 15 zile \/ 10 zile \/ 5 zile \/ 24 ore \/ 6 ore \/ 3 ore. Lista detaliat\u0103 de pre\u021buri o g\u0103se\u0219ti&nbsp;<a href=\"http:\/\/www.registru.md\/ro\/pasaportul-cetateanului-rm\/termen-si-tarife-eliberarea-pasaportului\"><strong>aici<\/strong><\/a>.<\/p>\n\n\n\n<p><strong>Cerin\u021bele UE fa\u021b\u0103 de pa\u0219aportul t\u0103u biometric<\/strong><\/p>\n\n\n\n<p>Dac\u0103 vrei s\u0103 ajungi \u00een UE, ai \u00een vedere ca pa\u0219aportul t\u0103u s\u0103 fie valabil \u00eenc\u0103 minim 3 luni de la data \u00eentoarcerii preconizate \u00een Moldova. Totodat\u0103, actul trebuie s\u0103 fie eliberat \u00een ultimii 10 ani.<\/p>\n\n\n\n<p><strong>Cum c\u0103l\u0103tore\u0219ti dac\u0103 ai pa\u0219aport simplu?<\/strong><\/p>\n\n\n\n<p>Dac\u0103 e\u0219ti cet\u0103\u0163ean RM, posezi pa\u015faport simplu (ne-biometric) \u015fi dore\u0219ti s\u0103 c\u0103l\u0103torea\u0219ti \u00een spa\u0163iul Schengen, ai nevoie de viz\u0103 pe care o po\u021bi face la ambasadele statelor membre ale UE \/ Schengen.<\/p>\n\n\n\n<p>Apropo, dac\u0103 te deplasezi cu avionul, autocarul sau trenul \u00een scop de \u201eturism\/vacan\u021b\u0103\u201d este necesar s\u0103 ai bilet tur-retur \u0219i rezervare la hotel. Pe l\u00e2ng\u0103 aceasta, la intrarea \u00een UE Poli\u021bia de Frontier\u0103 \u021bi-ar putea solicita urm\u0103toarele lucruri, \u00een func\u021bie de destina\u021bia c\u0103l\u0103toriei tale:<\/p>\n\n\n\n<ul><li><strong>Conferin\u021be\/seminare\/reuniuni de afaceri\/etc.:&nbsp;<\/strong>invita\u021bia, agenda conferin\u021bei\/seminarului\/evenimentului la care urmeaz\u0103 s\u0103 participi&nbsp;<\/li><li><strong>C\u0103l\u0103torie cu automobilul<\/strong>: Cartea Verde \u2013 asigurare interna\u021bional\u0103 pentru autovehicule<\/li><li><strong>Vizit\u0103 la rude\/prieteni<\/strong>: datele de contact ale persoanei care te-a invitat (adresa, num\u0103r de telefon) \u0219i o copie a permisului de \u0219edere a persoanei la care mergi<\/li><li><strong>Tratament<\/strong>: confirmare din partea institu\u021biei medicale la care mergi sau recomandarea institu\u021biei medicale din Moldova pentru efectuarea tratamentului la institu\u021bia<\/li><\/ul>\n\n\n\n<p><strong>Este foarte important s\u0103 \u0219tii c\u0103 unele Companii Aeriene sunt \u00een drept s\u0103 refuze \u00eembarcarea pasagerului la zbor \u00een cazul c\u00e2nd pasagerul prezint\u0103 bilet de avion doar \u00eentr-o direc\u021bie \u0219i pa\u0219aport biometric moldovenesc.\u00a0<\/strong><\/p>\n\n\n\n<p>REZERV\u0102 Bilete de Avion pe &#8211; www.laspalas.md<\/p>\n","protected":false},"excerpt":{"rendered":"<p>Tot ce trebuie s\u0103 \u0219tii ca s\u0103 nu ai probleme c\u00e2nd pleci peste hotare! IMPORTANT:\u00a0V\u0103 aten\u021bion\u0103m c\u0103 fiecare pasager are OBLIGA\u021aIA de a se interesa \u0219i asigura cu privire la &#8230;<\/p>\n","protected":false},"author":1,"featured_media":6078,"parent":0,"menu_order":0,"comment_status":"closed","ping_status":"closed","template":"","meta":[],"_links":{"self":[{"href":"https:\/\/laspalmas.md\/ru\/wp-json\/wp\/v2\/pages\/6076"}],"collection":[{"href":"https:\/\/laspalmas.md\/ru\/wp-json\/wp\/v2\/pages"}],"about":[{"href":"https:\/\/laspalmas.md\/ru\/wp-json\/wp\/v2\/types\/page"}],"author":[{"embeddable":true,"href":"https:\/\/laspalmas.md\/ru\/wp-json\/wp\/v2\/users\/1"}],"replies":[{"embeddable":true,"href":"https:\/\/laspalmas.md\/ru\/wp-json\/wp\/v2\/comments?post=6076"}],"version-history":[{"count":2,"href":"https:\/\/laspalmas.md\/ru\/wp-json\/wp\/v2\/pages\/6076\/revisions"}],"predecessor-version":[{"id":6080,"href":"https:\/\/laspalmas.md\/ru\/wp-json\/wp\/v2\/pages\/6076\/revisions\/6080"}],"wp:featuredmedia":[{"embeddable":true,"href":"https:\/\/laspalmas.md\/ru\/wp-json\/wp\/v2\/media\/6078"}],"wp:attachment":[{"href":"https:\/\/laspalmas.md\/ru\/wp-json\/wp\/v2\/media?parent=6076"}],"curies":[{"name":"wp","href":"https:\/\/api.w.org\/{rel}","templated":true}]}}