{"id":6064,"date":"2023-04-07T09:11:35","date_gmt":"2023-04-07T06:11:35","guid":{"rendered":"https:\/\/laspalmas.md\/?page_id=6064"},"modified":"2023-04-07T09:37:58","modified_gmt":"2023-04-07T06:37:58","slug":"%e2%80%8bcatre-ce-destinatii-poti-zbura-direct-din-chisinau","status":"publish","type":"page","link":"https:\/\/laspalmas.md\/ru\/%e2%80%8bcatre-ce-destinatii-poti-zbura-direct-din-chisinau\/","title":{"rendered":"\u200bC\u0103tre ce destina\u021bii po\u021bi zbura direct din Chi\u0219in\u0103u?"},"content":{"rendered":"\n<p><strong>Probabil c\u0103 e\u0219ti confuz \u0219i nu mai \u00een\u021belegi unde po\u021bi zbura direct din Chi\u0219in\u0103u, mai ales \u00een contextul plec\u0103rii recente a companiei WizzAir de pe pia\u021ba Republicii Moldova. Tocmai de asta, noi \u00ee\u021bi venim \u00een ajutor.\u00a0Agentia de Turism Las Palmas Tour a elaborat o list\u0103 cu destina\u021biile unde po\u021bi ajunge zbur\u00e2nd direct de la Chi\u0219in\u0103u, la care sunt ata\u0219ate \u0219i sumele de la care pornesc pre\u021burile biletelor.<\/strong><\/p>\n\n\n\n<ul><li>Istanbul de la 79 \u20ac<\/li><li>Tel-Aviv de la 105 \u20ac<\/li><li>Londra de la 97 \u20ac<\/li><li>Dublin de la 121 \u20ac<\/li><li>Yerevan de la 121 \u20ac<\/li><li>Bologna de la 87 \u20ac<\/li><li>Praga de la 107 \u20ac<\/li><li>Viena de la 83 \u20ac<\/li><li>Bucure\u0219ti de la 84 \u20ac<\/li><li>Var\u0219ovia de la 186 \u20ac<\/li><li>Paris de la 109 \u20ac<\/li><li>Roma de la 55 \u20ac<\/li><li>Milano de la 87\u20ac<\/li><li>Bruxelles de la 146 \u20ac<\/li><li>Tbilisi de la 118 \u20ac<\/li><li>Frankfurt de la 102 \u20ac<\/li><li>Verona de la 85 \u20ac<\/li><li>Lisabona de la 121 \u20ac<\/li><li>Baku de la 147 \u20ac<\/li><li>Parma de la 106 \u20ac<\/li><li>Vene\u021bia de la 85 \u20ac<\/li><li>Barcelona de la 145 \u20ac<\/li><li>Madrid de la 176 \u20ac<\/li><li>Zurich de la 106 \u20ac<\/li><li>Berlin de la 58\u20ac<\/li><\/ul>\n\n\n\n<p><br><strong>Agentia de Turism Las Palmas Tour ofer\u0103 o gam\u0103 larg\u0103 de servicii de c\u0103l\u0103torie pentru clien\u021bi din \u00eentreaga lume. Aceasta este o agen\u021bie specializat\u0103 \u00een v\u00e2nzarea de bilete de avion, dar ofer\u0103 \u0219i servicii conexe, cum ar fi rezerv\u0103ri de hoteluri, asigur\u0103ri de c\u0103l\u0103torie \u0219i servicii de \u00eenchiriere de ma\u0219ini.<\/strong><\/p>\n\n\n\n<p><strong>Echipa de speciali\u0219ti din cadrul Agentiei de Turism Las Palmas Tour este mereu preg\u0103tit\u0103 s\u0103 ofere consultan\u021b\u0103 clien\u021bilor, s\u0103 r\u0103spund\u0103 la \u00eentreb\u0103ri \u0219i s\u0103 ofere solu\u021bii personalizate pentru nevoile lor de c\u0103l\u0103torie. Cu o aten\u021bie deosebit\u0103 acordat\u0103 detaliilor \u0219i nevoilor fiec\u0103rui client, Agentia de Turism Las Palmas Tour se str\u0103duie\u0219te s\u0103 ofere o experien\u021b\u0103 de c\u0103l\u0103torie de calitate \u0219i s\u0103 creeze rela\u021bii de lung\u0103 durat\u0103 cu clien\u021bii s\u0103i.<\/strong><\/p>\n\n\n\n<p><strong>Agentia de Turism Las Palmas Tour se poate l\u0103uda cu<\/strong><\/p>\n\n\n\n<ul><li><strong>Experien\u021b\u0103 de peste 11 ani \u00een industria de c\u0103l\u0103torii;<\/strong><\/li><li><strong>Asisten\u021b\u0103 \u0219i sprijin 24\/7 din partea agen\u021bilor;<\/strong><\/li><li><strong>Program de bonusare pentru clien\u021bi;<\/strong><\/li><li><strong>Pachete turistice cu o diversitate de servicii;<\/strong><\/li><li><strong>Asigur\u0103ri pentru c\u0103l\u0103torii oriunde \u00een str\u0103in\u0103tate.<\/strong><\/li><\/ul>\n\n\n\n<p><strong><a href=\"https:\/\/laspalmas.md\/contact-us-1\/\">Suna\u021bi acum pentru cele mai avantajoase oferte pentru bilete de avion: 060552999 \/ 023 58 40 04<\/a><\/strong><\/p>\n","protected":false},"excerpt":{"rendered":"<p>Probabil c\u0103 e\u0219ti confuz \u0219i nu mai \u00een\u021belegi unde po\u021bi zbura direct din Chi\u0219in\u0103u, mai ales \u00een contextul plec\u0103rii recente a companiei WizzAir de pe pia\u021ba Republicii Moldova. Tocmai de &#8230;<\/p>\n","protected":false},"author":1,"featured_media":6071,"parent":0,"menu_order":0,"comment_status":"closed","ping_status":"closed","template":"","meta":[],"_links":{"self":[{"href":"https:\/\/laspalmas.md\/ru\/wp-json\/wp\/v2\/pages\/6064"}],"collection":[{"href":"https:\/\/laspalmas.md\/ru\/wp-json\/wp\/v2\/pages"}],"about":[{"href":"https:\/\/laspalmas.md\/ru\/wp-json\/wp\/v2\/types\/page"}],"author":[{"embeddable":true,"href":"https:\/\/laspalmas.md\/ru\/wp-json\/wp\/v2\/users\/1"}],"replies":[{"embeddable":true,"href":"https:\/\/laspalmas.md\/ru\/wp-json\/wp\/v2\/comments?post=6064"}],"version-history":[{"count":8,"href":"https:\/\/laspalmas.md\/ru\/wp-json\/wp\/v2\/pages\/6064\/revisions"}],"predecessor-version":[{"id":6075,"href":"https:\/\/laspalmas.md\/ru\/wp-json\/wp\/v2\/pages\/6064\/revisions\/6075"}],"wp:featuredmedia":[{"embeddable":true,"href":"https:\/\/laspalmas.md\/ru\/wp-json\/wp\/v2\/media\/6071"}],"wp:attachment":[{"href":"https:\/\/laspalmas.md\/ru\/wp-json\/wp\/v2\/media?parent=6064"}],"curies":[{"name":"wp","href":"https:\/\/api.w.org\/{rel}","templated":true}]}}