{"id":6038,"date":"2021-03-26T17:46:37","date_gmt":"2021-03-26T14:46:37","guid":{"rendered":"https:\/\/laspalmas.md\/?page_id=6038"},"modified":"2023-04-07T10:02:34","modified_gmt":"2023-04-07T07:02:34","slug":"turcia","status":"publish","type":"page","link":"https:\/\/laspalmas.md\/ru\/turcia\/","title":{"rendered":"TURCIA"},"content":{"rendered":"\n<h4>Hoteluri pentru 2 adul\u021bi + 2 copii GRATIS<br><br><\/h4>\n\n\n\n<p><strong>Orice date convenabile de plecare sunt posibile, contacta\u021bi managerii no\u0219tri pentru a face calcul.<\/strong><\/p>\n\n\n\n<p><strong>De exemplu, perioada sejurului: 09 mai &#8211; 16 mai 2023 (cursa de noapte, 6 nop\u021bi \/ 7 zile)<\/strong><\/p>\n\n\n\n<p><a target=\"_blank\" rel=\"noreferrer noopener\">CONCORDIA CELES HOTEL 5* \/ UAI \/&nbsp;<strong>355 eur<\/strong><\/a><\/p>\n\n\n\n<p><a target=\"_blank\" rel=\"noreferrer noopener\">KRIZANTEM HOTEL 4* \/ AI \/&nbsp;<strong>359 eur<\/strong><\/a><\/p>\n\n\n\n<p><a target=\"_blank\" rel=\"noreferrer noopener\">KAILA BEACH HOTEL 5* \/ AI \/&nbsp;<strong>375 eur<\/strong><\/a><\/p>\n\n\n\n<p><a target=\"_blank\" rel=\"noreferrer noopener\">SENZA GARDEN HOLIDAY CLUB 5* \/ UAI \/&nbsp;<strong>375 eur<\/strong><\/a><\/p>\n\n\n\n<p><a target=\"_blank\" rel=\"noreferrer noopener\">GRAND SANTANA HOTEL 4* \/ UAI \/&nbsp;<strong>379 eur<\/strong><\/a><\/p>\n\n\n\n<p><a target=\"_blank\" rel=\"noreferrer noopener\">THRONE BEACH RESORT &#038; SPA 5* \/ AI \/&nbsp;<strong>385 eur<\/strong><\/a><\/p>\n\n\n\n<p><a target=\"_blank\" rel=\"noreferrer noopener\">MASTER FAMILY CLUB 5* \/ AI \/&nbsp;<strong>415 eur<\/strong><\/a><\/p>\n\n\n\n<p><a target=\"_blank\" rel=\"noreferrer noopener\">NUMA BAY EXCLUSIVE HOTEL 5* \/ UAI \/&nbsp;<strong>415 eur<\/strong><\/a><\/p>\n\n\n\n<p><a target=\"_blank\" rel=\"noreferrer noopener\">OTIUM FAMILY ECO CLUB 5* \/ AI \/&nbsp;<strong>419 eur<\/strong><\/a><\/p>\n\n\n\n<p><a target=\"_blank\" rel=\"noreferrer noopener\">THE LUMOS DELUXE RESORT HOTEL &#038; SPA 5* \/ UAI \/&nbsp;<strong>425 eur<\/strong><\/a><\/p>\n\n\n\n<p><a target=\"_blank\" rel=\"noreferrer noopener\">ZENA RESORT HOTEL 5* \/ AI \/&nbsp;<strong>435 eur<\/strong><\/a><\/p>\n\n\n\n<p><a target=\"_blank\" rel=\"noreferrer noopener\">OZ HOTELS SUI RESORT 5* \/ AI \/&nbsp;<strong>435 eur<\/strong><\/a><\/p>\n\n\n\n<p><a target=\"_blank\" rel=\"noreferrer noopener\">OZ HOTELS INCEKUM BEACH RESORT 5* \/ AI \/&nbsp;<strong>589 eur<\/strong><\/a><\/p>\n\n\n\n<p><strong>Pre\u021burile sunt indicate pentru un adult \u00een camer\u0103 dubl\u0103 .<\/strong><br><strong>Copiii achita doar biletele de avion si asigurarea medicala.<\/strong><br><br><strong> Pre\u021burile<\/strong> <strong>includ:<\/strong><\/p>\n\n\n\n<ul><li>Cazarea pentru 6 nop\u021bi \u0219i 7 zile;<\/li><li>Masa conform pensiunii (AI &#8211; sistemul All Inclusive, UAI &#8211; sistemul Ultra All Inclusive);<\/li><li>Asigurarea medical\u0103;<\/li><li>Zbor Chi\u0219in\u0103u &#8211; Antalya &#8211; Chi\u0219in\u0103u (cursa de noapte);<\/li><li>Transfer de grup aeroport &#8211; hotel &#8211; aeroport;<\/li><li>Reducerea pentru rezervarea din timp.<\/li><\/ul>\n\n\n\n<p><em>* Tarifele indicate mai sus&nbsp;sunt actuale. Acestea pot suferi modific\u0103ri&nbsp;av\u00e2nd&nbsp;\u00een vedere disponibilitatea de locuri&nbsp;\u00een momentul rezerv\u0103rii.<\/em><\/p>\n\n\n\n<p><em>** Pre\u021burile sunt valabile pentru rezerv\u0103rile efectuate p\u00e2n\u0103 la 30.04.2023 inclusiv.<\/em><\/p>\n\n\n\n<p><strong><a href=\"https:\/\/laspalmas.md\/contact-us-1\/\">Suna\u021bi acum pentru o vacanta relaxanta: 060552999 \/ 023 58 40 04<\/a><\/strong><\/p>\n","protected":false},"excerpt":{"rendered":"<p>Hoteluri pentru 2 adul\u021bi + 2 copii GRATIS Orice date convenabile de plecare sunt posibile, contacta\u021bi managerii no\u0219tri pentru a face calcul. De exemplu, perioada sejurului: 09 mai &#8211; 16 &#8230;<\/p>\n","protected":false},"author":1,"featured_media":6042,"parent":0,"menu_order":0,"comment_status":"closed","ping_status":"closed","template":"","meta":[],"_links":{"self":[{"href":"https:\/\/laspalmas.md\/ru\/wp-json\/wp\/v2\/pages\/6038"}],"collection":[{"href":"https:\/\/laspalmas.md\/ru\/wp-json\/wp\/v2\/pages"}],"about":[{"href":"https:\/\/laspalmas.md\/ru\/wp-json\/wp\/v2\/types\/page"}],"author":[{"embeddable":true,"href":"https:\/\/laspalmas.md\/ru\/wp-json\/wp\/v2\/users\/1"}],"replies":[{"embeddable":true,"href":"https:\/\/laspalmas.md\/ru\/wp-json\/wp\/v2\/comments?post=6038"}],"version-history":[{"count":13,"href":"https:\/\/laspalmas.md\/ru\/wp-json\/wp\/v2\/pages\/6038\/revisions"}],"predecessor-version":[{"id":6086,"href":"https:\/\/laspalmas.md\/ru\/wp-json\/wp\/v2\/pages\/6038\/revisions\/6086"}],"wp:featuredmedia":[{"embeddable":true,"href":"https:\/\/laspalmas.md\/ru\/wp-json\/wp\/v2\/media\/6042"}],"wp:attachment":[{"href":"https:\/\/laspalmas.md\/ru\/wp-json\/wp\/v2\/media?parent=6038"}],"curies":[{"name":"wp","href":"https:\/\/api.w.org\/{rel}","templated":true}]}}