{"id":6002,"date":"2021-03-25T21:00:27","date_gmt":"2021-03-25T18:00:27","guid":{"rendered":"https:\/\/laspalmas.md\/?page_id=6002"},"modified":"2021-03-26T17:33:16","modified_gmt":"2021-03-26T14:33:16","slug":"coasta-amalfi-grand-hotel-cocumella-5","status":"publish","type":"page","link":"https:\/\/laspalmas.md\/ru\/coasta-amalfi-grand-hotel-cocumella-5\/","title":{"rendered":"COASTA AMALFI.                 Grand Hotel Cocumella 5*"},"content":{"rendered":"\n<p><strong>De la\u00a0183 Euro \/ persoana \/ noapte \/ camera dubla \/ mic dejun<\/strong><br><br><\/p>\n\n\n\n<h4>Oferta include<\/h4>\n\n\n\n<ul><li>cazare in camera dubla<\/li><li>mic dejun<\/li><\/ul>\n\n\n\n<h4>Oferta nu include<\/h4>\n\n\n\n<ul><li>transport<\/li><li>asigurare medicala \/ storno<br><\/li><\/ul>\n\n\n\n<h4>Cazare<\/h4>\n\n\n\n<p>Situat \u00een v\u00e2rful unei faleze \u0219i oferind vedere magnific\u0103 la golf \u0219i la muntele Vezuviu, Grand Hotel Cocumella este un hotel superior cu tradi\u021bie unde oaspe\u021bii se vor putea bucura de o ambian\u021b\u0103 luxoas\u0103 \u0219i de facilit\u0103\u021bi excep\u021bionale, printre care o ambarca\u021biune cu p\u00e2nze privat\u0103. Centrul ora\u0219ului Sorrento este la 1 km.<\/p>\n\n\n\n<p>Grand Hotel Cocumella se bucur\u0103 de calmul unei zone privilegiate lini\u0219tite. Este \u00eenconjurat de gr\u0103dini frumoase, de livezi \u0219i de portocali.<\/p>\n\n\n\n<p>Hotelul este g\u0103zduit de o vil\u0103 istoric\u0103 din secolul al XVII-lea, ocupat\u0103 c\u00e2ndva de o m\u0103n\u0103stire iezuit\u0103, din care exist\u0103 \u0219i ast\u0103zi o capel\u0103 privat\u0103 fermec\u0103toare. Proprietatea a fost veacuri de-a r\u00e2ndul alegerea preferat\u0103 a c\u0103l\u0103torilor, p\u0103str\u00e2nd \u0219i acum c\u0103r\u021bi de oaspe\u021bi semnate de mari personalit\u0103\u021bi precum Goethe, Andersen \u0219i Freud.<\/p>\n\n\n\n<p>Oaspe\u021bii caza\u021bi la Grand Hotel Cocumella au la dispozi\u021bie numeroase op\u021biuni rafinate de relaxare, put\u00e2nd alege s\u0103 ia pr\u00e2nzul l\u00e2ng\u0103 piscin\u0103, s\u0103 plece \u00een croaziere de o zi, s\u0103 fac\u0103 b\u0103i de soare la solarul de pe malul m\u0103rii sau s\u0103 se bucure de o cin\u0103 gourmet. Hotelul are 3 restaurante: Agrumeto, un restaurant de var\u0103 care serve\u0219te preparate delicioase \u00een aer liber, La Scintilla, care ofer\u0103 m\u00e2nc\u0103ruri mediteraneene excelente \u00eentr-o atmosfer\u0103 select\u0103, \u0219i COKU, unde oaspe\u021bii se pot delecta cu specialit\u0103\u021bi japoneze.<\/p>\n\n\n\n<p>Oaspe\u021bii pot rezerva c\u0103l\u0103torii de o zi, excursii \u0219i evenimente speciale pe barca propriet\u0103\u021bii.<\/p>\n\n\n\n<h4>Conditii oferta<\/h4>\n\n\n\n<p>Tariful afisat este valabil in momentul editarii \/ postarii acestei oferte!<br>Locuri in limita disponibilitatii!<br>Atentie, disponibilitatea se poate schimba in orice moment, motiv pentru care va rugam sa ne contactati pentru reconfirmarea tarifelor si \/ sau a locurilor disponibile!<\/p>\n\n\n\n<h4>Valabilitate oferta<\/h4>\n\n\n\n<p>Oferta valabila in limita disponibilitatilor la momentul rezervarii.<br><br><strong><a href=\"https:\/\/laspalmas.md\/contact-us-1\/\">Suna\u021bi acum pentru o vacanta relaxanta: 060552999 \/ 023 58 40 04<\/a><\/strong><br><br><\/p>\n\n\n\n<figure class=\"wp-block-image\"><img loading=\"lazy\" width=\"1024\" height=\"682\" src=\"https:\/\/laspalmas.md\/wp-content\/uploads\/2021\/03\/camera-junior-03-1024x682.jpg\" alt=\"\" class=\"wp-image-6010\" srcset=\"https:\/\/laspalmas.md\/wp-content\/uploads\/2021\/03\/camera-junior-03-1024x682.jpg 1024w, https:\/\/laspalmas.md\/wp-content\/uploads\/2021\/03\/camera-junior-03-300x200.jpg 300w, https:\/\/laspalmas.md\/wp-content\/uploads\/2021\/03\/camera-junior-03-768x512.jpg 768w, https:\/\/laspalmas.md\/wp-content\/uploads\/2021\/03\/camera-junior-03.jpg 1280w\" sizes=\"(max-width: 1024px) 100vw, 1024px\" \/><\/figure>\n\n\n\n<figure class=\"wp-block-image\"><img loading=\"lazy\" width=\"1024\" height=\"682\" src=\"https:\/\/laspalmas.md\/wp-content\/uploads\/2021\/03\/piscina-hotel-sorrento-01-1024x682.jpg\" alt=\"\" class=\"wp-image-6012\" srcset=\"https:\/\/laspalmas.md\/wp-content\/uploads\/2021\/03\/piscina-hotel-sorrento-01-1024x682.jpg 1024w, https:\/\/laspalmas.md\/wp-content\/uploads\/2021\/03\/piscina-hotel-sorrento-01-300x200.jpg 300w, https:\/\/laspalmas.md\/wp-content\/uploads\/2021\/03\/piscina-hotel-sorrento-01-768x512.jpg 768w, https:\/\/laspalmas.md\/wp-content\/uploads\/2021\/03\/piscina-hotel-sorrento-01.jpg 1280w\" sizes=\"(max-width: 1024px) 100vw, 1024px\" \/><\/figure>\n\n\n\n<figure class=\"wp-block-image\"><img loading=\"lazy\" width=\"1024\" height=\"682\" src=\"https:\/\/laspalmas.md\/wp-content\/uploads\/2021\/03\/spiaggia-hotel-sorrento-02-1024x682.jpg\" alt=\"\" class=\"wp-image-6013\" srcset=\"https:\/\/laspalmas.md\/wp-content\/uploads\/2021\/03\/spiaggia-hotel-sorrento-02-1024x682.jpg 1024w, https:\/\/laspalmas.md\/wp-content\/uploads\/2021\/03\/spiaggia-hotel-sorrento-02-300x200.jpg 300w, https:\/\/laspalmas.md\/wp-content\/uploads\/2021\/03\/spiaggia-hotel-sorrento-02-768x512.jpg 768w, https:\/\/laspalmas.md\/wp-content\/uploads\/2021\/03\/spiaggia-hotel-sorrento-02.jpg 1280w\" sizes=\"(max-width: 1024px) 100vw, 1024px\" \/><\/figure>\n\n\n\n<figure class=\"wp-block-image\"><img loading=\"lazy\" width=\"1024\" height=\"682\" src=\"https:\/\/laspalmas.md\/wp-content\/uploads\/2021\/03\/agrumeto-1024x682.jpg\" alt=\"\" class=\"wp-image-6014\" srcset=\"https:\/\/laspalmas.md\/wp-content\/uploads\/2021\/03\/agrumeto-1024x682.jpg 1024w, https:\/\/laspalmas.md\/wp-content\/uploads\/2021\/03\/agrumeto-300x200.jpg 300w, https:\/\/laspalmas.md\/wp-content\/uploads\/2021\/03\/agrumeto-768x512.jpg 768w, https:\/\/laspalmas.md\/wp-content\/uploads\/2021\/03\/agrumeto.jpg 1280w\" sizes=\"(max-width: 1024px) 100vw, 1024px\" \/><\/figure>\n\n\n\n<figure class=\"wp-block-image\"><img loading=\"lazy\" width=\"1024\" height=\"682\" src=\"https:\/\/laspalmas.md\/wp-content\/uploads\/2021\/03\/piscina-hotel-sorrento-02-1024x682.jpg\" alt=\"\" class=\"wp-image-6015\" srcset=\"https:\/\/laspalmas.md\/wp-content\/uploads\/2021\/03\/piscina-hotel-sorrento-02-1024x682.jpg 1024w, https:\/\/laspalmas.md\/wp-content\/uploads\/2021\/03\/piscina-hotel-sorrento-02-300x200.jpg 300w, https:\/\/laspalmas.md\/wp-content\/uploads\/2021\/03\/piscina-hotel-sorrento-02-768x512.jpg 768w, https:\/\/laspalmas.md\/wp-content\/uploads\/2021\/03\/piscina-hotel-sorrento-02.jpg 1280w\" sizes=\"(max-width: 1024px) 100vw, 1024px\" \/><\/figure>\n\n\n\n<figure class=\"wp-block-image\"><img loading=\"lazy\" width=\"1024\" height=\"682\" src=\"https:\/\/laspalmas.md\/wp-content\/uploads\/2021\/03\/coku-fusion-restaurant-sorrento-03-1024x682.jpg\" alt=\"\" class=\"wp-image-6017\" srcset=\"https:\/\/laspalmas.md\/wp-content\/uploads\/2021\/03\/coku-fusion-restaurant-sorrento-03-1024x682.jpg 1024w, https:\/\/laspalmas.md\/wp-content\/uploads\/2021\/03\/coku-fusion-restaurant-sorrento-03-300x200.jpg 300w, https:\/\/laspalmas.md\/wp-content\/uploads\/2021\/03\/coku-fusion-restaurant-sorrento-03-768x512.jpg 768w, https:\/\/laspalmas.md\/wp-content\/uploads\/2021\/03\/coku-fusion-restaurant-sorrento-03.jpg 1280w\" sizes=\"(max-width: 1024px) 100vw, 1024px\" \/><\/figure>\n\n\n\n<figure class=\"wp-block-image\"><img loading=\"lazy\" width=\"1024\" height=\"682\" src=\"https:\/\/laspalmas.md\/wp-content\/uploads\/2021\/03\/deluxe-5-stars-room-amalfi-coast-1-1024x682.jpg\" alt=\"\" class=\"wp-image-6018\" srcset=\"https:\/\/laspalmas.md\/wp-content\/uploads\/2021\/03\/deluxe-5-stars-room-amalfi-coast-1-1024x682.jpg 1024w, https:\/\/laspalmas.md\/wp-content\/uploads\/2021\/03\/deluxe-5-stars-room-amalfi-coast-1-300x200.jpg 300w, https:\/\/laspalmas.md\/wp-content\/uploads\/2021\/03\/deluxe-5-stars-room-amalfi-coast-1-768x512.jpg 768w, https:\/\/laspalmas.md\/wp-content\/uploads\/2021\/03\/deluxe-5-stars-room-amalfi-coast-1.jpg 1280w\" sizes=\"(max-width: 1024px) 100vw, 1024px\" \/><\/figure>\n\n\n\n<figure class=\"wp-block-image\"><img loading=\"lazy\" width=\"1024\" height=\"682\" src=\"https:\/\/laspalmas.md\/wp-content\/uploads\/2021\/03\/suite-hotel-sorrento-2-1024x682.jpg\" alt=\"\" class=\"wp-image-6019\" srcset=\"https:\/\/laspalmas.md\/wp-content\/uploads\/2021\/03\/suite-hotel-sorrento-2-1024x682.jpg 1024w, https:\/\/laspalmas.md\/wp-content\/uploads\/2021\/03\/suite-hotel-sorrento-2-300x200.jpg 300w, https:\/\/laspalmas.md\/wp-content\/uploads\/2021\/03\/suite-hotel-sorrento-2-768x512.jpg 768w, https:\/\/laspalmas.md\/wp-content\/uploads\/2021\/03\/suite-hotel-sorrento-2.jpg 1280w\" sizes=\"(max-width: 1024px) 100vw, 1024px\" \/><\/figure>\n\n\n\n<figure class=\"wp-block-image\"><img loading=\"lazy\" width=\"1024\" height=\"682\" src=\"https:\/\/laspalmas.md\/wp-content\/uploads\/2021\/03\/suite-sorrento-hotel-1024x682.jpg\" alt=\"\" class=\"wp-image-6020\" srcset=\"https:\/\/laspalmas.md\/wp-content\/uploads\/2021\/03\/suite-sorrento-hotel-1024x682.jpg 1024w, https:\/\/laspalmas.md\/wp-content\/uploads\/2021\/03\/suite-sorrento-hotel-300x200.jpg 300w, https:\/\/laspalmas.md\/wp-content\/uploads\/2021\/03\/suite-sorrento-hotel-768x512.jpg 768w, https:\/\/laspalmas.md\/wp-content\/uploads\/2021\/03\/suite-sorrento-hotel.jpg 1280w\" sizes=\"(max-width: 1024px) 100vw, 1024px\" \/><\/figure>\n\n\n\n<figure class=\"wp-block-image\"><img loading=\"lazy\" width=\"1024\" height=\"682\" src=\"https:\/\/laspalmas.md\/wp-content\/uploads\/2021\/03\/albergo-5-stelle-sorrento-junior-1024x682.jpg\" alt=\"\" class=\"wp-image-6021\" srcset=\"https:\/\/laspalmas.md\/wp-content\/uploads\/2021\/03\/albergo-5-stelle-sorrento-junior-1024x682.jpg 1024w, https:\/\/laspalmas.md\/wp-content\/uploads\/2021\/03\/albergo-5-stelle-sorrento-junior-300x200.jpg 300w, https:\/\/laspalmas.md\/wp-content\/uploads\/2021\/03\/albergo-5-stelle-sorrento-junior-768x512.jpg 768w, https:\/\/laspalmas.md\/wp-content\/uploads\/2021\/03\/albergo-5-stelle-sorrento-junior.jpg 1280w\" sizes=\"(max-width: 1024px) 100vw, 1024px\" \/><\/figure>\n\n\n\n<figure class=\"wp-block-image\"><img loading=\"lazy\" width=\"1024\" height=\"682\" src=\"https:\/\/laspalmas.md\/wp-content\/uploads\/2021\/03\/albergo-5-stelle-sorrento-suite-1024x682.jpg\" alt=\"\" class=\"wp-image-6022\" srcset=\"https:\/\/laspalmas.md\/wp-content\/uploads\/2021\/03\/albergo-5-stelle-sorrento-suite-1024x682.jpg 1024w, https:\/\/laspalmas.md\/wp-content\/uploads\/2021\/03\/albergo-5-stelle-sorrento-suite-300x200.jpg 300w, https:\/\/laspalmas.md\/wp-content\/uploads\/2021\/03\/albergo-5-stelle-sorrento-suite-768x512.jpg 768w, https:\/\/laspalmas.md\/wp-content\/uploads\/2021\/03\/albergo-5-stelle-sorrento-suite.jpg 1280w\" sizes=\"(max-width: 1024px) 100vw, 1024px\" \/><\/figure>\n\n\n\n<figure class=\"wp-block-image\"><img loading=\"lazy\" width=\"1024\" height=\"682\" src=\"https:\/\/laspalmas.md\/wp-content\/uploads\/2021\/03\/ketch-vera-sorrento-12-1-1024x682.jpg\" alt=\"\" class=\"wp-image-6023\" srcset=\"https:\/\/laspalmas.md\/wp-content\/uploads\/2021\/03\/ketch-vera-sorrento-12-1-1024x682.jpg 1024w, https:\/\/laspalmas.md\/wp-content\/uploads\/2021\/03\/ketch-vera-sorrento-12-1-300x200.jpg 300w, https:\/\/laspalmas.md\/wp-content\/uploads\/2021\/03\/ketch-vera-sorrento-12-1-768x512.jpg 768w, https:\/\/laspalmas.md\/wp-content\/uploads\/2021\/03\/ketch-vera-sorrento-12-1.jpg 1280w\" sizes=\"(max-width: 1024px) 100vw, 1024px\" \/><\/figure>\n","protected":false},"excerpt":{"rendered":"<p>De la\u00a0183 Euro \/ persoana \/ noapte \/ camera dubla \/ mic dejun Oferta include cazare in camera dubla mic dejun Oferta nu include transport asigurare medicala \/ storno Cazare &#8230;<\/p>\n","protected":false},"author":1,"featured_media":6010,"parent":0,"menu_order":0,"comment_status":"closed","ping_status":"closed","template":"","meta":[],"_links":{"self":[{"href":"https:\/\/laspalmas.md\/ru\/wp-json\/wp\/v2\/pages\/6002"}],"collection":[{"href":"https:\/\/laspalmas.md\/ru\/wp-json\/wp\/v2\/pages"}],"about":[{"href":"https:\/\/laspalmas.md\/ru\/wp-json\/wp\/v2\/types\/page"}],"author":[{"embeddable":true,"href":"https:\/\/laspalmas.md\/ru\/wp-json\/wp\/v2\/users\/1"}],"replies":[{"embeddable":true,"href":"https:\/\/laspalmas.md\/ru\/wp-json\/wp\/v2\/comments?post=6002"}],"version-history":[{"count":9,"href":"https:\/\/laspalmas.md\/ru\/wp-json\/wp\/v2\/pages\/6002\/revisions"}],"predecessor-version":[{"id":6024,"href":"https:\/\/laspalmas.md\/ru\/wp-json\/wp\/v2\/pages\/6002\/revisions\/6024"}],"wp:featuredmedia":[{"embeddable":true,"href":"https:\/\/laspalmas.md\/ru\/wp-json\/wp\/v2\/media\/6010"}],"wp:attachment":[{"href":"https:\/\/laspalmas.md\/ru\/wp-json\/wp\/v2\/media?parent=6002"}],"curies":[{"name":"wp","href":"https:\/\/api.w.org\/{rel}","templated":true}]}}