{"id":5982,"date":"2021-03-25T20:51:54","date_gmt":"2021-03-25T17:51:54","guid":{"rendered":"https:\/\/laspalmas.md\/?page_id=5982"},"modified":"2021-03-25T21:00:13","modified_gmt":"2021-03-25T18:00:13","slug":"coasta-amalfi-belmond-hotel-caruso-6","status":"publish","type":"page","link":"https:\/\/laspalmas.md\/ru\/coasta-amalfi-belmond-hotel-caruso-6\/","title":{"rendered":"COASTA AMALFI.           Belmond Hotel Caruso 6*"},"content":{"rendered":"\n<p><strong>De la\u00a0239 Euro \/ persoana \/ noapte \/ Double Room Village View \/ mic dejun<\/strong><br><br><\/p>\n\n\n\n<h4>Oferta include<\/h4>\n\n\n\n<ul><li>cazare in&nbsp; Double Room Village View<\/li><li>mic dejun<\/li><\/ul>\n\n\n\n<h4>Oferta nu include<\/h4>\n\n\n\n<ul><li>transport<\/li><li>asigurare medicala si storno<br><\/li><\/ul>\n\n\n\n<h4>Cazare<\/h4>\n\n\n\n<p>Situat pe faleza de pe coasta Amalfi, Belmond Hotel Caruso este amplasat \u00eentr-o cl\u0103dire renovat\u0103 din secolul al XI-lea. Hotelul are o piscin\u0103 infinit\u0103, gr\u0103dini terasate \u015fi interioare istorice, cu tavan cu fresce. Camerele \u015fi suitele au vedere la gr\u0103din\u0103 sau la mare.<\/p>\n\n\n\n<p>Camerele se afl\u0103 \u00een cl\u0103direa principal\u0103 sau \u00een anexa din gr\u0103din\u0103. Toate unit\u0103\u0163ile de cazare au TV LCD cu CD \u015fi DVD player, internet gratuit \u015fi aer condi\u0163ionat. Unele dintre camere \u015fi suite ofer\u0103 un balcon privat.<\/p>\n\n\n\n<p>La Belmond Hotel Caruso este servit zilnic un mic dejun american generos. Restaurantul Belvedere serve\u0219te specialit\u0103\u021bi tradi\u021bionale italiene, iar restaurantul Pool este locul ideal pentru un pr\u00e2nz u\u0219or \u0219i o pizza italian\u0103.<\/p>\n\n\n\n<p>\u00cen timpul verii, proprietatea ofer\u0103 excursii gratuite cu barca de-a lungul coastei, precum \u0219i transfer gratuit la Amalfi \u0219i Positano.<br><\/p>\n\n\n\n<h4>Conditii oferta<\/h4>\n\n\n\n<p>Tariful afisat este valabil in momentul editarii \/ postarii acestei oferte!<br>Locuri in limita disponibilitatii!<br>Atentie, disponibilitatea se poate schimba in orice moment, motiv pentru care va rugam sa ne contactati pentru reconfirmarea tarifelor si \/ sau a locurilor disponibile!<\/p>\n\n\n\n<h4>Valabilitate oferta<\/h4>\n\n\n\n<p>Oferta valabila in limita disponibilitatilor la momentul rezervarii.<br><br><strong><a href=\"https:\/\/laspalmas.md\/contact-us-1\/\">Suna\u021bi acum pentru o vacanta relaxanta: 060552999 \/ 023 58 40 04<\/a><\/strong><br><br><\/p>\n\n\n\n<figure class=\"wp-block-image\"><img loading=\"lazy\" width=\"850\" height=\"566\" src=\"https:\/\/laspalmas.md\/wp-content\/uploads\/2021\/03\/38186010.jpg\" alt=\"\" class=\"wp-image-5990\" srcset=\"https:\/\/laspalmas.md\/wp-content\/uploads\/2021\/03\/38186010.jpg 850w, https:\/\/laspalmas.md\/wp-content\/uploads\/2021\/03\/38186010-300x200.jpg 300w, https:\/\/laspalmas.md\/wp-content\/uploads\/2021\/03\/38186010-768x511.jpg 768w\" sizes=\"(max-width: 850px) 100vw, 850px\" \/><\/figure>\n\n\n\n<figure class=\"wp-block-image\"><img loading=\"lazy\" width=\"850\" height=\"566\" src=\"https:\/\/laspalmas.md\/wp-content\/uploads\/2021\/03\/117270403.jpg\" alt=\"\" class=\"wp-image-5992\" srcset=\"https:\/\/laspalmas.md\/wp-content\/uploads\/2021\/03\/117270403.jpg 850w, https:\/\/laspalmas.md\/wp-content\/uploads\/2021\/03\/117270403-300x200.jpg 300w, https:\/\/laspalmas.md\/wp-content\/uploads\/2021\/03\/117270403-768x511.jpg 768w\" sizes=\"(max-width: 850px) 100vw, 850px\" \/><\/figure>\n\n\n\n<figure class=\"wp-block-image\"><img loading=\"lazy\" width=\"850\" height=\"566\" src=\"https:\/\/laspalmas.md\/wp-content\/uploads\/2021\/03\/117270445.jpg\" alt=\"\" class=\"wp-image-5993\" srcset=\"https:\/\/laspalmas.md\/wp-content\/uploads\/2021\/03\/117270445.jpg 850w, https:\/\/laspalmas.md\/wp-content\/uploads\/2021\/03\/117270445-300x200.jpg 300w, https:\/\/laspalmas.md\/wp-content\/uploads\/2021\/03\/117270445-768x511.jpg 768w\" sizes=\"(max-width: 850px) 100vw, 850px\" \/><\/figure>\n\n\n\n<figure class=\"wp-block-image\"><img loading=\"lazy\" width=\"850\" height=\"566\" src=\"https:\/\/laspalmas.md\/wp-content\/uploads\/2021\/03\/117275698.jpg\" alt=\"\" class=\"wp-image-5994\" srcset=\"https:\/\/laspalmas.md\/wp-content\/uploads\/2021\/03\/117275698.jpg 850w, https:\/\/laspalmas.md\/wp-content\/uploads\/2021\/03\/117275698-300x200.jpg 300w, https:\/\/laspalmas.md\/wp-content\/uploads\/2021\/03\/117275698-768x511.jpg 768w\" sizes=\"(max-width: 850px) 100vw, 850px\" \/><\/figure>\n\n\n\n<figure class=\"wp-block-image\"><img loading=\"lazy\" width=\"830\" height=\"576\" src=\"https:\/\/laspalmas.md\/wp-content\/uploads\/2021\/03\/car-acc-suite-jrsuite-executive-inroom-breakfast01_1600x1111.jpg\" alt=\"\" class=\"wp-image-5996\" srcset=\"https:\/\/laspalmas.md\/wp-content\/uploads\/2021\/03\/car-acc-suite-jrsuite-executive-inroom-breakfast01_1600x1111.jpg 830w, https:\/\/laspalmas.md\/wp-content\/uploads\/2021\/03\/car-acc-suite-jrsuite-executive-inroom-breakfast01_1600x1111-300x208.jpg 300w, https:\/\/laspalmas.md\/wp-content\/uploads\/2021\/03\/car-acc-suite-jrsuite-executive-inroom-breakfast01_1600x1111-768x533.jpg 768w\" sizes=\"(max-width: 830px) 100vw, 830px\" \/><\/figure>\n\n\n\n<figure class=\"wp-block-image\"><img loading=\"lazy\" width=\"830\" height=\"576\" src=\"https:\/\/laspalmas.md\/wp-content\/uploads\/2021\/03\/car-acc-suite-jrsuite-executive02_1600x1111.jpg\" alt=\"\" class=\"wp-image-5997\" srcset=\"https:\/\/laspalmas.md\/wp-content\/uploads\/2021\/03\/car-acc-suite-jrsuite-executive02_1600x1111.jpg 830w, https:\/\/laspalmas.md\/wp-content\/uploads\/2021\/03\/car-acc-suite-jrsuite-executive02_1600x1111-300x208.jpg 300w, https:\/\/laspalmas.md\/wp-content\/uploads\/2021\/03\/car-acc-suite-jrsuite-executive02_1600x1111-768x533.jpg 768w\" sizes=\"(max-width: 830px) 100vw, 830px\" \/><\/figure>\n\n\n\n<figure class=\"wp-block-image\"><img loading=\"lazy\" width=\"830\" height=\"576\" src=\"https:\/\/laspalmas.md\/wp-content\/uploads\/2021\/03\/car-acc-suite-jrsuite-executive03_1600x1111.jpg\" alt=\"\" class=\"wp-image-5998\" srcset=\"https:\/\/laspalmas.md\/wp-content\/uploads\/2021\/03\/car-acc-suite-jrsuite-executive03_1600x1111.jpg 830w, https:\/\/laspalmas.md\/wp-content\/uploads\/2021\/03\/car-acc-suite-jrsuite-executive03_1600x1111-300x208.jpg 300w, https:\/\/laspalmas.md\/wp-content\/uploads\/2021\/03\/car-acc-suite-jrsuite-executive03_1600x1111-768x533.jpg 768w\" sizes=\"(max-width: 830px) 100vw, 830px\" \/><\/figure>\n\n\n\n<figure class=\"wp-block-image\"><img loading=\"lazy\" width=\"830\" height=\"576\" src=\"https:\/\/laspalmas.md\/wp-content\/uploads\/2021\/03\/car-acc-suite-jrsuite-executive04_1600x1111.jpg\" alt=\"\" class=\"wp-image-5999\" srcset=\"https:\/\/laspalmas.md\/wp-content\/uploads\/2021\/03\/car-acc-suite-jrsuite-executive04_1600x1111.jpg 830w, https:\/\/laspalmas.md\/wp-content\/uploads\/2021\/03\/car-acc-suite-jrsuite-executive04_1600x1111-300x208.jpg 300w, https:\/\/laspalmas.md\/wp-content\/uploads\/2021\/03\/car-acc-suite-jrsuite-executive04_1600x1111-768x533.jpg 768w\" sizes=\"(max-width: 830px) 100vw, 830px\" \/><\/figure>\n\n\n\n<figure class=\"wp-block-image\"><img loading=\"lazy\" width=\"830\" height=\"576\" src=\"https:\/\/laspalmas.md\/wp-content\/uploads\/2021\/03\/car-acc-suite-jrsuite-executive05_1600x1111.jpg\" alt=\"\" class=\"wp-image-6000\" srcset=\"https:\/\/laspalmas.md\/wp-content\/uploads\/2021\/03\/car-acc-suite-jrsuite-executive05_1600x1111.jpg 830w, https:\/\/laspalmas.md\/wp-content\/uploads\/2021\/03\/car-acc-suite-jrsuite-executive05_1600x1111-300x208.jpg 300w, https:\/\/laspalmas.md\/wp-content\/uploads\/2021\/03\/car-acc-suite-jrsuite-executive05_1600x1111-768x533.jpg 768w\" sizes=\"(max-width: 830px) 100vw, 830px\" \/><\/figure>\n","protected":false},"excerpt":{"rendered":"<p>De la\u00a0239 Euro \/ persoana \/ noapte \/ Double Room Village View \/ mic dejun Oferta include cazare in&nbsp; Double Room Village View mic dejun Oferta nu include transport asigurare &#8230;<\/p>\n","protected":false},"author":1,"featured_media":5990,"parent":0,"menu_order":0,"comment_status":"closed","ping_status":"closed","template":"","meta":[],"_links":{"self":[{"href":"https:\/\/laspalmas.md\/ru\/wp-json\/wp\/v2\/pages\/5982"}],"collection":[{"href":"https:\/\/laspalmas.md\/ru\/wp-json\/wp\/v2\/pages"}],"about":[{"href":"https:\/\/laspalmas.md\/ru\/wp-json\/wp\/v2\/types\/page"}],"author":[{"embeddable":true,"href":"https:\/\/laspalmas.md\/ru\/wp-json\/wp\/v2\/users\/1"}],"replies":[{"embeddable":true,"href":"https:\/\/laspalmas.md\/ru\/wp-json\/wp\/v2\/comments?post=5982"}],"version-history":[{"count":9,"href":"https:\/\/laspalmas.md\/ru\/wp-json\/wp\/v2\/pages\/5982\/revisions"}],"predecessor-version":[{"id":6001,"href":"https:\/\/laspalmas.md\/ru\/wp-json\/wp\/v2\/pages\/5982\/revisions\/6001"}],"wp:featuredmedia":[{"embeddable":true,"href":"https:\/\/laspalmas.md\/ru\/wp-json\/wp\/v2\/media\/5990"}],"wp:attachment":[{"href":"https:\/\/laspalmas.md\/ru\/wp-json\/wp\/v2\/media?parent=5982"}],"curies":[{"name":"wp","href":"https:\/\/api.w.org\/{rel}","templated":true}]}}