{"id":5950,"date":"2021-03-25T20:28:31","date_gmt":"2021-03-25T17:28:31","guid":{"rendered":"https:\/\/laspalmas.md\/?page_id=5950"},"modified":"2021-03-25T20:51:22","modified_gmt":"2021-03-25T17:51:22","slug":"capri-capri-palace-spa-6","status":"publish","type":"page","link":"https:\/\/laspalmas.md\/ru\/capri-capri-palace-spa-6\/","title":{"rendered":"CAPRI.                                      Capri Palace &#038; Spa 6*"},"content":{"rendered":"\n<p><strong>De la\u00a0179 euro \/ persoana \/ noapte \/ Classic Garden Side Room \/ mic dejun<\/strong><br><\/p>\n\n\n\n<h4>Oferta include<\/h4>\n\n\n\n<ul><li>cazare in Classic Garden Side Room<\/li><li>mic dejun<\/li><\/ul>\n\n\n\n<h4>Oferta nu include<\/h4>\n\n\n\n<ul><li>transport<\/li><li>asigurare medicala \/ storno<br><\/li><\/ul>\n\n\n\n<h4>Cazare<\/h4>\n\n\n\n<p>Hotelul Capri Palace Spa este situat \u00een localitatea Anacapri, la doar 500 de metri de malul m\u0103rii. Proprietatea are o piscin\u0103 \u00een aer liber cu mozaic, un centru de wellness \u015fi o teras\u0103 panoramic\u0103, decorat\u0103 cu mobilier de exterior. Hotelul are o colec\u0163ie privat\u0103 de picturi \u015fi sculpturi expuse \u00een \u00eentreaga cl\u0103dire, cunoscut\u0103 sub numele de Muzeul Alb.<\/p>\n\n\n\n<p>Camerele au mobilier elegant \u015fi modern \u0219i sunt dotate cu aer condi\u0163ionat, televizor, minibar \u015fi baie privat\u0103, cu articole de toalet\u0103 gratuite, papuci \u015fi halate moi. Unele camere ofer\u0103 vedere la dealuri sau la mare.<\/p>\n\n\n\n<p>Proprietatea pune la dispozi\u021bie numeroase restaurante, printre care Il Rag\u00f9, care se afl\u0103 l\u00e2ng\u0103 piscin\u0103 \u0219i are teras\u0103 \u0219i vedere la mare, L&#8217;Olivo, cu 2 stele Michelin, care serve\u0219te preparate mediteraneene \u0219i singurul club amplasat pe plaj\u0103 de pe insul\u0103, Il Riccio, situat l\u00e2ng\u0103 Grota Albastr\u0103, care are 1 stea Michelin \u0219i serve\u0219te preparate din fructe de mare.<\/p>\n\n\n\n<p>\u00cen fiecare diminea\u0163\u0103, la restaurantul L&#8217;Olivo este oferit un mic dejun tip bufet. Proprietatea organizeaz\u0103 sesiuni de degustare de vin \u00een crama proprie.<\/p>\n\n\n\n<p>Centrul Capri Beauty Farm and Spa a fost distins cu premii \u0219i are centru de fitness, saun\u0103, baie de aburi \u0219i baie turceasc\u0103. De asemenea, centrul spa ofer\u0103 tratamente de \u00eenfrumuse\u021bare \u0219i tratamente medicale, cum ar fi tratamente \u00eempotriva \u00eemb\u0103tr\u00e2nirii \u0219i a stresului.<\/p>\n\n\n\n<p>Oaspe\u0163ii pot ajunge la clubul Il Riccio amplasat pe plaj\u0103 cu un autobuz pus la dispozi\u0163ie de hotel. Renumita Grot\u0103 Albastr\u0103 (Grotta Azzurra) se afl\u0103 la mai pu\u0163in de 2 km de proprietate.<\/p>\n\n\n\n<p>Capri Palace Hotel &#038; Spa face parte din consor\u0163iul Leading Hotels of the World \u015fi se bucur\u0103 de o loca\u0163ie exclusivist\u0103 pe Insula Capri.<br><\/p>\n\n\n\n<h4>Conditii oferta<\/h4>\n\n\n\n<p>Tariful afisat este valabil in momentul editarii \/ postarii acestei oferte!<br>Locuri in limita disponibilitatii!<br>Atentie, disponibilitatea se poate schimba in orice moment, motiv pentru care va rugam sa ne contactati pentru reconfirmarea tarifelor si \/ sau a locurilor disponibile!<\/p>\n\n\n\n<p><strong>Reducere pentru rezervare timpurie<\/strong>: 15% reducere la cazare \/ mic dejun cu p\u00e2n\u0103 la 45 de zile \u00eenainte de sosire pentru sejururi \u00een perioada 16 septembrie la 20 octombrie.<\/p>\n\n\n\n<p><strong>Oferta speciala<\/strong>: 3 = 2 la sosirea \u00een zilele de duminic\u0103 \u0219i la plecare \u00een ziua de miercuri, 4 = 3 la sosirea \u00een zilele de duminic\u0103 \u0219i la plecarea \u00een zilele de luni. Valabil pentru sejur \/ micul dejun \u00een perioada 21 septembrie la 20 octombrie.<\/p>\n\n\n\n<p><strong>Special pentru oaspe\u021bii care rezerva apartamente<\/strong>: O cina la restaurantul gastronomic L&#8217;Olivio (f\u0103r\u0103 b\u0103uturi) pentru 2 persoane la sosire, un masaj de relaxare cu arome per persoan\u0103 \/ \u0219edere \u0219i b\u0103uturi r\u0103coritoare din minibar f\u0103r\u0103 tax\u0103.<\/p>\n\n\n\n<h4>Valabilitate oferta<\/h4>\n\n\n\n<p>Oferta valabila in limita disponibilitatilor la momentul rezervarii.<br><br><strong><a href=\"https:\/\/laspalmas.md\/contact-us-1\/\">Suna\u021bi acum pentru o vacanta relaxanta: 060552999 \/ 023 58 40 04<\/a><\/strong><br><br><\/p>\n\n\n\n<figure class=\"wp-block-image\"><img loading=\"lazy\" width=\"850\" height=\"566\" src=\"https:\/\/laspalmas.md\/wp-content\/uploads\/2021\/03\/616_01_CP_Outdoor.jpg\" alt=\"\" class=\"wp-image-5959\" srcset=\"https:\/\/laspalmas.md\/wp-content\/uploads\/2021\/03\/616_01_CP_Outdoor.jpg 850w, https:\/\/laspalmas.md\/wp-content\/uploads\/2021\/03\/616_01_CP_Outdoor-300x200.jpg 300w, https:\/\/laspalmas.md\/wp-content\/uploads\/2021\/03\/616_01_CP_Outdoor-768x511.jpg 768w\" sizes=\"(max-width: 850px) 100vw, 850px\" \/><\/figure>\n\n\n\n<figure class=\"wp-block-image\"><img loading=\"lazy\" width=\"850\" height=\"566\" src=\"https:\/\/laspalmas.md\/wp-content\/uploads\/2021\/03\/623_02_CP_Pool1.jpg\" alt=\"\" class=\"wp-image-5964\" srcset=\"https:\/\/laspalmas.md\/wp-content\/uploads\/2021\/03\/623_02_CP_Pool1.jpg 850w, https:\/\/laspalmas.md\/wp-content\/uploads\/2021\/03\/623_02_CP_Pool1-300x200.jpg 300w, https:\/\/laspalmas.md\/wp-content\/uploads\/2021\/03\/623_02_CP_Pool1-768x511.jpg 768w\" sizes=\"(max-width: 850px) 100vw, 850px\" \/><\/figure>\n\n\n\n<figure class=\"wp-block-image\"><img loading=\"lazy\" width=\"850\" height=\"566\" src=\"https:\/\/laspalmas.md\/wp-content\/uploads\/2021\/03\/624_08_CP_420Pool.jpg\" alt=\"\" class=\"wp-image-5967\" srcset=\"https:\/\/laspalmas.md\/wp-content\/uploads\/2021\/03\/624_08_CP_420Pool.jpg 850w, https:\/\/laspalmas.md\/wp-content\/uploads\/2021\/03\/624_08_CP_420Pool-300x200.jpg 300w, https:\/\/laspalmas.md\/wp-content\/uploads\/2021\/03\/624_08_CP_420Pool-768x511.jpg 768w\" sizes=\"(max-width: 850px) 100vw, 850px\" \/><\/figure>\n\n\n\n<figure class=\"wp-block-image\"><img loading=\"lazy\" width=\"850\" height=\"566\" src=\"https:\/\/laspalmas.md\/wp-content\/uploads\/2021\/03\/839_4_capri_GB_0152.jpg\" alt=\"\" class=\"wp-image-5968\" srcset=\"https:\/\/laspalmas.md\/wp-content\/uploads\/2021\/03\/839_4_capri_GB_0152.jpg 850w, https:\/\/laspalmas.md\/wp-content\/uploads\/2021\/03\/839_4_capri_GB_0152-300x200.jpg 300w, https:\/\/laspalmas.md\/wp-content\/uploads\/2021\/03\/839_4_capri_GB_0152-768x511.jpg 768w\" sizes=\"(max-width: 850px) 100vw, 850px\" \/><\/figure>\n\n\n\n<figure class=\"wp-block-image\"><img loading=\"lazy\" width=\"841\" height=\"576\" src=\"https:\/\/laspalmas.md\/wp-content\/uploads\/2021\/03\/847_CP_421Pooledited.jpg\" alt=\"\" class=\"wp-image-5969\" srcset=\"https:\/\/laspalmas.md\/wp-content\/uploads\/2021\/03\/847_CP_421Pooledited.jpg 841w, https:\/\/laspalmas.md\/wp-content\/uploads\/2021\/03\/847_CP_421Pooledited-300x205.jpg 300w, https:\/\/laspalmas.md\/wp-content\/uploads\/2021\/03\/847_CP_421Pooledited-768x526.jpg 768w\" sizes=\"(max-width: 841px) 100vw, 841px\" \/><\/figure>\n\n\n\n<figure class=\"wp-block-image\"><img loading=\"lazy\" width=\"850\" height=\"566\" src=\"https:\/\/laspalmas.md\/wp-content\/uploads\/2021\/03\/859_01_11.jpg\" alt=\"\" class=\"wp-image-5971\" srcset=\"https:\/\/laspalmas.md\/wp-content\/uploads\/2021\/03\/859_01_11.jpg 850w, https:\/\/laspalmas.md\/wp-content\/uploads\/2021\/03\/859_01_11-300x200.jpg 300w, https:\/\/laspalmas.md\/wp-content\/uploads\/2021\/03\/859_01_11-768x511.jpg 768w\" sizes=\"(max-width: 850px) 100vw, 850px\" \/><\/figure>\n\n\n\n<figure class=\"wp-block-image\"><img loading=\"lazy\" width=\"850\" height=\"555\" src=\"https:\/\/laspalmas.md\/wp-content\/uploads\/2021\/03\/848_Terrazza_L_Olivo_2_edited.jpg\" alt=\"\" class=\"wp-image-5973\" srcset=\"https:\/\/laspalmas.md\/wp-content\/uploads\/2021\/03\/848_Terrazza_L_Olivo_2_edited.jpg 850w, https:\/\/laspalmas.md\/wp-content\/uploads\/2021\/03\/848_Terrazza_L_Olivo_2_edited-300x196.jpg 300w, https:\/\/laspalmas.md\/wp-content\/uploads\/2021\/03\/848_Terrazza_L_Olivo_2_edited-768x501.jpg 768w\" sizes=\"(max-width: 850px) 100vw, 850px\" \/><\/figure>\n\n\n\n<figure class=\"wp-block-image\"><img loading=\"lazy\" width=\"850\" height=\"553\" src=\"https:\/\/laspalmas.md\/wp-content\/uploads\/2021\/03\/849_Terrazza_L_Olivo_4_edited.jpg\" alt=\"\" class=\"wp-image-5976\" srcset=\"https:\/\/laspalmas.md\/wp-content\/uploads\/2021\/03\/849_Terrazza_L_Olivo_4_edited.jpg 850w, https:\/\/laspalmas.md\/wp-content\/uploads\/2021\/03\/849_Terrazza_L_Olivo_4_edited-300x195.jpg 300w, https:\/\/laspalmas.md\/wp-content\/uploads\/2021\/03\/849_Terrazza_L_Olivo_4_edited-768x500.jpg 768w\" sizes=\"(max-width: 850px) 100vw, 850px\" \/><\/figure>\n\n\n\n<figure class=\"wp-block-image\"><img loading=\"lazy\" width=\"850\" height=\"566\" src=\"https:\/\/laspalmas.md\/wp-content\/uploads\/2021\/03\/855_VS_15_Capri_room_416_valentina_sommariva.jpg\" alt=\"\" class=\"wp-image-5977\" srcset=\"https:\/\/laspalmas.md\/wp-content\/uploads\/2021\/03\/855_VS_15_Capri_room_416_valentina_sommariva.jpg 850w, https:\/\/laspalmas.md\/wp-content\/uploads\/2021\/03\/855_VS_15_Capri_room_416_valentina_sommariva-300x200.jpg 300w, https:\/\/laspalmas.md\/wp-content\/uploads\/2021\/03\/855_VS_15_Capri_room_416_valentina_sommariva-768x511.jpg 768w\" sizes=\"(max-width: 850px) 100vw, 850px\" \/><\/figure>\n","protected":false},"excerpt":{"rendered":"<p>De la\u00a0179 euro \/ persoana \/ noapte \/ Classic Garden Side Room \/ mic dejun Oferta include cazare in Classic Garden Side Room mic dejun Oferta nu include transport asigurare &#8230;<\/p>\n","protected":false},"author":1,"featured_media":5959,"parent":0,"menu_order":0,"comment_status":"closed","ping_status":"closed","template":"","meta":[],"_links":{"self":[{"href":"https:\/\/laspalmas.md\/ru\/wp-json\/wp\/v2\/pages\/5950"}],"collection":[{"href":"https:\/\/laspalmas.md\/ru\/wp-json\/wp\/v2\/pages"}],"about":[{"href":"https:\/\/laspalmas.md\/ru\/wp-json\/wp\/v2\/types\/page"}],"author":[{"embeddable":true,"href":"https:\/\/laspalmas.md\/ru\/wp-json\/wp\/v2\/users\/1"}],"replies":[{"embeddable":true,"href":"https:\/\/laspalmas.md\/ru\/wp-json\/wp\/v2\/comments?post=5950"}],"version-history":[{"count":13,"href":"https:\/\/laspalmas.md\/ru\/wp-json\/wp\/v2\/pages\/5950\/revisions"}],"predecessor-version":[{"id":5978,"href":"https:\/\/laspalmas.md\/ru\/wp-json\/wp\/v2\/pages\/5950\/revisions\/5978"}],"wp:featuredmedia":[{"embeddable":true,"href":"https:\/\/laspalmas.md\/ru\/wp-json\/wp\/v2\/media\/5959"}],"wp:attachment":[{"href":"https:\/\/laspalmas.md\/ru\/wp-json\/wp\/v2\/media?parent=5950"}],"curies":[{"name":"wp","href":"https:\/\/api.w.org\/{rel}","templated":true}]}}