{"id":5933,"date":"2021-03-25T19:45:48","date_gmt":"2021-03-25T16:45:48","guid":{"rendered":"https:\/\/laspalmas.md\/?page_id=5933"},"modified":"2021-03-25T20:27:59","modified_gmt":"2021-03-25T17:27:59","slug":"capri-albergo-gatto-bianco-hotel-4","status":"publish","type":"page","link":"https:\/\/laspalmas.md\/ru\/capri-albergo-gatto-bianco-hotel-4\/","title":{"rendered":"CAPRI.                                 Albergo Gatto Bianco Hotel 4*"},"content":{"rendered":"\n<p><strong>De la\u00a063 Euro \/ persoana \/ noapte \/ camera dubla \/ mic dejun<\/strong><\/p>\n\n\n\n<h4>Oferta include<\/h4>\n\n\n\n<ul><li>cazare in camera dubla<\/li><li>mic dejun<\/li><\/ul>\n\n\n\n<h4>Oferta nu include<\/h4>\n\n\n\n<p>\u2022 bilet de avion<br>\u2022 transferuri<br>\u2022 asigurare medicala<br>\u2022 excursii optionale si intrari la obiective turistice;<\/p>\n\n\n\n<h4>Cazare<\/h4>\n\n\n\n<p>Situat \u00een inima ora\u015fului Capri, Albergo Gatto Bianco se afl\u0103 la 150 de metri de pia\u0163a principal\u0103 Piazzetta. Acesta ofer\u0103 o zon\u0103 elegant\u0103 de lounge, un bar \u015fi terase \u00eensorite spa\u0163ioase, cu plante \u015fi flori.<\/p>\n\n\n\n<p>Camerele sunt luminoase \u015fi au aer condi\u0163ionat, TV cu ecran plat \u015fi minibar. Fiecare camer\u0103 are o pardoseal\u0103 unicat, iar unele au un balcon sau teras\u0103 cu vedere la acoperi\u015furile din Capri sau la gr\u0103dina hotelului.<\/p>\n\n\n\n<p>Amplasat \u00eentr-o zon\u0103 central\u0103, dar lini\u015ftit\u0103, Gatto Bianco este situat pe o strad\u0103 plin\u0103 cu magazine unde pute\u0163i g\u0103si cele mai recente articole de mod\u0103 de designer, italiene \u015fi interna\u0163ionale. \u00cen zonele publice ale hotelului se ofer\u0103 acces gratuit la internet Wi-Fi.<\/p>\n\n\n\n<p>Populara strad\u0103 Via Krupp a Insulei Capri \u00eencepe la 400 de metri de proprietate, iar Marea Tirenian\u0103 este la 10 minute de mers pe jos. La aproximativ 1,5 km de hotel se afl\u0103 pe\u015ftera Fern din Capri.<\/p>\n\n\n\n<h4>Conditii oferta<\/h4>\n\n\n\n<p>Tarifele pot varia in functie de disponibilitate si perioada de calatorie (in limita locurilor disponibile la momentul rezervarii).<\/p>\n\n\n\n<h4>Valabilitate oferta<\/h4>\n\n\n\n<p>Oferta valabila in limita disponibilitatilor la momentul rezervarii.<br><br><strong><a href=\"https:\/\/laspalmas.md\/contact-us-1\/\">Suna\u021bi acum pentru o vacanta relaxanta: 060552999 \/ 023 58 40 04<\/a><\/strong><br><br><\/p>\n\n\n\n<figure class=\"wp-block-image\"><img loading=\"lazy\" width=\"848\" height=\"477\" src=\"https:\/\/laspalmas.md\/wp-content\/uploads\/2021\/03\/header-1_d16x9_53_0_970.20180327120727-1.jpg\" alt=\"\" class=\"wp-image-5942\" srcset=\"https:\/\/laspalmas.md\/wp-content\/uploads\/2021\/03\/header-1_d16x9_53_0_970.20180327120727-1.jpg 848w, https:\/\/laspalmas.md\/wp-content\/uploads\/2021\/03\/header-1_d16x9_53_0_970.20180327120727-1-300x169.jpg 300w, https:\/\/laspalmas.md\/wp-content\/uploads\/2021\/03\/header-1_d16x9_53_0_970.20180327120727-1-768x432.jpg 768w, https:\/\/laspalmas.md\/wp-content\/uploads\/2021\/03\/header-1_d16x9_53_0_970.20180327120727-1-640x360.jpg 640w\" sizes=\"(max-width: 848px) 100vw, 848px\" \/><\/figure>\n\n\n\n<figure class=\"wp-block-image\"><img loading=\"lazy\" width=\"850\" height=\"549\" src=\"https:\/\/laspalmas.md\/wp-content\/uploads\/2021\/03\/142483584.jpg\" alt=\"\" class=\"wp-image-5945\" srcset=\"https:\/\/laspalmas.md\/wp-content\/uploads\/2021\/03\/142483584.jpg 850w, https:\/\/laspalmas.md\/wp-content\/uploads\/2021\/03\/142483584-300x194.jpg 300w, https:\/\/laspalmas.md\/wp-content\/uploads\/2021\/03\/142483584-768x496.jpg 768w\" sizes=\"(max-width: 850px) 100vw, 850px\" \/><\/figure>\n\n\n\n<figure class=\"wp-block-image\"><img loading=\"lazy\" width=\"850\" height=\"563\" src=\"https:\/\/laspalmas.md\/wp-content\/uploads\/2021\/03\/142482127.jpg\" alt=\"\" class=\"wp-image-5947\" srcset=\"https:\/\/laspalmas.md\/wp-content\/uploads\/2021\/03\/142482127.jpg 850w, https:\/\/laspalmas.md\/wp-content\/uploads\/2021\/03\/142482127-300x199.jpg 300w, https:\/\/laspalmas.md\/wp-content\/uploads\/2021\/03\/142482127-768x509.jpg 768w\" sizes=\"(max-width: 850px) 100vw, 850px\" \/><\/figure>\n","protected":false},"excerpt":{"rendered":"<p>De la\u00a063 Euro \/ persoana \/ noapte \/ camera dubla \/ mic dejun Oferta include cazare in camera dubla mic dejun Oferta nu include \u2022 bilet de avion\u2022 transferuri\u2022 asigurare &#8230;<\/p>\n","protected":false},"author":1,"featured_media":5942,"parent":0,"menu_order":0,"comment_status":"closed","ping_status":"closed","template":"","meta":[],"_links":{"self":[{"href":"https:\/\/laspalmas.md\/ru\/wp-json\/wp\/v2\/pages\/5933"}],"collection":[{"href":"https:\/\/laspalmas.md\/ru\/wp-json\/wp\/v2\/pages"}],"about":[{"href":"https:\/\/laspalmas.md\/ru\/wp-json\/wp\/v2\/types\/page"}],"author":[{"embeddable":true,"href":"https:\/\/laspalmas.md\/ru\/wp-json\/wp\/v2\/users\/1"}],"replies":[{"embeddable":true,"href":"https:\/\/laspalmas.md\/ru\/wp-json\/wp\/v2\/comments?post=5933"}],"version-history":[{"count":11,"href":"https:\/\/laspalmas.md\/ru\/wp-json\/wp\/v2\/pages\/5933\/revisions"}],"predecessor-version":[{"id":5948,"href":"https:\/\/laspalmas.md\/ru\/wp-json\/wp\/v2\/pages\/5933\/revisions\/5948"}],"wp:featuredmedia":[{"embeddable":true,"href":"https:\/\/laspalmas.md\/ru\/wp-json\/wp\/v2\/media\/5942"}],"wp:attachment":[{"href":"https:\/\/laspalmas.md\/ru\/wp-json\/wp\/v2\/media?parent=5933"}],"curies":[{"name":"wp","href":"https:\/\/api.w.org\/{rel}","templated":true}]}}