{"id":5863,"date":"2021-03-25T14:36:15","date_gmt":"2021-03-25T11:36:15","guid":{"rendered":"https:\/\/laspalmas.md\/?page_id=5863"},"modified":"2021-03-25T19:15:24","modified_gmt":"2021-03-25T16:15:24","slug":"tenerife-hard-rock-hotel-tenerife-5","status":"publish","type":"page","link":"https:\/\/laspalmas.md\/ru\/tenerife-hard-rock-hotel-tenerife-5\/","title":{"rendered":"TENERIFE.                              Hard Rock Hotel Tenerife 5*"},"content":{"rendered":"\n<p><strong>De la\u00a0949 Euro \/ pachet 7 nopti \/ persoana in camera dubla \/ mic dejun<\/strong><br><br><\/p>\n\n\n\n<h4>Oferta include<\/h4>\n\n\n\n<ul><li>Transport cu avionul pe ruta Bucuresti &#8211; Tenerife &#8211; Bucuresti<\/li><li>1 bagaj de cala si 1 bagaj de mana\/ persoana<\/li><li>Taxe de aeroport<\/li><li>Transfer aeroport &#8211; hotel &#8211; aeroport<\/li><li>Cazare 7 nopti<\/li><li>Asistenta turistica in limba romana<\/li><\/ul>\n\n\n\n<h4>Oferta nu include<\/h4>\n\n\n\n<ul><li>asigurarea medicala de calatorie (optionala, recomandata);<\/li><li>asigurarea storno (optionala), se incheie odata cu contractul de comercializare a pachetului de servicii turistice, in pachet cu asigurarea medicala de calatorie;<\/li><li>excursiile optionale<br><\/li><\/ul>\n\n\n\n<h4>Cazare<\/h4>\n\n\n\n<p>Hard Rock Hotel Tenerife este un hotel de lux, situat la malul m\u0103rii, \u00eentr-o zon\u0103 reziden\u021bial\u0103 lini\u0219tit\u0103 din Costa Adeje. Proprietatea pune la dispozi\u021bie 3 piscine, lagun\u0103 cu ap\u0103 s\u0103rat\u0103 \u0219i WiFi gratuit. Hotelul ofer\u0103 serviciul zilnic de transfer gratuit de la proprietate la Siam Mall \u0219i Las Americas.<\/p>\n\n\n\n<p>Camerele spa\u021bioase au aer condi\u021bionat, 1 pat king-size sau 2 paturi twin \u0219i teras\u0103 mobilat\u0103. Baia privat\u0103 este dotat\u0103 cu du\u0219 senzorial, cu efect de ploaie, usc\u0103tor de p\u0103r, halat de baie \u0219i papuci. Camerele au decor modern, TV cu ecran plat, minibar, iPod docking station, fierb\u0103tor electric, seif \u0219i WiFi gratuit.<\/p>\n\n\n\n<p>Suitele Rock Royalty ofer\u0103 acces la servicii concierge private, acces gratuit la centrul spa, check-in VIP \u0219i acces la Rock Royalty Lounge, cu gust\u0103ri, b\u0103uturi \u0219i ziare zilnice.<\/p>\n\n\n\n<p>Centrul spa al hotelului pune la dispozi\u021bie circuit termal, o gam\u0103 de tratamente, muzic\u0103 personalizat\u0103 \u0219i b\u0103uturi gratuite. Hotelul are centru de fitness \u0219i magazin cu produse marca Hard Rock. Proprietatea ofer\u0103 s\u0103li de conferin\u021be cu capacitatea de cel mult 525 de persoane.<\/p>\n\n\n\n<p>Hard Rock Hotel Tenerife pune la dispozi\u021bie mai multe restaurante \u0219i facilit\u0103\u021bi de divertisment, miniclub pentru copii \u0219i adolescen\u021bi \u0219i club pe plaj\u0103.<\/p>\n\n\n\n<h4>Conditii oferta<\/h4>\n\n\n\n<p>Tariful afisat este valabil in momentul editarii \/ postarii acestei oferte!<br>Locuri in limita disponibilitatii!<br>Atentie, disponibilitatea se poate schimba in orice moment, motiv pentru care va rugam sa ne contactati pentru reconfirmarea tarifelor si \/ sau a locurilor disponibile!<\/p>\n\n\n\n<h4>Valabilitate oferta<\/h4>\n\n\n\n<p>Tariful afisat este valabil pentru sejur in perioada <strong>02 Iul 2021 &#8211; 09 Iul 2021.<\/strong><br><br><strong><a href=\"https:\/\/laspalmas.md\/contact-us-1\/\">Suna\u021bi acum pentru o vacanta relaxanta: 060552999 \/ 023 58 40 04<\/a><\/strong><br><br><\/p>\n\n\n\n<figure class=\"wp-block-image\"><img loading=\"lazy\" width=\"1000\" height=\"667\" src=\"https:\/\/laspalmas.md\/wp-content\/uploads\/2021\/03\/Hard_Rock_Hotel_Tenerife_-_Gallery_-_Lagoon.jpg\" alt=\"\" class=\"wp-image-5870\" srcset=\"https:\/\/laspalmas.md\/wp-content\/uploads\/2021\/03\/Hard_Rock_Hotel_Tenerife_-_Gallery_-_Lagoon.jpg 1000w, https:\/\/laspalmas.md\/wp-content\/uploads\/2021\/03\/Hard_Rock_Hotel_Tenerife_-_Gallery_-_Lagoon-300x200.jpg 300w, https:\/\/laspalmas.md\/wp-content\/uploads\/2021\/03\/Hard_Rock_Hotel_Tenerife_-_Gallery_-_Lagoon-768x512.jpg 768w\" sizes=\"(max-width: 1000px) 100vw, 1000px\" \/><figcaption>Hard Rock Hotel Tenerife<\/figcaption><\/figure>\n\n\n\n<figure class=\"wp-block-image\"><img loading=\"lazy\" width=\"1000\" height=\"667\" src=\"https:\/\/laspalmas.md\/wp-content\/uploads\/2021\/03\/Hard_Rock_Hotel_Tenerife_-_Gallery_-_Lagoon3.jpg\" alt=\"\" class=\"wp-image-5873\" srcset=\"https:\/\/laspalmas.md\/wp-content\/uploads\/2021\/03\/Hard_Rock_Hotel_Tenerife_-_Gallery_-_Lagoon3.jpg 1000w, https:\/\/laspalmas.md\/wp-content\/uploads\/2021\/03\/Hard_Rock_Hotel_Tenerife_-_Gallery_-_Lagoon3-300x200.jpg 300w, https:\/\/laspalmas.md\/wp-content\/uploads\/2021\/03\/Hard_Rock_Hotel_Tenerife_-_Gallery_-_Lagoon3-768x512.jpg 768w\" sizes=\"(max-width: 1000px) 100vw, 1000px\" \/><figcaption>Hard Rock Hotel Tenerife<\/figcaption><\/figure>\n\n\n\n<figure class=\"wp-block-image\"><img loading=\"lazy\" width=\"1000\" height=\"667\" src=\"https:\/\/laspalmas.md\/wp-content\/uploads\/2021\/03\/3.HRHTENERIFE_EDEN_POOL.jpg\" alt=\"\" class=\"wp-image-5875\" srcset=\"https:\/\/laspalmas.md\/wp-content\/uploads\/2021\/03\/3.HRHTENERIFE_EDEN_POOL.jpg 1000w, https:\/\/laspalmas.md\/wp-content\/uploads\/2021\/03\/3.HRHTENERIFE_EDEN_POOL-300x200.jpg 300w, https:\/\/laspalmas.md\/wp-content\/uploads\/2021\/03\/3.HRHTENERIFE_EDEN_POOL-768x512.jpg 768w\" sizes=\"(max-width: 1000px) 100vw, 1000px\" \/><\/figure>\n\n\n\n<figure class=\"wp-block-image\"><img loading=\"lazy\" width=\"1000\" height=\"667\" src=\"https:\/\/laspalmas.md\/wp-content\/uploads\/2021\/03\/6.HRHTENERIFE_SPLASH_POOL.jpg\" alt=\"\" class=\"wp-image-5876\" srcset=\"https:\/\/laspalmas.md\/wp-content\/uploads\/2021\/03\/6.HRHTENERIFE_SPLASH_POOL.jpg 1000w, https:\/\/laspalmas.md\/wp-content\/uploads\/2021\/03\/6.HRHTENERIFE_SPLASH_POOL-300x200.jpg 300w, https:\/\/laspalmas.md\/wp-content\/uploads\/2021\/03\/6.HRHTENERIFE_SPLASH_POOL-768x512.jpg 768w\" sizes=\"(max-width: 1000px) 100vw, 1000px\" \/><\/figure>\n\n\n\n<figure class=\"wp-block-image\"><img loading=\"lazy\" width=\"1024\" height=\"664\" src=\"https:\/\/laspalmas.md\/wp-content\/uploads\/2021\/03\/HRH_Tenerife_-_Rock_Suite6-scaled-1024x664.jpg\" alt=\"\" class=\"wp-image-5878\" srcset=\"https:\/\/laspalmas.md\/wp-content\/uploads\/2021\/03\/HRH_Tenerife_-_Rock_Suite6-scaled-1024x664.jpg 1024w, https:\/\/laspalmas.md\/wp-content\/uploads\/2021\/03\/HRH_Tenerife_-_Rock_Suite6-scaled-300x194.jpg 300w, https:\/\/laspalmas.md\/wp-content\/uploads\/2021\/03\/HRH_Tenerife_-_Rock_Suite6-scaled-768x498.jpg 768w\" sizes=\"(max-width: 1024px) 100vw, 1024px\" \/><\/figure>\n\n\n\n<figure class=\"wp-block-image\"><img loading=\"lazy\" width=\"1000\" height=\"653\" src=\"https:\/\/laspalmas.md\/wp-content\/uploads\/2021\/03\/HRH_Tenerife_Rock_Spa_MG_4232.jpg\" alt=\"\" class=\"wp-image-5879\" srcset=\"https:\/\/laspalmas.md\/wp-content\/uploads\/2021\/03\/HRH_Tenerife_Rock_Spa_MG_4232.jpg 1000w, https:\/\/laspalmas.md\/wp-content\/uploads\/2021\/03\/HRH_Tenerife_Rock_Spa_MG_4232-300x196.jpg 300w, https:\/\/laspalmas.md\/wp-content\/uploads\/2021\/03\/HRH_Tenerife_Rock_Spa_MG_4232-768x502.jpg 768w\" sizes=\"(max-width: 1000px) 100vw, 1000px\" \/><\/figure>\n\n\n\n<figure class=\"wp-block-image\"><img loading=\"lazy\" width=\"1000\" height=\"667\" src=\"https:\/\/laspalmas.md\/wp-content\/uploads\/2021\/03\/HRHTENERIFE.MONTAUK.RESTAURANT_.jpg\" alt=\"\" class=\"wp-image-5881\" srcset=\"https:\/\/laspalmas.md\/wp-content\/uploads\/2021\/03\/HRHTENERIFE.MONTAUK.RESTAURANT_.jpg 1000w, https:\/\/laspalmas.md\/wp-content\/uploads\/2021\/03\/HRHTENERIFE.MONTAUK.RESTAURANT_-300x200.jpg 300w, https:\/\/laspalmas.md\/wp-content\/uploads\/2021\/03\/HRHTENERIFE.MONTAUK.RESTAURANT_-768x512.jpg 768w\" sizes=\"(max-width: 1000px) 100vw, 1000px\" \/><\/figure>\n\n\n\n<figure class=\"wp-block-image\"><img loading=\"lazy\" width=\"1000\" height=\"667\" src=\"https:\/\/laspalmas.md\/wp-content\/uploads\/2021\/03\/HRHTENERIFE.MONTAUK.RESTAURANT.jpg\" alt=\"\" class=\"wp-image-5882\" srcset=\"https:\/\/laspalmas.md\/wp-content\/uploads\/2021\/03\/HRHTENERIFE.MONTAUK.RESTAURANT.jpg 1000w, https:\/\/laspalmas.md\/wp-content\/uploads\/2021\/03\/HRHTENERIFE.MONTAUK.RESTAURANT-300x200.jpg 300w, https:\/\/laspalmas.md\/wp-content\/uploads\/2021\/03\/HRHTENERIFE.MONTAUK.RESTAURANT-768x512.jpg 768w\" sizes=\"(max-width: 1000px) 100vw, 1000px\" \/><\/figure>\n\n\n\n<figure class=\"wp-block-image\"><img loading=\"lazy\" width=\"1000\" height=\"653\" src=\"https:\/\/laspalmas.md\/wp-content\/uploads\/2021\/03\/Hard-Rock-Hotel-Tenerife-ROCK-ROYALTY-DELUXE-1-cama-king_MG_3991.jpg\" alt=\"\" class=\"wp-image-5884\" srcset=\"https:\/\/laspalmas.md\/wp-content\/uploads\/2021\/03\/Hard-Rock-Hotel-Tenerife-ROCK-ROYALTY-DELUXE-1-cama-king_MG_3991.jpg 1000w, https:\/\/laspalmas.md\/wp-content\/uploads\/2021\/03\/Hard-Rock-Hotel-Tenerife-ROCK-ROYALTY-DELUXE-1-cama-king_MG_3991-300x196.jpg 300w, https:\/\/laspalmas.md\/wp-content\/uploads\/2021\/03\/Hard-Rock-Hotel-Tenerife-ROCK-ROYALTY-DELUXE-1-cama-king_MG_3991-768x502.jpg 768w\" sizes=\"(max-width: 1000px) 100vw, 1000px\" \/><\/figure>\n","protected":false},"excerpt":{"rendered":"<p>De la\u00a0949 Euro \/ pachet 7 nopti \/ persoana in camera dubla \/ mic dejun Oferta include Transport cu avionul pe ruta Bucuresti &#8211; Tenerife &#8211; Bucuresti 1 bagaj de &#8230;<\/p>\n","protected":false},"author":1,"featured_media":5870,"parent":0,"menu_order":0,"comment_status":"closed","ping_status":"closed","template":"","meta":[],"_links":{"self":[{"href":"https:\/\/laspalmas.md\/ru\/wp-json\/wp\/v2\/pages\/5863"}],"collection":[{"href":"https:\/\/laspalmas.md\/ru\/wp-json\/wp\/v2\/pages"}],"about":[{"href":"https:\/\/laspalmas.md\/ru\/wp-json\/wp\/v2\/types\/page"}],"author":[{"embeddable":true,"href":"https:\/\/laspalmas.md\/ru\/wp-json\/wp\/v2\/users\/1"}],"replies":[{"embeddable":true,"href":"https:\/\/laspalmas.md\/ru\/wp-json\/wp\/v2\/comments?post=5863"}],"version-history":[{"count":12,"href":"https:\/\/laspalmas.md\/ru\/wp-json\/wp\/v2\/pages\/5863\/revisions"}],"predecessor-version":[{"id":5886,"href":"https:\/\/laspalmas.md\/ru\/wp-json\/wp\/v2\/pages\/5863\/revisions\/5886"}],"wp:featuredmedia":[{"embeddable":true,"href":"https:\/\/laspalmas.md\/ru\/wp-json\/wp\/v2\/media\/5870"}],"wp:attachment":[{"href":"https:\/\/laspalmas.md\/ru\/wp-json\/wp\/v2\/media?parent=5863"}],"curies":[{"name":"wp","href":"https:\/\/api.w.org\/{rel}","templated":true}]}}