{"id":5847,"date":"2021-03-25T14:26:35","date_gmt":"2021-03-25T11:26:35","guid":{"rendered":"https:\/\/laspalmas.md\/?page_id=5847"},"modified":"2021-03-25T14:36:01","modified_gmt":"2021-03-25T11:36:01","slug":"tenerife-adrian-hoteles-roca-nivaria-5","status":"publish","type":"page","link":"https:\/\/laspalmas.md\/ru\/tenerife-adrian-hoteles-roca-nivaria-5\/","title":{"rendered":"TENERIFE.                            Adri\u00e1n Hoteles Roca Nivaria 5*"},"content":{"rendered":"\n<p><strong>De la\u00a0999 Euro \/ pachet 7 nopti \/ persoana in camera dubla \/ demipensiune<\/strong><br><\/p>\n\n\n\n<h4>Oferta include<\/h4>\n\n\n\n<ul><li>Transport cu avionul pe ruta Bucuresti &#8211; Tenerife &#8211; Bucuresti<\/li><li>1 bagaj de cala si 1 bagaj de mana\/ persoana<\/li><li>Taxe de aeroport<\/li><li>Transfer aeroport &#8211; hotel &#8211; aeroport<\/li><li>Cazare 7 nopti<\/li><li>Asistenta turistica in limba romana<\/li><\/ul>\n\n\n\n<h4>Oferta nu include<\/h4>\n\n\n\n<ul><li>asigurarea medicala de calatorie (optionala, recomandata);<\/li><li>asigurarea storno (optionala), se incheie odata cu contractul de comercializare a pachetului de servicii turistice, in pachet cu asigurarea medicala de calatorie;<\/li><li>excursiile optionale<\/li><\/ul>\n\n\n\n<h4>Cazare<\/h4>\n\n\n\n<p>Acest hotel de lux, de 5 stele se afl\u0103 \u00een zona Costa Adeje \u0219i ofer\u0103 vedere la plaja Playa Paraiso. Proprietatea pune la dispozi\u021bie zon\u0103 de spa \u0219i piscin\u0103 infinit\u0103, \u00eenc\u0103lzit\u0103, cu vedere superb\u0103 la Oceanul Atlantic.<\/p>\n\n\n\n<p>Camerele moderne de la Adri\u00e1n Hoteles Roca Nivaria au aer condi\u021bionat \u0219i TV prin satelit. Baia privat\u0103 este dotat\u0103 cu usc\u0103tor de p\u0103r, halat de baie \u0219i papuci.<\/p>\n\n\n\n<p>Hotelul ofer\u0103 terenuri de tenis \u0219i paddle tennis, \u0219ah gigant \u0219i facilit\u0103\u021bi de tir cu arcul. Proprietatea pune la dispozi\u021bie cad\u0103 cu hidromasaj, baie de n\u0103mol \u0219i o gam\u0103 de tratamente de \u00eenfrumuse\u021bare. Oaspe\u021bii beneficiaz\u0103 de acces la RoniAventura, parcul acvatic \u0219i de aventur\u0103 al hotelului, cu 2 piscine, 4 tobogane, pere\u021bi de escalad\u0103 \u0219i poduri suspendate.<\/p>\n\n\n\n<p>Adri\u00e1n Hoteles Roca Nivaria are restaurant tip bufet \u0219i 2 restaurante \u00e0 la carte, care servesc m\u00e2nc\u0103ruri din buc\u0103t\u0103ria italian\u0103 \u0219i spaniol\u0103. Hotelul ofer\u0103 bar l\u00e2ng\u0103 piscin\u0103.<\/p>\n\n\n\n<h4>Conditii oferta<\/h4>\n\n\n\n<p>Tariful afisat este valabil in momentul editarii \/ postarii acestei oferte!<br>Locuri in limita disponibilitatii!<br>Atentie, disponibilitatea se poate schimba in orice moment, motiv pentru care va rugam sa ne contactati pentru reconfirmarea tarifelor si \/ sau a locurilor disponibile!<\/p>\n\n\n\n<h4>Valabilitate oferta<\/h4>\n\n\n\n<p>Tariful afisat este valabil pentru sejur in perioada <strong>02 Iul 2021 &#8211; 09 Iul 2021.<\/strong><br><strong><a href=\"https:\/\/laspalmas.md\/contact-us-1\/\">Suna\u021bi acum pentru o vacanta relaxanta: 060552999 \/ 023 58 40 04<\/a><\/strong><br><br><\/p>\n\n\n\n<figure class=\"wp-block-image\"><img loading=\"lazy\" width=\"1024\" height=\"683\" src=\"https:\/\/laspalmas.md\/wp-content\/uploads\/2021\/03\/1-9-roca_nivaria-1024x683.jpg\" alt=\"\" class=\"wp-image-5855\" srcset=\"https:\/\/laspalmas.md\/wp-content\/uploads\/2021\/03\/1-9-roca_nivaria-1024x683.jpg 1024w, https:\/\/laspalmas.md\/wp-content\/uploads\/2021\/03\/1-9-roca_nivaria-300x200.jpg 300w, https:\/\/laspalmas.md\/wp-content\/uploads\/2021\/03\/1-9-roca_nivaria-768x512.jpg 768w, https:\/\/laspalmas.md\/wp-content\/uploads\/2021\/03\/1-9-roca_nivaria.jpg 1200w\" sizes=\"(max-width: 1024px) 100vw, 1024px\" \/><\/figure>\n\n\n\n<figure class=\"wp-block-image\"><img loading=\"lazy\" width=\"1024\" height=\"683\" src=\"https:\/\/laspalmas.md\/wp-content\/uploads\/2021\/03\/1-3-roca_nivaria-1024x683.jpg\" alt=\"\" class=\"wp-image-5856\" srcset=\"https:\/\/laspalmas.md\/wp-content\/uploads\/2021\/03\/1-3-roca_nivaria-1024x683.jpg 1024w, https:\/\/laspalmas.md\/wp-content\/uploads\/2021\/03\/1-3-roca_nivaria-300x200.jpg 300w, https:\/\/laspalmas.md\/wp-content\/uploads\/2021\/03\/1-3-roca_nivaria-768x512.jpg 768w, https:\/\/laspalmas.md\/wp-content\/uploads\/2021\/03\/1-3-roca_nivaria.jpg 1200w\" sizes=\"(max-width: 1024px) 100vw, 1024px\" \/><\/figure>\n\n\n\n<figure class=\"wp-block-image\"><img loading=\"lazy\" width=\"1024\" height=\"683\" src=\"https:\/\/laspalmas.md\/wp-content\/uploads\/2021\/03\/1-11-roca_nivaria-1024x683.jpg\" alt=\"\" class=\"wp-image-5857\" srcset=\"https:\/\/laspalmas.md\/wp-content\/uploads\/2021\/03\/1-11-roca_nivaria-1024x683.jpg 1024w, https:\/\/laspalmas.md\/wp-content\/uploads\/2021\/03\/1-11-roca_nivaria-300x200.jpg 300w, https:\/\/laspalmas.md\/wp-content\/uploads\/2021\/03\/1-11-roca_nivaria-768x512.jpg 768w, https:\/\/laspalmas.md\/wp-content\/uploads\/2021\/03\/1-11-roca_nivaria.jpg 1200w\" sizes=\"(max-width: 1024px) 100vw, 1024px\" \/><\/figure>\n\n\n\n<figure class=\"wp-block-image\"><img loading=\"lazy\" width=\"1024\" height=\"683\" src=\"https:\/\/laspalmas.md\/wp-content\/uploads\/2021\/03\/1-8-roca_nivaria-1024x683.jpg\" alt=\"\" class=\"wp-image-5858\" srcset=\"https:\/\/laspalmas.md\/wp-content\/uploads\/2021\/03\/1-8-roca_nivaria-1024x683.jpg 1024w, https:\/\/laspalmas.md\/wp-content\/uploads\/2021\/03\/1-8-roca_nivaria-300x200.jpg 300w, https:\/\/laspalmas.md\/wp-content\/uploads\/2021\/03\/1-8-roca_nivaria-768x512.jpg 768w, https:\/\/laspalmas.md\/wp-content\/uploads\/2021\/03\/1-8-roca_nivaria.jpg 1200w\" sizes=\"(max-width: 1024px) 100vw, 1024px\" \/><\/figure>\n\n\n\n<figure class=\"wp-block-image\"><img loading=\"lazy\" width=\"1024\" height=\"683\" src=\"https:\/\/laspalmas.md\/wp-content\/uploads\/2021\/03\/133128996-1024x683.jpg\" alt=\"\" class=\"wp-image-5859\" srcset=\"https:\/\/laspalmas.md\/wp-content\/uploads\/2021\/03\/133128996-1024x683.jpg 1024w, https:\/\/laspalmas.md\/wp-content\/uploads\/2021\/03\/133128996-300x200.jpg 300w, https:\/\/laspalmas.md\/wp-content\/uploads\/2021\/03\/133128996-768x512.jpg 768w, https:\/\/laspalmas.md\/wp-content\/uploads\/2021\/03\/133128996.jpg 1280w\" sizes=\"(max-width: 1024px) 100vw, 1024px\" \/><\/figure>\n\n\n\n<figure class=\"wp-block-image\"><img loading=\"lazy\" width=\"1024\" height=\"727\" src=\"https:\/\/laspalmas.md\/wp-content\/uploads\/2021\/03\/183293006-1024x727.jpg\" alt=\"\" class=\"wp-image-5860\" srcset=\"https:\/\/laspalmas.md\/wp-content\/uploads\/2021\/03\/183293006-1024x727.jpg 1024w, https:\/\/laspalmas.md\/wp-content\/uploads\/2021\/03\/183293006-300x213.jpg 300w, https:\/\/laspalmas.md\/wp-content\/uploads\/2021\/03\/183293006-768x546.jpg 768w, https:\/\/laspalmas.md\/wp-content\/uploads\/2021\/03\/183293006.jpg 1267w\" sizes=\"(max-width: 1024px) 100vw, 1024px\" \/><\/figure>\n\n\n\n<figure class=\"wp-block-image\"><img loading=\"lazy\" width=\"1024\" height=\"706\" src=\"https:\/\/laspalmas.md\/wp-content\/uploads\/2021\/03\/183294983-1024x706.jpg\" alt=\"\" class=\"wp-image-5861\" srcset=\"https:\/\/laspalmas.md\/wp-content\/uploads\/2021\/03\/183294983-1024x706.jpg 1024w, https:\/\/laspalmas.md\/wp-content\/uploads\/2021\/03\/183294983-300x207.jpg 300w, https:\/\/laspalmas.md\/wp-content\/uploads\/2021\/03\/183294983-768x530.jpg 768w, https:\/\/laspalmas.md\/wp-content\/uploads\/2021\/03\/183294983-770x530.jpg 770w, https:\/\/laspalmas.md\/wp-content\/uploads\/2021\/03\/183294983.jpg 1280w\" sizes=\"(max-width: 1024px) 100vw, 1024px\" \/><\/figure>\n","protected":false},"excerpt":{"rendered":"<p>De la\u00a0999 Euro \/ pachet 7 nopti \/ persoana in camera dubla \/ demipensiune Oferta include Transport cu avionul pe ruta Bucuresti &#8211; Tenerife &#8211; Bucuresti 1 bagaj de cala &#8230;<\/p>\n","protected":false},"author":1,"featured_media":5854,"parent":0,"menu_order":0,"comment_status":"closed","ping_status":"closed","template":"","meta":[],"_links":{"self":[{"href":"https:\/\/laspalmas.md\/ru\/wp-json\/wp\/v2\/pages\/5847"}],"collection":[{"href":"https:\/\/laspalmas.md\/ru\/wp-json\/wp\/v2\/pages"}],"about":[{"href":"https:\/\/laspalmas.md\/ru\/wp-json\/wp\/v2\/types\/page"}],"author":[{"embeddable":true,"href":"https:\/\/laspalmas.md\/ru\/wp-json\/wp\/v2\/users\/1"}],"replies":[{"embeddable":true,"href":"https:\/\/laspalmas.md\/ru\/wp-json\/wp\/v2\/comments?post=5847"}],"version-history":[{"count":6,"href":"https:\/\/laspalmas.md\/ru\/wp-json\/wp\/v2\/pages\/5847\/revisions"}],"predecessor-version":[{"id":5862,"href":"https:\/\/laspalmas.md\/ru\/wp-json\/wp\/v2\/pages\/5847\/revisions\/5862"}],"wp:featuredmedia":[{"embeddable":true,"href":"https:\/\/laspalmas.md\/ru\/wp-json\/wp\/v2\/media\/5854"}],"wp:attachment":[{"href":"https:\/\/laspalmas.md\/ru\/wp-json\/wp\/v2\/media?parent=5847"}],"curies":[{"name":"wp","href":"https:\/\/api.w.org\/{rel}","templated":true}]}}