{"id":5829,"date":"2021-03-25T14:18:46","date_gmt":"2021-03-25T11:18:46","guid":{"rendered":"https:\/\/laspalmas.md\/?page_id=5829"},"modified":"2021-03-25T14:26:14","modified_gmt":"2021-03-25T11:26:14","slug":"mallorca-st-regis-mardavall-spa-6","status":"publish","type":"page","link":"https:\/\/laspalmas.md\/ru\/mallorca-st-regis-mardavall-spa-6\/","title":{"rendered":"MALLORCA.                                St. Regis Mardavall &#038; Spa 6*"},"content":{"rendered":"\n<p><strong>De la\u00a0219 Euro \/ persoana \/ noapte \/ Grand Del Garden Access \/ mic dejun<\/strong><br><\/p>\n\n\n\n<h4>Oferta include<\/h4>\n\n\n\n<ul><li>cazare in&nbsp;Grand Del Garden Access<\/li><li>mic dejun<\/li><\/ul>\n\n\n\n<h4>Oferta nu include<\/h4>\n\n\n\n<p>\u2022 bilet de avion<br>\u2022 transferuri<br>\u2022 asigurare medicala<br>\u2022 excursii optionale si intrari la obiective turistice;<br><\/p>\n\n\n\n<h4>Cazare<\/h4>\n\n\n\n<p>Acest complex elegant este situat \u00eentre mun\u021bii Tramuntana \u0219i sc\u00e2nteietoarea Mare Mediteran\u0103 &#8211; locul de cazare perfect pentru a petrece un sejur de lux pe aceast\u0103 insul\u0103 frumoas\u0103 din arhipelagul Baleare.<\/p>\n\n\n\n<p>Oferta generoas\u0103 a complexului St Regis Mardavall Mallorca Resort include serviciu de majordom personal \u0219i paturi cu baldachin amplasate l\u00e2ng\u0103 piscina \u00een aer liber. De asemenea, pute\u0163i juca o partid\u0103 de golf pe terenul de golf aflat la malul m\u0103rii.<\/p>\n\n\n\n<p>Proprietatea are un interior alb fermec\u0103tor \u015fi elegant \u015fi pune la dispozi\u0163ie diverse facilit\u0103\u0163i, printre care o piscin\u0103 interioar\u0103 \u015fi un restaurant gourmet. Cl\u0103direa este decorat\u0103 cu lucr\u0103ri de art\u0103 modern\u0103 din Mallorca.<\/p>\n\n\n\n<p>Fiecare dintre camerele de lux ale hotelului ofer\u0103 balcon spa\u021bios cu vedere la gr\u0103dinile luxuriante.<\/p>\n\n\n\n<p>To\u021bi oaspe\u021bii primesc un voucher cu credit pentru tratament spa. Centrul spa ofer\u0103 o gam\u0103 de peste 60 de tratamente spa.<\/p>\n\n\n\n<h4>Conditii oferta<\/h4>\n\n\n\n<p>Tarifele pot varia in functie de disponibilitate si perioada de calatorie (in limita locurilor disponibile la momentul rezervarii).<\/p>\n\n\n\n<h4>Valabilitate oferta<\/h4>\n\n\n\n<p>Oferta valabila in limita disponibilitatilor la momentul rezervarii.<br><br><strong><a href=\"https:\/\/laspalmas.md\/contact-us-1\/\">Suna\u021bi acum pentru o vacanta relaxanta: 060552999 \/ 023 58 40 04<\/a><\/strong><br><br><\/p>\n\n\n\n<figure class=\"wp-block-image\"><img loading=\"lazy\" width=\"850\" height=\"478\" src=\"https:\/\/laspalmas.md\/wp-content\/uploads\/2021\/03\/AerialImageStRegisMardavall.jpg\" alt=\"\" class=\"wp-image-5836\" srcset=\"https:\/\/laspalmas.md\/wp-content\/uploads\/2021\/03\/AerialImageStRegisMardavall.jpg 850w, https:\/\/laspalmas.md\/wp-content\/uploads\/2021\/03\/AerialImageStRegisMardavall-300x169.jpg 300w, https:\/\/laspalmas.md\/wp-content\/uploads\/2021\/03\/AerialImageStRegisMardavall-768x432.jpg 768w, https:\/\/laspalmas.md\/wp-content\/uploads\/2021\/03\/AerialImageStRegisMardavall-640x360.jpg 640w\" sizes=\"(max-width: 850px) 100vw, 850px\" \/><\/figure>\n\n\n\n<figure class=\"wp-block-image\"><img loading=\"lazy\" width=\"850\" height=\"478\" src=\"https:\/\/laspalmas.md\/wp-content\/uploads\/2021\/03\/The-St-Regis-Mardavall-Mallorca-Resort-2.jpg\" alt=\"\" class=\"wp-image-5838\" srcset=\"https:\/\/laspalmas.md\/wp-content\/uploads\/2021\/03\/The-St-Regis-Mardavall-Mallorca-Resort-2.jpg 850w, https:\/\/laspalmas.md\/wp-content\/uploads\/2021\/03\/The-St-Regis-Mardavall-Mallorca-Resort-2-300x169.jpg 300w, https:\/\/laspalmas.md\/wp-content\/uploads\/2021\/03\/The-St-Regis-Mardavall-Mallorca-Resort-2-768x432.jpg 768w, https:\/\/laspalmas.md\/wp-content\/uploads\/2021\/03\/The-St-Regis-Mardavall-Mallorca-Resort-2-640x360.jpg 640w\" sizes=\"(max-width: 850px) 100vw, 850px\" \/><\/figure>\n\n\n\n<figure class=\"wp-block-image\"><img loading=\"lazy\" width=\"850\" height=\"478\" src=\"https:\/\/laspalmas.md\/wp-content\/uploads\/2021\/03\/str1403po108980.jpg\" alt=\"\" class=\"wp-image-5839\" srcset=\"https:\/\/laspalmas.md\/wp-content\/uploads\/2021\/03\/str1403po108980.jpg 850w, https:\/\/laspalmas.md\/wp-content\/uploads\/2021\/03\/str1403po108980-300x169.jpg 300w, https:\/\/laspalmas.md\/wp-content\/uploads\/2021\/03\/str1403po108980-768x432.jpg 768w, https:\/\/laspalmas.md\/wp-content\/uploads\/2021\/03\/str1403po108980-640x360.jpg 640w\" sizes=\"(max-width: 850px) 100vw, 850px\" \/><\/figure>\n\n\n\n<figure class=\"wp-block-image\"><img loading=\"lazy\" width=\"850\" height=\"478\" src=\"https:\/\/laspalmas.md\/wp-content\/uploads\/2021\/03\/Outdoor-terrace-diamond-suite-at-the-st-regis-mardavall-mallorca-luxury-resort-spain.jpg\" alt=\"\" class=\"wp-image-5840\" srcset=\"https:\/\/laspalmas.md\/wp-content\/uploads\/2021\/03\/Outdoor-terrace-diamond-suite-at-the-st-regis-mardavall-mallorca-luxury-resort-spain.jpg 850w, https:\/\/laspalmas.md\/wp-content\/uploads\/2021\/03\/Outdoor-terrace-diamond-suite-at-the-st-regis-mardavall-mallorca-luxury-resort-spain-300x169.jpg 300w, https:\/\/laspalmas.md\/wp-content\/uploads\/2021\/03\/Outdoor-terrace-diamond-suite-at-the-st-regis-mardavall-mallorca-luxury-resort-spain-768x432.jpg 768w, https:\/\/laspalmas.md\/wp-content\/uploads\/2021\/03\/Outdoor-terrace-diamond-suite-at-the-st-regis-mardavall-mallorca-luxury-resort-spain-640x360.jpg 640w\" sizes=\"(max-width: 850px) 100vw, 850px\" \/><\/figure>\n\n\n\n<figure class=\"wp-block-image\"><img loading=\"lazy\" width=\"850\" height=\"478\" src=\"https:\/\/laspalmas.md\/wp-content\/uploads\/2021\/03\/Restaurant-with-Terrace-Mallorca.jpg\" alt=\"\" class=\"wp-image-5842\" srcset=\"https:\/\/laspalmas.md\/wp-content\/uploads\/2021\/03\/Restaurant-with-Terrace-Mallorca.jpg 850w, https:\/\/laspalmas.md\/wp-content\/uploads\/2021\/03\/Restaurant-with-Terrace-Mallorca-300x169.jpg 300w, https:\/\/laspalmas.md\/wp-content\/uploads\/2021\/03\/Restaurant-with-Terrace-Mallorca-768x432.jpg 768w, https:\/\/laspalmas.md\/wp-content\/uploads\/2021\/03\/Restaurant-with-Terrace-Mallorca-640x360.jpg 640w\" sizes=\"(max-width: 850px) 100vw, 850px\" \/><\/figure>\n\n\n\n<figure class=\"wp-block-image\"><img loading=\"lazy\" width=\"850\" height=\"478\" src=\"https:\/\/laspalmas.md\/wp-content\/uploads\/2021\/03\/Restaurant-Es-Fum.jpg\" alt=\"\" class=\"wp-image-5843\" srcset=\"https:\/\/laspalmas.md\/wp-content\/uploads\/2021\/03\/Restaurant-Es-Fum.jpg 850w, https:\/\/laspalmas.md\/wp-content\/uploads\/2021\/03\/Restaurant-Es-Fum-300x169.jpg 300w, https:\/\/laspalmas.md\/wp-content\/uploads\/2021\/03\/Restaurant-Es-Fum-768x432.jpg 768w, https:\/\/laspalmas.md\/wp-content\/uploads\/2021\/03\/Restaurant-Es-Fum-640x360.jpg 640w\" sizes=\"(max-width: 850px) 100vw, 850px\" \/><\/figure>\n\n\n\n<figure class=\"wp-block-image\"><img loading=\"lazy\" width=\"850\" height=\"478\" src=\"https:\/\/laspalmas.md\/wp-content\/uploads\/2021\/03\/New-grand-deluxe-room-with-sea-view-and-private-balcony-at-the-5star-resort-st-regis-mardavall.jpg\" alt=\"\" class=\"wp-image-5844\" srcset=\"https:\/\/laspalmas.md\/wp-content\/uploads\/2021\/03\/New-grand-deluxe-room-with-sea-view-and-private-balcony-at-the-5star-resort-st-regis-mardavall.jpg 850w, https:\/\/laspalmas.md\/wp-content\/uploads\/2021\/03\/New-grand-deluxe-room-with-sea-view-and-private-balcony-at-the-5star-resort-st-regis-mardavall-300x169.jpg 300w, https:\/\/laspalmas.md\/wp-content\/uploads\/2021\/03\/New-grand-deluxe-room-with-sea-view-and-private-balcony-at-the-5star-resort-st-regis-mardavall-768x432.jpg 768w, https:\/\/laspalmas.md\/wp-content\/uploads\/2021\/03\/New-grand-deluxe-room-with-sea-view-and-private-balcony-at-the-5star-resort-st-regis-mardavall-640x360.jpg 640w\" sizes=\"(max-width: 850px) 100vw, 850px\" \/><\/figure>\n\n\n\n<figure class=\"wp-block-image\"><img loading=\"lazy\" width=\"850\" height=\"478\" src=\"https:\/\/laspalmas.md\/wp-content\/uploads\/2021\/03\/New-Ocean-One-Suite-at-the-luxury-resort-st-regis-mardavall-mallorca-spain.jpg\" alt=\"\" class=\"wp-image-5845\" srcset=\"https:\/\/laspalmas.md\/wp-content\/uploads\/2021\/03\/New-Ocean-One-Suite-at-the-luxury-resort-st-regis-mardavall-mallorca-spain.jpg 850w, https:\/\/laspalmas.md\/wp-content\/uploads\/2021\/03\/New-Ocean-One-Suite-at-the-luxury-resort-st-regis-mardavall-mallorca-spain-300x169.jpg 300w, https:\/\/laspalmas.md\/wp-content\/uploads\/2021\/03\/New-Ocean-One-Suite-at-the-luxury-resort-st-regis-mardavall-mallorca-spain-768x432.jpg 768w, https:\/\/laspalmas.md\/wp-content\/uploads\/2021\/03\/New-Ocean-One-Suite-at-the-luxury-resort-st-regis-mardavall-mallorca-spain-640x360.jpg 640w\" sizes=\"(max-width: 850px) 100vw, 850px\" \/><\/figure>\n","protected":false},"excerpt":{"rendered":"<p>De la\u00a0219 Euro \/ persoana \/ noapte \/ Grand Del Garden Access \/ mic dejun Oferta include cazare in&nbsp;Grand Del Garden Access mic dejun Oferta nu include \u2022 bilet de &#8230;<\/p>\n","protected":false},"author":1,"featured_media":5836,"parent":0,"menu_order":0,"comment_status":"closed","ping_status":"closed","template":"","meta":[],"_links":{"self":[{"href":"https:\/\/laspalmas.md\/ru\/wp-json\/wp\/v2\/pages\/5829"}],"collection":[{"href":"https:\/\/laspalmas.md\/ru\/wp-json\/wp\/v2\/pages"}],"about":[{"href":"https:\/\/laspalmas.md\/ru\/wp-json\/wp\/v2\/types\/page"}],"author":[{"embeddable":true,"href":"https:\/\/laspalmas.md\/ru\/wp-json\/wp\/v2\/users\/1"}],"replies":[{"embeddable":true,"href":"https:\/\/laspalmas.md\/ru\/wp-json\/wp\/v2\/comments?post=5829"}],"version-history":[{"count":8,"href":"https:\/\/laspalmas.md\/ru\/wp-json\/wp\/v2\/pages\/5829\/revisions"}],"predecessor-version":[{"id":5846,"href":"https:\/\/laspalmas.md\/ru\/wp-json\/wp\/v2\/pages\/5829\/revisions\/5846"}],"wp:featuredmedia":[{"embeddable":true,"href":"https:\/\/laspalmas.md\/ru\/wp-json\/wp\/v2\/media\/5836"}],"wp:attachment":[{"href":"https:\/\/laspalmas.md\/ru\/wp-json\/wp\/v2\/media?parent=5829"}],"curies":[{"name":"wp","href":"https:\/\/api.w.org\/{rel}","templated":true}]}}