{"id":5808,"date":"2021-03-25T13:59:26","date_gmt":"2021-03-25T10:59:26","guid":{"rendered":"https:\/\/laspalmas.md\/?page_id=5808"},"modified":"2021-03-25T14:18:27","modified_gmt":"2021-03-25T11:18:27","slug":"mallorca-castell-son-claret-5","status":"publish","type":"page","link":"https:\/\/laspalmas.md\/ru\/mallorca-castell-son-claret-5\/","title":{"rendered":"MALLORCA.                         Castell Son Claret 5*"},"content":{"rendered":"\n<p><strong>De la\u00a0178 Euro \/ persoana \/ noapte \/ camera dubla \/ mic dejun<\/strong><br><br><\/p>\n\n\n\n<h4>Oferta include<\/h4>\n\n\n\n<ul><li>cazare in camera dubla<\/li><li>mic dejun<\/li><\/ul>\n\n\n\n<h4>Oferta nu include<\/h4>\n\n\n\n<ul><li>transport<\/li><li>asigurare medicala si storno<\/li><\/ul>\n\n\n\n<h4>Cazare<\/h4>\n\n\n\n<p>Aflat chiar afara ora\u0219ului Es Capdell\u00e0, \u00een zona rural\u0103 din Mallorca, Castell Son Claret este un castel restaurat, compus din 7 cl\u0103diri istorice diferite, cu un restaurant cu stea Michelin. Acesta are o piscin\u0103 \u00een aer liber cu vederi uimitoare.<\/p>\n\n\n\n<p>Fiecare camer\u0103 de la Castell Son Claret are dimensiuni si design unic. Toate camerele \u0219i suitele cu aer condi\u021bionat sunt prev\u0103zute cu lenjerie de pat din bumbac egiptean \u0219i TV cu ecran plat. Baia de lux are un du\u0219 mare, halate de baie, papuci \u0219i articole de toalet\u0103 de designer gratuite . Exist\u0103 Wi-Fi gratuit \u0219i acces gratuit la internet prin cablu \u00een fiecare camer\u0103.<\/p>\n\n\n\n<p>Suitele elegante au o zon\u0103 separat\u0103 de living cu o mas\u0103 \u0219i o canapea, precum \u0219i o teras\u0103 sau gr\u0103din\u0103 privat\u0103.<\/p>\n\n\n\n<p>Bellesa de Claret Spa ofer\u0103 o gam\u0103 larg\u0103 de tratamente, inclusiv masaje \u00een exteriorul gr\u0103dinilor frumoase ale hotelului.<\/p>\n\n\n\n<p>Barul Castell, amplasat \u00een fosta capela, serve\u0219te cocktail-uri unice \u0219i o selec\u021bie larg\u0103 de whisky. Exist\u0103 2 restaurante la hotel, Olivera \u0219i Zaranda cu un premiu Michelin. Castell Son Claret are, de asemenea, s\u0103li de \u00eent\u00e2lnire, \u00een interiorul unei mori restaurate.<\/p>\n\n\n\n<p>Puerto Portals se afl\u0103 la 14 km de Castell Son Claret, iar centrul ora\u0219ului Palma de Mallorca este la 25 km distan\u021b\u0103.<\/p>\n\n\n\n<h4>Conditii oferta<\/h4>\n\n\n\n<p>Tariful afisat este valabil in momentul editarii \/ postarii acestei oferte!<br>Locuri in limita disponibilitatii!<br>Atentie, disponibilitatea se poate schimba in orice moment, motiv pentru care va rugam sa ne contactati pentru reconfirmarea tarifelor si \/ sau a locurilor disponibile!<\/p>\n\n\n\n<h4>Valabilitate oferta<\/h4>\n\n\n\n<p>Oferta valabila in limita disponibilitatilor la momentul rezervarii.<br><br><strong><a href=\"https:\/\/laspalmas.md\/contact-us-1\/\">Suna\u021bi acum pentru o vacanta relaxanta: 060552999 \/ 023 58 40 04<\/a><\/strong><br><br><\/p>\n\n\n\n<figure class=\"wp-block-image\"><img loading=\"lazy\" width=\"850\" height=\"566\" src=\"https:\/\/laspalmas.md\/wp-content\/uploads\/2021\/03\/128629998.jpg\" alt=\"\" class=\"wp-image-5817\" srcset=\"https:\/\/laspalmas.md\/wp-content\/uploads\/2021\/03\/128629998.jpg 850w, https:\/\/laspalmas.md\/wp-content\/uploads\/2021\/03\/128629998-300x200.jpg 300w, https:\/\/laspalmas.md\/wp-content\/uploads\/2021\/03\/128629998-768x511.jpg 768w\" sizes=\"(max-width: 850px) 100vw, 850px\" \/><\/figure>\n\n\n\n<figure class=\"wp-block-image\"><img loading=\"lazy\" width=\"850\" height=\"566\" src=\"https:\/\/laspalmas.md\/wp-content\/uploads\/2021\/03\/128630028.jpg\" alt=\"\" class=\"wp-image-5818\" srcset=\"https:\/\/laspalmas.md\/wp-content\/uploads\/2021\/03\/128630028.jpg 850w, https:\/\/laspalmas.md\/wp-content\/uploads\/2021\/03\/128630028-300x200.jpg 300w, https:\/\/laspalmas.md\/wp-content\/uploads\/2021\/03\/128630028-768x511.jpg 768w\" sizes=\"(max-width: 850px) 100vw, 850px\" \/><\/figure>\n\n\n\n<figure class=\"wp-block-image\"><img loading=\"lazy\" width=\"850\" height=\"566\" src=\"https:\/\/laspalmas.md\/wp-content\/uploads\/2021\/03\/128630156.jpg\" alt=\"\" class=\"wp-image-5819\" srcset=\"https:\/\/laspalmas.md\/wp-content\/uploads\/2021\/03\/128630156.jpg 850w, https:\/\/laspalmas.md\/wp-content\/uploads\/2021\/03\/128630156-300x200.jpg 300w, https:\/\/laspalmas.md\/wp-content\/uploads\/2021\/03\/128630156-768x511.jpg 768w\" sizes=\"(max-width: 850px) 100vw, 850px\" \/><\/figure>\n\n\n\n<figure class=\"wp-block-image\"><img loading=\"lazy\" width=\"850\" height=\"566\" src=\"https:\/\/laspalmas.md\/wp-content\/uploads\/2021\/03\/128630185.jpg\" alt=\"\" class=\"wp-image-5820\" srcset=\"https:\/\/laspalmas.md\/wp-content\/uploads\/2021\/03\/128630185.jpg 850w, https:\/\/laspalmas.md\/wp-content\/uploads\/2021\/03\/128630185-300x200.jpg 300w, https:\/\/laspalmas.md\/wp-content\/uploads\/2021\/03\/128630185-768x511.jpg 768w\" sizes=\"(max-width: 850px) 100vw, 850px\" \/><\/figure>\n\n\n\n<figure class=\"wp-block-image\"><img loading=\"lazy\" width=\"850\" height=\"566\" src=\"https:\/\/laspalmas.md\/wp-content\/uploads\/2021\/03\/128630361.jpg\" alt=\"\" class=\"wp-image-5821\" srcset=\"https:\/\/laspalmas.md\/wp-content\/uploads\/2021\/03\/128630361.jpg 850w, https:\/\/laspalmas.md\/wp-content\/uploads\/2021\/03\/128630361-300x200.jpg 300w, https:\/\/laspalmas.md\/wp-content\/uploads\/2021\/03\/128630361-768x511.jpg 768w\" sizes=\"(max-width: 850px) 100vw, 850px\" \/><\/figure>\n\n\n\n<figure class=\"wp-block-image\"><img loading=\"lazy\" width=\"850\" height=\"566\" src=\"https:\/\/laspalmas.md\/wp-content\/uploads\/2021\/03\/128630280.jpg\" alt=\"\" class=\"wp-image-5822\" srcset=\"https:\/\/laspalmas.md\/wp-content\/uploads\/2021\/03\/128630280.jpg 850w, https:\/\/laspalmas.md\/wp-content\/uploads\/2021\/03\/128630280-300x200.jpg 300w, https:\/\/laspalmas.md\/wp-content\/uploads\/2021\/03\/128630280-768x511.jpg 768w\" sizes=\"(max-width: 850px) 100vw, 850px\" \/><\/figure>\n\n\n\n<figure class=\"wp-block-image\"><img loading=\"lazy\" width=\"850\" height=\"566\" src=\"https:\/\/laspalmas.md\/wp-content\/uploads\/2021\/03\/128630326.jpg\" alt=\"\" class=\"wp-image-5824\" srcset=\"https:\/\/laspalmas.md\/wp-content\/uploads\/2021\/03\/128630326.jpg 850w, https:\/\/laspalmas.md\/wp-content\/uploads\/2021\/03\/128630326-300x200.jpg 300w, https:\/\/laspalmas.md\/wp-content\/uploads\/2021\/03\/128630326-768x511.jpg 768w\" sizes=\"(max-width: 850px) 100vw, 850px\" \/><\/figure>\n\n\n\n<figure class=\"wp-block-image\"><img loading=\"lazy\" width=\"850\" height=\"566\" src=\"https:\/\/laspalmas.md\/wp-content\/uploads\/2021\/03\/128630203.jpg\" alt=\"\" class=\"wp-image-5825\" srcset=\"https:\/\/laspalmas.md\/wp-content\/uploads\/2021\/03\/128630203.jpg 850w, https:\/\/laspalmas.md\/wp-content\/uploads\/2021\/03\/128630203-300x200.jpg 300w, https:\/\/laspalmas.md\/wp-content\/uploads\/2021\/03\/128630203-768x511.jpg 768w\" sizes=\"(max-width: 850px) 100vw, 850px\" \/><\/figure>\n\n\n\n<figure class=\"wp-block-image\"><img loading=\"lazy\" width=\"850\" height=\"566\" src=\"https:\/\/laspalmas.md\/wp-content\/uploads\/2021\/03\/128630208.jpg\" alt=\"\" class=\"wp-image-5826\" srcset=\"https:\/\/laspalmas.md\/wp-content\/uploads\/2021\/03\/128630208.jpg 850w, https:\/\/laspalmas.md\/wp-content\/uploads\/2021\/03\/128630208-300x200.jpg 300w, https:\/\/laspalmas.md\/wp-content\/uploads\/2021\/03\/128630208-768x511.jpg 768w\" sizes=\"(max-width: 850px) 100vw, 850px\" \/><\/figure>\n","protected":false},"excerpt":{"rendered":"<p>De la\u00a0178 Euro \/ persoana \/ noapte \/ camera dubla \/ mic dejun Oferta include cazare in camera dubla mic dejun Oferta nu include transport asigurare medicala si storno Cazare &#8230;<\/p>\n","protected":false},"author":1,"featured_media":5814,"parent":0,"menu_order":0,"comment_status":"closed","ping_status":"closed","template":"","meta":[],"_links":{"self":[{"href":"https:\/\/laspalmas.md\/ru\/wp-json\/wp\/v2\/pages\/5808"}],"collection":[{"href":"https:\/\/laspalmas.md\/ru\/wp-json\/wp\/v2\/pages"}],"about":[{"href":"https:\/\/laspalmas.md\/ru\/wp-json\/wp\/v2\/types\/page"}],"author":[{"embeddable":true,"href":"https:\/\/laspalmas.md\/ru\/wp-json\/wp\/v2\/users\/1"}],"replies":[{"embeddable":true,"href":"https:\/\/laspalmas.md\/ru\/wp-json\/wp\/v2\/comments?post=5808"}],"version-history":[{"count":9,"href":"https:\/\/laspalmas.md\/ru\/wp-json\/wp\/v2\/pages\/5808\/revisions"}],"predecessor-version":[{"id":5828,"href":"https:\/\/laspalmas.md\/ru\/wp-json\/wp\/v2\/pages\/5808\/revisions\/5828"}],"wp:featuredmedia":[{"embeddable":true,"href":"https:\/\/laspalmas.md\/ru\/wp-json\/wp\/v2\/media\/5814"}],"wp:attachment":[{"href":"https:\/\/laspalmas.md\/ru\/wp-json\/wp\/v2\/media?parent=5808"}],"curies":[{"name":"wp","href":"https:\/\/api.w.org\/{rel}","templated":true}]}}