{"id":5728,"date":"2021-03-24T20:56:28","date_gmt":"2021-03-24T17:56:28","guid":{"rendered":"https:\/\/laspalmas.md\/?page_id=5728"},"modified":"2021-03-25T12:59:31","modified_gmt":"2021-03-25T09:59:31","slug":"melia-braco-village-hotel-spa-5","status":"publish","type":"page","link":"https:\/\/laspalmas.md\/ru\/melia-braco-village-hotel-spa-5\/","title":{"rendered":"Melia Braco Village Hotel &#038; Spa 5*"},"content":{"rendered":"\n<p><strong>De la\u00a0170 Euro \/ persoana \/ noapte \/ Deluxe Gardenview Room \/ All inclusive<\/strong><\/p>\n\n\n\n<h4>Oferta include<\/h4>\n\n\n\n<ul><li>cazare in Deluxe Gardenview Room<\/li><li>All inclusive<\/li><\/ul>\n\n\n\n<h4>Oferta nu include<\/h4>\n\n\n\n<ul><li>bilet de avion<\/li><li>taxa de intrare \/ iesire din tara<\/li><li>asigurare storno<br><\/li><\/ul>\n\n\n\n<h4>Cazare<\/h4>\n\n\n\n<p>Melia Jamaica Braco Village All Inclusive ofer\u0103 WiFi gratuit, un restaurant, o piscin\u0103 \u00een aer liber \u015fi unit\u0103\u0163i de cazare \u00een Rio Bueno.<\/p>\n\n\n\n<p>Toate camerele sunt dotate cu TV cu ecran plat. Unele unit\u0103\u021bi au vedere la mare sau la gr\u0103din\u0103. Camerele au baie privat\u0103. Pentru un plus de confort, sunt disponibile halate de baie \u015fi papuci.<\/p>\n\n\n\n<p>Hotelul ofer\u0103 recep\u0163ie deschis\u0103 nonstop, servicii de baby-sitting, salon de coafur\u0103 \u015fi magazin de suveniruri. Pentru copii exist\u0103 un loc de joac\u0103.<\/p>\n\n\n\n<p>Complexul are zon\u0103 de plaj\u0103 privat\u0103 \u0219i serviciul de \u00eenchiriere de biciclete. \u00cen zon\u0103 sunt disponibile diverse activit\u0103\u0163i, printre care echita\u0163ie \u015fi snorkelling. Complexul ofer\u0103 serviciu de \u00eenchirieri auto.<\/p>\n\n\n\n<p>Ocho Rios se afl\u0103 la 40 km de Melia Jamaica Braco Village, iar Runaway Bay este la 15 km. Aeroportul Montego Bay este situat la 47 km de proprietate.<\/p>\n\n\n\n<h4>Conditii oferta<\/h4>\n\n\n\n<p>Tariful afisat este valabil in momentul editarii \/ postarii acestei oferte!<br>Locuri in limita disponibilitatii!<br>Atentie, disponibilitatea se poate schimba in orice moment, motiv pentru care va rugam sa ne contactati pentru reconfirmarea tarifelor si \/ sau a locurilor disponibile!<\/p>\n\n\n\n<p>Luna de miere: Tinerii casatoriti primesc o sticla de vin spumant la sosire, un mic cadou, un mic dejun romantic \u00een pat \u0219i o reducere de 10% la spa.<\/p>\n\n\n\n<h4>Valabilitate oferta<\/h4>\n\n\n\n<p>Oferta valabila in limita disponibilitatilor la momentul rezervarii.<br><br><strong><a href=\"https:\/\/laspalmas.md\/contact-us-1\/\">Suna\u021bi acum pentru o vacanta relaxanta: 060552999 \/ 023 58 40 04<\/a><\/strong><br><br><\/p>\n\n\n\n<figure class=\"wp-block-image\"><img loading=\"lazy\" width=\"850\" height=\"445\" src=\"https:\/\/laspalmas.md\/wp-content\/uploads\/2021\/03\/13MeliaBracoVillage-Garden_1200x628-1.jpg\" alt=\"\" class=\"wp-image-5737\" srcset=\"https:\/\/laspalmas.md\/wp-content\/uploads\/2021\/03\/13MeliaBracoVillage-Garden_1200x628-1.jpg 850w, https:\/\/laspalmas.md\/wp-content\/uploads\/2021\/03\/13MeliaBracoVillage-Garden_1200x628-1-300x157.jpg 300w, https:\/\/laspalmas.md\/wp-content\/uploads\/2021\/03\/13MeliaBracoVillage-Garden_1200x628-1-768x402.jpg 768w\" sizes=\"(max-width: 850px) 100vw, 850px\" \/><\/figure>\n\n\n\n<figure class=\"wp-block-image\"><img loading=\"lazy\" width=\"850\" height=\"445\" src=\"https:\/\/laspalmas.md\/wp-content\/uploads\/2021\/03\/39aMeliaBracoVillage-TheLevelSwimmingPoolArea_1200x628-1.jpg\" alt=\"\" class=\"wp-image-5738\" srcset=\"https:\/\/laspalmas.md\/wp-content\/uploads\/2021\/03\/39aMeliaBracoVillage-TheLevelSwimmingPoolArea_1200x628-1.jpg 850w, https:\/\/laspalmas.md\/wp-content\/uploads\/2021\/03\/39aMeliaBracoVillage-TheLevelSwimmingPoolArea_1200x628-1-300x157.jpg 300w, https:\/\/laspalmas.md\/wp-content\/uploads\/2021\/03\/39aMeliaBracoVillage-TheLevelSwimmingPoolArea_1200x628-1-768x402.jpg 768w\" sizes=\"(max-width: 850px) 100vw, 850px\" \/><\/figure>\n\n\n\n<figure class=\"wp-block-image\"><img loading=\"lazy\" width=\"850\" height=\"445\" src=\"https:\/\/laspalmas.md\/wp-content\/uploads\/2021\/03\/36MeliaBracoVillage-TheLevelLounge_1200x628-1.jpg\" alt=\"\" class=\"wp-image-5739\" srcset=\"https:\/\/laspalmas.md\/wp-content\/uploads\/2021\/03\/36MeliaBracoVillage-TheLevelLounge_1200x628-1.jpg 850w, https:\/\/laspalmas.md\/wp-content\/uploads\/2021\/03\/36MeliaBracoVillage-TheLevelLounge_1200x628-1-300x157.jpg 300w, https:\/\/laspalmas.md\/wp-content\/uploads\/2021\/03\/36MeliaBracoVillage-TheLevelLounge_1200x628-1-768x402.jpg 768w\" sizes=\"(max-width: 850px) 100vw, 850px\" \/><\/figure>\n\n\n\n<figure class=\"wp-block-image\"><img loading=\"lazy\" width=\"850\" height=\"445\" src=\"https:\/\/laspalmas.md\/wp-content\/uploads\/2021\/03\/32MeliaBracoVillage-TheLevelSuiteOceanView-1.jpg\" alt=\"\" class=\"wp-image-5741\" srcset=\"https:\/\/laspalmas.md\/wp-content\/uploads\/2021\/03\/32MeliaBracoVillage-TheLevelSuiteOceanView-1.jpg 850w, https:\/\/laspalmas.md\/wp-content\/uploads\/2021\/03\/32MeliaBracoVillage-TheLevelSuiteOceanView-1-300x157.jpg 300w, https:\/\/laspalmas.md\/wp-content\/uploads\/2021\/03\/32MeliaBracoVillage-TheLevelSuiteOceanView-1-768x402.jpg 768w\" sizes=\"(max-width: 850px) 100vw, 850px\" \/><\/figure>\n\n\n\n<figure class=\"wp-block-image\"><img loading=\"lazy\" width=\"835\" height=\"398\" src=\"https:\/\/laspalmas.md\/wp-content\/uploads\/2021\/03\/21MeliaBracoVillageDeluxeBeachFrontRoom_835x398-1.jpg\" alt=\"\" class=\"wp-image-5742\" srcset=\"https:\/\/laspalmas.md\/wp-content\/uploads\/2021\/03\/21MeliaBracoVillageDeluxeBeachFrontRoom_835x398-1.jpg 835w, https:\/\/laspalmas.md\/wp-content\/uploads\/2021\/03\/21MeliaBracoVillageDeluxeBeachFrontRoom_835x398-1-300x143.jpg 300w, https:\/\/laspalmas.md\/wp-content\/uploads\/2021\/03\/21MeliaBracoVillageDeluxeBeachFrontRoom_835x398-1-768x366.jpg 768w\" sizes=\"(max-width: 835px) 100vw, 835px\" \/><\/figure>\n\n\n\n<p><br><\/p>\n","protected":false},"excerpt":{"rendered":"<p>De la\u00a0170 Euro \/ persoana \/ noapte \/ Deluxe Gardenview Room \/ All inclusive Oferta include cazare in Deluxe Gardenview Room All inclusive Oferta nu include bilet de avion taxa &#8230;<\/p>\n","protected":false},"author":1,"featured_media":5735,"parent":0,"menu_order":0,"comment_status":"closed","ping_status":"closed","template":"","meta":[],"_links":{"self":[{"href":"https:\/\/laspalmas.md\/ru\/wp-json\/wp\/v2\/pages\/5728"}],"collection":[{"href":"https:\/\/laspalmas.md\/ru\/wp-json\/wp\/v2\/pages"}],"about":[{"href":"https:\/\/laspalmas.md\/ru\/wp-json\/wp\/v2\/types\/page"}],"author":[{"embeddable":true,"href":"https:\/\/laspalmas.md\/ru\/wp-json\/wp\/v2\/users\/1"}],"replies":[{"embeddable":true,"href":"https:\/\/laspalmas.md\/ru\/wp-json\/wp\/v2\/comments?post=5728"}],"version-history":[{"count":8,"href":"https:\/\/laspalmas.md\/ru\/wp-json\/wp\/v2\/pages\/5728\/revisions"}],"predecessor-version":[{"id":5743,"href":"https:\/\/laspalmas.md\/ru\/wp-json\/wp\/v2\/pages\/5728\/revisions\/5743"}],"wp:featuredmedia":[{"embeddable":true,"href":"https:\/\/laspalmas.md\/ru\/wp-json\/wp\/v2\/media\/5735"}],"wp:attachment":[{"href":"https:\/\/laspalmas.md\/ru\/wp-json\/wp\/v2\/media?parent=5728"}],"curies":[{"name":"wp","href":"https:\/\/api.w.org\/{rel}","templated":true}]}}