{"id":5704,"date":"2021-03-24T20:31:32","date_gmt":"2021-03-24T17:31:32","guid":{"rendered":"https:\/\/laspalmas.md\/?page_id=5704"},"modified":"2021-03-24T20:56:11","modified_gmt":"2021-03-24T17:56:11","slug":"breathless-montego-bay-resort-5-adults-only","status":"publish","type":"page","link":"https:\/\/laspalmas.md\/ru\/breathless-montego-bay-resort-5-adults-only\/","title":{"rendered":"Breathless Montego Bay Resort 5* (adults only)"},"content":{"rendered":"\n<p><strong>De la\u00a0186 Euro \/ persoana \/ noapte \/ Allure JS Tropical View \/ All Inclusive<\/strong><br><\/p>\n\n\n\n<h4>Oferta include<\/h4>\n\n\n\n<ul><li>cazare in Allure JS Tropical View Room<\/li><li>All Inclusive<\/li><\/ul>\n\n\n\n<h4>Oferta nu include<\/h4>\n\n\n\n<ul><li>transport<\/li><li>asigurare medicala \/ storno<\/li><\/ul>\n\n\n\n<h4>Cazare<\/h4>\n\n\n\n<p>Breathless Montego Bay se afl\u0103 \u00een ora\u0219ul Montego Bay \u0219i ofer\u0103 unit\u0103\u021bi de cazare de 5 stele \u0219i o zon\u0103 de plaj\u0103 privat\u0103. Complexul are recep\u0163ie cu program nonstop, restaurant \u015fi piscin\u0103 \u00een aer liber. Oaspe\u021bii beneficiaz\u0103 de WiFi gratuit.<\/p>\n\n\n\n<p>Toate camerele complexului au TV cu ecran plat \u0219i canale prin cablu. Unit\u0103\u021bile de cazare de la Breathless Montego Bay sunt prev\u0103zute cu aer condi\u021bionat \u0219i birou.<\/p>\n\n\n\n<p>Complexul serve\u0219te un mic dejun tip bufet.<\/p>\n\n\n\n<p>Oaspe\u0163ii pot juca tenis la Breathless Montego Bay \u0219i pot utiliza centrul de fitness, iar zona este renumit\u0103 pentru windsurfing.<\/p>\n\n\n\n<p>Rose Hall se afl\u0103 la 23 km de complex. Aeroportul Interna\u021bional Sangster este situat la 8 km.<\/p>\n\n\n\n<h4>Conditii oferta<\/h4>\n\n\n\n<p>Tariful afisat este valabil in momentul editarii \/ postarii acestei oferte!<br>Locuri in limita disponibilitatii!<br>Atentie, disponibilitatea se poate schimba in orice moment, motiv pentru care va rugam sa ne contactati pentru reconfirmarea tarifelor si \/ sau a locurilor disponibile!<\/p>\n\n\n\n<h4>Valabilitate oferta<\/h4>\n\n\n\n<p>Sejururi in perioada <strong>01 Apr 2021 &#8211; 29 Apr 2021.<\/strong><br><br><strong><a href=\"https:\/\/laspalmas.md\/contact-us-1\/\">Suna\u021bi acum pentru o vacanta relaxanta: 060552999 \/ 023 58 40 04<\/a><\/strong><br><br><\/p>\n\n\n\n<figure class=\"wp-block-image\"><img loading=\"lazy\" width=\"850\" height=\"567\" src=\"https:\/\/laspalmas.md\/wp-content\/uploads\/2021\/03\/BREMB_Aerial_Bridge_2.jpg\" alt=\"\" class=\"wp-image-5713\" srcset=\"https:\/\/laspalmas.md\/wp-content\/uploads\/2021\/03\/BREMB_Aerial_Bridge_2.jpg 850w, https:\/\/laspalmas.md\/wp-content\/uploads\/2021\/03\/BREMB_Aerial_Bridge_2-300x200.jpg 300w, https:\/\/laspalmas.md\/wp-content\/uploads\/2021\/03\/BREMB_Aerial_Bridge_2-768x512.jpg 768w\" sizes=\"(max-width: 850px) 100vw, 850px\" \/><\/figure>\n\n\n\n<figure class=\"wp-block-image\"><img loading=\"lazy\" width=\"850\" height=\"567\" src=\"https:\/\/laspalmas.md\/wp-content\/uploads\/2021\/03\/BREMB_BareBuns_1A.jpg\" alt=\"\" class=\"wp-image-5715\" srcset=\"https:\/\/laspalmas.md\/wp-content\/uploads\/2021\/03\/BREMB_BareBuns_1A.jpg 850w, https:\/\/laspalmas.md\/wp-content\/uploads\/2021\/03\/BREMB_BareBuns_1A-300x200.jpg 300w, https:\/\/laspalmas.md\/wp-content\/uploads\/2021\/03\/BREMB_BareBuns_1A-768x512.jpg 768w\" sizes=\"(max-width: 850px) 100vw, 850px\" \/><\/figure>\n\n\n\n<figure class=\"wp-block-image\"><img loading=\"lazy\" width=\"850\" height=\"567\" src=\"https:\/\/laspalmas.md\/wp-content\/uploads\/2021\/03\/BREMB_AltitudePool_1A.jpg\" alt=\"\" class=\"wp-image-5716\" srcset=\"https:\/\/laspalmas.md\/wp-content\/uploads\/2021\/03\/BREMB_AltitudePool_1A.jpg 850w, https:\/\/laspalmas.md\/wp-content\/uploads\/2021\/03\/BREMB_AltitudePool_1A-300x200.jpg 300w, https:\/\/laspalmas.md\/wp-content\/uploads\/2021\/03\/BREMB_AltitudePool_1A-768x512.jpg 768w\" sizes=\"(max-width: 850px) 100vw, 850px\" \/><\/figure>\n\n\n\n<figure class=\"wp-block-image\"><img loading=\"lazy\" width=\"850\" height=\"567\" src=\"https:\/\/laspalmas.md\/wp-content\/uploads\/2021\/03\/BREMB_BeachClub_2B-1.jpg\" alt=\"\" class=\"wp-image-5717\" srcset=\"https:\/\/laspalmas.md\/wp-content\/uploads\/2021\/03\/BREMB_BeachClub_2B-1.jpg 850w, https:\/\/laspalmas.md\/wp-content\/uploads\/2021\/03\/BREMB_BeachClub_2B-1-300x200.jpg 300w, https:\/\/laspalmas.md\/wp-content\/uploads\/2021\/03\/BREMB_BeachClub_2B-1-768x512.jpg 768w\" sizes=\"(max-width: 850px) 100vw, 850px\" \/><\/figure>\n\n\n\n<figure class=\"wp-block-image\"><img loading=\"lazy\" width=\"850\" height=\"567\" src=\"https:\/\/laspalmas.md\/wp-content\/uploads\/2021\/03\/BREMB_Girlfriends_Pool2_2A.jpg\" alt=\"\" class=\"wp-image-5719\" srcset=\"https:\/\/laspalmas.md\/wp-content\/uploads\/2021\/03\/BREMB_Girlfriends_Pool2_2A.jpg 850w, https:\/\/laspalmas.md\/wp-content\/uploads\/2021\/03\/BREMB_Girlfriends_Pool2_2A-300x200.jpg 300w, https:\/\/laspalmas.md\/wp-content\/uploads\/2021\/03\/BREMB_Girlfriends_Pool2_2A-768x512.jpg 768w\" sizes=\"(max-width: 850px) 100vw, 850px\" \/><\/figure>\n\n\n\n<figure class=\"wp-block-image\"><img loading=\"lazy\" width=\"850\" height=\"567\" src=\"https:\/\/laspalmas.md\/wp-content\/uploads\/2021\/03\/BREMB_Pool_Cabanas_2A_RGB.jpg\" alt=\"\" class=\"wp-image-5720\" srcset=\"https:\/\/laspalmas.md\/wp-content\/uploads\/2021\/03\/BREMB_Pool_Cabanas_2A_RGB.jpg 850w, https:\/\/laspalmas.md\/wp-content\/uploads\/2021\/03\/BREMB_Pool_Cabanas_2A_RGB-300x200.jpg 300w, https:\/\/laspalmas.md\/wp-content\/uploads\/2021\/03\/BREMB_Pool_Cabanas_2A_RGB-768x512.jpg 768w\" sizes=\"(max-width: 850px) 100vw, 850px\" \/><\/figure>\n\n\n\n<figure class=\"wp-block-image\"><img loading=\"lazy\" width=\"850\" height=\"567\" src=\"https:\/\/laspalmas.md\/wp-content\/uploads\/2021\/03\/BREMB_Jr_Suite_King_Tropical_RS.jpg\" alt=\"\" class=\"wp-image-5723\" srcset=\"https:\/\/laspalmas.md\/wp-content\/uploads\/2021\/03\/BREMB_Jr_Suite_King_Tropical_RS.jpg 850w, https:\/\/laspalmas.md\/wp-content\/uploads\/2021\/03\/BREMB_Jr_Suite_King_Tropical_RS-300x200.jpg 300w, https:\/\/laspalmas.md\/wp-content\/uploads\/2021\/03\/BREMB_Jr_Suite_King_Tropical_RS-768x512.jpg 768w\" sizes=\"(max-width: 850px) 100vw, 850px\" \/><\/figure>\n\n\n\n<figure class=\"wp-block-image\"><img loading=\"lazy\" width=\"850\" height=\"567\" src=\"https:\/\/laspalmas.md\/wp-content\/uploads\/2021\/03\/BREMB_MasterSt_Bathroom_1A.jpg\" alt=\"\" class=\"wp-image-5724\" srcset=\"https:\/\/laspalmas.md\/wp-content\/uploads\/2021\/03\/BREMB_MasterSt_Bathroom_1A.jpg 850w, https:\/\/laspalmas.md\/wp-content\/uploads\/2021\/03\/BREMB_MasterSt_Bathroom_1A-300x200.jpg 300w, https:\/\/laspalmas.md\/wp-content\/uploads\/2021\/03\/BREMB_MasterSt_Bathroom_1A-768x512.jpg 768w\" sizes=\"(max-width: 850px) 100vw, 850px\" \/><\/figure>\n\n\n\n<figure class=\"wp-block-image\"><img loading=\"lazy\" width=\"850\" height=\"567\" src=\"https:\/\/laspalmas.md\/wp-content\/uploads\/2021\/03\/BREMB_Jr_St_Bathroom_2.jpg\" alt=\"\" class=\"wp-image-5726\" srcset=\"https:\/\/laspalmas.md\/wp-content\/uploads\/2021\/03\/BREMB_Jr_St_Bathroom_2.jpg 850w, https:\/\/laspalmas.md\/wp-content\/uploads\/2021\/03\/BREMB_Jr_St_Bathroom_2-300x200.jpg 300w, https:\/\/laspalmas.md\/wp-content\/uploads\/2021\/03\/BREMB_Jr_St_Bathroom_2-768x512.jpg 768w\" sizes=\"(max-width: 850px) 100vw, 850px\" \/><\/figure>\n\n\n\n<p><\/p>\n","protected":false},"excerpt":{"rendered":"<p>De la\u00a0186 Euro \/ persoana \/ noapte \/ Allure JS Tropical View \/ All Inclusive Oferta include cazare in Allure JS Tropical View Room All Inclusive Oferta nu include transport &#8230;<\/p>\n","protected":false},"author":1,"featured_media":5711,"parent":0,"menu_order":0,"comment_status":"closed","ping_status":"closed","template":"","meta":[],"_links":{"self":[{"href":"https:\/\/laspalmas.md\/ru\/wp-json\/wp\/v2\/pages\/5704"}],"collection":[{"href":"https:\/\/laspalmas.md\/ru\/wp-json\/wp\/v2\/pages"}],"about":[{"href":"https:\/\/laspalmas.md\/ru\/wp-json\/wp\/v2\/types\/page"}],"author":[{"embeddable":true,"href":"https:\/\/laspalmas.md\/ru\/wp-json\/wp\/v2\/users\/1"}],"replies":[{"embeddable":true,"href":"https:\/\/laspalmas.md\/ru\/wp-json\/wp\/v2\/comments?post=5704"}],"version-history":[{"count":12,"href":"https:\/\/laspalmas.md\/ru\/wp-json\/wp\/v2\/pages\/5704\/revisions"}],"predecessor-version":[{"id":5727,"href":"https:\/\/laspalmas.md\/ru\/wp-json\/wp\/v2\/pages\/5704\/revisions\/5727"}],"wp:featuredmedia":[{"embeddable":true,"href":"https:\/\/laspalmas.md\/ru\/wp-json\/wp\/v2\/media\/5711"}],"wp:attachment":[{"href":"https:\/\/laspalmas.md\/ru\/wp-json\/wp\/v2\/media?parent=5704"}],"curies":[{"name":"wp","href":"https:\/\/api.w.org\/{rel}","templated":true}]}}