{"id":5686,"date":"2021-03-24T20:20:22","date_gmt":"2021-03-24T17:20:22","guid":{"rendered":"https:\/\/laspalmas.md\/?page_id=5686"},"modified":"2021-03-24T20:23:09","modified_gmt":"2021-03-24T17:23:09","slug":"jamaica","status":"publish","type":"page","link":"https:\/\/laspalmas.md\/ru\/jamaica\/","title":{"rendered":"JAMAICA"},"content":{"rendered":"\n<p>De departe una dintre cele mai c\u0103utate locuri din lume, Jamaica vr\u0103je\u015fte pe oricine prin frumuse\u0163ea sa; este mai mult decat o destina\u0163ie, este o experien\u0163\u0103 care nu poate fi uitat\u0103 niciodat\u0103. Acest paradis sc\u0103ldat \u00een ape de cristal \u015fi soare fierbinte este un loc magic ce asigur\u0103 oricui o vacan\u0163\u0103 perfect\u0103.<\/p>\n\n\n\n<p>Situat\u0103 pe coasta de Vest a Jamaic\u0103i, Montego Bay (sau Mo Bay) este una dintre destina\u0163iile cele mai fascinante din lume, oferind cele mai exclusiviste plaje din Jamaica, lagune \u015fi sta\u0163iuni de lux. Acest oras este \u201ecentrul turismului\u201d din Jamaica, fiind al doilea ca m\u0103rime, dup\u0103 capitala Kingston. Aici ve\u0163i g\u0103si absolut tot ce-\u015fi poate dori un turist: natur\u0103, confort, aventur\u0103. Ocho Rios sau cele \u201eOpt R\u00e2uri\u201d este primul ora\u015f din Jamaica dezvoltat exclusiv \u00een scopuri turistice \u015fi este renumit pentru plajele imense, restaurantele care ofer\u0103 delicii culinare variate, facilit\u0103\u0163i moderne pentru croaziere \u015fi cazare la pre\u0163uri destul de accesibile.<\/p>\n\n\n\n<p>Acest loc atrage \u00een fiecare an aproximativ 700.000 de turi\u015fti. Dolphin Cove de l\u00e2ng\u0103 Treasure Reef (Reciful Comorilor) este unul dintre locurile de excep\u0163ie din Ocho Rios, unde ve\u0163i avea ocazia de a \u00eenota \u015fi a v\u0103 distra \u00eempreun\u0103 cu delfinii.<\/p>\n\n\n\n<p>Pentru iubitorii de scuba diving, ora\u015ful Negril este cel mai potrivit; pentru cei care sunt \u00eencepatori \u00een acest sport exist\u0103 cursuri de in\u0163iere. Pentru cei interesa\u0163i de pescuit, exist\u0103 pescuitul de mare ad\u00e2ncime, unul dintre cele mai populare sporturi de pe insul\u0103. Buc\u0103t\u0103ria jamaican\u0103 este \u015fi ea un ansamblu de influen\u0163e indiene, spaniole, britanice, africane \u015fi chineze. Fructele de mare, condimentele, carnea \u015fi orezul sunt ingredientele de baza. Exist\u0103 c\u00e2teva feluri tradi\u0163ionale de m\u00e2ncare ce includ carnea de capr\u0103 \u015fi curry, ackee \u015fi pe\u015fte s\u0103rat, varza, maz\u0103rea \u015fi fasolea. Chiftelele jamaicane, romul jamaican \u015fi b\u0103uturile din fructe sunt printre preferatele turi\u015ftilor.<\/p>\n\n\n\n<p>Jamaica este un loc cu adevarat special, acest lucru fiind recunoscut oficial prin premiul World Travel pentru cea mai bun\u0103 destina\u0163ie din Caraibe, un alt motiv s\u0103 alege\u0163i s\u0103 v\u0103 petrece\u0163i aici o vacan\u0163\u0103 cu prietenii, singuri sau de ce nu, luna de miere. Celor din urm\u0103 le sunt recomandate zonele Blue Montains sau Cave Valley. Hotelierii de pe insul\u0103 acord\u0103 o aten\u0163ie special\u0103 detaliilor pentru ca totul s\u0103 fie de vis pentru turi\u015fti. Localnicii, de asemenea, sunt foarte calzi \u015fi z\u00e2mbitori.<\/p>\n\n\n\n<p>Descris\u0103 de Columb ca fiind insula unde pam\u00e2ntul se une\u015fte cu cerul, Jamaica este f\u0103r\u0103 dubii un paradis tropical; este o insula vibrant\u0103, plin\u0103 de culoare \u015fi muzic\u0103, cu peisaje splendide \u015fi locuri de neuitat. Vizit\u00e2nd Jamaica ave\u0163i parte nu doar de clipe minunate dar ve\u0163i avea acces la un \u00eentreg univers cultural foarte bine definit.<\/p>\n","protected":false},"excerpt":{"rendered":"<p>De departe una dintre cele mai c\u0103utate locuri din lume, Jamaica vr\u0103je\u015fte pe oricine prin frumuse\u0163ea sa; este mai mult decat o destina\u0163ie, este o experien\u0163\u0103 care nu poate fi &#8230;<\/p>\n","protected":false},"author":1,"featured_media":5689,"parent":0,"menu_order":0,"comment_status":"closed","ping_status":"closed","template":"","meta":[],"_links":{"self":[{"href":"https:\/\/laspalmas.md\/ru\/wp-json\/wp\/v2\/pages\/5686"}],"collection":[{"href":"https:\/\/laspalmas.md\/ru\/wp-json\/wp\/v2\/pages"}],"about":[{"href":"https:\/\/laspalmas.md\/ru\/wp-json\/wp\/v2\/types\/page"}],"author":[{"embeddable":true,"href":"https:\/\/laspalmas.md\/ru\/wp-json\/wp\/v2\/users\/1"}],"replies":[{"embeddable":true,"href":"https:\/\/laspalmas.md\/ru\/wp-json\/wp\/v2\/comments?post=5686"}],"version-history":[{"count":2,"href":"https:\/\/laspalmas.md\/ru\/wp-json\/wp\/v2\/pages\/5686\/revisions"}],"predecessor-version":[{"id":5688,"href":"https:\/\/laspalmas.md\/ru\/wp-json\/wp\/v2\/pages\/5686\/revisions\/5688"}],"wp:featuredmedia":[{"embeddable":true,"href":"https:\/\/laspalmas.md\/ru\/wp-json\/wp\/v2\/media\/5689"}],"wp:attachment":[{"href":"https:\/\/laspalmas.md\/ru\/wp-json\/wp\/v2\/media?parent=5686"}],"curies":[{"name":"wp","href":"https:\/\/api.w.org\/{rel}","templated":true}]}}