{"id":5668,"date":"2021-03-24T20:02:06","date_gmt":"2021-03-24T17:02:06","guid":{"rendered":"https:\/\/laspalmas.md\/?page_id=5668"},"modified":"2021-03-24T20:20:01","modified_gmt":"2021-03-24T17:20:01","slug":"hilton-at-resorts-world-bimini-4","status":"publish","type":"page","link":"https:\/\/laspalmas.md\/ru\/hilton-at-resorts-world-bimini-4\/","title":{"rendered":"Hilton at Resorts World Bimini 4*"},"content":{"rendered":"\n<p><strong>De la\u00a0142 Euro \/ persoana \/ noapte \/ camera dubla \/ room only<\/strong><br><\/p>\n\n\n\n<h4>Oferta include<\/h4>\n\n\n\n<ul><li>cazare in camera dubla<\/li><\/ul>\n\n\n\n<h4>Oferta nu include<\/h4>\n\n\n\n<ul><li>transport<\/li><li>masa<\/li><li>asigurare medicala \/ storno<\/li><\/ul>\n\n\n\n<h4>Cazare<\/h4>\n\n\n\n<p>Hilton at Resorts World Bimini se afl\u0103 pe plaja din districtul North Bimini \u0219i ofer\u0103 o piscin\u0103 infinit\u0103 cu vedere uimitoare la portul de agrement. Accesul WiFi este gratuit \u00een \u00eentreaga proprietate.<\/p>\n\n\n\n<p>Camerele Deluxe \u0219i suitele moderne au podea din lemn masiv, chiuvet\u0103 dubl\u0103 cu blat din marmur\u0103 \u0219i vedere la portul de agrement. Unele unit\u0103\u021bi de cazare sunt prev\u0103zute cu patio privat.<\/p>\n\n\n\n<p>Micul dejun, pr\u00e2nzul \u0219i cina sunt servite contra unui tarif obi\u0219nuit la restaurantul Hemingway&#8217;s.<\/p>\n\n\n\n<p>Pot fi organizate diverse activit\u0103\u021bi, cum ar fi snorkeling, parasailing \u0219i excursii cu barca cu fund de sticl\u0103. Oaspe\u021bii pot participa \u0219i la cel mai atractiv concurs de pescuit din lume. Ave\u021bi, de asemenea, la dispozi\u021bie un cazinou tip boutique cu mas\u0103 de jocuri \u0219i 150 de aparate automate de jocuri.<\/p>\n\n\n\n<h4>Conditii oferta<\/h4>\n\n\n\n<p>Tariful afisat este valabil in momentul editarii \/ postarii acestei oferte!<br>Locuri in limita disponibilitatii!<br>Atentie, disponibilitatea se poate schimba in orice moment, motiv pentru care va rugam sa ne contactati pentru reconfirmarea tarifelor si \/ sau a locurilor disponibile!<\/p>\n\n\n\n<h4>Valabilitate oferta<\/h4>\n\n\n\n<p>Oferta valabila in limita disponibilitatilor la momentul rezervarii.<br><br><strong><a href=\"https:\/\/laspalmas.md\/contact-us-1\/\">Suna\u021bi acum pentru o vacanta relaxanta: 060552999 \/ 023 58 40 04<\/a><\/strong><br><br><\/p>\n\n\n\n<figure class=\"wp-block-image\"><img loading=\"lazy\" width=\"1024\" height=\"576\" src=\"https:\/\/laspalmas.md\/wp-content\/uploads\/2021\/03\/100903129-1024x576.jpg\" alt=\"\" class=\"wp-image-5676\" srcset=\"https:\/\/laspalmas.md\/wp-content\/uploads\/2021\/03\/100903129-1024x576.jpg 1024w, https:\/\/laspalmas.md\/wp-content\/uploads\/2021\/03\/100903129-300x169.jpg 300w, https:\/\/laspalmas.md\/wp-content\/uploads\/2021\/03\/100903129-768x432.jpg 768w, https:\/\/laspalmas.md\/wp-content\/uploads\/2021\/03\/100903129-640x360.jpg 640w, https:\/\/laspalmas.md\/wp-content\/uploads\/2021\/03\/100903129.jpg 1280w\" sizes=\"(max-width: 1024px) 100vw, 1024px\" \/><\/figure>\n\n\n\n<figure class=\"wp-block-image\"><img loading=\"lazy\" width=\"1024\" height=\"575\" src=\"https:\/\/laspalmas.md\/wp-content\/uploads\/2021\/03\/71564526-1024x575.jpg\" alt=\"\" class=\"wp-image-5674\" srcset=\"https:\/\/laspalmas.md\/wp-content\/uploads\/2021\/03\/71564526-1024x575.jpg 1024w, https:\/\/laspalmas.md\/wp-content\/uploads\/2021\/03\/71564526-300x169.jpg 300w, https:\/\/laspalmas.md\/wp-content\/uploads\/2021\/03\/71564526-768x431.jpg 768w, https:\/\/laspalmas.md\/wp-content\/uploads\/2021\/03\/71564526-640x360.jpg 640w, https:\/\/laspalmas.md\/wp-content\/uploads\/2021\/03\/71564526.jpg 1280w\" sizes=\"(max-width: 1024px) 100vw, 1024px\" \/><\/figure>\n\n\n\n<figure class=\"wp-block-image\"><img loading=\"lazy\" width=\"1024\" height=\"576\" src=\"https:\/\/laspalmas.md\/wp-content\/uploads\/2021\/03\/100286073-1024x576.jpg\" alt=\"\" class=\"wp-image-5678\" srcset=\"https:\/\/laspalmas.md\/wp-content\/uploads\/2021\/03\/100286073-1024x576.jpg 1024w, https:\/\/laspalmas.md\/wp-content\/uploads\/2021\/03\/100286073-300x169.jpg 300w, https:\/\/laspalmas.md\/wp-content\/uploads\/2021\/03\/100286073-768x432.jpg 768w, https:\/\/laspalmas.md\/wp-content\/uploads\/2021\/03\/100286073-640x360.jpg 640w, https:\/\/laspalmas.md\/wp-content\/uploads\/2021\/03\/100286073.jpg 1280w\" sizes=\"(max-width: 1024px) 100vw, 1024px\" \/><\/figure>\n\n\n\n<figure class=\"wp-block-image\"><img loading=\"lazy\" width=\"1024\" height=\"576\" src=\"https:\/\/laspalmas.md\/wp-content\/uploads\/2021\/03\/100282380-1024x576.jpg\" alt=\"\" class=\"wp-image-5679\" srcset=\"https:\/\/laspalmas.md\/wp-content\/uploads\/2021\/03\/100282380-1024x576.jpg 1024w, https:\/\/laspalmas.md\/wp-content\/uploads\/2021\/03\/100282380-300x169.jpg 300w, https:\/\/laspalmas.md\/wp-content\/uploads\/2021\/03\/100282380-768x432.jpg 768w, https:\/\/laspalmas.md\/wp-content\/uploads\/2021\/03\/100282380-640x360.jpg 640w, https:\/\/laspalmas.md\/wp-content\/uploads\/2021\/03\/100282380.jpg 1280w\" sizes=\"(max-width: 1024px) 100vw, 1024px\" \/><\/figure>\n\n\n\n<figure class=\"wp-block-image\"><img loading=\"lazy\" width=\"1024\" height=\"682\" src=\"https:\/\/laspalmas.md\/wp-content\/uploads\/2021\/03\/71568618-1024x682.jpg\" alt=\"\" class=\"wp-image-5680\" srcset=\"https:\/\/laspalmas.md\/wp-content\/uploads\/2021\/03\/71568618-1024x682.jpg 1024w, https:\/\/laspalmas.md\/wp-content\/uploads\/2021\/03\/71568618-300x200.jpg 300w, https:\/\/laspalmas.md\/wp-content\/uploads\/2021\/03\/71568618-768x512.jpg 768w, https:\/\/laspalmas.md\/wp-content\/uploads\/2021\/03\/71568618.jpg 1280w\" sizes=\"(max-width: 1024px) 100vw, 1024px\" \/><\/figure>\n\n\n\n<figure class=\"wp-block-image\"><img loading=\"lazy\" width=\"1024\" height=\"682\" src=\"https:\/\/laspalmas.md\/wp-content\/uploads\/2021\/03\/108084785-1024x682.jpg\" alt=\"\" class=\"wp-image-5682\" srcset=\"https:\/\/laspalmas.md\/wp-content\/uploads\/2021\/03\/108084785-1024x682.jpg 1024w, https:\/\/laspalmas.md\/wp-content\/uploads\/2021\/03\/108084785-300x200.jpg 300w, https:\/\/laspalmas.md\/wp-content\/uploads\/2021\/03\/108084785-768x512.jpg 768w, https:\/\/laspalmas.md\/wp-content\/uploads\/2021\/03\/108084785.jpg 1280w\" sizes=\"(max-width: 1024px) 100vw, 1024px\" \/><\/figure>\n\n\n\n<figure class=\"wp-block-image\"><img loading=\"lazy\" width=\"1024\" height=\"682\" src=\"https:\/\/laspalmas.md\/wp-content\/uploads\/2021\/03\/100279143-1024x682.jpg\" alt=\"\" class=\"wp-image-5683\" srcset=\"https:\/\/laspalmas.md\/wp-content\/uploads\/2021\/03\/100279143-1024x682.jpg 1024w, https:\/\/laspalmas.md\/wp-content\/uploads\/2021\/03\/100279143-300x200.jpg 300w, https:\/\/laspalmas.md\/wp-content\/uploads\/2021\/03\/100279143-768x512.jpg 768w, https:\/\/laspalmas.md\/wp-content\/uploads\/2021\/03\/100279143.jpg 1280w\" sizes=\"(max-width: 1024px) 100vw, 1024px\" \/><\/figure>\n\n\n\n<figure class=\"wp-block-image\"><img loading=\"lazy\" width=\"1024\" height=\"682\" src=\"https:\/\/laspalmas.md\/wp-content\/uploads\/2021\/03\/104730555-1024x682.jpg\" alt=\"\" class=\"wp-image-5684\" srcset=\"https:\/\/laspalmas.md\/wp-content\/uploads\/2021\/03\/104730555-1024x682.jpg 1024w, https:\/\/laspalmas.md\/wp-content\/uploads\/2021\/03\/104730555-300x200.jpg 300w, https:\/\/laspalmas.md\/wp-content\/uploads\/2021\/03\/104730555-768x512.jpg 768w, https:\/\/laspalmas.md\/wp-content\/uploads\/2021\/03\/104730555.jpg 1280w\" sizes=\"(max-width: 1024px) 100vw, 1024px\" \/><\/figure>\n","protected":false},"excerpt":{"rendered":"<p>De la\u00a0142 Euro \/ persoana \/ noapte \/ camera dubla \/ room only Oferta include cazare in camera dubla Oferta nu include transport masa asigurare medicala \/ storno Cazare Hilton &#8230;<\/p>\n","protected":false},"author":1,"featured_media":5674,"parent":0,"menu_order":0,"comment_status":"closed","ping_status":"closed","template":"","meta":[],"_links":{"self":[{"href":"https:\/\/laspalmas.md\/ru\/wp-json\/wp\/v2\/pages\/5668"}],"collection":[{"href":"https:\/\/laspalmas.md\/ru\/wp-json\/wp\/v2\/pages"}],"about":[{"href":"https:\/\/laspalmas.md\/ru\/wp-json\/wp\/v2\/types\/page"}],"author":[{"embeddable":true,"href":"https:\/\/laspalmas.md\/ru\/wp-json\/wp\/v2\/users\/1"}],"replies":[{"embeddable":true,"href":"https:\/\/laspalmas.md\/ru\/wp-json\/wp\/v2\/comments?post=5668"}],"version-history":[{"count":8,"href":"https:\/\/laspalmas.md\/ru\/wp-json\/wp\/v2\/pages\/5668\/revisions"}],"predecessor-version":[{"id":5685,"href":"https:\/\/laspalmas.md\/ru\/wp-json\/wp\/v2\/pages\/5668\/revisions\/5685"}],"wp:featuredmedia":[{"embeddable":true,"href":"https:\/\/laspalmas.md\/ru\/wp-json\/wp\/v2\/media\/5674"}],"wp:attachment":[{"href":"https:\/\/laspalmas.md\/ru\/wp-json\/wp\/v2\/media?parent=5668"}],"curies":[{"name":"wp","href":"https:\/\/api.w.org\/{rel}","templated":true}]}}