{"id":5652,"date":"2021-03-24T19:51:56","date_gmt":"2021-03-24T16:51:56","guid":{"rendered":"https:\/\/laspalmas.md\/?page_id=5652"},"modified":"2021-03-24T20:01:42","modified_gmt":"2021-03-24T17:01:42","slug":"atlantis-paradise-island-the-cove-5","status":"publish","type":"page","link":"https:\/\/laspalmas.md\/ru\/atlantis-paradise-island-the-cove-5\/","title":{"rendered":"Atlantis Paradise Island &#8211; The Cove 5*"},"content":{"rendered":"\n<p><strong>De la\u00a0296 Euro \/ persoana \/ noapte \/ Ocean Suite \/ room only<\/strong><br><\/p>\n\n\n\n<h4>Oferta include<\/h4>\n\n\n\n<ul><li>cazare in Ocean Suite<\/li><\/ul>\n\n\n\n<h4>Oferta nu include<\/h4>\n\n\n\n<ul><li>transport<\/li><li>asigurare medicala \/ storno<\/li><\/ul>\n\n\n\n<h4>Cazare<\/h4>\n\n\n\n<p>Acest complex din lan\u0163ul Atlantis ofer\u0103 suite luxoase pe malul oceanului, o zon\u0103 de plaj\u0103 privat\u0103 \u015fi o piscin\u0103 mare \u00een aer liber, destinat\u0103 exclusiv adul\u0163ilor. Oaspe\u0163ii au la dispozi\u0163ie o selec\u0163ie de restaurante \u015fi op\u0163iuni de jocuri de noroc.<\/p>\n\n\n\n<p>Suitele luminoase \u015fi spa\u0163ioase ale complexului The Cove Atlantis ofer\u0103 un balcon privat cu vedere la ocean. De asemenea, au TV cu ecran plat cu canale prin cablu, iPod docking station \u015fi baie din marmur\u0103. Oaspe\u0163ii beneficiaz\u0103 gratuit de apeluri locale nelimitate.<\/p>\n\n\n\n<p>The Cove are 3 piscine frumoase, cu un pavilion de jocuri \u00een aer liber, baldachine private \u015fi un bar l\u00e2ng\u0103 piscin\u0103. Oaspe\u0163ii se pot distra la parcul acvatic de aventuri Dolphin Cay \u015fi au la dispozi\u0163ie facilit\u0103\u0163i de golf. De asemenea, oaspe\u0163ii se bucur\u0103 de acces gratuit la cinematograful Atlantis \u015fi la lec\u0163ii de ini\u0163iere \u00een jocurile de cazinou.<\/p>\n\n\n\n<p>Pute\u0163i lua masa la unul dintre cele 21 de restaurante ale complexului Atlantis, cu atmosfer\u0103 select\u0103 sau informal\u0103. Oaspe\u0163ii se pot distra cu jocuri de cazinou, \u00een timp ce se relaxeaz\u0103 cu cocktailuri, \u00een lounge-ul Seaglass sau \u00eentr-unul dintre cele 19 baruri.<\/p>\n\n\n\n<p>The Cove Atlantis se afl\u0103 la 28 km de Aeroportul Interna\u0163ional din Nassau. Muzeul de Antichit\u0103\u0163i este la 5 minute de mers pe jos.<\/p>\n\n\n\n<h4>Conditii oferta<\/h4>\n\n\n\n<p>Tariful afisat este valabil in momentul editarii \/ postarii acestei oferte!<br>Locuri in limita disponibilitatii!<br>Atentie, disponibilitatea se poate schimba in orice moment, motiv pentru care va rugam sa ne contactati pentru reconfirmarea tarifelor si \/ sau a locurilor disponibile!<\/p>\n\n\n\n<h4>Valabilitate oferta<\/h4>\n\n\n\n<p>Oferta valabila in limita disponibilitatilor la momentul rezervarii.<br><br><strong><a href=\"https:\/\/laspalmas.md\/contact-us-1\/\">Suna\u021bi acum pentru o vacanta relaxanta: 060552999 \/ 023 58 40 04<\/a><\/strong><br><br><\/p>\n\n\n\n<figure class=\"wp-block-image\"><img loading=\"lazy\" width=\"1024\" height=\"718\" src=\"https:\/\/laspalmas.md\/wp-content\/uploads\/2021\/03\/118100569-1024x718.jpg\" alt=\"\" class=\"wp-image-5657\" srcset=\"https:\/\/laspalmas.md\/wp-content\/uploads\/2021\/03\/118100569-1024x718.jpg 1024w, https:\/\/laspalmas.md\/wp-content\/uploads\/2021\/03\/118100569-300x210.jpg 300w, https:\/\/laspalmas.md\/wp-content\/uploads\/2021\/03\/118100569-768x539.jpg 768w, https:\/\/laspalmas.md\/wp-content\/uploads\/2021\/03\/118100569.jpg 1280w\" sizes=\"(max-width: 1024px) 100vw, 1024px\" \/><\/figure>\n\n\n\n<figure class=\"wp-block-image\"><img loading=\"lazy\" width=\"1024\" height=\"682\" src=\"https:\/\/laspalmas.md\/wp-content\/uploads\/2021\/03\/126247036-1024x682.jpg\" alt=\"\" class=\"wp-image-5660\" srcset=\"https:\/\/laspalmas.md\/wp-content\/uploads\/2021\/03\/126247036-1024x682.jpg 1024w, https:\/\/laspalmas.md\/wp-content\/uploads\/2021\/03\/126247036-300x200.jpg 300w, https:\/\/laspalmas.md\/wp-content\/uploads\/2021\/03\/126247036-768x512.jpg 768w, https:\/\/laspalmas.md\/wp-content\/uploads\/2021\/03\/126247036.jpg 1280w\" sizes=\"(max-width: 1024px) 100vw, 1024px\" \/><\/figure>\n\n\n\n<figure class=\"wp-block-image\"><img loading=\"lazy\" width=\"1024\" height=\"768\" src=\"https:\/\/laspalmas.md\/wp-content\/uploads\/2021\/03\/104039492-1024x768.jpg\" alt=\"\" class=\"wp-image-5661\" srcset=\"https:\/\/laspalmas.md\/wp-content\/uploads\/2021\/03\/104039492-1024x768.jpg 1024w, https:\/\/laspalmas.md\/wp-content\/uploads\/2021\/03\/104039492-300x225.jpg 300w, https:\/\/laspalmas.md\/wp-content\/uploads\/2021\/03\/104039492-768x576.jpg 768w, https:\/\/laspalmas.md\/wp-content\/uploads\/2021\/03\/104039492-640x480.jpg 640w, https:\/\/laspalmas.md\/wp-content\/uploads\/2021\/03\/104039492.jpg 1200w\" sizes=\"(max-width: 1024px) 100vw, 1024px\" \/><\/figure>\n\n\n\n<figure class=\"wp-block-image\"><img loading=\"lazy\" width=\"1024\" height=\"768\" src=\"https:\/\/laspalmas.md\/wp-content\/uploads\/2021\/03\/28372567-1024x768.jpg\" alt=\"\" class=\"wp-image-5662\" srcset=\"https:\/\/laspalmas.md\/wp-content\/uploads\/2021\/03\/28372567-1024x768.jpg 1024w, https:\/\/laspalmas.md\/wp-content\/uploads\/2021\/03\/28372567-300x225.jpg 300w, https:\/\/laspalmas.md\/wp-content\/uploads\/2021\/03\/28372567-768x576.jpg 768w, https:\/\/laspalmas.md\/wp-content\/uploads\/2021\/03\/28372567-640x480.jpg 640w, https:\/\/laspalmas.md\/wp-content\/uploads\/2021\/03\/28372567.jpg 1200w\" sizes=\"(max-width: 1024px) 100vw, 1024px\" \/><\/figure>\n\n\n\n<figure class=\"wp-block-image\"><img loading=\"lazy\" width=\"1024\" height=\"735\" src=\"https:\/\/laspalmas.md\/wp-content\/uploads\/2021\/03\/138115284-1024x735.jpg\" alt=\"\" class=\"wp-image-5663\" srcset=\"https:\/\/laspalmas.md\/wp-content\/uploads\/2021\/03\/138115284-1024x735.jpg 1024w, https:\/\/laspalmas.md\/wp-content\/uploads\/2021\/03\/138115284-300x215.jpg 300w, https:\/\/laspalmas.md\/wp-content\/uploads\/2021\/03\/138115284-768x551.jpg 768w, https:\/\/laspalmas.md\/wp-content\/uploads\/2021\/03\/138115284.jpg 1254w\" sizes=\"(max-width: 1024px) 100vw, 1024px\" \/><\/figure>\n\n\n\n<figure class=\"wp-block-image\"><img loading=\"lazy\" width=\"1024\" height=\"762\" src=\"https:\/\/laspalmas.md\/wp-content\/uploads\/2021\/03\/118100513-1024x762.jpg\" alt=\"\" class=\"wp-image-5664\" srcset=\"https:\/\/laspalmas.md\/wp-content\/uploads\/2021\/03\/118100513-1024x762.jpg 1024w, https:\/\/laspalmas.md\/wp-content\/uploads\/2021\/03\/118100513-300x223.jpg 300w, https:\/\/laspalmas.md\/wp-content\/uploads\/2021\/03\/118100513-768x572.jpg 768w, https:\/\/laspalmas.md\/wp-content\/uploads\/2021\/03\/118100513.jpg 1209w\" sizes=\"(max-width: 1024px) 100vw, 1024px\" \/><\/figure>\n\n\n\n<figure class=\"wp-block-image\"><img loading=\"lazy\" width=\"1024\" height=\"682\" src=\"https:\/\/laspalmas.md\/wp-content\/uploads\/2021\/03\/104037429-1024x682.jpg\" alt=\"\" class=\"wp-image-5665\" srcset=\"https:\/\/laspalmas.md\/wp-content\/uploads\/2021\/03\/104037429-1024x682.jpg 1024w, https:\/\/laspalmas.md\/wp-content\/uploads\/2021\/03\/104037429-300x200.jpg 300w, https:\/\/laspalmas.md\/wp-content\/uploads\/2021\/03\/104037429-768x512.jpg 768w, https:\/\/laspalmas.md\/wp-content\/uploads\/2021\/03\/104037429.jpg 1280w\" sizes=\"(max-width: 1024px) 100vw, 1024px\" \/><\/figure>\n\n\n\n<figure class=\"wp-block-image\"><img loading=\"lazy\" width=\"1024\" height=\"682\" src=\"https:\/\/laspalmas.md\/wp-content\/uploads\/2021\/03\/222851941-1024x682.jpg\" alt=\"\" class=\"wp-image-5666\" srcset=\"https:\/\/laspalmas.md\/wp-content\/uploads\/2021\/03\/222851941-1024x682.jpg 1024w, https:\/\/laspalmas.md\/wp-content\/uploads\/2021\/03\/222851941-300x200.jpg 300w, https:\/\/laspalmas.md\/wp-content\/uploads\/2021\/03\/222851941-768x512.jpg 768w, https:\/\/laspalmas.md\/wp-content\/uploads\/2021\/03\/222851941.jpg 1280w\" sizes=\"(max-width: 1024px) 100vw, 1024px\" \/><\/figure>\n","protected":false},"excerpt":{"rendered":"<p>De la\u00a0296 Euro \/ persoana \/ noapte \/ Ocean Suite \/ room only Oferta include cazare in Ocean Suite Oferta nu include transport asigurare medicala \/ storno Cazare Acest complex &#8230;<\/p>\n","protected":false},"author":1,"featured_media":5657,"parent":0,"menu_order":0,"comment_status":"closed","ping_status":"closed","template":"","meta":[],"_links":{"self":[{"href":"https:\/\/laspalmas.md\/ru\/wp-json\/wp\/v2\/pages\/5652"}],"collection":[{"href":"https:\/\/laspalmas.md\/ru\/wp-json\/wp\/v2\/pages"}],"about":[{"href":"https:\/\/laspalmas.md\/ru\/wp-json\/wp\/v2\/types\/page"}],"author":[{"embeddable":true,"href":"https:\/\/laspalmas.md\/ru\/wp-json\/wp\/v2\/users\/1"}],"replies":[{"embeddable":true,"href":"https:\/\/laspalmas.md\/ru\/wp-json\/wp\/v2\/comments?post=5652"}],"version-history":[{"count":6,"href":"https:\/\/laspalmas.md\/ru\/wp-json\/wp\/v2\/pages\/5652\/revisions"}],"predecessor-version":[{"id":5667,"href":"https:\/\/laspalmas.md\/ru\/wp-json\/wp\/v2\/pages\/5652\/revisions\/5667"}],"wp:featuredmedia":[{"embeddable":true,"href":"https:\/\/laspalmas.md\/ru\/wp-json\/wp\/v2\/media\/5657"}],"wp:attachment":[{"href":"https:\/\/laspalmas.md\/ru\/wp-json\/wp\/v2\/media?parent=5652"}],"curies":[{"name":"wp","href":"https:\/\/api.w.org\/{rel}","templated":true}]}}