{"id":5634,"date":"2021-03-24T19:43:45","date_gmt":"2021-03-24T16:43:45","guid":{"rendered":"https:\/\/laspalmas.md\/?page_id=5634"},"modified":"2021-03-24T19:51:41","modified_gmt":"2021-03-24T16:51:41","slug":"atlantis-paradise-island-the-beach-4","status":"publish","type":"page","link":"https:\/\/laspalmas.md\/ru\/atlantis-paradise-island-the-beach-4\/","title":{"rendered":"Atlantis Paradise Island &#8211; The Beach 4*"},"content":{"rendered":"\n<p><strong>De la\u00a0134 Euro \/ persoana \/ noapte \/ Beach Tower Water View \/ room only<\/strong><br><\/p>\n\n\n\n<h4>Oferta include<\/h4>\n\n\n\n<ul><li>cazare in Beach Tower Water View<\/li><\/ul>\n\n\n\n<h4>Oferta nu include<\/h4>\n\n\n\n<ul><li>transport<\/li><li>masa<\/li><li>asigurare medicala \/ storno<\/li><\/ul>\n\n\n\n<h4>Cazare<\/h4>\n\n\n\n<p>Acest hotel are vedere la apa turcoaz a M\u0103rii Caraibilor \u0219i ofer\u0103 camere cu TV cu ecran plat \u0219i sta\u021bie de andocare pentru iPod. Proprietatea include parcul acvatic Paradise Island Aquaventure, cu tobogane \u0219i un r\u00e2u domol.<\/p>\n\n\n\n<p>Toate camerele de la The Beach at Atlantis au sta\u021bie de andocare pentru iPod \u0219i balcon ca dot\u0103ri standard. Camerele au aer condi\u021bionat, ferestre mari \u0219i decor cu accente de albastru tropical. Apelurile telefonice locale sunt gratuite.<\/p>\n\n\n\n<p>Printre facilit\u0103\u021bile de agrement de la The Beach at Atlantis se num\u0103r\u0103 un centru spa cu saun\u0103 \u0219i cad\u0103 cu hidromasaj. Centrul de fitness spa\u021bios ofer\u0103 cursuri de yoga \u0219i spinning, iar oaspe\u021bii se pot relaxa pe plaja privat\u0103 sau l\u00e2ng\u0103 piscin\u0103.<\/p>\n\n\n\n<p>Restaurantul are aer condi\u021bionat \u0219i serve\u0219te un meniu amplu la micul dejun. Oaspe\u021bii pot savura gust\u0103ri \u0219i cocktailuri la snack barul de l\u00e2ng\u0103 piscin\u0103. Accesul la cinematograful Atlantis este gratuit pentru oaspe\u021bi, iar proprietatea ofer\u0103 lec\u021bii gratuite de jocuri de cazinou.<\/p>\n\n\n\n<p>Personalul de la recep\u021bia cu program non-stop ofer\u0103 servicii de baby-sitting \u0219i de concierge. De asemenea, acesta poate asigura un serviciu de transfer la Aeroportul Interna\u021bional din Nassau, situat la 16 km.<\/p>\n\n\n\n<h4>Conditii oferta<\/h4>\n\n\n\n<p>Tariful afisat este valabil in momentul editarii \/ postarii acestei oferte!<br>Locuri in limita disponibilitatii!<br>Atentie, disponibilitatea se poate schimba in orice moment, motiv pentru care va rugam sa ne contactati pentru reconfirmarea tarifelor si \/ sau a locurilor disponibile!<\/p>\n\n\n\n<h4>Valabilitate oferta<\/h4>\n\n\n\n<p>Oferta valabila in limita disponibilitatilor la momentul rezervarii.<br><br><strong><a href=\"https:\/\/laspalmas.md\/contact-us-1\/\">Suna\u021bi acum pentru o vacanta relaxanta: 060552999 \/ 023 58 40 04<\/a><\/strong><br><br><\/p>\n\n\n\n<figure class=\"wp-block-image\"><img loading=\"lazy\" width=\"1024\" height=\"682\" src=\"https:\/\/laspalmas.md\/wp-content\/uploads\/2021\/03\/71455465-1024x682.jpg\" alt=\"\" class=\"wp-image-5643\" srcset=\"https:\/\/laspalmas.md\/wp-content\/uploads\/2021\/03\/71455465-1024x682.jpg 1024w, https:\/\/laspalmas.md\/wp-content\/uploads\/2021\/03\/71455465-300x200.jpg 300w, https:\/\/laspalmas.md\/wp-content\/uploads\/2021\/03\/71455465-768x512.jpg 768w, https:\/\/laspalmas.md\/wp-content\/uploads\/2021\/03\/71455465.jpg 1280w\" sizes=\"(max-width: 1024px) 100vw, 1024px\" \/><\/figure>\n\n\n\n<figure class=\"wp-block-image\"><img loading=\"lazy\" width=\"1024\" height=\"682\" src=\"https:\/\/laspalmas.md\/wp-content\/uploads\/2021\/03\/97655331-1024x682.jpg\" alt=\"\" class=\"wp-image-5644\" srcset=\"https:\/\/laspalmas.md\/wp-content\/uploads\/2021\/03\/97655331-1024x682.jpg 1024w, https:\/\/laspalmas.md\/wp-content\/uploads\/2021\/03\/97655331-300x200.jpg 300w, https:\/\/laspalmas.md\/wp-content\/uploads\/2021\/03\/97655331-768x512.jpg 768w, https:\/\/laspalmas.md\/wp-content\/uploads\/2021\/03\/97655331.jpg 1280w\" sizes=\"(max-width: 1024px) 100vw, 1024px\" \/><\/figure>\n\n\n\n<figure class=\"wp-block-image\"><img loading=\"lazy\" width=\"1024\" height=\"682\" src=\"https:\/\/laspalmas.md\/wp-content\/uploads\/2021\/03\/98459642-1024x682.jpg\" alt=\"\" class=\"wp-image-5646\" srcset=\"https:\/\/laspalmas.md\/wp-content\/uploads\/2021\/03\/98459642-1024x682.jpg 1024w, https:\/\/laspalmas.md\/wp-content\/uploads\/2021\/03\/98459642-300x200.jpg 300w, https:\/\/laspalmas.md\/wp-content\/uploads\/2021\/03\/98459642-768x512.jpg 768w, https:\/\/laspalmas.md\/wp-content\/uploads\/2021\/03\/98459642.jpg 1280w\" sizes=\"(max-width: 1024px) 100vw, 1024px\" \/><\/figure>\n\n\n\n<figure class=\"wp-block-image\"><img loading=\"lazy\" width=\"1024\" height=\"682\" src=\"https:\/\/laspalmas.md\/wp-content\/uploads\/2021\/03\/113674591-1024x682.jpg\" alt=\"\" class=\"wp-image-5647\" srcset=\"https:\/\/laspalmas.md\/wp-content\/uploads\/2021\/03\/113674591-1024x682.jpg 1024w, https:\/\/laspalmas.md\/wp-content\/uploads\/2021\/03\/113674591-300x200.jpg 300w, https:\/\/laspalmas.md\/wp-content\/uploads\/2021\/03\/113674591-768x512.jpg 768w, https:\/\/laspalmas.md\/wp-content\/uploads\/2021\/03\/113674591.jpg 1280w\" sizes=\"(max-width: 1024px) 100vw, 1024px\" \/><\/figure>\n\n\n\n<figure class=\"wp-block-image\"><img loading=\"lazy\" width=\"1024\" height=\"682\" src=\"https:\/\/laspalmas.md\/wp-content\/uploads\/2021\/03\/113674597-1024x682.jpg\" alt=\"\" class=\"wp-image-5648\" srcset=\"https:\/\/laspalmas.md\/wp-content\/uploads\/2021\/03\/113674597-1024x682.jpg 1024w, https:\/\/laspalmas.md\/wp-content\/uploads\/2021\/03\/113674597-300x200.jpg 300w, https:\/\/laspalmas.md\/wp-content\/uploads\/2021\/03\/113674597-768x512.jpg 768w, https:\/\/laspalmas.md\/wp-content\/uploads\/2021\/03\/113674597.jpg 1280w\" sizes=\"(max-width: 1024px) 100vw, 1024px\" \/><\/figure>\n\n\n\n<figure class=\"wp-block-image\"><img loading=\"lazy\" width=\"1024\" height=\"682\" src=\"https:\/\/laspalmas.md\/wp-content\/uploads\/2021\/03\/113674607-1024x682.jpg\" alt=\"\" class=\"wp-image-5649\" srcset=\"https:\/\/laspalmas.md\/wp-content\/uploads\/2021\/03\/113674607-1024x682.jpg 1024w, https:\/\/laspalmas.md\/wp-content\/uploads\/2021\/03\/113674607-300x200.jpg 300w, https:\/\/laspalmas.md\/wp-content\/uploads\/2021\/03\/113674607-768x512.jpg 768w, https:\/\/laspalmas.md\/wp-content\/uploads\/2021\/03\/113674607.jpg 1280w\" sizes=\"(max-width: 1024px) 100vw, 1024px\" \/><\/figure>\n\n\n\n<figure class=\"wp-block-image\"><img loading=\"lazy\" width=\"1024\" height=\"682\" src=\"https:\/\/laspalmas.md\/wp-content\/uploads\/2021\/03\/146558071-1024x682.jpg\" alt=\"\" class=\"wp-image-5650\" srcset=\"https:\/\/laspalmas.md\/wp-content\/uploads\/2021\/03\/146558071-1024x682.jpg 1024w, https:\/\/laspalmas.md\/wp-content\/uploads\/2021\/03\/146558071-300x200.jpg 300w, https:\/\/laspalmas.md\/wp-content\/uploads\/2021\/03\/146558071-768x512.jpg 768w, https:\/\/laspalmas.md\/wp-content\/uploads\/2021\/03\/146558071.jpg 1280w\" sizes=\"(max-width: 1024px) 100vw, 1024px\" \/><\/figure>\n","protected":false},"excerpt":{"rendered":"<p>De la\u00a0134 Euro \/ persoana \/ noapte \/ Beach Tower Water View \/ room only Oferta include cazare in Beach Tower Water View Oferta nu include transport masa asigurare medicala &#8230;<\/p>\n","protected":false},"author":1,"featured_media":5641,"parent":0,"menu_order":0,"comment_status":"closed","ping_status":"closed","template":"","meta":[],"_links":{"self":[{"href":"https:\/\/laspalmas.md\/ru\/wp-json\/wp\/v2\/pages\/5634"}],"collection":[{"href":"https:\/\/laspalmas.md\/ru\/wp-json\/wp\/v2\/pages"}],"about":[{"href":"https:\/\/laspalmas.md\/ru\/wp-json\/wp\/v2\/types\/page"}],"author":[{"embeddable":true,"href":"https:\/\/laspalmas.md\/ru\/wp-json\/wp\/v2\/users\/1"}],"replies":[{"embeddable":true,"href":"https:\/\/laspalmas.md\/ru\/wp-json\/wp\/v2\/comments?post=5634"}],"version-history":[{"count":8,"href":"https:\/\/laspalmas.md\/ru\/wp-json\/wp\/v2\/pages\/5634\/revisions"}],"predecessor-version":[{"id":5651,"href":"https:\/\/laspalmas.md\/ru\/wp-json\/wp\/v2\/pages\/5634\/revisions\/5651"}],"wp:featuredmedia":[{"embeddable":true,"href":"https:\/\/laspalmas.md\/ru\/wp-json\/wp\/v2\/media\/5641"}],"wp:attachment":[{"href":"https:\/\/laspalmas.md\/ru\/wp-json\/wp\/v2\/media?parent=5634"}],"curies":[{"name":"wp","href":"https:\/\/api.w.org\/{rel}","templated":true}]}}