{"id":5616,"date":"2021-03-24T19:18:08","date_gmt":"2021-03-24T16:18:08","guid":{"rendered":"https:\/\/laspalmas.md\/?page_id=5616"},"modified":"2021-03-24T19:41:26","modified_gmt":"2021-03-24T16:41:26","slug":"melia-habana-hotel-5","status":"publish","type":"page","link":"https:\/\/laspalmas.md\/ru\/melia-habana-hotel-5\/","title":{"rendered":"Melia Habana Hotel 5*"},"content":{"rendered":"\n<p><strong>De la\u00a01131 Euro \/ pachet 7 nopti \/ persoana \/ camera dubla \/ mic dejun<\/strong><br><\/p>\n\n\n\n<h4>Oferta include<\/h4>\n\n\n\n<ul><li>bilet de avion din Madrid<\/li><li>taxe de aeroport (170 EURO)<\/li><li>transfer de la si catre aeroport<\/li><li>7 nopti cazare cu mic dejun<\/li><li>asigurare medicala<\/li><li>asistenta turistica<\/li><\/ul>\n\n\n\n<h4>Oferta nu include<\/h4>\n\n\n\n<ul><li>bilet de avion Bucuresti &#8211; Madrid &#8211; Bucuresti<\/li><li>taxa de viza 25 euro<\/li><li>asigurare\u00a0 storno (recomandata)<br><\/li><\/ul>\n\n\n\n<h4>Cazare<\/h4>\n\n\n\n<p>Melia Habana se afl\u0103 \u00een ora\u015ful Havana din regiunea La Habana \u015fi ofer\u0103 o piscin\u0103 \u00een aer liber \u0219i o cad\u0103 cu hidromasaj. Oaspe\u0163ii pot lua masa la restaurantul propriet\u0103\u0163ii.<\/p>\n\n\n\n<p>Pentru un plus de confort, unele unit\u0103\u021bi de cazare au zon\u0103 de relaxare. O parte dintre camere au vedere la mare, gr\u0103din\u0103 sau ora\u0219. Toate camerele au baie privat\u0103. Oaspe\u0163ii au la dispozi\u0163ie un TV cu ecran plat.<\/p>\n\n\n\n<p>Hotelul are o recep\u0163ie cu program nonstop \u015fi un salon de coafur\u0103. Este potrivit pentru oamenii de afaceri, nun\u0163i \u0219i luna de miere.<\/p>\n\n\n\n<p>Hotelul ofer\u0103 un serviciu de \u00eenchirieri auto. Aeroportul Interna\u021bional Jos\u00e9 Mart\u00ed se afl\u0103 la 13 km de proprietate.<br><\/p>\n\n\n\n<h4>Conditii oferta<\/h4>\n\n\n\n<p>Tariful afisat este valabil in momentul editarii \/ postarii acestei oferte!<br>Locuri in limita disponibilitatii!<br>Atentie, disponibilitatea se poate schimba in orice moment, motiv pentru care va rugam sa ne contactati pentru reconfirmarea tarifelor si \/ sau a locurilor disponibile!<\/p>\n\n\n\n<h4>Valabilitate oferta<\/h4>\n\n\n\n<p>Sejururi in perioada <strong>03 Ian 2021 &#8211; 30 Apr 2021.<\/strong><br><br><strong><a href=\"https:\/\/laspalmas.md\/contact-us-1\/\">Suna\u021bi acum pentru o vacanta relaxanta: 060552999 \/ 023 58 40 04<\/a><\/strong><br><br><\/p>\n\n\n\n<figure class=\"wp-block-image\"><img loading=\"lazy\" width=\"1024\" height=\"502\" src=\"https:\/\/laspalmas.md\/wp-content\/uploads\/2021\/03\/301MeliaHabana-Pool_1-1024x502.jpg\" alt=\"\" class=\"wp-image-5626\" srcset=\"https:\/\/laspalmas.md\/wp-content\/uploads\/2021\/03\/301MeliaHabana-Pool_1-1024x502.jpg 1024w, https:\/\/laspalmas.md\/wp-content\/uploads\/2021\/03\/301MeliaHabana-Pool_1-300x147.jpg 300w, https:\/\/laspalmas.md\/wp-content\/uploads\/2021\/03\/301MeliaHabana-Pool_1-768x377.jpg 768w, https:\/\/laspalmas.md\/wp-content\/uploads\/2021\/03\/301MeliaHabana-Pool_1.jpg 1600w\" sizes=\"(max-width: 1024px) 100vw, 1024px\" \/><\/figure>\n\n\n\n<figure class=\"wp-block-image\"><img loading=\"lazy\" width=\"1024\" height=\"536\" src=\"https:\/\/laspalmas.md\/wp-content\/uploads\/2021\/03\/303MeliaHabana-Pool-1024x536.jpg\" alt=\"\" class=\"wp-image-5625\" srcset=\"https:\/\/laspalmas.md\/wp-content\/uploads\/2021\/03\/303MeliaHabana-Pool-1024x536.jpg 1024w, https:\/\/laspalmas.md\/wp-content\/uploads\/2021\/03\/303MeliaHabana-Pool-300x157.jpg 300w, https:\/\/laspalmas.md\/wp-content\/uploads\/2021\/03\/303MeliaHabana-Pool-768x402.jpg 768w, https:\/\/laspalmas.md\/wp-content\/uploads\/2021\/03\/303MeliaHabana-Pool.jpg 1200w\" sizes=\"(max-width: 1024px) 100vw, 1024px\" \/><\/figure>\n\n\n\n<figure class=\"wp-block-image\"><img loading=\"lazy\" width=\"1024\" height=\"597\" src=\"https:\/\/laspalmas.md\/wp-content\/uploads\/2021\/03\/carrusel3-1024x597.jpg\" alt=\"\" class=\"wp-image-5627\" srcset=\"https:\/\/laspalmas.md\/wp-content\/uploads\/2021\/03\/carrusel3-1024x597.jpg 1024w, https:\/\/laspalmas.md\/wp-content\/uploads\/2021\/03\/carrusel3-300x175.jpg 300w, https:\/\/laspalmas.md\/wp-content\/uploads\/2021\/03\/carrusel3-768x448.jpg 768w, https:\/\/laspalmas.md\/wp-content\/uploads\/2021\/03\/carrusel3.jpg 1200w\" sizes=\"(max-width: 1024px) 100vw, 1024px\" \/><\/figure>\n\n\n\n<figure class=\"wp-block-image\"><img loading=\"lazy\" width=\"1024\" height=\"683\" src=\"https:\/\/laspalmas.md\/wp-content\/uploads\/2021\/03\/eb3ee13aba2c474040211f7314520e8ebc77db00-1024x683.jpeg\" alt=\"\" class=\"wp-image-5628\" srcset=\"https:\/\/laspalmas.md\/wp-content\/uploads\/2021\/03\/eb3ee13aba2c474040211f7314520e8ebc77db00-1024x683.jpeg 1024w, https:\/\/laspalmas.md\/wp-content\/uploads\/2021\/03\/eb3ee13aba2c474040211f7314520e8ebc77db00-300x200.jpeg 300w, https:\/\/laspalmas.md\/wp-content\/uploads\/2021\/03\/eb3ee13aba2c474040211f7314520e8ebc77db00-768x512.jpeg 768w, https:\/\/laspalmas.md\/wp-content\/uploads\/2021\/03\/eb3ee13aba2c474040211f7314520e8ebc77db00.jpeg 1200w\" sizes=\"(max-width: 1024px) 100vw, 1024px\" \/><\/figure>\n","protected":false},"excerpt":{"rendered":"<p>De la\u00a01131 Euro \/ pachet 7 nopti \/ persoana \/ camera dubla \/ mic dejun Oferta include bilet de avion din Madrid taxe de aeroport (170 EURO) transfer de la &#8230;<\/p>\n","protected":false},"author":1,"featured_media":5625,"parent":0,"menu_order":0,"comment_status":"closed","ping_status":"closed","template":"","meta":[],"_links":{"self":[{"href":"https:\/\/laspalmas.md\/ru\/wp-json\/wp\/v2\/pages\/5616"}],"collection":[{"href":"https:\/\/laspalmas.md\/ru\/wp-json\/wp\/v2\/pages"}],"about":[{"href":"https:\/\/laspalmas.md\/ru\/wp-json\/wp\/v2\/types\/page"}],"author":[{"embeddable":true,"href":"https:\/\/laspalmas.md\/ru\/wp-json\/wp\/v2\/users\/1"}],"replies":[{"embeddable":true,"href":"https:\/\/laspalmas.md\/ru\/wp-json\/wp\/v2\/comments?post=5616"}],"version-history":[{"count":8,"href":"https:\/\/laspalmas.md\/ru\/wp-json\/wp\/v2\/pages\/5616\/revisions"}],"predecessor-version":[{"id":5629,"href":"https:\/\/laspalmas.md\/ru\/wp-json\/wp\/v2\/pages\/5616\/revisions\/5629"}],"wp:featuredmedia":[{"embeddable":true,"href":"https:\/\/laspalmas.md\/ru\/wp-json\/wp\/v2\/media\/5625"}],"wp:attachment":[{"href":"https:\/\/laspalmas.md\/ru\/wp-json\/wp\/v2\/media?parent=5616"}],"curies":[{"name":"wp","href":"https:\/\/api.w.org\/{rel}","templated":true}]}}