{"id":5602,"date":"2021-03-24T18:58:55","date_gmt":"2021-03-24T15:58:55","guid":{"rendered":"https:\/\/laspalmas.md\/?page_id=5602"},"modified":"2021-03-24T19:13:34","modified_gmt":"2021-03-24T16:13:34","slug":"iberostar-parkue-central-hotel-5","status":"publish","type":"page","link":"https:\/\/laspalmas.md\/ru\/iberostar-parkue-central-hotel-5\/","title":{"rendered":"Iberostar Parkue Central Hotel 5*"},"content":{"rendered":"\n<p><strong>De la\u00a01090 EUR \/ pachet 7 nopti \/ persoana \/ camera dubla \/ mic dejun<\/strong><br><\/p>\n\n\n\n<h4>Oferta include<\/h4>\n\n\n\n<p>\u2022 bilet de avion din Madrid,<br>\u2022 taxe de aeroport (170 EURO),<br>\u2022 transfer de la si catre aeroport,<br>\u2022 7 nopti cazare cu mic dejun,<br>\u2022 asigurare medicala,<br>\u2022 asistenta turistica<\/p>\n\n\n\n<h4>Oferta nu include<\/h4>\n\n\n\n<p>\u2022 taxa de viza <br>\u2022 asigurare storno (recomandata)<br>\u2022 bilet de avion pina in  Madrid si retur<\/p>\n\n\n\n<h4>Cazare<\/h4>\n\n\n\n<p>Iberostar Parque Central se afl\u0103 \u00een centrul ora\u0219ului Havana \u015fi este g\u0103zduit de o cl\u0103dire colonial\u0103 spaniol\u0103. Ofer\u0103 piscin\u0103 \u00een aer liber \u0219i centru spa. Oaspe\u021bii au la dispozi\u0163ie 3 restaurante \u0219i 2 baruri.<\/p>\n\n\n\n<p>Unele au teras\u0103 sau balcon. Oaspe\u0163ii au la dispozi\u0163ie halate \u015fi papuci. Ofer\u0103 TV cu ecran plat \u015fi canale prin satelit.<\/p>\n\n\n\n<p>Proprietatea are recep\u0163ie deschis\u0103 nonstop. Exist\u0103 magazine \u0219i facilit\u0103\u021bi de fitness la proprietate.<\/p>\n\n\n\n<p>Aeroportul Interna\u021bional Jos\u00e9 Mart\u00ed este situat la 16 km de proprietate. Hotelul se afl\u0103 la 10 minute de mers pe jos de destina\u021bii populare, cum ar fi Bar Floridita \u0219i La Bodeguita del Medio.<\/p>\n\n\n\n<p>Old Havana este o alegere excelent\u0103 pentru c\u0103l\u0103torii interesa\u021bi de atmosfer\u0103, muzic\u0103 live \u0219i cocktailuri.<\/p>\n\n\n\n<h4>Conditii oferta<\/h4>\n\n\n\n<p>Oferta este valabila in functie de locurile disponibile din momentul solicitarii rezervarii. Tarifele afisate pot suferi modificari in functie de perioada calatoriei si gradul de ocupare.<br><br><strong><a href=\"https:\/\/laspalmas.md\/contact-us-1\/\">Suna\u021bi acum pentru o vacanta relaxanta: 060552999 \/ 023 58 40 04<\/a><\/strong><br><br><\/p>\n\n\n\n<figure class=\"wp-block-image\"><img loading=\"lazy\" width=\"850\" height=\"566\" src=\"https:\/\/laspalmas.md\/wp-content\/uploads\/2021\/03\/85221091-1.jpg\" alt=\"\" class=\"wp-image-5608\" srcset=\"https:\/\/laspalmas.md\/wp-content\/uploads\/2021\/03\/85221091-1.jpg 850w, https:\/\/laspalmas.md\/wp-content\/uploads\/2021\/03\/85221091-1-300x200.jpg 300w, https:\/\/laspalmas.md\/wp-content\/uploads\/2021\/03\/85221091-1-768x511.jpg 768w\" sizes=\"(max-width: 850px) 100vw, 850px\" \/><\/figure>\n\n\n\n<figure class=\"wp-block-image\"><img loading=\"lazy\" width=\"769\" height=\"576\" src=\"https:\/\/laspalmas.md\/wp-content\/uploads\/2021\/03\/103365475.jpg\" alt=\"\" class=\"wp-image-5611\" srcset=\"https:\/\/laspalmas.md\/wp-content\/uploads\/2021\/03\/103365475.jpg 769w, https:\/\/laspalmas.md\/wp-content\/uploads\/2021\/03\/103365475-300x225.jpg 300w, https:\/\/laspalmas.md\/wp-content\/uploads\/2021\/03\/103365475-768x575.jpg 768w, https:\/\/laspalmas.md\/wp-content\/uploads\/2021\/03\/103365475-640x480.jpg 640w\" sizes=\"(max-width: 769px) 100vw, 769px\" \/><\/figure>\n\n\n\n<figure class=\"wp-block-image\"><img loading=\"lazy\" width=\"850\" height=\"567\" src=\"https:\/\/laspalmas.md\/wp-content\/uploads\/2021\/03\/85221623.jpg\" alt=\"\" class=\"wp-image-5612\" srcset=\"https:\/\/laspalmas.md\/wp-content\/uploads\/2021\/03\/85221623.jpg 850w, https:\/\/laspalmas.md\/wp-content\/uploads\/2021\/03\/85221623-300x200.jpg 300w, https:\/\/laspalmas.md\/wp-content\/uploads\/2021\/03\/85221623-768x512.jpg 768w\" sizes=\"(max-width: 850px) 100vw, 850px\" \/><\/figure>\n\n\n\n<figure class=\"wp-block-image\"><img loading=\"lazy\" width=\"850\" height=\"567\" src=\"https:\/\/laspalmas.md\/wp-content\/uploads\/2021\/03\/102102110.jpg\" alt=\"\" class=\"wp-image-5613\" srcset=\"https:\/\/laspalmas.md\/wp-content\/uploads\/2021\/03\/102102110.jpg 850w, https:\/\/laspalmas.md\/wp-content\/uploads\/2021\/03\/102102110-300x200.jpg 300w, https:\/\/laspalmas.md\/wp-content\/uploads\/2021\/03\/102102110-768x512.jpg 768w\" sizes=\"(max-width: 850px) 100vw, 850px\" \/><\/figure>\n\n\n\n<figure class=\"wp-block-image\"><img loading=\"lazy\" width=\"850\" height=\"569\" src=\"https:\/\/laspalmas.md\/wp-content\/uploads\/2021\/03\/101586972.jpg\" alt=\"\" class=\"wp-image-5614\" srcset=\"https:\/\/laspalmas.md\/wp-content\/uploads\/2021\/03\/101586972.jpg 850w, https:\/\/laspalmas.md\/wp-content\/uploads\/2021\/03\/101586972-300x201.jpg 300w, https:\/\/laspalmas.md\/wp-content\/uploads\/2021\/03\/101586972-768x514.jpg 768w\" sizes=\"(max-width: 850px) 100vw, 850px\" \/><\/figure>\n","protected":false},"excerpt":{"rendered":"<p>De la\u00a01090 EUR \/ pachet 7 nopti \/ persoana \/ camera dubla \/ mic dejun Oferta include \u2022 bilet de avion din Madrid,\u2022 taxe de aeroport (170 EURO),\u2022 transfer de &#8230;<\/p>\n","protected":false},"author":1,"featured_media":5608,"parent":0,"menu_order":0,"comment_status":"closed","ping_status":"closed","template":"","meta":[],"_links":{"self":[{"href":"https:\/\/laspalmas.md\/ru\/wp-json\/wp\/v2\/pages\/5602"}],"collection":[{"href":"https:\/\/laspalmas.md\/ru\/wp-json\/wp\/v2\/pages"}],"about":[{"href":"https:\/\/laspalmas.md\/ru\/wp-json\/wp\/v2\/types\/page"}],"author":[{"embeddable":true,"href":"https:\/\/laspalmas.md\/ru\/wp-json\/wp\/v2\/users\/1"}],"replies":[{"embeddable":true,"href":"https:\/\/laspalmas.md\/ru\/wp-json\/wp\/v2\/comments?post=5602"}],"version-history":[{"count":7,"href":"https:\/\/laspalmas.md\/ru\/wp-json\/wp\/v2\/pages\/5602\/revisions"}],"predecessor-version":[{"id":5615,"href":"https:\/\/laspalmas.md\/ru\/wp-json\/wp\/v2\/pages\/5602\/revisions\/5615"}],"wp:featuredmedia":[{"embeddable":true,"href":"https:\/\/laspalmas.md\/ru\/wp-json\/wp\/v2\/media\/5608"}],"wp:attachment":[{"href":"https:\/\/laspalmas.md\/ru\/wp-json\/wp\/v2\/media?parent=5602"}],"curies":[{"name":"wp","href":"https:\/\/api.w.org\/{rel}","templated":true}]}}