{"id":5581,"date":"2021-03-24T14:42:50","date_gmt":"2021-03-24T11:42:50","guid":{"rendered":"https:\/\/laspalmas.md\/?page_id=5581"},"modified":"2021-03-24T18:55:35","modified_gmt":"2021-03-24T15:55:35","slug":"the-lalit-golf-spa-resort-goa-5","status":"publish","type":"page","link":"https:\/\/laspalmas.md\/ru\/the-lalit-golf-spa-resort-goa-5\/","title":{"rendered":"The LaLiT Golf &#038; Spa Resort Goa 5*"},"content":{"rendered":"\n<p><strong>De la\u00a0310 Euro \/ 5 nopti \/ persoana \/ Garden View Room \/ mic dejun<\/strong><br><\/p>\n\n\n\n<h4>Oferta include<\/h4>\n\n\n\n<ul><li>5 nopti cazare in&nbsp;Garden View Room<\/li><li>mic dejun<\/li><\/ul>\n\n\n\n<h4>Oferta nu include<\/h4>\n\n\n\n<ul><li>bilet de avion<\/li><li>transferuri<\/li><li>asigurare medicala si storno<\/li><\/ul>\n\n\n\n<h4>Cazare<\/h4>\n\n\n\n<p>Aceast\u0103 proprietate este la 4 minute pe jos de plaj\u0103. Oferind un teren de golf cu 18 g\u0103uri, cu vedere la Marea Arabiei, LaLit Golf &#038; Spa Resort Goa ofer\u0103 suite spa\u021bioase amplasate pe terenuri amenajate. Acesta ofer\u0103 o piscin\u0103 \u00een aer liber cu un bar \u0219i facilit\u0103\u021bi de fitness.<\/p>\n\n\n\n<p>LaLiT Golf &#038; Spa Resort Goa ofer\u0103 activit\u0103\u021bi nautice cum ar fi parasailing \u0219i windsurfing. Oaspe\u021bii se pot bucura de masaje de relaxare sau pot organiza croaziere la apus de soare \u0219i excursii de pescuit, la biroul de turism.<\/p>\n\n\n\n<p>Situat \u00een South Goa, hotelul se afl\u0103 la 3 km de plaja Palolem. Este la 45 de minute de mers cu ma\u0219ina de gara Madgaon \u0219i se afl\u0103 la 63 km de Aeroportul Dabolim.<\/p>\n\n\n\n<p>Suitele ofer\u0103 verande private cu vedere spre Marea Arabiei sau spre terenuri amenajate. Facilit\u0103\u021bile camerelor includ TV prin cablu, o zon\u0103 de relaxare \u0219i o baie spa\u021bioas\u0103 cu o cad\u0103.<\/p>\n\n\n\n<p>Cele 4 restaurante ale hotelului includ meniuri locale, mediteraneene, interna\u021bionale \u0219i fructe de mare. \u00cen barul Gazebo sunt disponibile b\u0103uturi r\u0103coritoare u\u0219oare.<\/p>\n\n\n\n<h4>Conditii oferta<\/h4>\n\n\n\n<p>Tariful afisat este valabil in momentul editarii \/ postarii acestei oferte!<br>Locuri in limita disponibilitatii!<br>Atentie, disponibilitatea se poate schimba in orice moment, motiv pentru care va rugam sa ne contactati pentru reconfirmarea tarifelor si \/ sau a locurilor disponibile!<\/p>\n\n\n\n<h4>Valabilitate oferta<\/h4>\n\n\n\n<p>Oferta valabila in limita disponibilitatilor la momentul rezervarii.<br><br><strong><a href=\"https:\/\/laspalmas.md\/contact-us-1\/\">Suna\u021bi acum pentru o vacanta relaxanta: 060552999 \/ 023 58 40 04<\/a><\/strong><br><br><\/p>\n\n\n\n<figure class=\"wp-block-image\"><img loading=\"lazy\" width=\"768\" height=\"562\" src=\"https:\/\/laspalmas.md\/wp-content\/uploads\/2021\/03\/The-Lalit-Goa-Aerial-768x562.jpg\" alt=\"\" class=\"wp-image-5588\" srcset=\"https:\/\/laspalmas.md\/wp-content\/uploads\/2021\/03\/The-Lalit-Goa-Aerial-768x562.jpg 768w, https:\/\/laspalmas.md\/wp-content\/uploads\/2021\/03\/The-Lalit-Goa-Aerial-768x562-300x220.jpg 300w\" sizes=\"(max-width: 768px) 100vw, 768px\" \/><\/figure>\n\n\n\n<figure class=\"wp-block-image\"><img loading=\"lazy\" width=\"768\" height=\"562\" src=\"https:\/\/laspalmas.md\/wp-content\/uploads\/2021\/03\/The-Lalit-Goa-Aerial___13-768x562.jpg\" alt=\"\" class=\"wp-image-5590\" srcset=\"https:\/\/laspalmas.md\/wp-content\/uploads\/2021\/03\/The-Lalit-Goa-Aerial___13-768x562.jpg 768w, https:\/\/laspalmas.md\/wp-content\/uploads\/2021\/03\/The-Lalit-Goa-Aerial___13-768x562-300x220.jpg 300w\" sizes=\"(max-width: 768px) 100vw, 768px\" \/><\/figure>\n\n\n\n<figure class=\"wp-block-image\"><img loading=\"lazy\" width=\"768\" height=\"563\" src=\"https:\/\/laspalmas.md\/wp-content\/uploads\/2021\/03\/Outdoor3-Goa-e1486932579466-768x563.jpg\" alt=\"\" class=\"wp-image-5591\" srcset=\"https:\/\/laspalmas.md\/wp-content\/uploads\/2021\/03\/Outdoor3-Goa-e1486932579466-768x563.jpg 768w, https:\/\/laspalmas.md\/wp-content\/uploads\/2021\/03\/Outdoor3-Goa-e1486932579466-768x563-300x220.jpg 300w\" sizes=\"(max-width: 768px) 100vw, 768px\" \/><\/figure>\n\n\n\n<figure class=\"wp-block-image\"><img loading=\"lazy\" width=\"768\" height=\"562\" src=\"https:\/\/laspalmas.md\/wp-content\/uploads\/2021\/03\/Gazebo-768x562.jpg\" alt=\"\" class=\"wp-image-5592\" srcset=\"https:\/\/laspalmas.md\/wp-content\/uploads\/2021\/03\/Gazebo-768x562.jpg 768w, https:\/\/laspalmas.md\/wp-content\/uploads\/2021\/03\/Gazebo-768x562-300x220.jpg 300w\" sizes=\"(max-width: 768px) 100vw, 768px\" \/><\/figure>\n\n\n\n<figure class=\"wp-block-image\"><img loading=\"lazy\" width=\"768\" height=\"562\" src=\"https:\/\/laspalmas.md\/wp-content\/uploads\/2021\/03\/Luxury-Suite-Goa-1-768x562.jpg\" alt=\"\" class=\"wp-image-5594\" srcset=\"https:\/\/laspalmas.md\/wp-content\/uploads\/2021\/03\/Luxury-Suite-Goa-1-768x562.jpg 768w, https:\/\/laspalmas.md\/wp-content\/uploads\/2021\/03\/Luxury-Suite-Goa-1-768x562-300x220.jpg 300w\" sizes=\"(max-width: 768px) 100vw, 768px\" \/><\/figure>\n\n\n\n<figure class=\"wp-block-image\"><img loading=\"lazy\" width=\"768\" height=\"562\" src=\"https:\/\/laspalmas.md\/wp-content\/uploads\/2021\/03\/Room__Pool-view-768x562.jpg\" alt=\"\" class=\"wp-image-5595\" srcset=\"https:\/\/laspalmas.md\/wp-content\/uploads\/2021\/03\/Room__Pool-view-768x562.jpg 768w, https:\/\/laspalmas.md\/wp-content\/uploads\/2021\/03\/Room__Pool-view-768x562-300x220.jpg 300w\" sizes=\"(max-width: 768px) 100vw, 768px\" \/><\/figure>\n\n\n\n<figure class=\"wp-block-image\"><img loading=\"lazy\" width=\"768\" height=\"562\" src=\"https:\/\/laspalmas.md\/wp-content\/uploads\/2021\/03\/Room-Villa-living-768x562.jpg\" alt=\"\" class=\"wp-image-5596\" srcset=\"https:\/\/laspalmas.md\/wp-content\/uploads\/2021\/03\/Room-Villa-living-768x562.jpg 768w, https:\/\/laspalmas.md\/wp-content\/uploads\/2021\/03\/Room-Villa-living-768x562-300x220.jpg 300w\" sizes=\"(max-width: 768px) 100vw, 768px\" \/><\/figure>\n","protected":false},"excerpt":{"rendered":"<p>De la\u00a0310 Euro \/ 5 nopti \/ persoana \/ Garden View Room \/ mic dejun Oferta include 5 nopti cazare in&nbsp;Garden View Room mic dejun Oferta nu include bilet de &#8230;<\/p>\n","protected":false},"author":1,"featured_media":5588,"parent":0,"menu_order":0,"comment_status":"closed","ping_status":"closed","template":"","meta":[],"_links":{"self":[{"href":"https:\/\/laspalmas.md\/ru\/wp-json\/wp\/v2\/pages\/5581"}],"collection":[{"href":"https:\/\/laspalmas.md\/ru\/wp-json\/wp\/v2\/pages"}],"about":[{"href":"https:\/\/laspalmas.md\/ru\/wp-json\/wp\/v2\/types\/page"}],"author":[{"embeddable":true,"href":"https:\/\/laspalmas.md\/ru\/wp-json\/wp\/v2\/users\/1"}],"replies":[{"embeddable":true,"href":"https:\/\/laspalmas.md\/ru\/wp-json\/wp\/v2\/comments?post=5581"}],"version-history":[{"count":8,"href":"https:\/\/laspalmas.md\/ru\/wp-json\/wp\/v2\/pages\/5581\/revisions"}],"predecessor-version":[{"id":5597,"href":"https:\/\/laspalmas.md\/ru\/wp-json\/wp\/v2\/pages\/5581\/revisions\/5597"}],"wp:featuredmedia":[{"embeddable":true,"href":"https:\/\/laspalmas.md\/ru\/wp-json\/wp\/v2\/media\/5588"}],"wp:attachment":[{"href":"https:\/\/laspalmas.md\/ru\/wp-json\/wp\/v2\/media?parent=5581"}],"curies":[{"name":"wp","href":"https:\/\/api.w.org\/{rel}","templated":true}]}}