{"id":5562,"date":"2021-03-24T14:30:20","date_gmt":"2021-03-24T11:30:20","guid":{"rendered":"https:\/\/laspalmas.md\/?page_id=5562"},"modified":"2021-03-24T14:40:44","modified_gmt":"2021-03-24T11:40:44","slug":"taj-exotica-resort-spa-goa-5","status":"publish","type":"page","link":"https:\/\/laspalmas.md\/ru\/taj-exotica-resort-spa-goa-5\/","title":{"rendered":"Taj Exotica Resort &#038; Spa, Goa 5*"},"content":{"rendered":"\n<p><strong>De la&nbsp;101 Euro \/ persoana \/ noapte \/ Garden Villa \/ mic dejun<\/strong><br><\/p>\n\n\n\n<h4>Oferta include<\/h4>\n\n\n\n<ul><li>cazare in Garden Villa<\/li><li>mic dejun<\/li><\/ul>\n\n\n\n<h4>Oferta nu include<\/h4>\n\n\n\n<ul><li>bilet de avion<\/li><li>transferuri<\/li><li>asigurare medicala si storno<\/li><\/ul>\n\n\n\n<h4>Cazare<\/h4>\n\n\n\n<p>Face\u021bi o baie cum ajunge\u021bi &#8211; aceast\u0103 proprietate se afl\u0103 la doar 3 minute de mers pe jos de Benaulim Beach! G\u0103zduit de 22 de hectare de gr\u0103dini amenajate, complexul \u00een stil mediteranean Taj Exotica, Goa se afl\u0103 pe o plaj\u0103 privat\u0103 cu vedere la Marea Arabiei. Ofer\u0103 facilit\u0103\u0163i de golf, un centru spa complet cu piscin\u0103 \u00een aer liber \u015fi 6 op\u0163iuni de luat masa.<\/p>\n\n\n\n<p>Decorate \u00een culori neutre, camerele sunt amenajate cu mobilier clasic din lemn de culoare \u00eenchis\u0103. Fiecare are un balcon cu vedere la gr\u0103din\u0103, la piscin\u0103 sau la mare. Anumite camere ofer\u0103 o piscin\u0103 privat\u0103 sau o cad\u0103 cu hidromasaj.<\/p>\n\n\n\n<p>Taj Exotica Resort &#038; Spa, Goa este la 3 km de plaja din Colva \u015fi la 12 km de ora\u015ful Madgaon. Aeroportul Goa Dabolim se afl\u0103 la 45 de minute de mers cu ma\u015fina. Proprietatea asigur\u0103 parcare gratuit\u0103.<\/p>\n\n\n\n<p>Oaspe\u0163ii \u00ee\u015fi pot petrece dup\u0103-amieze \u00eensorite juc\u00e2nd tenis sau se pot bucura de un masaj de relaxare la Jiva Spa. \u00cen plus, complexul ofer\u0103 un centru de fitness \u015fi room service disponibil nonstop. Cei mici se pot bucura de o serie de activit\u0103\u0163i la Centrul de Activit\u0103\u0163i pentru Copii.<\/p>\n\n\n\n<p>Oaspe\u0163ii pot savura fructe de mare proaspete la restaurantul Lobster Shack de pe malul m\u0103rii, iar restaurantul Miguel Arcanjo serve\u015fte preparate din buc\u0103t\u0103ria mediteranean\u0103. Allegria propune specialit\u0103\u0163i tradi\u0163ionale din Goa. Barul Adega Cameons serve\u015fte o varietate de b\u0103uturi.<\/p>\n\n\n\n<h4>Conditii oferta<\/h4>\n\n\n\n<p>Tariful afisat este valabil in momentul editarii \/ postarii acestei oferte!<br>Locuri in limita disponibilitatii!<br>Atentie, disponibilitatea se poate schimba in orice moment, motiv pentru care va rugam sa ne contactati pentru reconfirmarea tarifelor si \/ sau a locurilor disponibile!<\/p>\n\n\n\n<h4>Valabilitate oferta<\/h4>\n\n\n\n<p>Oferta valabila in limita disponibilitatilor la momentul rezervarii.<br><br><strong><a href=\"https:\/\/laspalmas.md\/contact-us-1\/\">Suna\u021bi acum pentru o vacanta relaxanta: 060552999 \/ 023 58 40 04<\/a><\/strong><br><br><\/p>\n\n\n\n<figure class=\"wp-block-image\"><img loading=\"lazy\" width=\"850\" height=\"567\" src=\"https:\/\/laspalmas.md\/wp-content\/uploads\/2021\/03\/SPP_4063.jpg\" alt=\"\" class=\"wp-image-5572\" srcset=\"https:\/\/laspalmas.md\/wp-content\/uploads\/2021\/03\/SPP_4063.jpg 850w, https:\/\/laspalmas.md\/wp-content\/uploads\/2021\/03\/SPP_4063-300x200.jpg 300w, https:\/\/laspalmas.md\/wp-content\/uploads\/2021\/03\/SPP_4063-768x512.jpg 768w\" sizes=\"(max-width: 850px) 100vw, 850px\" \/><\/figure>\n\n\n\n<figure class=\"wp-block-image\"><img loading=\"lazy\" width=\"850\" height=\"567\" src=\"https:\/\/laspalmas.md\/wp-content\/uploads\/2021\/03\/SPP_3836.jpg\" alt=\"\" class=\"wp-image-5573\" srcset=\"https:\/\/laspalmas.md\/wp-content\/uploads\/2021\/03\/SPP_3836.jpg 850w, https:\/\/laspalmas.md\/wp-content\/uploads\/2021\/03\/SPP_3836-300x200.jpg 300w, https:\/\/laspalmas.md\/wp-content\/uploads\/2021\/03\/SPP_3836-768x512.jpg 768w\" sizes=\"(max-width: 850px) 100vw, 850px\" \/><\/figure>\n\n\n\n<figure class=\"wp-block-image\"><img loading=\"lazy\" width=\"850\" height=\"567\" src=\"https:\/\/laspalmas.md\/wp-content\/uploads\/2021\/03\/SPP_1934.jpg\" alt=\"\" class=\"wp-image-5570\" srcset=\"https:\/\/laspalmas.md\/wp-content\/uploads\/2021\/03\/SPP_1934.jpg 850w, https:\/\/laspalmas.md\/wp-content\/uploads\/2021\/03\/SPP_1934-300x200.jpg 300w, https:\/\/laspalmas.md\/wp-content\/uploads\/2021\/03\/SPP_1934-768x512.jpg 768w\" sizes=\"(max-width: 850px) 100vw, 850px\" \/><\/figure>\n\n\n\n<figure class=\"wp-block-image\"><img loading=\"lazy\" width=\"850\" height=\"567\" src=\"https:\/\/laspalmas.md\/wp-content\/uploads\/2021\/03\/SPP_4643.jpg\" alt=\"\" class=\"wp-image-5575\" srcset=\"https:\/\/laspalmas.md\/wp-content\/uploads\/2021\/03\/SPP_4643.jpg 850w, https:\/\/laspalmas.md\/wp-content\/uploads\/2021\/03\/SPP_4643-300x200.jpg 300w, https:\/\/laspalmas.md\/wp-content\/uploads\/2021\/03\/SPP_4643-768x512.jpg 768w\" sizes=\"(max-width: 850px) 100vw, 850px\" \/><\/figure>\n\n\n\n<figure class=\"wp-block-image\"><img loading=\"lazy\" width=\"850\" height=\"567\" src=\"https:\/\/laspalmas.md\/wp-content\/uploads\/2021\/03\/SPP_4139.jpg\" alt=\"\" class=\"wp-image-5576\" srcset=\"https:\/\/laspalmas.md\/wp-content\/uploads\/2021\/03\/SPP_4139.jpg 850w, https:\/\/laspalmas.md\/wp-content\/uploads\/2021\/03\/SPP_4139-300x200.jpg 300w, https:\/\/laspalmas.md\/wp-content\/uploads\/2021\/03\/SPP_4139-768x512.jpg 768w\" sizes=\"(max-width: 850px) 100vw, 850px\" \/><\/figure>\n\n\n\n<figure class=\"wp-block-image\"><img loading=\"lazy\" width=\"850\" height=\"567\" src=\"https:\/\/laspalmas.md\/wp-content\/uploads\/2021\/03\/SPP_3184.jpg\" alt=\"\" class=\"wp-image-5577\" srcset=\"https:\/\/laspalmas.md\/wp-content\/uploads\/2021\/03\/SPP_3184.jpg 850w, https:\/\/laspalmas.md\/wp-content\/uploads\/2021\/03\/SPP_3184-300x200.jpg 300w, https:\/\/laspalmas.md\/wp-content\/uploads\/2021\/03\/SPP_3184-768x512.jpg 768w\" sizes=\"(max-width: 850px) 100vw, 850px\" \/><\/figure>\n\n\n\n<figure class=\"wp-block-image\"><img loading=\"lazy\" width=\"850\" height=\"567\" src=\"https:\/\/laspalmas.md\/wp-content\/uploads\/2021\/03\/SPP_4715.jpg\" alt=\"\" class=\"wp-image-5578\" srcset=\"https:\/\/laspalmas.md\/wp-content\/uploads\/2021\/03\/SPP_4715.jpg 850w, https:\/\/laspalmas.md\/wp-content\/uploads\/2021\/03\/SPP_4715-300x200.jpg 300w, https:\/\/laspalmas.md\/wp-content\/uploads\/2021\/03\/SPP_4715-768x512.jpg 768w\" sizes=\"(max-width: 850px) 100vw, 850px\" \/><\/figure>\n\n\n\n<figure class=\"wp-block-image\"><img loading=\"lazy\" width=\"850\" height=\"567\" src=\"https:\/\/laspalmas.md\/wp-content\/uploads\/2021\/03\/SPP_5201.jpg\" alt=\"\" class=\"wp-image-5579\" srcset=\"https:\/\/laspalmas.md\/wp-content\/uploads\/2021\/03\/SPP_5201.jpg 850w, https:\/\/laspalmas.md\/wp-content\/uploads\/2021\/03\/SPP_5201-300x200.jpg 300w, https:\/\/laspalmas.md\/wp-content\/uploads\/2021\/03\/SPP_5201-768x512.jpg 768w\" sizes=\"(max-width: 850px) 100vw, 850px\" \/><\/figure>\n","protected":false},"excerpt":{"rendered":"<p>De la&nbsp;101 Euro \/ persoana \/ noapte \/ Garden Villa \/ mic dejun Oferta include cazare in Garden Villa mic dejun Oferta nu include bilet de avion transferuri asigurare medicala &#8230;<\/p>\n","protected":false},"author":1,"featured_media":5570,"parent":0,"menu_order":0,"comment_status":"closed","ping_status":"closed","template":"","meta":[],"_links":{"self":[{"href":"https:\/\/laspalmas.md\/ru\/wp-json\/wp\/v2\/pages\/5562"}],"collection":[{"href":"https:\/\/laspalmas.md\/ru\/wp-json\/wp\/v2\/pages"}],"about":[{"href":"https:\/\/laspalmas.md\/ru\/wp-json\/wp\/v2\/types\/page"}],"author":[{"embeddable":true,"href":"https:\/\/laspalmas.md\/ru\/wp-json\/wp\/v2\/users\/1"}],"replies":[{"embeddable":true,"href":"https:\/\/laspalmas.md\/ru\/wp-json\/wp\/v2\/comments?post=5562"}],"version-history":[{"count":9,"href":"https:\/\/laspalmas.md\/ru\/wp-json\/wp\/v2\/pages\/5562\/revisions"}],"predecessor-version":[{"id":5580,"href":"https:\/\/laspalmas.md\/ru\/wp-json\/wp\/v2\/pages\/5562\/revisions\/5580"}],"wp:featuredmedia":[{"embeddable":true,"href":"https:\/\/laspalmas.md\/ru\/wp-json\/wp\/v2\/media\/5570"}],"wp:attachment":[{"href":"https:\/\/laspalmas.md\/ru\/wp-json\/wp\/v2\/media?parent=5562"}],"curies":[{"name":"wp","href":"https:\/\/api.w.org\/{rel}","templated":true}]}}