{"id":5544,"date":"2021-03-24T14:20:27","date_gmt":"2021-03-24T11:20:27","guid":{"rendered":"https:\/\/laspalmas.md\/?page_id=5544"},"modified":"2021-03-24T14:30:00","modified_gmt":"2021-03-24T11:30:00","slug":"alila-diwa-goa-resort-5","status":"publish","type":"page","link":"https:\/\/laspalmas.md\/ru\/alila-diwa-goa-resort-5\/","title":{"rendered":"Alila Diwa Goa Resort 5*"},"content":{"rendered":"\n<p><strong>De la\u00a060 Euro \/ persoana \/ noapte \/ Terrace Room \/ Mic dejun<\/strong><br><br><\/p>\n\n\n\n<h4>Oferta include<\/h4>\n\n\n\n<ul><li>cazare in&nbsp;Terrace Room<\/li><li>mic dejun<\/li><\/ul>\n\n\n\n<h4>Oferta nu include<\/h4>\n\n\n\n<ul><li>bilet de avion<\/li><li>transferuri<\/li><li>asigurare medicala si storno<br><\/li><\/ul>\n\n\n\n<h4>Cazare<\/h4>\n\n\n\n<p>Aceast\u0103 proprietate este la 10 minute pe jos de plaj\u0103. Situat de-a lungul plajei Gonsua, hotelul Alila Diwa Goa ofer\u0103 camere cu vedere panoramic\u0103 la terenurile de orez din South Goa. Facilit\u0103\u021bile sale de 5 stele includ 4 op\u021biuni de luat masa \u0219i o piscin\u0103 \u00een aer liber. Accesul gratuit la internet Wi-Fi este disponibil \u00een camerele propriet\u0103\u021bii.<\/p>\n\n\n\n<p>Unit\u0103\u021bile spa\u021bioase au o teras\u0103 privat\u0103 \u0219i un decor modern Goan. Fiecare camer\u0103 bine amenajat\u0103 are o zon\u0103 de relaxare cu un TV cu ecran plat de 40 inch \u0219i o baie privat\u0103 cu o cad\u0103 separat\u0103.<\/p>\n\n\n\n<p>Goa Alila Diwa se afl\u0103 la 20 de minute de mers cu ma\u0219ina de Aeroportul Interna\u021bional Dabolim. Este disponibil\u0103 o parcare gratuit\u0103.<\/p>\n\n\n\n<p>Oaspe\u021bii se pot bucura de un relaxant masaj corporal la Spa Alila sau pot petrece o perioad\u0103 lini\u0219tit\u0103 \u00een bibliotec\u0103. Hotelul ofer\u0103 servicii de \u00eenchiriere auto, concierge \u0219i servicii de ticketing.<\/p>\n\n\n\n<p>Restaurantul VIVO, deschis 24 de ore, serve\u0219te preparate din buc\u0103t\u0103ria indian\u0103 \u0219i interna\u021bional\u0103, \u00een timp ce studioul Spice \u00een aer liber ofer\u0103 preparate din buc\u0103t\u0103ria exotic\u0103 indian\u0103. Alte op\u021biuni de luat masa includ mese gastronomice la Bistro \u0219i cocktailuri la The Edge Bar.<\/p>\n\n\n\n<h4>Conditii oferta<\/h4>\n\n\n\n<p>Tariful afisat este valabil in momentul editarii \/ postarii acestei oferte!<br>Locuri in limita disponibilitatii!<br>Atentie, disponibilitatea se poate schimba in orice moment, motiv pentru care va rugam sa ne contactati pentru reconfirmarea tarifelor si \/ sau a locurilor disponibile!<\/p>\n\n\n\n<h4>Valabilitate oferta<\/h4>\n\n\n\n<p>Oferta valabila in limita disponibilitatilor la momentul rezervarii.<br><br><strong><a href=\"https:\/\/laspalmas.md\/contact-us-1\/\">Suna\u021bi acum pentru o vacanta relaxanta: 060552999 \/ 023 58 40 04<\/a><\/strong><br><br><\/p>\n\n\n\n<figure class=\"wp-block-image\"><img loading=\"lazy\" width=\"850\" height=\"566\" src=\"https:\/\/laspalmas.md\/wp-content\/uploads\/2021\/03\/25293056-1.jpg\" alt=\"\" class=\"wp-image-5550\" srcset=\"https:\/\/laspalmas.md\/wp-content\/uploads\/2021\/03\/25293056-1.jpg 850w, https:\/\/laspalmas.md\/wp-content\/uploads\/2021\/03\/25293056-1-300x200.jpg 300w, https:\/\/laspalmas.md\/wp-content\/uploads\/2021\/03\/25293056-1-768x511.jpg 768w\" sizes=\"(max-width: 850px) 100vw, 850px\" \/><\/figure>\n\n\n\n<figure class=\"wp-block-image\"><img loading=\"lazy\" width=\"850\" height=\"566\" src=\"https:\/\/laspalmas.md\/wp-content\/uploads\/2021\/03\/25292990.jpg\" alt=\"\" class=\"wp-image-5555\" srcset=\"https:\/\/laspalmas.md\/wp-content\/uploads\/2021\/03\/25292990.jpg 850w, https:\/\/laspalmas.md\/wp-content\/uploads\/2021\/03\/25292990-300x200.jpg 300w, https:\/\/laspalmas.md\/wp-content\/uploads\/2021\/03\/25292990-768x511.jpg 768w\" sizes=\"(max-width: 850px) 100vw, 850px\" \/><\/figure>\n\n\n\n<figure class=\"wp-block-image\"><img loading=\"lazy\" width=\"850\" height=\"566\" src=\"https:\/\/laspalmas.md\/wp-content\/uploads\/2021\/03\/25293091.jpg\" alt=\"\" class=\"wp-image-5556\" srcset=\"https:\/\/laspalmas.md\/wp-content\/uploads\/2021\/03\/25293091.jpg 850w, https:\/\/laspalmas.md\/wp-content\/uploads\/2021\/03\/25293091-300x200.jpg 300w, https:\/\/laspalmas.md\/wp-content\/uploads\/2021\/03\/25293091-768x511.jpg 768w\" sizes=\"(max-width: 850px) 100vw, 850px\" \/><\/figure>\n\n\n\n<figure class=\"wp-block-image\"><img loading=\"lazy\" width=\"850\" height=\"566\" src=\"https:\/\/laspalmas.md\/wp-content\/uploads\/2021\/03\/30603775.jpg\" alt=\"\" class=\"wp-image-5557\" srcset=\"https:\/\/laspalmas.md\/wp-content\/uploads\/2021\/03\/30603775.jpg 850w, https:\/\/laspalmas.md\/wp-content\/uploads\/2021\/03\/30603775-300x200.jpg 300w, https:\/\/laspalmas.md\/wp-content\/uploads\/2021\/03\/30603775-768x511.jpg 768w\" sizes=\"(max-width: 850px) 100vw, 850px\" \/><\/figure>\n\n\n\n<figure class=\"wp-block-image\"><img loading=\"lazy\" width=\"768\" height=\"576\" src=\"https:\/\/laspalmas.md\/wp-content\/uploads\/2021\/03\/30603433.jpg\" alt=\"\" class=\"wp-image-5559\" srcset=\"https:\/\/laspalmas.md\/wp-content\/uploads\/2021\/03\/30603433.jpg 768w, https:\/\/laspalmas.md\/wp-content\/uploads\/2021\/03\/30603433-300x225.jpg 300w, https:\/\/laspalmas.md\/wp-content\/uploads\/2021\/03\/30603433-640x480.jpg 640w\" sizes=\"(max-width: 768px) 100vw, 768px\" \/><\/figure>\n\n\n\n<figure class=\"wp-block-image\"><img loading=\"lazy\" width=\"850\" height=\"569\" src=\"https:\/\/laspalmas.md\/wp-content\/uploads\/2021\/03\/25293051.jpg\" alt=\"\" class=\"wp-image-5560\" srcset=\"https:\/\/laspalmas.md\/wp-content\/uploads\/2021\/03\/25293051.jpg 850w, https:\/\/laspalmas.md\/wp-content\/uploads\/2021\/03\/25293051-300x201.jpg 300w, https:\/\/laspalmas.md\/wp-content\/uploads\/2021\/03\/25293051-768x514.jpg 768w\" sizes=\"(max-width: 850px) 100vw, 850px\" \/><\/figure>\n","protected":false},"excerpt":{"rendered":"<p>De la\u00a060 Euro \/ persoana \/ noapte \/ Terrace Room \/ Mic dejun Oferta include cazare in&nbsp;Terrace Room mic dejun Oferta nu include bilet de avion transferuri asigurare medicala si &#8230;<\/p>\n","protected":false},"author":1,"featured_media":5551,"parent":0,"menu_order":0,"comment_status":"closed","ping_status":"closed","template":"","meta":[],"_links":{"self":[{"href":"https:\/\/laspalmas.md\/ru\/wp-json\/wp\/v2\/pages\/5544"}],"collection":[{"href":"https:\/\/laspalmas.md\/ru\/wp-json\/wp\/v2\/pages"}],"about":[{"href":"https:\/\/laspalmas.md\/ru\/wp-json\/wp\/v2\/types\/page"}],"author":[{"embeddable":true,"href":"https:\/\/laspalmas.md\/ru\/wp-json\/wp\/v2\/users\/1"}],"replies":[{"embeddable":true,"href":"https:\/\/laspalmas.md\/ru\/wp-json\/wp\/v2\/comments?post=5544"}],"version-history":[{"count":9,"href":"https:\/\/laspalmas.md\/ru\/wp-json\/wp\/v2\/pages\/5544\/revisions"}],"predecessor-version":[{"id":5561,"href":"https:\/\/laspalmas.md\/ru\/wp-json\/wp\/v2\/pages\/5544\/revisions\/5561"}],"wp:featuredmedia":[{"embeddable":true,"href":"https:\/\/laspalmas.md\/ru\/wp-json\/wp\/v2\/media\/5551"}],"wp:attachment":[{"href":"https:\/\/laspalmas.md\/ru\/wp-json\/wp\/v2\/media?parent=5544"}],"curies":[{"name":"wp","href":"https:\/\/api.w.org\/{rel}","templated":true}]}}